{"id":56876,"date":"2021-04-01T15:54:23","date_gmt":"2021-04-01T13:54:23","guid":{"rendered":"https:\/\/hikitec.de\/servicio-de-copias\/"},"modified":"2021-04-26T10:03:53","modified_gmt":"2021-04-26T08:03:53","slug":"servicio-de-copias","status":"publish","type":"page","link":"https:\/\/hikitec.de\/es\/servicio-de-copias\/","title":{"rendered":"Servicio de copias"},"content":{"rendered":"\n<style type=\"text\/css\" id=\"style-css-av-28be1fj-d1796febf94d07585edf9cb482946c7f\">\n#top .flex_column.av-28be1fj-d1796febf94d07585edf9cb482946c7f{\nborder-radius:0px;\n-webkit-border-radius:0px;\n-moz-border-radius:0px;\npadding:0px;\n}\n<\/style>\n<div class='flex_column av-28be1fj-d1796febf94d07585edf9cb482946c7f av_one_full  avia-builder-el-0  el_before_av_one_half  avia-builder-el-first  first flex_column_div av-zero-column-padding '   ><section class=\"av_textblock_section \"  itemscope=\"itemscope\" itemtype=\"https:\/\/schema.org\/CreativeWork\" ><div class='avia_textblock  '   itemprop=\"text\" ><p><strong>USB COPY SERVICE &#8211; Clonaci\u00f3n 1:1 &#8211; Duplicaci\u00f3n &#8211; Grabaci\u00f3n de datos<\/strong><\/p>\n<p><span style=\"font-size: 10.0pt;font-family: inherit;color: #666666\">\u00bfQuieres tener datos copiados en tus memorias USB? \u00bfNo quieres desempaquetar cada memoria individualmente e invertir tiempo en grabar todas las memorias USB? La empresa HIKITEC GmbH copia sus datos en memorias USB con una cantidad de hasta varios miles de unidades. A trav\u00e9s de nuestro equipo profesional se realiza una duplicaci\u00f3n exacta seg\u00fan su palo maestro (100% de verificaci\u00f3n). No importa si se trata de PDF, im\u00e1genes o software, las copias se corresponden al 100% con el original gracias al posterior proceso de verificaci\u00f3n por bits de cada una de las copias USB. Las siguientes operaciones de verificaci\u00f3n a nivel de bits garantizan la comparaci\u00f3n del contenido del stick maestro y del stick de destino. De este modo, se detectan los palos defectuosos y las transferencias de datos defectuosas, y nuestro personal se encarga de su comprobaci\u00f3n. Si se detectan memorias USB defectuosas, se clasifican y embalan por separado.<\/span><\/p>\n<\/div><\/section><\/div>\n\n<style type=\"text\/css\" id=\"style-css-av-566s2n-0c19b9fdbae566645db54869c3378ecd\">\n#top .flex_column.av-566s2n-0c19b9fdbae566645db54869c3378ecd{\nborder-radius:0px;\n-webkit-border-radius:0px;\n-moz-border-radius:0px;\npadding:0px;\n}\n<\/style>\n<div class='flex_column av-566s2n-0c19b9fdbae566645db54869c3378ecd av_one_half  avia-builder-el-2  el_after_av_one_full  el_before_av_one_half  first flex_column_div av-zero-column-padding column-top-margin'   ><p><section class=\"av_textblock_section \"  itemscope=\"itemscope\" itemtype=\"https:\/\/schema.org\/CreativeWork\" ><div class='avia_textblock  '   itemprop=\"text\" ><p><strong>ACTUALMENTE<\/strong><\/p>\n<p style=\"line-height: 19.8pt;background: white;vertical-align: baseline;margin: 10.2pt 0cm 10.2pt 0cm\"><span style=\"font-size: 10.0pt;font-family: inherit;color: #666666\">Usted nos env\u00eda sus propias memorias USB y nosotros transferimos sus datos a su soporte de almacenamiento. A continuaci\u00f3n, los datos se comparan (se verifican) con el original. Los soportes defectuosos se detectan, se clasifican y se embalan por separado.<\/span><\/p>\n<\/div><\/section><br \/>\n\n<style type=\"text\/css\" id=\"style-css-av-km39vrcy-91cc20ad1a452a079bd1fa37e0e64620\">\n.togglecontainer.av-km39vrcy-91cc20ad1a452a079bd1fa37e0e64620 p.toggler{\ncolor:#ffffff;\nbackground-color:#0039a6;\nborder-color:#745f7e;\n}\n.togglecontainer.av-km39vrcy-91cc20ad1a452a079bd1fa37e0e64620 p.toggler .toggle_icon{\nborder-color:#ffffff;\n}\n.togglecontainer.av-km39vrcy-91cc20ad1a452a079bd1fa37e0e64620 .toggle_wrap .toggle_content{\ncolor:#ffffff;\nbackground-color:#0039a6;\nborder-color:#745f7e;\n}\n<\/style>\n<div  class='togglecontainer av-km39vrcy-91cc20ad1a452a079bd1fa37e0e64620  avia-builder-el-4  el_after_av_textblock  avia-builder-el-last  toggle_close_all ' >\n<section class='av_toggle_section av-14omvcv-a1eb1a25beb4d930e6ef0863a35d5416'  itemscope=\"itemscope\" itemtype=\"https:\/\/schema.org\/CreativeWork\" ><div role=\"tablist\" class=\"single_toggle\" data-tags=\"{Todo} \"  ><p data-fake-id='#toggle-id-1' class='toggler hasCustomColor  av-inherit-font-color av-inherit-border-color'  itemprop=\"headline\"  role='tab' tabindex='0' aria-controls='toggle-id-1'>Proceso de producci\u00f3n<span class=\"toggle_icon\"><span class=\"vert_icon\"><\/span><span class=\"hor_icon\"><\/span><\/span><\/p><div id='toggle-id-1' class='toggle_wrap  '  ><div class='toggle_content invers-color av-inherit-font-color av-inherit-border-color'  itemprop=\"text\" ><p><img loading=\"lazy\" decoding=\"async\" class=\"transparent\" src=\"https:\/\/hikitec.de\/wp-content\/uploads\/2021\/04\/zzz_HIKITEC_Favicon_weiss_32.png\" alt=\"https:\/\/hikitec.de\/wp-content\/uploads\/2021\/04\/zzz_HIKITEC_Favicon_weiss_32.png\" width=\"11\" height=\"12\"> Anuncia su pedido con antelaci\u00f3n.<br \/>\n<img loading=\"lazy\" decoding=\"async\" class=\"transparent\" src=\"https:\/\/hikitec.de\/wp-content\/uploads\/2021\/04\/zzz_HIKITEC_Favicon_weiss_32.png\" alt=\"https:\/\/hikitec.de\/wp-content\/uploads\/2021\/04\/zzz_HIKITEC_Favicon_weiss_32.png\" width=\"11\" height=\"12\"> Env\u00edenos sus soportes de datos lo antes posible.<br \/>\n<img loading=\"lazy\" decoding=\"async\" class=\"transparent\" src=\"https:\/\/hikitec.de\/wp-content\/uploads\/2021\/04\/zzz_HIKITEC_Favicon_weiss_32.png\" alt=\"https:\/\/hikitec.de\/wp-content\/uploads\/2021\/04\/zzz_HIKITEC_Favicon_weiss_32.png\" width=\"11\" height=\"12\"> Desempaquetamos todas las memorias USB.<br \/>\n<img loading=\"lazy\" decoding=\"async\" class=\"transparent\" src=\"https:\/\/hikitec.de\/wp-content\/uploads\/2021\/04\/zzz_HIKITEC_Favicon_weiss_32.png\" alt=\"https:\/\/hikitec.de\/wp-content\/uploads\/2021\/04\/zzz_HIKITEC_Favicon_weiss_32.png\" width=\"11\" height=\"12\"> Sometemos de 2 a 3 memorias USB a una breve prueba de funcionamiento.<br \/>\n<img loading=\"lazy\" decoding=\"async\" class=\"transparent\" src=\"https:\/\/hikitec.de\/wp-content\/uploads\/2021\/04\/zzz_HIKITEC_Favicon_weiss_32.png\" alt=\"https:\/\/hikitec.de\/wp-content\/uploads\/2021\/04\/zzz_HIKITEC_Favicon_weiss_32.png\" width=\"11\" height=\"12\"> Usted nos env\u00eda los datos de su copia en l\u00ednea o por correo.<br \/>\n<img loading=\"lazy\" decoding=\"async\" class=\"transparent\" src=\"https:\/\/hikitec.de\/wp-content\/uploads\/2021\/04\/zzz_HIKITEC_Favicon_weiss_32.png\" alt=\"https:\/\/hikitec.de\/wp-content\/uploads\/2021\/04\/zzz_HIKITEC_Favicon_weiss_32.png\" width=\"11\" height=\"12\"> Creamos una memoria USB maestra.<br \/>\n<img loading=\"lazy\" decoding=\"async\" class=\"transparent\" src=\"https:\/\/hikitec.de\/wp-content\/uploads\/2021\/04\/zzz_HIKITEC_Favicon_weiss_32.png\" alt=\"https:\/\/hikitec.de\/wp-content\/uploads\/2021\/04\/zzz_HIKITEC_Favicon_weiss_32.png\" width=\"11\" height=\"12\"> Usted nos da la aprobaci\u00f3n sobre la base de un archivo de prueba o una muestra de datos.<br \/>\n<img loading=\"lazy\" decoding=\"async\" class=\"transparent\" src=\"https:\/\/hikitec.de\/wp-content\/uploads\/2021\/04\/zzz_HIKITEC_Favicon_weiss_32.png\" alt=\"https:\/\/hikitec.de\/wp-content\/uploads\/2021\/04\/zzz_HIKITEC_Favicon_weiss_32.png\" width=\"11\" height=\"12\"> Copiamos y probamos los palos.<br \/>\n<img loading=\"lazy\" decoding=\"async\" class=\"transparent\" src=\"https:\/\/hikitec.de\/wp-content\/uploads\/2021\/04\/zzz_HIKITEC_Favicon_weiss_32.png\" alt=\"https:\/\/hikitec.de\/wp-content\/uploads\/2021\/04\/zzz_HIKITEC_Favicon_weiss_32.png\" width=\"11\" height=\"12\"> Montamos y embalamos los palos.<br \/>\n<img loading=\"lazy\" decoding=\"async\" class=\"transparent\" src=\"https:\/\/hikitec.de\/wp-content\/uploads\/2021\/04\/zzz_HIKITEC_Favicon_weiss_32.png\" alt=\"https:\/\/hikitec.de\/wp-content\/uploads\/2021\/04\/zzz_HIKITEC_Favicon_weiss_32.png\" width=\"11\" height=\"12\"> El env\u00edo se hace a usted o directamente neutral a su cliente.<\/p>\n<\/div><\/div><\/div><\/section>\n<\/div><\/p><\/div>\n<style type=\"text\/css\" id=\"style-css-av-566s2n-7c088c33459d6a730e0cf8c21a795181\">\n#top .flex_column.av-566s2n-7c088c33459d6a730e0cf8c21a795181{\nborder-radius:0px;\n-webkit-border-radius:0px;\n-moz-border-radius:0px;\npadding:0px;\n}\n<\/style>\n<div class='flex_column av-566s2n-7c088c33459d6a730e0cf8c21a795181 av_one_half  avia-builder-el-5  el_after_av_one_half  el_before_av_one_half  flex_column_div av-zero-column-padding column-top-margin'   ><section class=\"av_textblock_section \"  itemscope=\"itemscope\" itemtype=\"https:\/\/schema.org\/CreativeWork\" ><div class='avia_textblock  '   itemprop=\"text\" ><p><img loading=\"lazy\" decoding=\"async\" class=\"aligncenter wp-image-24930 size-medium\" src=\"https:\/\/hikitec.de\/wp-content\/uploads\/2021\/03\/Datenservice-e1615380861293-300x300.jpg\" alt=\"\" width=\"300\" height=\"300\" srcset=\"https:\/\/hikitec.de\/wp-content\/uploads\/2021\/03\/Datenservice-e1615380861293.jpg 300w, https:\/\/hikitec.de\/wp-content\/uploads\/2021\/03\/Datenservice-e1615380861293-80x80.jpg 80w, https:\/\/hikitec.de\/wp-content\/uploads\/2021\/03\/Datenservice-e1615380861293-36x36.jpg 36w, https:\/\/hikitec.de\/wp-content\/uploads\/2021\/03\/Datenservice-e1615380861293-180x180.jpg 180w, https:\/\/hikitec.de\/wp-content\/uploads\/2021\/03\/Datenservice-e1615380861293-120x120.jpg 120w\" sizes=\"auto, (max-width: 300px) 100vw, 300px\" \/><\/p>\n<\/div><\/section><\/div><\/p>\n\n<style type=\"text\/css\" id=\"style-css-av-l7zynz-5fe7c979f90293e46f176a744e701721\">\n#top .flex_column.av-l7zynz-5fe7c979f90293e46f176a744e701721{\nborder-radius:0px;\n-webkit-border-radius:0px;\n-moz-border-radius:0px;\npadding:0px;\n}\n<\/style>\n<div class='flex_column av-l7zynz-5fe7c979f90293e46f176a744e701721 av_one_half  avia-builder-el-7  el_after_av_one_half  el_before_av_one_half  first flex_column_div av-zero-column-padding column-top-margin'   ><\/div>\n\n<style type=\"text\/css\" id=\"style-css-av-l7zynz-974dfb4ffbd9dc8b6b43182f36e79b47\">\n#top .flex_column.av-l7zynz-974dfb4ffbd9dc8b6b43182f36e79b47{\nborder-radius:0px;\n-webkit-border-radius:0px;\n-moz-border-radius:0px;\npadding:0px;\n}\n<\/style>\n<div class='flex_column av-l7zynz-974dfb4ffbd9dc8b6b43182f36e79b47 av_one_half  avia-builder-el-8  el_after_av_one_half  el_before_av_one_half  flex_column_div av-zero-column-padding column-top-margin'   ><section class=\"av_textblock_section \"  itemscope=\"itemscope\" itemtype=\"https:\/\/schema.org\/CreativeWork\" ><div class='avia_textblock  '   itemprop=\"text\" ><p><strong>Sus beneficios:<\/strong><\/p>\n<p><img loading=\"lazy\" decoding=\"async\" class=\"transparent\" src=\"https:\/\/hikitec.de\/wp-content\/uploads\/2016\/12\/zzz_HIKITEC_Favicon_32.png\" alt=\"https:\/\/hikitec.de\/wp-content\/uploads\/2016\/12\/zzz_HIKITEC_Favicon_32.png\" width=\"11\" height=\"12\"> Servicio Made in Germany<br \/>\n<img loading=\"lazy\" decoding=\"async\" class=\"transparent\" src=\"https:\/\/hikitec.de\/wp-content\/uploads\/2016\/12\/zzz_HIKITEC_Favicon_32.png\" alt=\"https:\/\/hikitec.de\/wp-content\/uploads\/2016\/12\/zzz_HIKITEC_Favicon_32.png\" width=\"11\" height=\"12\"> Comprobaci\u00f3n al 100%<br \/>\n<img loading=\"lazy\" decoding=\"async\" class=\"transparent\" src=\"https:\/\/hikitec.de\/wp-content\/uploads\/2016\/12\/zzz_HIKITEC_Favicon_32.png\" alt=\"https:\/\/hikitec.de\/wp-content\/uploads\/2016\/12\/zzz_HIKITEC_Favicon_32.png\" width=\"11\" height=\"12\"> Tiempo de producci\u00f3n r\u00e1pido<br \/>\n<img loading=\"lazy\" decoding=\"async\" class=\"transparent\" src=\"https:\/\/hikitec.de\/wp-content\/uploads\/2016\/12\/zzz_HIKITEC_Favicon_32.png\" alt=\"https:\/\/hikitec.de\/wp-content\/uploads\/2016\/12\/zzz_HIKITEC_Favicon_32.png\" width=\"11\" height=\"12\"> Montaje individual<br \/>\n<img loading=\"lazy\" decoding=\"async\" class=\"transparent\" src=\"https:\/\/hikitec.de\/wp-content\/uploads\/2016\/12\/zzz_HIKITEC_Favicon_32.png\" alt=\"https:\/\/hikitec.de\/wp-content\/uploads\/2016\/12\/zzz_HIKITEC_Favicon_32.png\" width=\"11\" height=\"12\"> Env\u00edo neutral a su cliente<\/p>\n<\/div><\/section><\/div>\n\n<style type=\"text\/css\" id=\"style-css-av-l7zynz-5fe7c979f90293e46f176a744e701721\">\n#top .flex_column.av-l7zynz-5fe7c979f90293e46f176a744e701721{\nborder-radius:0px;\n-webkit-border-radius:0px;\n-moz-border-radius:0px;\npadding:0px;\n}\n<\/style>\n<div class='flex_column av-l7zynz-5fe7c979f90293e46f176a744e701721 av_one_half  avia-builder-el-10  el_after_av_one_half  el_before_av_one_half  first flex_column_div av-zero-column-padding column-top-margin'   ><section class=\"av_textblock_section \"  itemscope=\"itemscope\" itemtype=\"https:\/\/schema.org\/CreativeWork\" ><div class='avia_textblock  '   itemprop=\"text\" ><p><strong>DURACI\u00d3N<\/strong><\/p>\n<p style=\"background: white;vertical-align: baseline;margin: 10.2pt 0cm 10.2pt 0cm\"><span style=\"font-size: 10.0pt;font-family: inherit;color: #666666\">El tiempo de reproducci\u00f3n habitual es de 3 d\u00edas laborables por cada 5000 piezas (dependiendo del tama\u00f1o de los datos y del embalaje). Por favor, aseg\u00farese de notificarnos los pr\u00f3ximos trabajos de copia de manera oportuna. Las producciones expr\u00e9s (en el mismo d\u00eda) son posibles previo acuerdo. Los lotes de muestras regulares y m\u00e1s peque\u00f1os suelen requerir uno, como m\u00e1ximo. dos d\u00edas laborables.<\/span><\/p>\n<p style=\"background: white;vertical-align: baseline;line-height: inherit;text-align: start;margin: 10.2pt 0cm 10.2pt 0cm\"><span style=\"font-size: 10.0pt;font-family: inherit;color: #666666\">Usted nos env\u00eda sus propias memorias USB y nosotros transferimos sus datos a su soporte de almacenamiento.<br \/>\nA continuaci\u00f3n, los datos se comparan (se verifican) con el original. Los soportes defectuosos se detectan, se clasifican y se embalan por separado.<\/span><\/p>\n<\/div><\/section><\/div>\n\n<style type=\"text\/css\" id=\"style-css-av-l7zynz-974dfb4ffbd9dc8b6b43182f36e79b47\">\n#top .flex_column.av-l7zynz-974dfb4ffbd9dc8b6b43182f36e79b47{\nborder-radius:0px;\n-webkit-border-radius:0px;\n-moz-border-radius:0px;\npadding:0px;\n}\n<\/style>\n<div class='flex_column av-l7zynz-974dfb4ffbd9dc8b6b43182f36e79b47 av_one_half  avia-builder-el-12  el_after_av_one_half  el_before_av_one_full  flex_column_div av-zero-column-padding column-top-margin'   ><section class=\"av_textblock_section \"  itemscope=\"itemscope\" itemtype=\"https:\/\/schema.org\/CreativeWork\" ><div class='avia_textblock  '   itemprop=\"text\" ><p><img loading=\"lazy\" decoding=\"async\" class=\"aligncenter wp-image-24934 size-medium\" src=\"https:\/\/hikitec.de\/wp-content\/uploads\/2021\/03\/Lieferung-e1615381415663-300x232.jpg\" alt=\"\" width=\"300\" height=\"232\" srcset=\"https:\/\/hikitec.de\/wp-content\/uploads\/2021\/03\/Lieferung-e1615381415663-300x232.jpg 300w, https:\/\/hikitec.de\/wp-content\/uploads\/2021\/03\/Lieferung-e1615381415663-768x594.jpg 768w, https:\/\/hikitec.de\/wp-content\/uploads\/2021\/03\/Lieferung-e1615381415663-705x546.jpg 705w, https:\/\/hikitec.de\/wp-content\/uploads\/2021\/03\/Lieferung-e1615381415663-450x348.jpg 450w, https:\/\/hikitec.de\/wp-content\/uploads\/2021\/03\/Lieferung-e1615381415663.jpg 801w\" sizes=\"auto, (max-width: 300px) 100vw, 300px\" \/><\/p>\n<\/div><\/section><\/div>\n\n<style type=\"text\/css\" id=\"style-css-av-nnktr3-f748d71a900ddc94a69bce23d709dd46\">\n#top .flex_column.av-nnktr3-f748d71a900ddc94a69bce23d709dd46{\nborder-radius:0px;\n-webkit-border-radius:0px;\n-moz-border-radius:0px;\npadding:0px;\n}\n<\/style>\n<div class='flex_column av-nnktr3-f748d71a900ddc94a69bce23d709dd46 av_one_full  avia-builder-el-14  el_after_av_one_half  el_before_av_one_half  first flex_column_div av-zero-column-padding column-top-margin'   ><form action=\"https:\/\/hikitec.de\/es\/servicio-de-copias\/\" method=\"post\"  class=\"avia_ajax_form av-form-labels-visible   avia-builder-el-15  avia-builder-el-no-sibling   \" data-avia-form-id=\"1\" data-avia-redirect='' ><h3 class=''>Servicio de copias de consulta<\/h3><fieldset><p class='  first_form  form_element form_fullwidth' id='element_avia_1_1'><label for=\"avia_1_1\">Empresa<\/label> <input name=\"avia_1_1\" class=\"text_input \" type=\"text\" id=\"avia_1_1\" value=\"\" \/><\/p><p class='  first_form  form_element form_element_third' id='element_avia_2_1'><label for=\"avia_2_1\">Saludo<\/label> <input name=\"avia_2_1\" class=\"text_input \" type=\"text\" id=\"avia_2_1\" value=\"\" \/><\/p><p class='  form_element form_element_third' id='element_avia_3_1'><label for=\"avia_3_1\">Nombre<\/label> <input name=\"avia_3_1\" class=\"text_input \" type=\"text\" id=\"avia_3_1\" value=\"\" \/><\/p><p class='  form_element form_element_third' id='element_avia_4_1'><label for=\"avia_4_1\">apellido<\/label> <input name=\"avia_4_1\" class=\"text_input \" type=\"text\" id=\"avia_4_1\" value=\"\" \/><\/p><p class='  first_form  form_element form_fullwidth' id='element_avia_5_1'><label for=\"avia_5_1\">Env\u00ede un correo electr\u00f3nico a <abbr class=\"required\" title=\"requerido\">*<\/abbr><\/label> <input name=\"avia_5_1\" class=\"text_input is_email\" type=\"text\" id=\"avia_5_1\" value=\"\" \/><\/p><p class='  first_form  form_element form_fullwidth' id='element_avia_6_1'><label for=\"avia_6_1\" class=\"textare_label hidden textare_label_avia_6_1\">Mensaje<\/label><textarea  name=\"avia_6_1\" class=\"text_area \" cols=\"40\" rows=\"7\" id=\"avia_6_1\" ><\/textarea><\/p><p class=' first_form  form_element form_fullwidth' id='element_avia_7_1'>    <input  name=\"avia_7_1\" class=\"input_checkbox is_empty\" type=\"checkbox\" id=\"avia_7_1\" value=\"true\"\/><label class=\"input_checkbox_label\" for=\"avia_7_1\">He le\u00eddo y tomado nota del aviso de protecci\u00f3n de datos. <abbr class=\"required\" title=\"requerido\">*<\/abbr><\/label><\/p><div id='avia_8_1' class='av-form-text'><p>\n* He tomado nota de la <a href=\"http:\/\/hikitec.de\/datenschutz\/\" target=\"_blank\" rel=\"noopener\">informaci\u00f3n<\/a> sobre la protecci\u00f3n de datos, as\u00ed como de la informaci\u00f3n sobre la revocaci\u00f3n y estoy de acuerdo con ella.compacto: Informaci\u00f3n sobre la protecci\u00f3n de datos Su direcci\u00f3n de correo electr\u00f3nico s\u00f3lo se utilizar\u00e1 con el fin de proporcionar su solicitud de la empresa HIKITEC. Contiene informaci\u00f3n sobre productos, promociones de temporada o nuevos lanzamientos. Su direcci\u00f3n de correo electr\u00f3nico nunca se transmitir\u00e1 a terceros con fines publicitarios y s\u00f3lo se utilizar\u00e1 en el marco del env\u00edo del bolet\u00edn.<\/p>\n<p>Aviso de revocabilidad Puede revocar este consentimiento en cualquier momento d\u00e1ndose de baja de la lista. Las instrucciones para darse de baja se incluyen en cada bolet\u00edn.<\/p>\n<\/div><p class=\"hidden\"><input type=\"text\" name=\"avia_9_1\" class=\"hidden \" id=\"avia_9_1\" value=\"\" \/><\/p><p class='   form_element form_fullwidth' id='element_avia_10_1'><span class='value_verifier_label'>2 + 3 = ?<\/span><input name=\"avia_10_1_verifier\" type=\"hidden\" id=\"avia_10_1_verifier\" value=\"658251814\"\/><label for=\"avia_10_1\">Para mayor seguridad, responde la siguiente pregunta <abbr class=\"required\" title=\"requerido\">*<\/abbr><\/label><input name=\"avia_10_1\" class=\"text_input captcha\" type=\"text\" id=\"avia_10_1\" value=\"\"\/><\/p><p class=\"form_element \"><input type=\"hidden\" value=\"1\" name=\"avia_generated_form1\" \/><input type=\"submit\" value=\"Consultas\" class=\"button\"  data-sending-label=\"Enviando\"\/><\/p><\/fieldset><\/form><div id=\"ajaxresponse_1\" class=\"ajaxresponse ajaxresponse_1 hidden\"><\/div><\/div>\n\n<style type=\"text\/css\" id=\"style-css-av-l7zynz-5fe7c979f90293e46f176a744e701721\">\n#top .flex_column.av-l7zynz-5fe7c979f90293e46f176a744e701721{\nborder-radius:0px;\n-webkit-border-radius:0px;\n-moz-border-radius:0px;\npadding:0px;\n}\n<\/style>\n<div class='flex_column av-l7zynz-5fe7c979f90293e46f176a744e701721 av_one_half  avia-builder-el-16  el_after_av_one_full  el_before_av_one_half  first flex_column_div av-zero-column-padding column-top-margin'   ><section class=\"av_textblock_section \"  itemscope=\"itemscope\" itemtype=\"https:\/\/schema.org\/CreativeWork\" ><div class='avia_textblock  '   itemprop=\"text\" ><p><strong>SEGURIDAD<\/strong><\/p>\n<p>Todos los datos que se nos facilitan (a trav\u00e9s de servicios en l\u00ednea, CD, DVD, tarjetas SD, discos duros, memorias USB, etc.) se comprueban siempre con varios programas antivirus (en la \u00faltima versi\u00f3n) inmediatamente despu\u00e9s de recibirlos. S\u00f3lo entonces creamos o utilizamos un soporte de datos sin errores en el curso de la \u00abmasterizaci\u00f3n\u00bb.<\/p>\n<\/div><\/section><\/div>\n\n<style type=\"text\/css\" id=\"style-css-av-l7zynz-974dfb4ffbd9dc8b6b43182f36e79b47\">\n#top .flex_column.av-l7zynz-974dfb4ffbd9dc8b6b43182f36e79b47{\nborder-radius:0px;\n-webkit-border-radius:0px;\n-moz-border-radius:0px;\npadding:0px;\n}\n<\/style>\n<div class='flex_column av-l7zynz-974dfb4ffbd9dc8b6b43182f36e79b47 av_one_half  avia-builder-el-18  el_after_av_one_half  el_before_av_one_full  flex_column_div av-zero-column-padding column-top-margin'   ><section class=\"av_textblock_section \"  itemscope=\"itemscope\" itemtype=\"https:\/\/schema.org\/CreativeWork\" ><div class='avia_textblock  '   itemprop=\"text\" ><p><img loading=\"lazy\" decoding=\"async\" class=\"aligncenter size-medium wp-image-24946\" src=\"https:\/\/hikitec.de\/wp-content\/uploads\/2021\/03\/Kopieren-1-300x300.jpeg\" alt=\"\" width=\"300\" height=\"300\" srcset=\"https:\/\/hikitec.de\/wp-content\/uploads\/2021\/03\/Kopieren-1-300x300.jpeg 300w, https:\/\/hikitec.de\/wp-content\/uploads\/2021\/03\/Kopieren-1-1030x1030.jpeg 1030w, https:\/\/hikitec.de\/wp-content\/uploads\/2021\/03\/Kopieren-1-80x80.jpeg 80w, https:\/\/hikitec.de\/wp-content\/uploads\/2021\/03\/Kopieren-1-768x768.jpeg 768w, https:\/\/hikitec.de\/wp-content\/uploads\/2021\/03\/Kopieren-1-36x36.jpeg 36w, https:\/\/hikitec.de\/wp-content\/uploads\/2021\/03\/Kopieren-1-180x180.jpeg 180w, https:\/\/hikitec.de\/wp-content\/uploads\/2021\/03\/Kopieren-1-1500x1500.jpeg 1500w, https:\/\/hikitec.de\/wp-content\/uploads\/2021\/03\/Kopieren-1-705x705.jpeg 705w, https:\/\/hikitec.de\/wp-content\/uploads\/2021\/03\/Kopieren-1-120x120.jpeg 120w, https:\/\/hikitec.de\/wp-content\/uploads\/2021\/03\/Kopieren-1-450x450.jpeg 450w, https:\/\/hikitec.de\/wp-content\/uploads\/2021\/03\/Kopieren-1.jpeg 1512w\" sizes=\"auto, (max-width: 300px) 100vw, 300px\" \/><\/p>\n<\/div><\/section><\/div>\n\n<style type=\"text\/css\" id=\"style-css-av-lpqohr-c2ca4ad580623b4af8e91243df6e01c7\">\n#top .flex_column.av-lpqohr-c2ca4ad580623b4af8e91243df6e01c7{\nborder-radius:0px;\n-webkit-border-radius:0px;\n-moz-border-radius:0px;\npadding:0px;\n}\n<\/style>\n<div class='flex_column av-lpqohr-c2ca4ad580623b4af8e91243df6e01c7 av_one_full  avia-builder-el-20  el_after_av_one_half  avia-builder-el-last  first flex_column_div av-zero-column-padding column-top-margin'   ><section class=\"av_textblock_section \"  itemscope=\"itemscope\" itemtype=\"https:\/\/schema.org\/CreativeWork\" ><div class='avia_textblock  '   itemprop=\"text\" ><input type=\"button\" value=\"Volver\" class=\"alg_back_button_input \" style=\"\" onclick=\"window.history.back()\" \/>\n<\/div><\/section><\/div>\n","protected":false},"excerpt":{"rendered":"","protected":false},"author":2,"featured_media":0,"parent":0,"menu_order":0,"comment_status":"closed","ping_status":"closed","template":"","meta":{"footnotes":""},"class_list":["post-56876","page","type-page","status-publish","hentry"],"_links":{"self":[{"href":"https:\/\/hikitec.de\/es\/wp-json\/wp\/v2\/pages\/56876","targetHints":{"allow":["GET"]}}],"collection":[{"href":"https:\/\/hikitec.de\/es\/wp-json\/wp\/v2\/pages"}],"about":[{"href":"https:\/\/hikitec.de\/es\/wp-json\/wp\/v2\/types\/page"}],"author":[{"embeddable":true,"href":"https:\/\/hikitec.de\/es\/wp-json\/wp\/v2\/users\/2"}],"replies":[{"embeddable":true,"href":"https:\/\/hikitec.de\/es\/wp-json\/wp\/v2\/comments?post=56876"}],"version-history":[{"count":9,"href":"https:\/\/hikitec.de\/es\/wp-json\/wp\/v2\/pages\/56876\/revisions"}],"predecessor-version":[{"id":128002,"href":"https:\/\/hikitec.de\/es\/wp-json\/wp\/v2\/pages\/56876\/revisions\/128002"}],"wp:attachment":[{"href":"https:\/\/hikitec.de\/es\/wp-json\/wp\/v2\/media?parent=56876"}],"curies":[{"name":"wp","href":"https:\/\/api.w.org\/{rel}","templated":true}]}}