{"id":56888,"date":"2021-04-01T16:10:58","date_gmt":"2021-04-01T14:10:58","guid":{"rendered":"https:\/\/hikitec.de\/plataforma-os\/"},"modified":"2021-04-01T16:10:59","modified_gmt":"2021-04-01T14:10:59","slug":"plataforma-os","status":"publish","type":"page","link":"https:\/\/hikitec.de\/es\/plataforma-os\/","title":{"rendered":"Plataforma OS"},"content":{"rendered":"<p>De acuerdo con el Reglamento de la UE n\u00ba 524\/2013, la Comisi\u00f3n de la UE proporciona un sitio web (plataforma ODR) para la resoluci\u00f3n de litigios extrajudiciales derivados de las transacciones legales en l\u00ednea. La plataforma ODR de la Comisi\u00f3n Europea puede encontrarse en este enlace: <a title=\"Plataforma OS\" href=\"http:\/\/ec.europa.eu\/consumers\/odr\/\" target=\"_blank\" rel=\"noopener\">http:\/\/ec.europa.eu\/consumers\/odr\/<\/a><\/p>\n<p>Nuestra direcci\u00f3n de correo electr\u00f3nico es info@hikitec.de<\/p>\n","protected":false},"excerpt":{"rendered":"<p>De acuerdo con el Reglamento de la UE n\u00ba 524\/2013, la Comisi\u00f3n de la UE proporciona un sitio web (plataforma ODR) para la resoluci\u00f3n de litigios extrajudiciales derivados de las transacciones legales en l\u00ednea. La plataforma ODR de la Comisi\u00f3n Europea puede encontrarse en este enlace: http:\/\/ec.europa.eu\/consumers\/odr\/ Nuestra direcci\u00f3n de correo electr\u00f3nico es info@hikitec.de<\/p>\n","protected":false},"author":2,"featured_media":0,"parent":0,"menu_order":0,"comment_status":"closed","ping_status":"closed","template":"","meta":{"footnotes":""},"class_list":["post-56888","page","type-page","status-publish","hentry"],"_links":{"self":[{"href":"https:\/\/hikitec.de\/es\/wp-json\/wp\/v2\/pages\/56888","targetHints":{"allow":["GET"]}}],"collection":[{"href":"https:\/\/hikitec.de\/es\/wp-json\/wp\/v2\/pages"}],"about":[{"href":"https:\/\/hikitec.de\/es\/wp-json\/wp\/v2\/types\/page"}],"author":[{"embeddable":true,"href":"https:\/\/hikitec.de\/es\/wp-json\/wp\/v2\/users\/2"}],"replies":[{"embeddable":true,"href":"https:\/\/hikitec.de\/es\/wp-json\/wp\/v2\/comments?post=56888"}],"version-history":[{"count":1,"href":"https:\/\/hikitec.de\/es\/wp-json\/wp\/v2\/pages\/56888\/revisions"}],"predecessor-version":[{"id":56889,"href":"https:\/\/hikitec.de\/es\/wp-json\/wp\/v2\/pages\/56888\/revisions\/56889"}],"wp:attachment":[{"href":"https:\/\/hikitec.de\/es\/wp-json\/wp\/v2\/media?parent=56888"}],"curies":[{"name":"wp","href":"https:\/\/api.w.org\/{rel}","templated":true}]}}