{"id":717677,"date":"2023-03-01T16:03:33","date_gmt":"2023-03-01T15:03:33","guid":{"rendered":"https:\/\/hikitec.de\/diferencias\/"},"modified":"2023-03-01T16:03:33","modified_gmt":"2023-03-01T15:03:33","slug":"diferencias","status":"publish","type":"page","link":"https:\/\/hikitec.de\/es\/diferencias\/","title":{"rendered":"Diferencias"},"content":{"rendered":"<p>Dado que en una producci\u00f3n no pueden evitarse las diferencias, las desviaciones m\u00e1ximas se definen en valores de tolerancia para la calidad esperada.<\/p>\n<p>Una tolerancia de \u00b10,1 mm se entiende como una variaci\u00f3n de 0,2 mm. Por regla general, los materiales se transforman en productos finales que ya muestran diferencias en s\u00ed mismos y debidas a la impresi\u00f3n antes del acabado. Por tanto, se distingue entre:<\/p>\n<p>&#8211; Diferencias importadas<br \/>\n&#8211; Tolerancias en el acabado de impresi\u00f3n<\/p>\n","protected":false},"excerpt":{"rendered":"<p>Dado que en una producci\u00f3n no pueden evitarse las diferencias, las desviaciones m\u00e1ximas se definen en valores de tolerancia para la calidad esperada. Una tolerancia de \u00b10,1 mm se entiende como una variaci\u00f3n de 0,2 mm. Por regla general, los materiales se transforman en productos finales que ya muestran diferencias en s\u00ed mismos y debidas [&hellip;]<\/p>\n","protected":false},"author":5,"featured_media":0,"parent":0,"menu_order":0,"comment_status":"closed","ping_status":"closed","template":"","meta":{"footnotes":""},"class_list":["post-717677","page","type-page","status-publish","hentry"],"_links":{"self":[{"href":"https:\/\/hikitec.de\/es\/wp-json\/wp\/v2\/pages\/717677","targetHints":{"allow":["GET"]}}],"collection":[{"href":"https:\/\/hikitec.de\/es\/wp-json\/wp\/v2\/pages"}],"about":[{"href":"https:\/\/hikitec.de\/es\/wp-json\/wp\/v2\/types\/page"}],"author":[{"embeddable":true,"href":"https:\/\/hikitec.de\/es\/wp-json\/wp\/v2\/users\/5"}],"replies":[{"embeddable":true,"href":"https:\/\/hikitec.de\/es\/wp-json\/wp\/v2\/comments?post=717677"}],"version-history":[{"count":0,"href":"https:\/\/hikitec.de\/es\/wp-json\/wp\/v2\/pages\/717677\/revisions"}],"wp:attachment":[{"href":"https:\/\/hikitec.de\/es\/wp-json\/wp\/v2\/media?parent=717677"}],"curies":[{"name":"wp","href":"https:\/\/api.w.org\/{rel}","templated":true}]}}