{"id":717795,"date":"2023-03-02T09:54:43","date_gmt":"2023-03-02T08:54:43","guid":{"rendered":"https:\/\/hikitec.de\/lista-de-precios-nuevo-enlace\/"},"modified":"2023-03-02T09:54:44","modified_gmt":"2023-03-02T08:54:44","slug":"lista-de-precios-nuevo-enlace","status":"publish","type":"page","link":"https:\/\/hikitec.de\/es\/lista-de-precios-nuevo-enlace\/","title":{"rendered":"Lista de precios nuevo enlace"},"content":{"rendered":"<section class=\"av_textblock_section \"  itemscope=\"itemscope\" itemtype=\"https:\/\/schema.org\/CreativeWork\" ><div class='avia_textblock  '   itemprop=\"text\" ><p>Estimado socio comercial,<\/p>\n<p>Ha intentado descargar una lista de precios de HIKITEC con un enlace que ya no est\u00e1 actualizado.<\/p>\n<p>Para proteger las listas de precios de accesos no autorizados, actualizamos el enlace de descarga una vez a la semana.<br \/>\nEn cuanto modifiquemos la estructura de enlaces, recibir\u00e1 un bolet\u00edn nuestro, como distribuidor registrado, con los nuevos enlaces de descarga.<\/p>\n<\/div><\/section>\n\n<style type=\"text\/css\" id=\"style-css-av-1an71grs-00719d2f76f77e7536ddae2e31f537cb\">\n#top .flex_column.av-1an71grs-00719d2f76f77e7536ddae2e31f537cb{\nborder-radius:0px;\n-webkit-border-radius:0px;\n-moz-border-radius:0px;\npadding:0px;\n}\n<\/style>\n<div class='flex_column av-1an71grs-00719d2f76f77e7536ddae2e31f537cb av_one_half  avia-builder-el-1  el_after_av_textblock  el_before_av_one_half  first flex_column_div av-zero-column-padding column-top-margin'   ><p><section class=\"av_textblock_section \"  itemscope=\"itemscope\" itemtype=\"https:\/\/schema.org\/CreativeWork\" ><div class='avia_textblock  '   itemprop=\"text\" ><p>Si est\u00e1 interesado en recibir nuestro bolet\u00edn, puede registrarse aqu\u00ed gratuitamente:<\/p>\n<p><a href=\"https:\/\/hikitec.de\/es\/nuevos-clientes-04-de\/\" target=\"_blank\" rel=\"noopener\">https:\/\/hikitec.de\/newsletter\/<\/a><\/p>\n<p>Por supuesto, entendemos que esto puede parecer un poco complicado al principio, pero la protecci\u00f3n de sus precios de venta al por menor y de venta al p\u00fablico merece la pena en cualquier caso.<br \/>\nEste enfoque tambi\u00e9n tiene una gran ventaja en el uso diario. No necesita contrase\u00f1a para acceder y, adem\u00e1s, siempre estar\u00e1 informado por nuestro bolet\u00edn de los nuevos precios disponibles.<\/p>\n<\/div><\/section><br \/>\n<section class=\"av_textblock_section \"  itemscope=\"itemscope\" itemtype=\"https:\/\/schema.org\/CreativeWork\" ><div class='avia_textblock  '   itemprop=\"text\" ><p>Muchos saludos<\/p>\n<p>Su equipo de HIKITEC GmbH<\/p>\n<\/div><\/section><\/p><\/div>\n\n<style type=\"text\/css\" id=\"style-css-av-17em8xk8-5cc8712c3bbbf86ed3654d2915d3d929\">\n#top .flex_column.av-17em8xk8-5cc8712c3bbbf86ed3654d2915d3d929{\nborder-radius:0px;\n-webkit-border-radius:0px;\n-moz-border-radius:0px;\npadding:0px;\n}\n<\/style>\n<div class='flex_column av-17em8xk8-5cc8712c3bbbf86ed3654d2915d3d929 av_one_half  avia-builder-el-4  el_after_av_one_half  avia-builder-el-last  flex_column_div av-zero-column-padding column-top-margin'   ><form action=\"https:\/\/hikitec.de\/es\/lista-de-precios-nuevo-enlace\/\" method=\"post\"  class=\"avia_ajax_form av-form-labels-visible   avia-builder-el-5  avia-builder-el-no-sibling   \" data-avia-form-id=\"1\" data-avia-redirect='' ><h3 class=''>Solicitar enlace al bolet\u00edn<\/h3><fieldset><p class='  first_form  form_element form_fullwidth' id='element_avia_1_1'><label for=\"avia_1_1\">Empresa<\/label> <input name=\"avia_1_1\" class=\"text_input \" type=\"text\" id=\"avia_1_1\" value=\"\" \/><\/p><p class=' first_form  form_element form_element_third' id='element_avia_2_1'><label for=\"avia_2_1\">Saludo<\/label> <select  name=\"avia_2_1\" class=\"select \" id=\"avia_2_1\"><option  value ='Sr.'>Sr.<\/option><option  value ='Sra.'>Sra.<\/option><\/select><\/p><p class='  form_element form_element_third' id='element_avia_3_1'><label for=\"avia_3_1\">Nombre<\/label> <input name=\"avia_3_1\" class=\"text_input \" type=\"text\" id=\"avia_3_1\" value=\"\" \/><\/p><p class='  form_element form_element_third' id='element_avia_4_1'><label for=\"avia_4_1\">Apellido<\/label> <input name=\"avia_4_1\" class=\"text_input \" type=\"text\" id=\"avia_4_1\" value=\"\" \/><\/p><p class='  first_form  form_element form_fullwidth' id='element_avia_5_1'><label for=\"avia_5_1\">Env\u00ede un correo electr\u00f3nico a <abbr class=\"required\" title=\"requerido\">*<\/abbr><\/label> <input name=\"avia_5_1\" class=\"text_input is_email\" type=\"text\" id=\"avia_5_1\" value=\"\" \/><\/p><p class=' first_form  form_element form_fullwidth' id='element_avia_6_1'>    <input checked=\"checked\" name=\"avia_6_1\" class=\"input_checkbox \" type=\"checkbox\" id=\"avia_6_1\" value=\"true\"\/><label class=\"input_checkbox_label\" for=\"avia_6_1\">He le\u00eddo y tomado nota del aviso de protecci\u00f3n de datos. *<\/label><\/p><div id='avia_7_1' class='av-form-text'><\/p>\n<div id=\"avia_9_1\" class=\"av-form-text\">\n<div id=\"avia_14_1\" class=\"av-form-text\">\n<p>* He tomado nota de la <a href=\"https:\/\/hikitec.de\/es\/proteccion-de-datos\/\" target=\"_blank\" rel=\"noopener\">informaci\u00f3n<\/a> sobre la protecci\u00f3n de datos, as\u00ed como de la informaci\u00f3n sobre la revocaci\u00f3n y estoy de acuerdo con ella.compacto: Informaci\u00f3n sobre la protecci\u00f3n de datos Su direcci\u00f3n de correo electr\u00f3nico s\u00f3lo se utilizar\u00e1 con el fin de proporcionar su solicitud de la empresa HIKITEC. Contiene informaci\u00f3n sobre productos, promociones de temporada o nuevos lanzamientos. Su direcci\u00f3n de correo electr\u00f3nico nunca se transmitir\u00e1 a terceros con fines publicitarios y s\u00f3lo se utilizar\u00e1 en el marco del env\u00edo del bolet\u00edn.<\/p>\n<p>Aviso de revocabilidad Puede revocar este consentimiento en cualquier momento d\u00e1ndose de baja de la lista. Las instrucciones para darse de baja se incluyen en cada bolet\u00edn.<\/p>\n<\/div>\n<\/div>\n<p>\n<\/div><p class=\"hidden\"><input type=\"text\" name=\"avia_8_1\" class=\"hidden \" id=\"avia_8_1\" value=\"\" \/><\/p><p class=\"form_element \"><input type=\"hidden\" value=\"1\" name=\"avia_generated_form1\" \/><input type=\"submit\" value=\"Solicitar\" class=\"button\"  data-sending-label=\"Enviando\"\/><\/p><\/fieldset><\/form><div id=\"ajaxresponse_1\" class=\"ajaxresponse ajaxresponse_1 hidden\"><\/div><\/div>\n","protected":false},"excerpt":{"rendered":"","protected":false},"author":2,"featured_media":0,"parent":0,"menu_order":0,"comment_status":"closed","ping_status":"closed","template":"","meta":{"footnotes":""},"class_list":["post-717795","page","type-page","status-publish","hentry"],"_links":{"self":[{"href":"https:\/\/hikitec.de\/es\/wp-json\/wp\/v2\/pages\/717795","targetHints":{"allow":["GET"]}}],"collection":[{"href":"https:\/\/hikitec.de\/es\/wp-json\/wp\/v2\/pages"}],"about":[{"href":"https:\/\/hikitec.de\/es\/wp-json\/wp\/v2\/types\/page"}],"author":[{"embeddable":true,"href":"https:\/\/hikitec.de\/es\/wp-json\/wp\/v2\/users\/2"}],"replies":[{"embeddable":true,"href":"https:\/\/hikitec.de\/es\/wp-json\/wp\/v2\/comments?post=717795"}],"version-history":[{"count":2,"href":"https:\/\/hikitec.de\/es\/wp-json\/wp\/v2\/pages\/717795\/revisions"}],"predecessor-version":[{"id":717801,"href":"https:\/\/hikitec.de\/es\/wp-json\/wp\/v2\/pages\/717795\/revisions\/717801"}],"wp:attachment":[{"href":"https:\/\/hikitec.de\/es\/wp-json\/wp\/v2\/media?parent=717795"}],"curies":[{"name":"wp","href":"https:\/\/api.w.org\/{rel}","templated":true}]}}