{"id":128023,"date":"2021-04-26T11:04:34","date_gmt":"2021-04-26T09:04:34","guid":{"rendered":"https:\/\/hikitec.de\/livraison\/"},"modified":"2021-04-26T11:04:40","modified_gmt":"2021-04-26T09:04:40","slug":"livraison","status":"publish","type":"page","link":"https:\/\/hikitec.de\/fr\/livraison\/","title":{"rendered":"Livraison"},"content":{"rendered":"<section class=\"av_textblock_section \"  itemscope=\"itemscope\" itemtype=\"https:\/\/schema.org\/CreativeWork\" ><div class='avia_textblock  '   itemprop=\"text\" ><p><strong>O\u00f9 HIKITEC peut-il livrer ?<\/strong><\/p>\n<\/div><\/section>\n<section class=\"av_textblock_section \"  itemscope=\"itemscope\" itemtype=\"https:\/\/schema.org\/CreativeWork\" ><div class='avia_textblock  '   itemprop=\"text\" ><p><span data-mandanttxtkey=\"TXT_STATIC_FAQ_A_15\" data-contenteditable=\"true\">C&rsquo;est vous qui d\u00e9cidez de l&rsquo;endroit o\u00f9 la livraison doit \u00eatre effectu\u00e9e &#8211; de notre c\u00f4t\u00e9, il n&rsquo;y a aucune restriction.<\/span><\/p>\n<p>Nous proposons les services suivants :<\/p>\n<ul>\n<li>livraison rapide et fiable<\/li>\n<li>Exp\u00e9dition directe neutre<\/li>\n<li>exp\u00e9dition dans le monde entier*.<\/li>\n<li>D\u00e9douanement<\/li>\n<li>M\u00e9thodes d&rsquo;exp\u00e9dition express<\/li>\n<li>transmission automatique du num\u00e9ro de suivi<\/li>\n<\/ul>\n<p>* Outre les r\u00e8gles d&#8217;embargo sp\u00e9cifiques \u00e0 chaque pays, il faut \u00e9galement respecter les mesures d&#8217;embargo restrictives non sp\u00e9cifiques \u00e0 chaque pays (par exemple, les ordonnances sur le terrorisme, l&rsquo;ordonnance<abbr class=\"has-tip tip-bottom\" title=\"\" data-tooltip=\"\" aria-haspopup=\"true\" data-selector=\"tooltip-kd4f53y60\" aria-describedby=\"tooltip-kd4f53y60\">contre la torture<\/abbr>) ainsi que les interdictions et les restrictions pr\u00e9vues par le droit du commerce ext\u00e9rieur conform\u00e9ment au r\u00e8glement CE sur les doubles usages, \u00e0 la loi sur le commerce ext\u00e9rieur et les paiements et \u00e0 l&rsquo;ordonnance sur le commerce ext\u00e9rieur et les paiements.<\/p>\n<p><span data-mandanttxtkey=\"TXT_STATIC_FAQ_A_15\" data-contenteditable=\"true\"> <\/span><\/p>\n<\/div><\/section>\n<section class=\"av_textblock_section \"  itemscope=\"itemscope\" itemtype=\"https:\/\/schema.org\/CreativeWork\" ><div class='avia_textblock  '   itemprop=\"text\" ><input type=\"button\" value=\"Dos\" class=\"alg_back_button_input \" style=\"\" onclick=\"window.history.back()\" \/>\n<\/div><\/section>\n","protected":false},"excerpt":{"rendered":"","protected":false},"author":2,"featured_media":0,"parent":0,"menu_order":0,"comment_status":"closed","ping_status":"closed","template":"","meta":{"footnotes":""},"class_list":["post-128023","page","type-page","status-publish","hentry"],"_links":{"self":[{"href":"https:\/\/hikitec.de\/fr\/wp-json\/wp\/v2\/pages\/128023","targetHints":{"allow":["GET"]}}],"collection":[{"href":"https:\/\/hikitec.de\/fr\/wp-json\/wp\/v2\/pages"}],"about":[{"href":"https:\/\/hikitec.de\/fr\/wp-json\/wp\/v2\/types\/page"}],"author":[{"embeddable":true,"href":"https:\/\/hikitec.de\/fr\/wp-json\/wp\/v2\/users\/2"}],"replies":[{"embeddable":true,"href":"https:\/\/hikitec.de\/fr\/wp-json\/wp\/v2\/comments?post=128023"}],"version-history":[{"count":8,"href":"https:\/\/hikitec.de\/fr\/wp-json\/wp\/v2\/pages\/128023\/revisions"}],"predecessor-version":[{"id":128031,"href":"https:\/\/hikitec.de\/fr\/wp-json\/wp\/v2\/pages\/128023\/revisions\/128031"}],"wp:attachment":[{"href":"https:\/\/hikitec.de\/fr\/wp-json\/wp\/v2\/media?parent=128023"}],"curies":[{"name":"wp","href":"https:\/\/api.w.org\/{rel}","templated":true}]}}