{"id":128083,"date":"2021-04-26T11:37:55","date_gmt":"2021-04-26T09:37:55","guid":{"rendered":"https:\/\/hikitec.de\/lucid\/"},"modified":"2021-04-26T11:37:56","modified_gmt":"2021-04-26T09:37:56","slug":"lucid","status":"publish","type":"page","link":"https:\/\/hikitec.de\/fr\/lucid\/","title":{"rendered":"LUCID"},"content":{"rendered":"<section class=\"av_textblock_section \"  itemscope=\"itemscope\" itemtype=\"https:\/\/schema.org\/CreativeWork\" ><div class='avia_textblock  '   itemprop=\"text\" ><p>Une nouvelle loi sur les emballages est en vigueur depuis le d\u00e9but de l&rsquo;ann\u00e9e 2019. Elle remplace le d\u00e9cret sur les emballages en vigueur jusqu&rsquo;\u00e0 pr\u00e9sent et a des effets consid\u00e9rables sur l&rsquo;obligation de d\u00e9claration et le r\u00e8glement des contributions au syst\u00e8me dual. Les commer\u00e7ants et les importateurs qui travaillent avec des emballages sont concern\u00e9s.<\/p>\n<p>Abstracts :<\/p>\n<ul>\n<li>Le 1er janvier 2019, une nouvelle loi sur les emballages est entr\u00e9e en vigueur. Il remplace l&rsquo;ancien d\u00e9cret sur les emballages.<\/li>\n<li>Depuis cette date, les fabricants, les importateurs et les distributeurs sont tenus d&rsquo;enregistrer leur consommation de mat\u00e9riaux d&#8217;emballage \u00e0 un autre point central.<\/li>\n<li>Le nouveau centre de notification LUCID fonctionnera en parall\u00e8le avec les syst\u00e8mes de notification existants et les entreprises concern\u00e9es devront toujours y notifier leurs mat\u00e9riaux d&#8217;emballage.<\/li>\n<li>A partir de ce moment, une taxe est due au syst\u00e8me dual pour la consommation de mat\u00e9riaux d&#8217;emballage.<\/li>\n<li>Cela permet d&rsquo;\u00e9viter les emballages inutiles, et en particulier le reconditionnement, et de pr\u00e9server l&rsquo;environnement.<\/li>\n<\/ul>\n<p>HIKITEC GmbH est enregistr\u00e9e en tant que fabricant d&#8217;emballages soumis \u00e0 une participation au syst\u00e8me avec les donn\u00e9es d&rsquo;enregistrement sp\u00e9cifi\u00e9es en annexe sous le num\u00e9ro d&rsquo;enregistrement D E2736270202214 \u00e0 partir du 01.01.2019.<\/p>\n<\/div><\/section>\n<section class=\"av_textblock_section \"  itemscope=\"itemscope\" itemtype=\"https:\/\/schema.org\/CreativeWork\" ><div class='avia_textblock  '   itemprop=\"text\" ><input type=\"button\" value=\"Dos\" class=\"alg_back_button_input \" style=\"\" onclick=\"window.history.back()\" \/>\n<\/div><\/section>\n","protected":false},"excerpt":{"rendered":"","protected":false},"author":2,"featured_media":0,"parent":0,"menu_order":0,"comment_status":"closed","ping_status":"closed","template":"","meta":{"footnotes":""},"class_list":["post-128083","page","type-page","status-publish","hentry"],"_links":{"self":[{"href":"https:\/\/hikitec.de\/fr\/wp-json\/wp\/v2\/pages\/128083","targetHints":{"allow":["GET"]}}],"collection":[{"href":"https:\/\/hikitec.de\/fr\/wp-json\/wp\/v2\/pages"}],"about":[{"href":"https:\/\/hikitec.de\/fr\/wp-json\/wp\/v2\/types\/page"}],"author":[{"embeddable":true,"href":"https:\/\/hikitec.de\/fr\/wp-json\/wp\/v2\/users\/2"}],"replies":[{"embeddable":true,"href":"https:\/\/hikitec.de\/fr\/wp-json\/wp\/v2\/comments?post=128083"}],"version-history":[{"count":2,"href":"https:\/\/hikitec.de\/fr\/wp-json\/wp\/v2\/pages\/128083\/revisions"}],"predecessor-version":[{"id":128085,"href":"https:\/\/hikitec.de\/fr\/wp-json\/wp\/v2\/pages\/128083\/revisions\/128085"}],"wp:attachment":[{"href":"https:\/\/hikitec.de\/fr\/wp-json\/wp\/v2\/media?parent=128083"}],"curies":[{"name":"wp","href":"https:\/\/api.w.org\/{rel}","templated":true}]}}