{"id":128106,"date":"2021-04-26T14:20:58","date_gmt":"2021-04-26T12:20:58","guid":{"rendered":"https:\/\/hikitec.de\/commandes-repetees\/"},"modified":"2021-04-26T14:21:01","modified_gmt":"2021-04-26T12:21:01","slug":"commandes-repetees","status":"publish","type":"page","link":"https:\/\/hikitec.de\/fr\/commandes-repetees\/","title":{"rendered":"Commandes r\u00e9p\u00e9t\u00e9es"},"content":{"rendered":"<p><strong>Les couleurs sont-elles fid\u00e8les ? <\/strong><strong>Imprimer &#8211; vers mes donn\u00e9es fournies<\/strong><\/p>\n<p>Lorsque vous faites imprimer vos produits par nos soins, vous vous attendez naturellement \u00e0 ce que les couleurs soient exactement les m\u00eames \u00e0 l&rsquo;impression que dans vos donn\u00e9es.<br \/>\nMais une fid\u00e9lit\u00e9 des couleurs \u00e0 100% n&rsquo;est pas du tout possible, comme nous allons vous le montrer dans ce qui suit.<\/p>\n<p class=\"h3\"><strong>Pourquoi la fid\u00e9lit\u00e9 des couleurs \u00e0 100 % est-elle impossible ?<\/strong><\/p>\n<p>Il n&rsquo;est pas possible d&rsquo;obtenir une fid\u00e9lit\u00e9 des couleurs \u00e0 100 % car l&rsquo;impression est un processus m\u00e9canique soumis \u00e0 de nombreuses influences ext\u00e9rieures, telles que les conditions climatiques. Le support d&rsquo;impression (mat\u00e9riau) et les encres utilis\u00e9es sont \u00e9galement produits avec certaines tol\u00e9rances et influencent donc le r\u00e9sultat final. En outre, le processus d&rsquo;impression fait intervenir de nombreux appareils et syst\u00e8mes logiciels diff\u00e9rents, qui sont g\u00e9n\u00e9ralement r\u00e9gl\u00e9s diff\u00e9remment et utilisent donc des mod\u00e8les de couleurs et des espaces colorim\u00e9triques diff\u00e9rents. Cela commence par votre source de lumi\u00e8re sur place, se poursuit avec les couleurs CMYK et RGB, le moniteur utilis\u00e9 et le logiciel utilis\u00e9 pour cr\u00e9er les donn\u00e9es, et se termine par nos syst\u00e8mes internes de couleur et d&rsquo;impression.<\/p>\n<p><strong>Y a-t-il des diff\u00e9rences de couleur dans les commandes renouvel\u00e9es ?<\/strong><\/p>\n<p>Dans le cas de commandes r\u00e9p\u00e9t\u00e9es identiques, des \u00e9carts de couleur par rapport \u00e0 la s\u00e9rie pr\u00e9c\u00e9dente sont possibles pour des raisons d&rsquo;impression et de mat\u00e9riel et ne constituent pas un motif de r\u00e9clamation. De l\u00e9gers \u00e9carts de couleur sont \u00e9galement possibles au sein d&rsquo;une s\u00e9rie et doivent \u00eatre tol\u00e9r\u00e9s.<\/p>\n","protected":false},"excerpt":{"rendered":"<p>Les couleurs sont-elles fid\u00e8les ? Imprimer &#8211; vers mes donn\u00e9es fournies Lorsque vous faites imprimer vos produits par nos soins, vous vous attendez naturellement \u00e0 ce que les couleurs soient exactement les m\u00eames \u00e0 l&rsquo;impression que dans vos donn\u00e9es. Mais une fid\u00e9lit\u00e9 des couleurs \u00e0 100% n&rsquo;est pas du tout possible, comme nous allons vous [&hellip;]<\/p>\n","protected":false},"author":2,"featured_media":0,"parent":0,"menu_order":0,"comment_status":"closed","ping_status":"closed","template":"","meta":{"footnotes":""},"class_list":["post-128106","page","type-page","status-publish","hentry"],"_links":{"self":[{"href":"https:\/\/hikitec.de\/fr\/wp-json\/wp\/v2\/pages\/128106","targetHints":{"allow":["GET"]}}],"collection":[{"href":"https:\/\/hikitec.de\/fr\/wp-json\/wp\/v2\/pages"}],"about":[{"href":"https:\/\/hikitec.de\/fr\/wp-json\/wp\/v2\/types\/page"}],"author":[{"embeddable":true,"href":"https:\/\/hikitec.de\/fr\/wp-json\/wp\/v2\/users\/2"}],"replies":[{"embeddable":true,"href":"https:\/\/hikitec.de\/fr\/wp-json\/wp\/v2\/comments?post=128106"}],"version-history":[{"count":1,"href":"https:\/\/hikitec.de\/fr\/wp-json\/wp\/v2\/pages\/128106\/revisions"}],"predecessor-version":[{"id":128107,"href":"https:\/\/hikitec.de\/fr\/wp-json\/wp\/v2\/pages\/128106\/revisions\/128107"}],"wp:attachment":[{"href":"https:\/\/hikitec.de\/fr\/wp-json\/wp\/v2\/media?parent=128106"}],"curies":[{"name":"wp","href":"https:\/\/api.w.org\/{rel}","templated":true}]}}