{"id":128137,"date":"2021-04-26T15:20:14","date_gmt":"2021-04-26T13:20:14","guid":{"rendered":"https:\/\/hikitec.de\/prodsg\/"},"modified":"2021-04-26T15:20:18","modified_gmt":"2021-04-26T13:20:18","slug":"prodsg","status":"publish","type":"page","link":"https:\/\/hikitec.de\/fr\/prodsg\/","title":{"rendered":"ProdSG"},"content":{"rendered":"<section class=\"av_textblock_section \"  itemscope=\"itemscope\" itemtype=\"https:\/\/schema.org\/CreativeWork\" ><div class='avia_textblock  '   itemprop=\"text\" ><p><strong>Obligation d&rsquo;\u00e9tiquetage selon la loi sur la s\u00e9curit\u00e9 des produits (ProdSG) \u00a7 6 :<\/strong><\/p>\n<p>En raison de l&rsquo;obligation d&rsquo;\u00e9tiquetage en vigueur en Allemagne, il est imp\u00e9ratif que tous les produits soient pourvus d&rsquo;une adresse compl\u00e8te.<\/p>\n<p>Afin de respecter la loi sur la s\u00e9curit\u00e9 des produits, les produits sont marqu\u00e9s de mani\u00e8re standard avec les donn\u00e9es de contact et d&rsquo;adresse de HIKITEC GmbH, sauf si le client fournit d&rsquo;autres informations \u00e0 ce sujet. Une d\u00e9viation ne peut \u00eatre effectu\u00e9e que contre le calcul du prix de revient.<\/p>\n<p><strong>Loi sur la s\u00e9curit\u00e9 des produits<\/strong><\/p>\n<p>Fabricant, importateur ou distributeur ? Et comment l&rsquo;\u00e9tiquetage doit-il \u00eatre effectu\u00e9 ?<\/p>\n<p>Dans ce qui suit, nous pr\u00e9sentons d&rsquo;abord la nouvelle loi et r\u00e9sumons de mani\u00e8re compr\u00e9hensible les points essentiels \u00e0 respecter. Vous apprendrez \u00e9galement comment mettre en \u0153uvre ces directives.<\/p>\n<p><strong>1. la nouvelle loi sur la s\u00e9curit\u00e9 des produits<\/strong><\/p>\n<p>La nouvelle loi sur la s\u00e9curit\u00e9 des produits (ProdSG) est entr\u00e9e en vigueur le 01.12.2011. Celle-ci contient diverses innovations par rapport \u00e0 l&rsquo;ancienne loi dite sur la s\u00e9curit\u00e9 des \u00e9quipements et des produits.<\/p>\n<p>Il s&rsquo;agit notamment du fait qu&rsquo;au \u00a7 2 n\u00b0 2 ProdSG, non seulement l&rsquo;exposition de marchandises, mais aussi la d\u00e9monstration et l&rsquo;offre de produits \u00e0 des fins de publicit\u00e9 ou de mise \u00e0 disposition sur le march\u00e9 sont couvertes par la protection de la loi.<\/p>\n<p>Cela signifie que le commerce en ligne en particulier sera \u00e9galement couvert par la ProdSG \u00e0 l&rsquo;avenir. Par cons\u00e9quent, les plateformes en ligne devraient d\u00e9sormais \u00e9galement traiter avec le ProdSG. Cela s&rsquo;applique en particulier aux fournisseurs de produits de consommation.<\/p>\n<p>La nouveaut\u00e9 dans ce contexte est la disposition de l&rsquo;article 6 para. 1 No. 3 ProdSG, qui exige \u00e0 l&rsquo;avenir que des marquages clairs soient appos\u00e9s sur les produits de consommation pour leur identification. Selon la litt\u00e9rature relative \u00e0 la nouvelle loi, il est conseill\u00e9 aux op\u00e9rateurs \u00e9conomiques d&rsquo;introduire un syst\u00e8me clair d&rsquo;identification et de tra\u00e7abilit\u00e9 des produits de consommation.<\/p>\n<p>Il est \u00e9galement conseill\u00e9 d&rsquo;envisager l&rsquo;\u00e9tiquetage m\u00eame pour les produits non destin\u00e9s \u00e0 la consommation, car en cas d&rsquo;action de rappel, seul un \u00e9tiquetage clair permet d&rsquo;identifier exactement les produits qui doivent \u00eatre rappel\u00e9s. Sinon, des groupes entiers de produits pourraient devoir \u00eatre rappel\u00e9s.<\/p>\n<p>Dans le cas de l&rsquo;\u00e9tiquetage, il faut veiller \u00e0 ce qu&rsquo;il soit effectu\u00e9 de mani\u00e8re \u00e0 ce que les clients finaux, en particulier, comprennent les marques sans autre \u00e9tape interm\u00e9diaire. Les symboles ou les codes graphiques, notamment les codes-barres ou les codes QR, sont donc \u00e0 \u00e9viter. En revanche, un num\u00e9ro de production cons\u00e9cutif et donc individuel sur chaque produit semble appropri\u00e9. Outre le marquage identifiant le produit de consommation, le nom et l&rsquo;adresse de contact du fabricant ou, si le fabricant n&rsquo;est pas \u00e9tabli dans l&rsquo;Espace \u00e9conomique europ\u00e9en, le nom et l&rsquo;adresse de contact du mandataire ou de l&rsquo;importateur doivent \u00e9galement \u00eatre appos\u00e9s.<\/p>\n<p>Cela signifie que le nom et l&rsquo;adresse de contact du fabricant doivent figurer sur le produit de consommation si le fabricant est \u00e9tabli dans l&rsquo;Espace \u00e9conomique europ\u00e9en. Sinon, le nom et l&rsquo;adresse de contact du repr\u00e9sentant agr\u00e9\u00e9 du fabricant (si\u00e8ge social dans l&rsquo;Espace \u00e9conomique europ\u00e9en requis). En tant qu&rsquo;importateur ou, selon le libell\u00e9 de la loi, en tant qu&rsquo;importateur, vous devez indiquer votre nom et votre adresse de contact si vous importez des marchandises d&rsquo;un pays situ\u00e9 en dehors de l&rsquo;Espace \u00e9conomique europ\u00e9en et que le fabricant n&rsquo;a pas au moins un repr\u00e9sentant autoris\u00e9 dans l&rsquo;Espace \u00e9conomique europ\u00e9en dont l&rsquo;adresse est imprim\u00e9e sur le produit.<\/p>\n<p><strong>Deuxi\u00e8me r\u00e9sum\u00e9 :<\/strong><\/p>\n<p>En tant que distributeur de produits promotionnels, vous \u00eates tenu, en vertu de l&rsquo;article 6 de la ProdSG, d&rsquo;apposer sur les produits de consommation des marquages permettant d&rsquo;identifier le produit de consommation ainsi que votre nom et votre adresse de contact si le fabricant est bas\u00e9 en dehors de l&rsquo;UE et n&rsquo;a pas non plus appos\u00e9 sur le produit l&rsquo;adresse de contact d&rsquo;un repr\u00e9sentant autoris\u00e9 au sein de l&rsquo;UE.<\/p>\n<p>Sinon, vous devez encourager les fabricants europ\u00e9ens \u00e0 apposer le nom et l&rsquo;adresse de contact ainsi que le marquage identifiant le produit de consommation.<\/p>\n<p>Le produit de consommation doit \u00eatre identifi\u00e9, par exemple, par un num\u00e9ro de production cons\u00e9cutif et donc individuel (num\u00e9ro de s\u00e9rie), mais pas par des codes graphiques ou autres marquages incompr\u00e9hensibles.<\/p>\n<p>Dans des cas exceptionnels, l&rsquo;obligation d&rsquo;\u00e9tiquetage peut \u00eatre lev\u00e9e si elle implique un effort disproportionn\u00e9. Toutefois, il n&rsquo;existe pas encore de jurisprudence sur ce point. A notre avis, cela ne peut toutefois concerner que les cas o\u00f9 l&rsquo;apposition du num\u00e9ro d&rsquo;identification, etc. est fondamentalement impossible en raison de la nature du produit (par exemple, particuli\u00e8rement petit).<\/p>\n<p>En cas de violation, il existe des dispositions relatives aux amendes et aux p\u00e9nalit\u00e9s. Dans ce cas, il y a un risque d&rsquo;amende pouvant aller jusqu&rsquo;\u00e0 100 000,00 \u20ac. En outre, il existe une autre disposition relative aux amendes qui permet de pr\u00e9lever en plus un \u00e9cr\u00e9mage des b\u00e9n\u00e9fices.<\/p>\n<p>En outre, selon les m\u00eames principes ci-dessus, vous ou le fabricant \u00eates tenus d&rsquo;apposer des instructions sur le produit de consommation si, en l&rsquo;absence d&rsquo;instructions, l&rsquo;utilisation du produit comporte des risques.<\/p>\n<p><strong>3. Quels sont les produits concern\u00e9s ?<\/strong><\/p>\n<p>La r\u00e9ponse \u00e0 cette question peut \u00eatre tr\u00e8s br\u00e8ve : TOUT, \u00e0 condition que l&rsquo;espace publicitaire et la proportionnalit\u00e9 de l&rsquo;effort pour l&rsquo;application soient donn\u00e9s. Si vous n&rsquo;\u00eates pas s\u00fbr de votre mod\u00e8le pr\u00e9f\u00e9r\u00e9, notre \u00e9quipe de service se fera un plaisir de vous aider. Nous serons heureux de vous conseiller.<\/p>\n<p><strong>4. quelle est la meilleure fa\u00e7on de mettre en \u0153uvre les nouvelles exigences ?<\/strong><\/p>\n<p>Comme de nombreux motifs d&rsquo;impression ne comportent pas les informations n\u00e9cessaires, vous devez tout de m\u00eame les inclure. Cependant, cela peut aussi se faire de mani\u00e8re discr\u00e8te. Nous avons \u00e9labor\u00e9 quelques options de mise en \u0153uvre pour vous en utilisant l&rsquo;exemple d&rsquo;un sac et nous esp\u00e9rons qu&rsquo;elles pourront vous aider dans le processus de d\u00e9cision.<\/p>\n<p>Afin de respecter la loi sur la s\u00e9curit\u00e9 des produits (ProdSG \u00a76), les produits sont marqu\u00e9s de mani\u00e8re standard avec les donn\u00e9es de contact et d&rsquo;adresse de HIKITEC GmbH, sauf si le client fournit d&rsquo;autres informations \u00e0 cet \u00e9gard.<\/p>\n<p>Si n\u00e9cessaire, une d\u00e9viation ne peut \u00eatre effectu\u00e9e que contre le calcul du prix de revient.<\/p>\n<\/div><\/section>\n<section class=\"av_textblock_section \"  itemscope=\"itemscope\" itemtype=\"https:\/\/schema.org\/CreativeWork\" ><div class='avia_textblock  '   itemprop=\"text\" ><input type=\"button\" value=\"Dos\" class=\"alg_back_button_input \" style=\"\" onclick=\"window.history.back()\" \/>\n<\/div><\/section>\n","protected":false},"excerpt":{"rendered":"","protected":false},"author":2,"featured_media":0,"parent":0,"menu_order":0,"comment_status":"closed","ping_status":"closed","template":"","meta":{"footnotes":""},"class_list":["post-128137","page","type-page","status-publish","hentry"],"_links":{"self":[{"href":"https:\/\/hikitec.de\/fr\/wp-json\/wp\/v2\/pages\/128137","targetHints":{"allow":["GET"]}}],"collection":[{"href":"https:\/\/hikitec.de\/fr\/wp-json\/wp\/v2\/pages"}],"about":[{"href":"https:\/\/hikitec.de\/fr\/wp-json\/wp\/v2\/types\/page"}],"author":[{"embeddable":true,"href":"https:\/\/hikitec.de\/fr\/wp-json\/wp\/v2\/users\/2"}],"replies":[{"embeddable":true,"href":"https:\/\/hikitec.de\/fr\/wp-json\/wp\/v2\/comments?post=128137"}],"version-history":[{"count":8,"href":"https:\/\/hikitec.de\/fr\/wp-json\/wp\/v2\/pages\/128137\/revisions"}],"predecessor-version":[{"id":128145,"href":"https:\/\/hikitec.de\/fr\/wp-json\/wp\/v2\/pages\/128137\/revisions\/128145"}],"wp:attachment":[{"href":"https:\/\/hikitec.de\/fr\/wp-json\/wp\/v2\/media?parent=128137"}],"curies":[{"name":"wp","href":"https:\/\/api.w.org\/{rel}","templated":true}]}}