{"id":128185,"date":"2021-04-26T16:16:34","date_gmt":"2021-04-26T14:16:34","guid":{"rendered":"https:\/\/hikitec.de\/temps-de-production-2\/"},"modified":"2021-04-26T16:16:37","modified_gmt":"2021-04-26T14:16:37","slug":"temps-de-production-2","status":"publish","type":"page","link":"https:\/\/hikitec.de\/fr\/temps-de-production-2\/","title":{"rendered":"Temps de production"},"content":{"rendered":"<section class=\"av_textblock_section \"  itemscope=\"itemscope\" itemtype=\"https:\/\/schema.org\/CreativeWork\" ><div class='avia_textblock  '   itemprop=\"text\" ><p><strong>Wie sind die Lieferzeiten?<\/strong><\/p>\n<\/div><\/section>\n<section class=\"av_textblock_section \"  itemscope=\"itemscope\" itemtype=\"https:\/\/schema.org\/CreativeWork\" ><div class='avia_textblock  '   itemprop=\"text\" ><p>S&rsquo;il n&rsquo;y a plus de questions sur la commande, tant de votre c\u00f4t\u00e9 que du n\u00f4tre, il faut g\u00e9n\u00e9ralement compter entre 10 et 15 jours ouvrables pour que les articles arrivent chez vous. Vous trouverez des informations pr\u00e9liminaires plus d\u00e9taill\u00e9es dans votre confirmation de commande. Vous y recevrez \u00e0 nouveau une date de livraison pr\u00e9vue apr\u00e8s la clart\u00e9 de la commande.<\/p>\n<\/div><\/section>\n<section class=\"av_textblock_section \"  itemscope=\"itemscope\" itemtype=\"https:\/\/schema.org\/CreativeWork\" ><div class='avia_textblock  '   itemprop=\"text\" ><input type=\"button\" value=\"Dos\" class=\"alg_back_button_input \" style=\"\" onclick=\"window.history.back()\" \/>\n<\/div><\/section>\n","protected":false},"excerpt":{"rendered":"","protected":false},"author":2,"featured_media":0,"parent":0,"menu_order":0,"comment_status":"closed","ping_status":"closed","template":"","meta":{"footnotes":""},"class_list":["post-128185","page","type-page","status-publish","hentry"],"_links":{"self":[{"href":"https:\/\/hikitec.de\/fr\/wp-json\/wp\/v2\/pages\/128185","targetHints":{"allow":["GET"]}}],"collection":[{"href":"https:\/\/hikitec.de\/fr\/wp-json\/wp\/v2\/pages"}],"about":[{"href":"https:\/\/hikitec.de\/fr\/wp-json\/wp\/v2\/types\/page"}],"author":[{"embeddable":true,"href":"https:\/\/hikitec.de\/fr\/wp-json\/wp\/v2\/users\/2"}],"replies":[{"embeddable":true,"href":"https:\/\/hikitec.de\/fr\/wp-json\/wp\/v2\/comments?post=128185"}],"version-history":[{"count":8,"href":"https:\/\/hikitec.de\/fr\/wp-json\/wp\/v2\/pages\/128185\/revisions"}],"predecessor-version":[{"id":128193,"href":"https:\/\/hikitec.de\/fr\/wp-json\/wp\/v2\/pages\/128185\/revisions\/128193"}],"wp:attachment":[{"href":"https:\/\/hikitec.de\/fr\/wp-json\/wp\/v2\/media?parent=128185"}],"curies":[{"name":"wp","href":"https:\/\/api.w.org\/{rel}","templated":true}]}}