{"id":128264,"date":"2021-04-28T15:15:00","date_gmt":"2021-04-28T13:15:00","guid":{"rendered":"https:\/\/hikitec.de\/plainte\/"},"modified":"2021-04-28T15:16:50","modified_gmt":"2021-04-28T13:16:50","slug":"plainte","status":"publish","type":"page","link":"https:\/\/hikitec.de\/fr\/plainte\/","title":{"rendered":"Plainte"},"content":{"rendered":"<section class=\"av_textblock_section \"  itemscope=\"itemscope\" itemtype=\"https:\/\/schema.org\/CreativeWork\" ><div class='avia_textblock  '   itemprop=\"text\" ><p><strong>Wie gehe ich mit Beschwerden um?<\/strong><\/p>\n<\/div><\/section>\n<section class=\"av_textblock_section \"  itemscope=\"itemscope\" itemtype=\"https:\/\/schema.org\/CreativeWork\" ><div class='avia_textblock  '   itemprop=\"text\" ><p>Nous attachons une grande importance \u00e0 l&rsquo;ex\u00e9cution et \u00e0 la production de votre commande exactement selon vos id\u00e9es. Toutefois, en cas de probl\u00e8me, votre satisfaction passe avant tout. N&rsquo;h\u00e9sitez pas \u00e0 contacter votre interlocuteur personnel et nous nous efforcerons de corriger l&rsquo;erreur dans les meilleurs d\u00e9lais.<br \/>\n\u00c9tant donn\u00e9 que tous les produits sont fabriqu\u00e9s sur demande et selon vos id\u00e9es individuelles, aucune disposition g\u00e9n\u00e9rale d&rsquo;annulation ou de droit de r\u00e9tractation ne s&rsquo;applique.<\/p>\n<\/div><\/section>\n<section class=\"av_textblock_section \"  itemscope=\"itemscope\" itemtype=\"https:\/\/schema.org\/CreativeWork\" ><div class='avia_textblock  '   itemprop=\"text\" ><input type=\"button\" value=\"Dos\" class=\"alg_back_button_input \" style=\"\" onclick=\"window.history.back()\" \/>\n<\/div><\/section>\n","protected":false},"excerpt":{"rendered":"","protected":false},"author":2,"featured_media":0,"parent":0,"menu_order":0,"comment_status":"closed","ping_status":"closed","template":"","meta":{"footnotes":""},"class_list":["post-128264","page","type-page","status-publish","hentry"],"_links":{"self":[{"href":"https:\/\/hikitec.de\/fr\/wp-json\/wp\/v2\/pages\/128264","targetHints":{"allow":["GET"]}}],"collection":[{"href":"https:\/\/hikitec.de\/fr\/wp-json\/wp\/v2\/pages"}],"about":[{"href":"https:\/\/hikitec.de\/fr\/wp-json\/wp\/v2\/types\/page"}],"author":[{"embeddable":true,"href":"https:\/\/hikitec.de\/fr\/wp-json\/wp\/v2\/users\/2"}],"replies":[{"embeddable":true,"href":"https:\/\/hikitec.de\/fr\/wp-json\/wp\/v2\/comments?post=128264"}],"version-history":[{"count":5,"href":"https:\/\/hikitec.de\/fr\/wp-json\/wp\/v2\/pages\/128264\/revisions"}],"predecessor-version":[{"id":128269,"href":"https:\/\/hikitec.de\/fr\/wp-json\/wp\/v2\/pages\/128264\/revisions\/128269"}],"wp:attachment":[{"href":"https:\/\/hikitec.de\/fr\/wp-json\/wp\/v2\/media?parent=128264"}],"curies":[{"name":"wp","href":"https:\/\/api.w.org\/{rel}","templated":true}]}}