{"id":128725,"date":"2021-04-28T16:25:38","date_gmt":"2021-04-28T14:25:38","guid":{"rendered":"https:\/\/hikitec.de\/article-special\/"},"modified":"2021-04-28T16:25:40","modified_gmt":"2021-04-28T14:25:40","slug":"article-special","status":"publish","type":"page","link":"https:\/\/hikitec.de\/fr\/article-special\/","title":{"rendered":"Article sp\u00e9cial"},"content":{"rendered":"<section class=\"av_textblock_section \"  itemscope=\"itemscope\" itemtype=\"https:\/\/schema.org\/CreativeWork\" ><div class='avia_textblock  '   itemprop=\"text\" ><p><b>HIKITEC propose-t-il \u00e9galement des articles qui ne sont pas disponibles dans le magasin ?<\/b><\/p>\n<\/div><\/section>\n<section class=\"av_textblock_section \"  itemscope=\"itemscope\" itemtype=\"https:\/\/schema.org\/CreativeWork\" ><div class='avia_textblock  '   itemprop=\"text\" ><p>Oui, nous pouvons vous proposer un large \u00e9ventail d&rsquo;articles suppl\u00e9mentaires sur demande. Cela inclut \u00e9galement les demandes sp\u00e9ciales inhabituelles et les produits uniques fabriqu\u00e9s sur mesure. En outre, nous sommes heureux de constituer pour vous des ensembles de produits promotionnels individuels ou de rechercher le produit promotionnel qui vous convient. Contactez-nous, nous serons heureux de vous aider !<\/p>\n<\/div><\/section>\n<section class=\"av_textblock_section \"  itemscope=\"itemscope\" itemtype=\"https:\/\/schema.org\/CreativeWork\" ><div class='avia_textblock  '   itemprop=\"text\" ><input type=\"button\" value=\"Dos\" class=\"alg_back_button_input \" style=\"\" onclick=\"window.history.back()\" \/>\n<\/div><\/section>\n","protected":false},"excerpt":{"rendered":"","protected":false},"author":2,"featured_media":0,"parent":0,"menu_order":0,"comment_status":"closed","ping_status":"closed","template":"","meta":{"footnotes":""},"class_list":["post-128725","page","type-page","status-publish","hentry"],"_links":{"self":[{"href":"https:\/\/hikitec.de\/fr\/wp-json\/wp\/v2\/pages\/128725","targetHints":{"allow":["GET"]}}],"collection":[{"href":"https:\/\/hikitec.de\/fr\/wp-json\/wp\/v2\/pages"}],"about":[{"href":"https:\/\/hikitec.de\/fr\/wp-json\/wp\/v2\/types\/page"}],"author":[{"embeddable":true,"href":"https:\/\/hikitec.de\/fr\/wp-json\/wp\/v2\/users\/2"}],"replies":[{"embeddable":true,"href":"https:\/\/hikitec.de\/fr\/wp-json\/wp\/v2\/comments?post=128725"}],"version-history":[{"count":5,"href":"https:\/\/hikitec.de\/fr\/wp-json\/wp\/v2\/pages\/128725\/revisions"}],"predecessor-version":[{"id":128730,"href":"https:\/\/hikitec.de\/fr\/wp-json\/wp\/v2\/pages\/128725\/revisions\/128730"}],"wp:attachment":[{"href":"https:\/\/hikitec.de\/fr\/wp-json\/wp\/v2\/media?parent=128725"}],"curies":[{"name":"wp","href":"https:\/\/api.w.org\/{rel}","templated":true}]}}