{"id":128901,"date":"2021-04-29T09:10:08","date_gmt":"2021-04-29T07:10:08","guid":{"rendered":"https:\/\/hikitec.de\/plan-detage\/"},"modified":"2021-04-29T09:10:14","modified_gmt":"2021-04-29T07:10:14","slug":"plan-detage","status":"publish","type":"page","link":"https:\/\/hikitec.de\/fr\/plan-detage\/","title":{"rendered":"Plan d&rsquo;\u00e9tage"},"content":{"rendered":"<section class=\"av_textblock_section \"  itemscope=\"itemscope\" itemtype=\"https:\/\/schema.org\/CreativeWork\" ><div class='avia_textblock  '   itemprop=\"text\" ><p><strong>Qu&rsquo;est-ce qu&rsquo;un croquis de stand &#8211; aper\u00e7u avant impression virtuel ?<\/strong><\/p>\n<\/div><\/section>\n\n<style type=\"text\/css\" id=\"style-css-av-bawoqv-d6b62303bb25afa3e85bde3d6e144e8a\">\n#top .flex_column.av-bawoqv-d6b62303bb25afa3e85bde3d6e144e8a{\nborder-radius:0px;\n-webkit-border-radius:0px;\n-moz-border-radius:0px;\npadding:0px;\n}\n<\/style>\n<div class='flex_column av-bawoqv-d6b62303bb25afa3e85bde3d6e144e8a av_one_full  avia-builder-el-1  el_after_av_textblock  el_before_av_one_half  first flex_column_div av-zero-column-padding column-top-margin'   ><section class=\"av_textblock_section \"  itemscope=\"itemscope\" itemtype=\"https:\/\/schema.org\/CreativeWork\" ><div class='avia_textblock  '   itemprop=\"text\" ><p><strong>Un aper\u00e7u avant impression<\/strong> virtuel est un document \u00e9lectronique (g\u00e9n\u00e9ralement un fichier pdf) qui vous montre comment votre logo appara\u00eetra sur le produit correspondant.<\/p>\n<p><strong>Exemple :<\/strong><\/p>\n<\/div><\/section><\/div>\n\n<style type=\"text\/css\" id=\"style-css-av-8qlutz-4ae6f8d6cbc44eb205bc8c3077b60056\">\n#top .flex_column.av-8qlutz-4ae6f8d6cbc44eb205bc8c3077b60056{\nborder-radius:0px;\n-webkit-border-radius:0px;\n-moz-border-radius:0px;\npadding:0px;\n}\n<\/style>\n<div class='flex_column av-8qlutz-4ae6f8d6cbc44eb205bc8c3077b60056 av_one_half  avia-builder-el-3  el_after_av_one_full  el_before_av_one_half  first flex_column_div av-zero-column-padding column-top-margin'   ><section class=\"av_textblock_section \"  itemscope=\"itemscope\" itemtype=\"https:\/\/schema.org\/CreativeWork\" ><div class='avia_textblock  '   itemprop=\"text\" ><p><img loading=\"lazy\" decoding=\"async\" class=\"size-large wp-image-10149 alignleft\" src=\"https:\/\/hikitec.de\/wp-content\/uploads\/2020\/05\/Standskizze_Beispiel-776x1030.png\" alt=\"\" width=\"776\" height=\"1030\" srcset=\"https:\/\/hikitec.de\/wp-content\/uploads\/2020\/05\/Standskizze_Beispiel-776x1030.png 776w, https:\/\/hikitec.de\/wp-content\/uploads\/2020\/05\/Standskizze_Beispiel-226x300.png 226w, https:\/\/hikitec.de\/wp-content\/uploads\/2020\/05\/Standskizze_Beispiel-768x1019.png 768w, https:\/\/hikitec.de\/wp-content\/uploads\/2020\/05\/Standskizze_Beispiel-1157x1536.png 1157w, https:\/\/hikitec.de\/wp-content\/uploads\/2020\/05\/Standskizze_Beispiel-1543x2048.png 1543w, https:\/\/hikitec.de\/wp-content\/uploads\/2020\/05\/Standskizze_Beispiel-1130x1500.png 1130w, https:\/\/hikitec.de\/wp-content\/uploads\/2020\/05\/Standskizze_Beispiel-531x705.png 531w, https:\/\/hikitec.de\/wp-content\/uploads\/2020\/05\/Standskizze_Beispiel-450x597.png 450w\" sizes=\"auto, (max-width: 776px) 100vw, 776px\" \/><\/p>\n<\/div><\/section><\/div>\n\n<style type=\"text\/css\" id=\"style-css-av-7kq0fb-0de1b6ba01e8141760f0334c41be0457\">\n#top .flex_column.av-7kq0fb-0de1b6ba01e8141760f0334c41be0457{\nborder-radius:0px;\n-webkit-border-radius:0px;\n-moz-border-radius:0px;\npadding:0px;\n}\n<\/style>\n<div class='flex_column av-7kq0fb-0de1b6ba01e8141760f0334c41be0457 av_one_half  avia-builder-el-5  el_after_av_one_half  el_before_av_one_full  flex_column_div av-zero-column-padding column-top-margin'   ><section class=\"av_textblock_section \"  itemscope=\"itemscope\" itemtype=\"https:\/\/schema.org\/CreativeWork\" ><div class='avia_textblock  '   itemprop=\"text\" ><p>*1 : Informations sur le mod\u00e8le<\/p>\n<p>*2 : Vue de face, g\u00e9n\u00e9ralement le c\u00f4t\u00e9 sup\u00e9rieur lorsqu&rsquo;il est branch\u00e9 au port USB.<\/p>\n<p>*3 : Graphique avec zone de raffinement de la face avant<\/p>\n<p>*4 : Informations sur la finition de la face avant<\/p>\n<p>*5 : Vue arri\u00e8re, g\u00e9n\u00e9ralement le c\u00f4t\u00e9 inf\u00e9rieur lorsqu&rsquo;il est branch\u00e9 au port USB.<\/p>\n<p>*6 : Graphique avec zone d&rsquo;affinement de la face arri\u00e8re.<\/p>\n<p>*7 : Informations sur la finition du verso<\/p>\n<p>*8 : Texte de la note d\u00e9taill\u00e9e<\/p>\n<\/div><\/section><\/div>\n\n<style type=\"text\/css\" id=\"style-css-av-5co2fb-af36fa8946b6477495d70a3e5908634c\">\n#top .flex_column.av-5co2fb-af36fa8946b6477495d70a3e5908634c{\nborder-radius:0px;\n-webkit-border-radius:0px;\n-moz-border-radius:0px;\npadding:0px;\n}\n<\/style>\n<div class='flex_column av-5co2fb-af36fa8946b6477495d70a3e5908634c av_one_full  avia-builder-el-7  el_after_av_one_half  el_before_av_one_full  first flex_column_div av-zero-column-padding column-top-margin'   ><section class=\"av_textblock_section \"  itemscope=\"itemscope\" itemtype=\"https:\/\/schema.org\/CreativeWork\" ><div class='avia_textblock  '   itemprop=\"text\" ><p>Vue de face :<\/p>\n<p><img loading=\"lazy\" decoding=\"async\" class=\"aligncenter size-medium wp-image-9848\" src=\"https:\/\/hikitec.de\/wp-content\/uploads\/2020\/05\/1-300x300.jpg\" alt=\"\" width=\"300\" height=\"300\" srcset=\"https:\/\/hikitec.de\/wp-content\/uploads\/2020\/05\/1-300x300.jpg 300w, https:\/\/hikitec.de\/wp-content\/uploads\/2020\/05\/1-1030x1030.jpg 1030w, https:\/\/hikitec.de\/wp-content\/uploads\/2020\/05\/1-80x80.jpg 80w, https:\/\/hikitec.de\/wp-content\/uploads\/2020\/05\/1-768x768.jpg 768w, https:\/\/hikitec.de\/wp-content\/uploads\/2020\/05\/1-1536x1536.jpg 1536w, https:\/\/hikitec.de\/wp-content\/uploads\/2020\/05\/1-36x36.jpg 36w, https:\/\/hikitec.de\/wp-content\/uploads\/2020\/05\/1-180x180.jpg 180w, https:\/\/hikitec.de\/wp-content\/uploads\/2020\/05\/1-1500x1500.jpg 1500w, https:\/\/hikitec.de\/wp-content\/uploads\/2020\/05\/1-705x705.jpg 705w, https:\/\/hikitec.de\/wp-content\/uploads\/2020\/05\/1-120x120.jpg 120w, https:\/\/hikitec.de\/wp-content\/uploads\/2020\/05\/1-450x450.jpg 450w, https:\/\/hikitec.de\/wp-content\/uploads\/2020\/05\/1.jpg 1728w\" sizes=\"auto, (max-width: 300px) 100vw, 300px\" \/><\/p>\n<\/div><\/section><\/div>\n\n<style type=\"text\/css\" id=\"style-css-av-3t6w9z-15162e444cc9422c676491d51ac5dc1b\">\n#top .flex_column.av-3t6w9z-15162e444cc9422c676491d51ac5dc1b{\nborder-radius:0px;\n-webkit-border-radius:0px;\n-moz-border-radius:0px;\npadding:0px;\n}\n<\/style>\n<div class='flex_column av-3t6w9z-15162e444cc9422c676491d51ac5dc1b av_one_full  avia-builder-el-9  el_after_av_one_full  el_before_av_one_full  first flex_column_div av-zero-column-padding column-top-margin'   ><section class=\"av_textblock_section \"  itemscope=\"itemscope\" itemtype=\"https:\/\/schema.org\/CreativeWork\" ><div class='avia_textblock  '   itemprop=\"text\" ><p>Apr\u00e8s nous avoir fourni votre logo, nous vous cr\u00e9erons gratuitement un aper\u00e7u avant impression en quelques heures ! Toutefois, si vous souhaitez passer une commande, l&rsquo;aper\u00e7u sert de mod\u00e8le pour la production. Il est donc important que l&rsquo;aper\u00e7u corresponde exactement \u00e0 vos souhaits et que vous nous informiez de toute demande de modification.<\/p>\n<p><strong>Liste de contr\u00f4le :<\/strong><\/p>\n<ul>\n<li>Orthographe<\/li>\n<li>Alignement du logo\/texte<\/li>\n<li>Taille et position du logo\/texte<\/li>\n<li><a href=\"https:\/\/hikitec.de\/pantone\/\">Num\u00e9ros de couleur Pantone\u00ae.<\/a><\/li>\n<li>Caract\u00e9ristiques particuli\u00e8res de la conception du logo<\/li>\n<li>V\u00e9rifiez la politique de l&rsquo;entreprise<\/li>\n<\/ul>\n<p><strong>Recommandation :<\/strong><\/p>\n<ul>\n<li>La hauteur des lettres ne doit pas \u00eatre inf\u00e9rieure \u00e0 1,3 mm.<\/li>\n<li>La largeur des lignes (\u00e9galement pour les lettres) ne doit pas \u00eatre inf\u00e9rieure \u00e0 0,4 mm.<\/li>\n<\/ul>\n<p>Pour obtenir un r\u00e9sultat de finition optimal, nous recommandons une \u00e9paisseur de point d&rsquo;au moins 1 mm.<\/p>\n<p>Veuillez noter que la liste n&rsquo;est qu&rsquo;indicative et peut ne pas \u00eatre exhaustive. Cet aper\u00e7u avant impression sert de mod\u00e8le pour la production de votre commande. Veuillez v\u00e9rifier attentivement la preuve et nous informer si vous avez des demandes de changement ou d&rsquo;am\u00e9lioration. Veuillez noter qu&rsquo;il peut y avoir de l\u00e9g\u00e8res variations dans les couleurs des produits. En particulier, les couleurs d&rsquo;impression peuvent diff\u00e9rer de l&rsquo;impression en cours, en fonction de la couleur du substrat. Nous ne pouvons pas \u00eatre tenus responsables des erreurs de production qui sont manifestement bas\u00e9es sur un aper\u00e7u avant impression incorrect.<\/p>\n<\/div><\/section><\/div>\n\n<style type=\"text\/css\" id=\"style-css-av-2swydz-62639d8fc42eca2946df4c8225a0aa00\">\n#top .flex_column.av-2swydz-62639d8fc42eca2946df4c8225a0aa00{\nborder-radius:0px;\n-webkit-border-radius:0px;\n-moz-border-radius:0px;\npadding:0px;\n}\n<\/style>\n<div class='flex_column av-2swydz-62639d8fc42eca2946df4c8225a0aa00 av_one_full  avia-builder-el-11  el_after_av_one_full  avia-builder-el-last  first flex_column_div av-zero-column-padding column-top-margin'   ><section class=\"av_textblock_section \"  itemscope=\"itemscope\" itemtype=\"https:\/\/schema.org\/CreativeWork\" ><div class='avia_textblock  '   itemprop=\"text\" ><input type=\"button\" value=\"Dos\" class=\"alg_back_button_input \" style=\"\" onclick=\"window.history.back()\" \/>\n<\/div><\/section><\/div>\n","protected":false},"excerpt":{"rendered":"","protected":false},"author":2,"featured_media":0,"parent":0,"menu_order":0,"comment_status":"closed","ping_status":"closed","template":"","meta":{"footnotes":""},"class_list":["post-128901","page","type-page","status-publish","hentry"],"_links":{"self":[{"href":"https:\/\/hikitec.de\/fr\/wp-json\/wp\/v2\/pages\/128901","targetHints":{"allow":["GET"]}}],"collection":[{"href":"https:\/\/hikitec.de\/fr\/wp-json\/wp\/v2\/pages"}],"about":[{"href":"https:\/\/hikitec.de\/fr\/wp-json\/wp\/v2\/types\/page"}],"author":[{"embeddable":true,"href":"https:\/\/hikitec.de\/fr\/wp-json\/wp\/v2\/users\/2"}],"replies":[{"embeddable":true,"href":"https:\/\/hikitec.de\/fr\/wp-json\/wp\/v2\/comments?post=128901"}],"version-history":[{"count":5,"href":"https:\/\/hikitec.de\/fr\/wp-json\/wp\/v2\/pages\/128901\/revisions"}],"predecessor-version":[{"id":128911,"href":"https:\/\/hikitec.de\/fr\/wp-json\/wp\/v2\/pages\/128901\/revisions\/128911"}],"wp:attachment":[{"href":"https:\/\/hikitec.de\/fr\/wp-json\/wp\/v2\/media?parent=128901"}],"curies":[{"name":"wp","href":"https:\/\/api.w.org\/{rel}","templated":true}]}}