{"id":129108,"date":"2021-04-30T08:44:24","date_gmt":"2021-04-30T06:44:24","guid":{"rendered":"https:\/\/hikitec.de\/connexion-au-magasin\/"},"modified":"2021-04-30T08:44:31","modified_gmt":"2021-04-30T06:44:31","slug":"connexion-au-magasin","status":"publish","type":"page","link":"https:\/\/hikitec.de\/fr\/connexion-au-magasin\/","title":{"rendered":"Connexion au magasin"},"content":{"rendered":"\n<style type=\"text\/css\" id=\"style-css-av-4tsi39n-6bcf9f9e7c8997be6d1e91cbda745bc3\">\n#top .flex_column.av-4tsi39n-6bcf9f9e7c8997be6d1e91cbda745bc3{\nborder-radius:0px;\n-webkit-border-radius:0px;\n-moz-border-radius:0px;\npadding:0px;\n}\n<\/style>\n<div class='flex_column av-4tsi39n-6bcf9f9e7c8997be6d1e91cbda745bc3 av_one_full  avia-builder-el-0  el_before_av_one_half  avia-builder-el-first  first flex_column_div av-zero-column-padding '   ><section class=\"av_textblock_section \"  itemscope=\"itemscope\" itemtype=\"https:\/\/schema.org\/CreativeWork\" ><div class='avia_textblock  '   itemprop=\"text\" ><p><strong>Mise en \u0153uvre de nos produits dans votre boutique en ligne !<\/strong><\/p>\n<p>Vous g\u00e9rez une boutique en ligne et vous souhaitez la compl\u00e9ter avec nos articles ? Consid\u00e9rez-vous les changements fr\u00e9quents de prix comme un d\u00e9fi que vous auriez du mal \u00e0 g\u00e9rer seul en termes de personnel ?<br \/>\n<strong>Nos<\/strong> <strong>techniciens professionnels seront heureux de vous aider \u00e0 r\u00e9aliser vos id\u00e9es ou \u00e0 mettre en \u0153uvre nos produits dans votre boutique en ligne ! &#8211; afin que les deux parties puissent fonctionner de mani\u00e8re optimale et jouer de leurs avantages.<\/strong> Choisissez parmi plusieurs CSV pr\u00eats \u00e0 l&#8217;emploi pour l&rsquo;importation de la boutique en ligne ou laissez-nous programmer votre propre interface.<\/p>\n<\/div><\/section><\/div>\n<style type=\"text\/css\" id=\"style-css-av-4jx4ga3-18a013b116f794b3b4b6f991bed71822\">\n#top .flex_column.av-4jx4ga3-18a013b116f794b3b4b6f991bed71822{\nborder-radius:0px;\n-webkit-border-radius:0px;\n-moz-border-radius:0px;\npadding:0px;\n}\n<\/style>\n<div class='flex_column av-4jx4ga3-18a013b116f794b3b4b6f991bed71822 av_one_half  avia-builder-el-2  el_after_av_one_full  el_before_av_one_half  first flex_column_div av-zero-column-padding column-top-margin'   ><section class=\"av_textblock_section \"  itemscope=\"itemscope\" itemtype=\"https:\/\/schema.org\/CreativeWork\" ><div class='avia_textblock  '   itemprop=\"text\" ><p><img decoding=\"async\" id=\"imi\" class=\"n3VNCb\" src=\"https:\/\/www.dsconsult.de\/wp-content\/uploads\/2020\/09\/photocase_3378584.jpg\" alt=\"R\u00e9sultat d'image pour shopanbindung\" data-deferred=\"1\" data-w=\"2450\" data-h=\"1633\" data-atf=\"true\" data-iml=\"1028\"><\/p>\n<\/div><\/section><\/div><\/p>\n\n<style type=\"text\/css\" id=\"style-css-av-3u6d417-a6d3f434f213fd7d2b63c985a9ba8cfa\">\n#top .flex_column.av-3u6d417-a6d3f434f213fd7d2b63c985a9ba8cfa{\nborder-radius:0px;\n-webkit-border-radius:0px;\n-moz-border-radius:0px;\npadding:0px;\n}\n<\/style>\n<div class='flex_column av-3u6d417-a6d3f434f213fd7d2b63c985a9ba8cfa av_one_half  avia-builder-el-4  el_after_av_one_half  el_before_av_one_half  flex_column_div av-zero-column-padding column-top-margin'   ><section class=\"av_textblock_section \"  itemscope=\"itemscope\" itemtype=\"https:\/\/schema.org\/CreativeWork\" ><div class='avia_textblock  '   itemprop=\"text\" ><p class=\"hl-wawi\"><strong>Profitez de tous les avantages !<\/strong><\/p>\n<p>Notre connexion vous donne acc\u00e8s \u00e0 l&rsquo;ensemble de notre portefeuille de produits. L&rsquo;interface vous permet d&rsquo;optimiser d&rsquo;autres \u00e9tapes de votre travail quotidien, que ce soit dans la vente, la pr\u00e9paration des offres ou la pr\u00e9sentation du magasin. Un large \u00e9ventail d&rsquo;options d&rsquo;automatisation vous aide \u00e0 r\u00e9soudre efficacement les t\u00e2ches r\u00e9currentes. Cela vous donne la libert\u00e9 dont vous avez besoin pour des activit\u00e9s exigeantes et strat\u00e9giques.<\/p>\n<p>L&rsquo;\u00e9change de donn\u00e9es entre votre syst\u00e8me et notre gamme de produits peut \u00eatre enti\u00e8rement automatis\u00e9. Nous fournissons les donn\u00e9es sur les produits sous forme de flux de donn\u00e9es CSV ou XML par FTP ou par URL.<\/p>\n<p>Cela permet d&rsquo;\u00e9tablir des connexions directes avec divers syst\u00e8mes tels que les boutiques en ligne, la gestion des marchandises ou les places de march\u00e9 afin de mettre en \u0153uvre des connexions avec les fournisseurs.<\/p>\n<p>plentymarkets<br \/>\nMagento<br \/>\nShopware<br \/>\nVeloconnect<br \/>\nPriceminister<br \/>\nServices de r\u00e9\u00e9valuation des prix pour l&rsquo;optimisation automatique des prix<br \/>\nConnexion de tout syst\u00e8me via les outils du connecteur API (par exemple, pour toutes les connexions API, CSV ou XML).<\/p>\n<\/div><\/section><\/div>\n<style type=\"text\/css\" id=\"style-css-av-1azttd7-8d290d0f63a478e7fef4c53484856741\">\n#top .flex_column.av-1azttd7-8d290d0f63a478e7fef4c53484856741{\nborder-radius:0px;\n-webkit-border-radius:0px;\n-moz-border-radius:0px;\npadding:0px;\n}\n<\/style>\n<div class='flex_column av-1azttd7-8d290d0f63a478e7fef4c53484856741 av_one_half  avia-builder-el-6  el_after_av_one_half  el_before_av_one_half  first flex_column_div av-zero-column-padding column-top-margin'   ><section class=\"av_textblock_section \"  itemscope=\"itemscope\" itemtype=\"https:\/\/schema.org\/CreativeWork\" ><div class='avia_textblock  '   itemprop=\"text\" ><p class=\"display-4\"><strong>Avons-nous suscit\u00e9 votre int\u00e9r\u00eat ?<\/strong><\/p>\n<p>Inscrivez-vous d\u00e8s maintenant et gratuitement. Utilisez gratuitement toutes les interfaces et fonctions disponibles.<\/p>\n<\/div><\/section><\/div>\n<style type=\"text\/css\" id=\"style-css-av-mp81pn-c09501cdc96b2638634489734cab2388\">\n#top .flex_column.av-mp81pn-c09501cdc96b2638634489734cab2388{\nborder-radius:0px;\n-webkit-border-radius:0px;\n-moz-border-radius:0px;\npadding:0px;\n}\n<\/style>\n<div class='flex_column av-mp81pn-c09501cdc96b2638634489734cab2388 av_one_half  avia-builder-el-8  el_after_av_one_half  el_before_av_one_full  flex_column_div av-zero-column-padding column-top-margin'   ><\/div><\/p>\n\n<style type=\"text\/css\" id=\"style-css-av-2w92mtn-d0ad08941405190dd19c32dc9e2c65ec\">\n#top .flex_column.av-2w92mtn-d0ad08941405190dd19c32dc9e2c65ec{\nborder-radius:0px;\n-webkit-border-radius:0px;\n-moz-border-radius:0px;\npadding:0px;\n}\n<\/style>\n<div class='flex_column av-2w92mtn-d0ad08941405190dd19c32dc9e2c65ec av_one_full  avia-builder-el-9  el_after_av_one_half  el_before_av_one_full  first flex_column_div av-zero-column-padding column-top-margin'   ><form action=\"https:\/\/hikitec.de\/fr\/connexion-au-magasin\/\" method=\"post\"  class=\"avia_ajax_form av-form-labels-visible   avia-builder-el-10  avia-builder-el-no-sibling   \" data-avia-form-id=\"1\" data-avia-redirect='' ><fieldset><p class='  first_form  form_element form_fullwidth' id='element_avia_1_1'><label for=\"avia_1_1\">Nom <abbr class=\"required\" title=\"requis(e)\">*<\/abbr><\/label> <input name=\"avia_1_1\" class=\"text_input is_empty\" type=\"text\" id=\"avia_1_1\" value=\"\" \/><\/p><p class='  first_form  form_element form_fullwidth' id='element_avia_2_1'><label for=\"avia_2_1\">Courriel : <abbr class=\"required\" title=\"requis(e)\">*<\/abbr><\/label> <input name=\"avia_2_1\" class=\"text_input is_email\" type=\"text\" id=\"avia_2_1\" value=\"\" \/><\/p><div id='avia_3_1' class='av-form-text'><p>\nConnexion au magasin<\/p>\n<\/div><p class='  first_form  form_element form_fullwidth' id='element_avia_4_1'><label for=\"avia_4_1\" class=\"textare_label hidden textare_label_avia_4_1\">Message <abbr class=\"required\" title=\"requis(e)\">*<\/abbr><\/label><textarea  name=\"avia_4_1\" class=\"text_area is_empty\" cols=\"40\" rows=\"7\" id=\"avia_4_1\" ><\/textarea><\/p><p class=\"hidden\"><input type=\"text\" name=\"avia_5_1\" class=\"hidden \" id=\"avia_5_1\" value=\"\" \/><\/p><p class='   form_element form_fullwidth' id='element_avia_6_1'><span class='value_verifier_label'>2 + 5 = ?<\/span><input name=\"avia_6_1_verifier\" type=\"hidden\" id=\"avia_6_1_verifier\" value=\"317571744\"\/><label for=\"avia_6_1\">Merci de prouver que vous \u00eates un humain en donnant le r\u00e9sultat de cette op\u00e9ration <abbr class=\"required\" title=\"requis(e)\">*<\/abbr><\/label><input name=\"avia_6_1\" class=\"text_input captcha\" type=\"text\" id=\"avia_6_1\" value=\"\"\/><\/p><p class=\"form_element \"><input type=\"hidden\" value=\"1\" name=\"avia_generated_form1\" \/><input type=\"submit\" value=\"Senden\" class=\"button\"  data-sending-label=\"Envoi\"\/><\/p><\/fieldset><\/form><div id=\"ajaxresponse_1\" class=\"ajaxresponse ajaxresponse_1 hidden\"><\/div><\/div>\n\n<style type=\"text\/css\" id=\"style-css-av-p411pn-f626285fd8ce9d12826db4fe914e8ba8\">\n#top .flex_column.av-p411pn-f626285fd8ce9d12826db4fe914e8ba8{\nborder-radius:0px;\n-webkit-border-radius:0px;\n-moz-border-radius:0px;\npadding:0px;\n}\n<\/style>\n<div class='flex_column av-p411pn-f626285fd8ce9d12826db4fe914e8ba8 av_one_full  avia-builder-el-11  el_after_av_one_full  avia-builder-el-last  first flex_column_div av-zero-column-padding column-top-margin'   ><section class=\"av_textblock_section \"  itemscope=\"itemscope\" itemtype=\"https:\/\/schema.org\/CreativeWork\" ><div class='avia_textblock  '   itemprop=\"text\" ><input type=\"button\" value=\"Dos\" class=\"alg_back_button_input \" style=\"\" onclick=\"window.history.back()\" \/>\n<\/div><\/section><\/div>\n","protected":false},"excerpt":{"rendered":"","protected":false},"author":2,"featured_media":0,"parent":0,"menu_order":0,"comment_status":"closed","ping_status":"closed","template":"","meta":{"footnotes":""},"class_list":["post-129108","page","type-page","status-publish","hentry"],"_links":{"self":[{"href":"https:\/\/hikitec.de\/fr\/wp-json\/wp\/v2\/pages\/129108","targetHints":{"allow":["GET"]}}],"collection":[{"href":"https:\/\/hikitec.de\/fr\/wp-json\/wp\/v2\/pages"}],"about":[{"href":"https:\/\/hikitec.de\/fr\/wp-json\/wp\/v2\/types\/page"}],"author":[{"embeddable":true,"href":"https:\/\/hikitec.de\/fr\/wp-json\/wp\/v2\/users\/2"}],"replies":[{"embeddable":true,"href":"https:\/\/hikitec.de\/fr\/wp-json\/wp\/v2\/comments?post=129108"}],"version-history":[{"count":10,"href":"https:\/\/hikitec.de\/fr\/wp-json\/wp\/v2\/pages\/129108\/revisions"}],"predecessor-version":[{"id":129118,"href":"https:\/\/hikitec.de\/fr\/wp-json\/wp\/v2\/pages\/129108\/revisions\/129118"}],"wp:attachment":[{"href":"https:\/\/hikitec.de\/fr\/wp-json\/wp\/v2\/media?parent=129108"}],"curies":[{"name":"wp","href":"https:\/\/api.w.org\/{rel}","templated":true}]}}