{"id":159365,"date":"2021-05-06T16:44:46","date_gmt":"2021-05-06T14:44:46","guid":{"rendered":"https:\/\/hikitec.de\/evolution-des-prix\/"},"modified":"2021-05-06T16:44:50","modified_gmt":"2021-05-06T14:44:50","slug":"evolution-des-prix","status":"publish","type":"page","link":"https:\/\/hikitec.de\/fr\/evolution-des-prix\/","title":{"rendered":"\u00c9volution des prix"},"content":{"rendered":"\n<style type=\"text\/css\" id=\"style-css-av-av_one_full-53b0b300fb3685750664fb085c5ad19d\">\n#top .flex_column.av-av_one_full-53b0b300fb3685750664fb085c5ad19d{\nborder-radius:0px;\n-webkit-border-radius:0px;\n-moz-border-radius:0px;\npadding:0px;\n}\n<\/style>\n<div class='flex_column av-av_one_full-53b0b300fb3685750664fb085c5ad19d av_one_full  avia-builder-el-0  el_before_av_one_full  avia-builder-el-first  first flex_column_div av-zero-column-padding '   ><section class=\"av_textblock_section \"  itemscope=\"itemscope\" itemtype=\"https:\/\/schema.org\/CreativeWork\" ><div class='avia_textblock  '   itemprop=\"text\" ><p>Les cl\u00e9s USB et tous les produits dot\u00e9s d&rsquo;une m\u00e9moire flash se comportent de la m\u00eame mani\u00e8re que les prix des actions. La m\u00e9moire flash n&rsquo;a pas de prix unitaire fixe mais est n\u00e9goci\u00e9e quotidiennement. Ici, l&rsquo;offre et la demande d\u00e9terminent le prix quotidien actuel. Sur une plus longue p\u00e9riode, le prix de la m\u00e9moire flash affiche g\u00e9n\u00e9ralement une tendance \u00e0 la baisse. Toutefois, \u00e0 court terme, des augmentations ou des fluctuations de prix peuvent se produire en raison de p\u00e9nuries de mati\u00e8res premi\u00e8res ou d&rsquo;installations de stockage, ce qui est toujours possible.<\/p>\n<\/div><\/section><\/div>\n<style type=\"text\/css\" id=\"style-css-av-av_one_full-53b0b300fb3685750664fb085c5ad19d\">\n#top .flex_column.av-av_one_full-53b0b300fb3685750664fb085c5ad19d{\nborder-radius:0px;\n-webkit-border-radius:0px;\n-moz-border-radius:0px;\npadding:0px;\n}\n<\/style>\n<div class='flex_column av-av_one_full-53b0b300fb3685750664fb085c5ad19d av_one_full  avia-builder-el-2  el_after_av_one_full  avia-builder-el-last  first flex_column_div av-zero-column-padding column-top-margin'   ><section class=\"av_textblock_section \"  itemscope=\"itemscope\" itemtype=\"https:\/\/schema.org\/CreativeWork\" ><div class='avia_textblock  '   itemprop=\"text\" ><input type=\"button\" value=\"Dos\" class=\"alg_back_button_input \" style=\"\" onclick=\"window.history.back()\" \/>\n<\/div><\/section><\/div><\/p>\n","protected":false},"excerpt":{"rendered":"","protected":false},"author":2,"featured_media":0,"parent":0,"menu_order":0,"comment_status":"closed","ping_status":"closed","template":"","meta":{"footnotes":""},"class_list":["post-159365","page","type-page","status-publish","hentry"],"_links":{"self":[{"href":"https:\/\/hikitec.de\/fr\/wp-json\/wp\/v2\/pages\/159365","targetHints":{"allow":["GET"]}}],"collection":[{"href":"https:\/\/hikitec.de\/fr\/wp-json\/wp\/v2\/pages"}],"about":[{"href":"https:\/\/hikitec.de\/fr\/wp-json\/wp\/v2\/types\/page"}],"author":[{"embeddable":true,"href":"https:\/\/hikitec.de\/fr\/wp-json\/wp\/v2\/users\/2"}],"replies":[{"embeddable":true,"href":"https:\/\/hikitec.de\/fr\/wp-json\/wp\/v2\/comments?post=159365"}],"version-history":[{"count":5,"href":"https:\/\/hikitec.de\/fr\/wp-json\/wp\/v2\/pages\/159365\/revisions"}],"predecessor-version":[{"id":159370,"href":"https:\/\/hikitec.de\/fr\/wp-json\/wp\/v2\/pages\/159365\/revisions\/159370"}],"wp:attachment":[{"href":"https:\/\/hikitec.de\/fr\/wp-json\/wp\/v2\/media?parent=159365"}],"curies":[{"name":"wp","href":"https:\/\/api.w.org\/{rel}","templated":true}]}}