{"id":159572,"date":"2021-05-07T09:20:50","date_gmt":"2021-05-07T07:20:50","guid":{"rendered":"https:\/\/hikitec.de\/exchange\/"},"modified":"2021-05-07T09:21:25","modified_gmt":"2021-05-07T07:21:25","slug":"exchange","status":"publish","type":"page","link":"https:\/\/hikitec.de\/fr\/exchange\/","title":{"rendered":"Exchange"},"content":{"rendered":"<section class=\"av_textblock_section \"  itemscope=\"itemscope\" itemtype=\"https:\/\/schema.org\/CreativeWork\" ><div class='avia_textblock  '   itemprop=\"text\" ><p><strong>Puis-je \u00e9changer des marchandises ?<\/strong><\/p>\n<\/div><\/section>\n<section class=\"av_textblock_section \"  itemscope=\"itemscope\" itemtype=\"https:\/\/schema.org\/CreativeWork\" ><div class='avia_textblock  '   itemprop=\"text\" ><p>En principe, les produits raffin\u00e9s ainsi que toutes les commandes des entreprises ne sont pas \u00e9changeables. Lorsque vous passez une commande incluant la finition, vous recevez un aper\u00e7u num\u00e9rique de notre part avant que nous envoyions vos articles \u00e0 l&rsquo;impression. Ce n&rsquo;est qu&rsquo;une fois que vous les avez approuv\u00e9s que nous commen\u00e7ons la production proprement dite. Au final, vous obtenez exactement l&rsquo;article promotionnel que vous aviez imagin\u00e9. Bien entendu, vous avez \u00e9galement la possibilit\u00e9 de commander un \u00e9chantillon \u00e0 l&rsquo;avance. Vous trouverez des informations d\u00e9taill\u00e9es sur le droit de r\u00e9tractation dans nos <a href=\"https:\/\/hikitec.de\/agb\/?lang=fr\">conditions g\u00e9n\u00e9rales.<\/a><\/p>\n<\/div><\/section>\n<section class=\"av_textblock_section \"  itemscope=\"itemscope\" itemtype=\"https:\/\/schema.org\/CreativeWork\" ><div class='avia_textblock  '   itemprop=\"text\" ><input type=\"button\" value=\"Dos\" class=\"alg_back_button_input \" style=\"\" onclick=\"window.history.back()\" \/>\n<\/div><\/section>\n","protected":false},"excerpt":{"rendered":"","protected":false},"author":2,"featured_media":0,"parent":0,"menu_order":0,"comment_status":"closed","ping_status":"closed","template":"","meta":{"footnotes":""},"class_list":["post-159572","page","type-page","status-publish","hentry"],"_links":{"self":[{"href":"https:\/\/hikitec.de\/fr\/wp-json\/wp\/v2\/pages\/159572","targetHints":{"allow":["GET"]}}],"collection":[{"href":"https:\/\/hikitec.de\/fr\/wp-json\/wp\/v2\/pages"}],"about":[{"href":"https:\/\/hikitec.de\/fr\/wp-json\/wp\/v2\/types\/page"}],"author":[{"embeddable":true,"href":"https:\/\/hikitec.de\/fr\/wp-json\/wp\/v2\/users\/2"}],"replies":[{"embeddable":true,"href":"https:\/\/hikitec.de\/fr\/wp-json\/wp\/v2\/comments?post=159572"}],"version-history":[{"count":7,"href":"https:\/\/hikitec.de\/fr\/wp-json\/wp\/v2\/pages\/159572\/revisions"}],"predecessor-version":[{"id":159579,"href":"https:\/\/hikitec.de\/fr\/wp-json\/wp\/v2\/pages\/159572\/revisions\/159579"}],"wp:attachment":[{"href":"https:\/\/hikitec.de\/fr\/wp-json\/wp\/v2\/media?parent=159572"}],"curies":[{"name":"wp","href":"https:\/\/api.w.org\/{rel}","templated":true}]}}