{"id":159614,"date":"2021-05-07T10:06:36","date_gmt":"2021-05-07T08:06:36","guid":{"rendered":"https:\/\/hikitec.de\/usb-2-0-vs-3-0\/"},"modified":"2021-05-07T10:06:37","modified_gmt":"2021-05-07T08:06:37","slug":"usb-2-0-vs-3-0","status":"publish","type":"page","link":"https:\/\/hikitec.de\/fr\/usb-2-0-vs-3-0\/","title":{"rendered":"USB 2.0 vs 3.0"},"content":{"rendered":"<section class=\"av_textblock_section \"  itemscope=\"itemscope\" itemtype=\"https:\/\/schema.org\/CreativeWork\" ><div class='avia_textblock  '   itemprop=\"text\" ><p><strong>USB 2.0 vs. 3.0 &#8211; quelle est la diff\u00e9rence ?<\/strong><\/p>\n<p>Une diff\u00e9rence entre l&rsquo;USB 2.0 et l&rsquo;USB 3.x0 est que le premier utilise la m\u00e9thode semi-duplex. Cela signifie que les donn\u00e9es ne peuvent \u00eatre transmises que dans une seule direction \u00e0 la fois.<br \/>\nCependant, la norme USB 3.x conna\u00eet le transfert de donn\u00e9es dans les deux sens. 3.x offre \u00e9galement un avantage significatif en termes de vitesse. Si vous regardez de plus pr\u00e8s l&rsquo;USB 2.0 vs. 3.x,<br \/>\nremarquera que la vitesse de transfert de l&rsquo;USB 3.x, techniquement plus moderne, est dix fois sup\u00e9rieure \u00e0 celle de l&rsquo;USB 2.0.<\/p>\n<p><strong>USB 2.0:<\/strong><\/p>\n<p>Les appareils 2.0 peuvent \u00eatre connect\u00e9s \u00e0 un port USB 3.x et augmenter au moins l\u00e9g\u00e8rement la vitesse de transfert.<\/p>\n<p>La sp\u00e9cification USB 2.0 a \u00e9t\u00e9 introduite en 2000 et est maintenant la plus utilis\u00e9e dans les syst\u00e8mes informatiques modernes.<br \/>\nLe taux de transfert est compris entre 3 et 10 Mo\/s pour la vitesse d&rsquo;\u00e9criture et entre 10 et 25 Mo\/s pour la vitesse de lecture.<\/p>\n<p><strong>USB 3.x:<\/strong><\/p>\n<p>Les appareils avec USB 3.x fonctionnent \u00e9galement sur un port USB 2.0, mais les avantages de l&rsquo;USB 3.x ne peuvent pas \u00eatre utilis\u00e9s ici.<\/p>\n<p>Si le port USB \u00e0 l&rsquo;int\u00e9rieur est bleu, il s&rsquo;agit d&rsquo;un port USB 3.x. il y a deux fils pour le signal et la ligne d&rsquo;alimentation, ainsi que deux autres paires de fils de signal et une paire de fils d&rsquo;alimentation.<br \/>\nConnexion suppl\u00e9mentaire \u00e0 la terre. Longueur de c\u00e2ble max. Trois m\u00e8tres.<br \/>\nIl y a souvent une petite marque \u00e0 c\u00f4t\u00e9 des connexions. La d\u00e9signation \u00ab\u00a0SS\u00a0\u00bb (Superspeed) ou \u00ab\u00a03.x\u00a0\u00bb indique un port USB 3.x.<br \/>\nOuvrez le gestionnaire de p\u00e9riph\u00e9riques, vous trouverez tous les ports USB dans la cat\u00e9gorie \u00ab\u00a0Contr\u00f4leurs USB\u00a0\u00bb. Si vous voyez le terme \u00ab\u00a0USB 3.x\u00a0\u00bb ici, un tel port est certainement pr\u00e9sent.<\/p>\n<p>Le taux de transfert est compris entre 10 et 45 Mo\/s pour la vitesse d&rsquo;\u00e9criture et entre 60 et 150 Mo\/s pour la vitesse de lecture.<\/p>\n<p><strong>USB 2.0:<\/strong><br \/>\nVitesse d&rsquo;\u00e9criture s\u00e9quentielle de l&rsquo;ordre de 3~10 MB\/s<br \/>\nVitesse de lecture s\u00e9quentielle de l&rsquo;ordre de 10~25 MB\/s<\/p>\n<p><strong>USB 3.x:<\/strong><br \/>\nVitesse d&rsquo;\u00e9criture s\u00e9quentielle comprise entre 10 et 45 Mo\/s.<br \/>\nVitesse de lecture s\u00e9quentielle comprise entre 60 et 150 Mo\/s.<\/p>\n<p>Ces vitesses de lecture et d&rsquo;\u00e9criture sont donn\u00e9es \u00e0 titre indicatif.<\/p>\n<\/div><\/section>\n<section class=\"av_textblock_section \"  itemscope=\"itemscope\" itemtype=\"https:\/\/schema.org\/CreativeWork\" ><div class='avia_textblock  '   itemprop=\"text\" ><input type=\"button\" value=\"Dos\" class=\"alg_back_button_input \" style=\"\" onclick=\"window.history.back()\" \/>\n<\/div><\/section>\n","protected":false},"excerpt":{"rendered":"","protected":false},"author":2,"featured_media":0,"parent":0,"menu_order":0,"comment_status":"closed","ping_status":"closed","template":"","meta":{"footnotes":""},"class_list":["post-159614","page","type-page","status-publish","hentry"],"_links":{"self":[{"href":"https:\/\/hikitec.de\/fr\/wp-json\/wp\/v2\/pages\/159614","targetHints":{"allow":["GET"]}}],"collection":[{"href":"https:\/\/hikitec.de\/fr\/wp-json\/wp\/v2\/pages"}],"about":[{"href":"https:\/\/hikitec.de\/fr\/wp-json\/wp\/v2\/types\/page"}],"author":[{"embeddable":true,"href":"https:\/\/hikitec.de\/fr\/wp-json\/wp\/v2\/users\/2"}],"replies":[{"embeddable":true,"href":"https:\/\/hikitec.de\/fr\/wp-json\/wp\/v2\/comments?post=159614"}],"version-history":[{"count":5,"href":"https:\/\/hikitec.de\/fr\/wp-json\/wp\/v2\/pages\/159614\/revisions"}],"predecessor-version":[{"id":159619,"href":"https:\/\/hikitec.de\/fr\/wp-json\/wp\/v2\/pages\/159614\/revisions\/159619"}],"wp:attachment":[{"href":"https:\/\/hikitec.de\/fr\/wp-json\/wp\/v2\/media?parent=159614"}],"curies":[{"name":"wp","href":"https:\/\/api.w.org\/{rel}","templated":true}]}}