{"id":159661,"date":"2021-05-07T11:37:57","date_gmt":"2021-05-07T09:37:57","guid":{"rendered":"https:\/\/hikitec.de\/cles-usb-en-pla\/"},"modified":"2021-05-07T11:38:39","modified_gmt":"2021-05-07T09:38:39","slug":"cles-usb-en-pla","status":"publish","type":"page","link":"https:\/\/hikitec.de\/fr\/cles-usb-en-pla\/","title":{"rendered":"Cl\u00e9s USB en PLA"},"content":{"rendered":"\n<style type=\"text\/css\" id=\"style-css-av-av_one_full-1df1b63c6c045939f2dc1aefbdd8e7ad\">\n#top .flex_column.av-av_one_full-1df1b63c6c045939f2dc1aefbdd8e7ad{\nborder-radius:0px;\n-webkit-border-radius:0px;\n-moz-border-radius:0px;\npadding:0px;\n}\n<\/style>\n<div class='flex_column av-av_one_full-1df1b63c6c045939f2dc1aefbdd8e7ad av_one_full  avia-builder-el-0  el_before_av_one_full  avia-builder-el-first  first flex_column_div av-zero-column-padding '   ><p><section class=\"av_textblock_section \"  itemscope=\"itemscope\" itemtype=\"https:\/\/schema.org\/CreativeWork\" ><div class='avia_textblock  '   itemprop=\"text\" ><p>Voici un aper\u00e7u des <strong>cl\u00e9s USB en PLA.<\/strong><\/p>\n<\/div><\/section><br \/>\n<section class=\"av_textblock_section \"  itemscope=\"itemscope\" itemtype=\"https:\/\/schema.org\/CreativeWork\" ><div class='avia_textblock  '   itemprop=\"text\" ><p><strong>Durable en effet &#8211; Des cl\u00e9s USB en PLA<\/strong><\/p>\n<p>L&rsquo;\u00e9cologie et les objets promotionnels s&rsquo;unissent ici sous la forme de v\u00e9ritables classiques de la cl\u00e9 USB. Les c\u00e9l\u00e8bres cl\u00e9s USB ont un nouveau look et sont fabriqu\u00e9es en plastique PLA respectueux de l&rsquo;environnement. Le mat\u00e9riau est bas\u00e9 sur le polylactide, ou PLA en abr\u00e9g\u00e9 (du mot anglais \u00ab\u00a0polylactic acid\u00a0\u00bb). Il s&rsquo;agit d&rsquo;un biopolym\u00e8re biod\u00e9gradable obtenu \u00e0 partir de mati\u00e8res premi\u00e8res renouvelables (comme l&rsquo;amidon de ma\u00efs). Ce plastique est compostable. Dot\u00e9 d&rsquo;une m\u00e9moire de haute qualit\u00e9 &#8211; ce qui rend le produit USB d&rsquo;autant plus durable &#8211; un cadeau promotionnel durable et \u00e9cologique qui peut \u00eatre utilis\u00e9 dans tous les secteurs. Leur sensibilit\u00e9 aux personnes et \u00e0 l&rsquo;environnement ne manquera pas de plaire \u00e0 leurs partenaires commerciaux et \u00e0 leurs clients.<\/p>\n<p><strong>Qu&rsquo;est-ce que le PLA exactement ?<\/strong><\/p>\n<p>Le mat\u00e9riau est bas\u00e9 sur le polylactide ou simplement PLA (du mot anglais \u00ab\u00a0polylactic acid\u00a0\u00bb). Il s&rsquo;agit d&rsquo;un biopolym\u00e8re biod\u00e9gradable obtenu \u00e0 partir de mati\u00e8res premi\u00e8res renouvelables (comme l&rsquo;amidon de ma\u00efs).<\/p>\n<p>Le mat\u00e9riau est de couleur noisette, avec un effet de m\u00e9lange sp\u00e9cial. Outre l&rsquo;esth\u00e9tique, la force de cette cl\u00e9 USB r\u00e9side dans le fait qu&rsquo;elle donne une nouvelle vie au plastique recycl\u00e9 et qu&rsquo;elle est \u00e9cologique.<\/p>\n<p><strong>Comment puis-je \u00e9liminer l&rsquo;APL ?<\/strong><\/p>\n<p>Ce qui, dans un certain laps de temps et dans certaines conditions environnementales (temp\u00e9rature, humidit\u00e9, etc.), gr\u00e2ce \u00e0 l&rsquo;action de micro-organismes ou de champignons, peut ajouter jusqu&rsquo;\u00e0 90% en eau, CO2 et biomasse. Cela signifie que les produits biod\u00e9gradables, tels que ceux fabriqu\u00e9s \u00e0 partir de PLA, l&#8217;emportent haut la main sur les plastiques d\u00e9riv\u00e9s du p\u00e9trole.<\/p>\n<p><strong>Gibt es PLA auch in anderen Farben?<\/strong><\/p>\n<p>La cl\u00e9 USB en bioplastique est uniquement disponible dans la couleur indiqu\u00e9e.<\/p>\n<p><strong>La m\u00e9moire est-elle diff\u00e9rente de celle d&rsquo;une cl\u00e9 USB standard ?<\/strong><\/p>\n<p>Cette cl\u00e9 USB est livr\u00e9e avec une m\u00e9moire de marque de haute qualit\u00e9. Il est \u00e9galement possible d&rsquo;installer une m\u00e9moire haute vitesse, qui assure un transfert de donn\u00e9es plus rapide et est con\u00e7ue pour des exigences plus \u00e9lev\u00e9es.<\/p>\n<p><strong>L&rsquo;APL est-il durable ?<\/strong><\/p>\n<p>Les avantages des produits promotionnels durables ne peuvent \u00eatre sous-estim\u00e9s en ces temps de changement climatique et de forte pollution environnementale. Les articles promotionnels \u00e9cologiques contribuent \u00e0 pr\u00e9server les ressources pr\u00e9cieuses, \u00e0 \u00e9viter les d\u00e9chets inutiles et \u00e0 sensibiliser les gens \u00e0 l&rsquo;environnement. Les cadeaux promotionnels durables sont synonymes de normes \u00e9lev\u00e9es de qualit\u00e9 et de protection de l&rsquo;environnement.<\/p>\n<p><strong>Y a-t-il des inconv\u00e9nients \u00e0 la PLA ?<\/strong><\/p>\n<p>Comme pour beaucoup d&rsquo;autres choses dans la vie, l&rsquo;adage s&rsquo;applique au PLA : tout ce qui brille n&rsquo;est pas or. Bien que le PLA soit biod\u00e9gradable, il ne peut \u00eatre d\u00e9compos\u00e9 que dans des installations industrielles de compostage. Le compostage domestique n&rsquo;est pas envisageable ici, car les conditions climatiques ne sont pas propices \u00e0 la d\u00e9composition des produits PLA.<\/p>\n<\/div><\/section><\/p><\/div>\n<style type=\"text\/css\" id=\"style-css-av-1bqdomn-117d9e12c77649c6392962780ea5ce3b\">\n#top .flex_column.av-1bqdomn-117d9e12c77649c6392962780ea5ce3b{\nborder-radius:0px;\n-webkit-border-radius:0px;\n-moz-border-radius:0px;\npadding:0px;\n}\n<\/style>\n<div class='flex_column av-1bqdomn-117d9e12c77649c6392962780ea5ce3b av_one_full  avia-builder-el-3  el_after_av_one_full  el_before_av_one_full  first flex_column_div av-zero-column-padding column-top-margin'   ><div  id=\"av-sc-portfolio-1\"  class=\"av-portfolio-grid-sorting-container\"><div class='sort_width_container  av-sort-yes' data-portfolio-id='1' ><div id='js_sort_items' ><div class='sort_by_cat hidden '><a href=\"#\" data-filter=\"all_sort\" class=\"all_sort_button active_sort\"><span class=\"inner_sort_button\"><span>Tout<\/span><small class=\"av-cat-count\"> 7 <\/small><\/span><\/a><span class='text-sep serie-rec-fr_sort_sep'>\/<\/span><a href=\"#\" data-filter=\"serie-rec-fr_sort\" class=\"serie-rec-fr_sort_button\" ><span class=\"inner_sort_button\"><span>Serie REC<\/span><small class='av-cat-count'> 7 <\/small><\/span><\/a><\/div><\/div><\/div><div  class=' grid-sort-container isotope   no_margin-container with-excerpt-container grid-total-odd grid-col-4 grid-links-' data-portfolio-id='1'><div data-ajax-id='516652' class=' grid-entry flex_column isotope-item all_sort no_margin post-entry post-entry-516652 grid-entry-overview grid-loop-1 grid-parity-odd  cles-usb_sort serie-cc-fr_sort serie-rec-fr_sort  av_one_fourth first default_av_fullwidth '><article class='main_color inner-entry'  itemscope=\"itemscope\" itemtype=\"https:\/\/schema.org\/CreativeWork\" ><a href=\"https:\/\/hikitec.de\/fr\/portefeuille\/20018\/\" title='CC11R USB-Sticks'  data-rel='grid-1' class='grid-image avia-hover-fx'> <img decoding=\"async\" width=\"260\" height=\"185\" src=\"https:\/\/hikitec.de\/wp-content\/uploads\/20018-00-00000_01-260x185.jpg\" class=\"wp-image-721408 avia-img-lazy-loading-not-721408 attachment-portfolio_small size-portfolio_small wp-post-image\" alt=\"\" \/><\/a><div class='grid-content'><div class='avia-arrow'><\/div><header class=\"entry-content-header\"><h3 class='grid-entry-title entry-title '  itemprop=\"headline\" ><a href='https:\/\/hikitec.de\/fr\/portefeuille\/20018\/' title='CC11R USB-Sticks'>CC11R USB-Sticks<\/a><\/h3><\/header><\/div><footer class=\"entry-footer\"><\/footer><\/article><\/div><div data-ajax-id='516673' class=' grid-entry flex_column isotope-item all_sort no_margin post-entry post-entry-516673 grid-entry-overview grid-loop-2 grid-parity-even  cles-usb_sort serie-cc-fr_sort serie-rec-fr_sort  av_one_fourth  default_av_fullwidth '><article class='main_color inner-entry'  itemscope=\"itemscope\" itemtype=\"https:\/\/schema.org\/CreativeWork\" ><a href=\"https:\/\/hikitec.de\/fr\/portefeuille\/20020\/\" title='CC15R USB-Sticks'  data-rel='grid-1' class='grid-image avia-hover-fx'> <img decoding=\"async\" width=\"260\" height=\"185\" src=\"https:\/\/hikitec.de\/wp-content\/uploads\/20020-00-00000_01-29-260x185.jpg\" class=\"wp-image-721551 avia-img-lazy-loading-not-721551 attachment-portfolio_small size-portfolio_small wp-post-image\" alt=\"\" \/><\/a><div class='grid-content'><div class='avia-arrow'><\/div><header class=\"entry-content-header\"><h3 class='grid-entry-title entry-title '  itemprop=\"headline\" ><a href='https:\/\/hikitec.de\/fr\/portefeuille\/20020\/' title='CC15R USB-Sticks'>CC15R USB-Sticks<\/a><\/h3><\/header><\/div><footer class=\"entry-footer\"><\/footer><\/article><\/div><div data-ajax-id='516604' class=' grid-entry flex_column isotope-item all_sort no_margin post-entry post-entry-516604 grid-entry-overview grid-loop-3 grid-parity-odd  cles-usb_sort serie-cc-fr_sort serie-rec-fr_sort  av_one_fourth  default_av_fullwidth '><article class='main_color inner-entry'  itemscope=\"itemscope\" itemtype=\"https:\/\/schema.org\/CreativeWork\" ><a href=\"https:\/\/hikitec.de\/fr\/portefeuille\/20219\/\" title='CC01R USB-Sticks'  data-rel='grid-1' class='grid-image avia-hover-fx'> <img decoding=\"async\" width=\"260\" height=\"185\" src=\"https:\/\/hikitec.de\/wp-content\/uploads\/20219-00-00000_01-7-260x185.jpg\" class=\"wp-image-721079 avia-img-lazy-loading-not-721079 attachment-portfolio_small size-portfolio_small wp-post-image\" alt=\"\" \/><\/a><div class='grid-content'><div class='avia-arrow'><\/div><header class=\"entry-content-header\"><h3 class='grid-entry-title entry-title '  itemprop=\"headline\" ><a href='https:\/\/hikitec.de\/fr\/portefeuille\/20219\/' title='CC01R USB-Sticks'>CC01R USB-Sticks<\/a><\/h3><\/header><\/div><footer class=\"entry-footer\"><\/footer><\/article><\/div><div data-ajax-id='516133' class=' grid-entry flex_column isotope-item all_sort no_margin post-entry post-entry-516133 grid-entry-overview grid-loop-4 grid-parity-even  cles-usb_sort serie-rec-fr_sort serie-st-fr_sort  av_one_fourth  default_av_fullwidth '><article class='main_color inner-entry'  itemscope=\"itemscope\" itemtype=\"https:\/\/schema.org\/CreativeWork\" ><a href=\"https:\/\/hikitec.de\/fr\/portefeuille\/20165\/\" title='ST33R USB-Sticks'  data-rel='grid-1' class='grid-image avia-hover-fx'> <img decoding=\"async\" width=\"260\" height=\"185\" src=\"https:\/\/hikitec.de\/wp-content\/uploads\/20165-00-00000_01-31-260x185.jpg\" class=\"wp-image-718696 avia-img-lazy-loading-not-718696 attachment-portfolio_small size-portfolio_small wp-post-image\" alt=\"\" \/><\/a><div class='grid-content'><div class='avia-arrow'><\/div><header class=\"entry-content-header\"><h3 class='grid-entry-title entry-title '  itemprop=\"headline\" ><a href='https:\/\/hikitec.de\/fr\/portefeuille\/20165\/' title='ST33R USB-Sticks'>ST33R USB-Sticks<\/a><\/h3><\/header><\/div><footer class=\"entry-footer\"><\/footer><\/article><\/div><div data-ajax-id='516103' class=' grid-entry flex_column isotope-item all_sort no_margin post-entry post-entry-516103 grid-entry-overview grid-loop-5 grid-parity-odd  cles-usb_sort serie-rec-fr_sort serie-st-fr_sort  av_one_fourth first default_av_fullwidth '><article class='main_color inner-entry'  itemscope=\"itemscope\" itemtype=\"https:\/\/schema.org\/CreativeWork\" ><a href=\"https:\/\/hikitec.de\/fr\/portefeuille\/20162\/\" title='ST32R USB-Sticks'  data-rel='grid-1' class='grid-image avia-hover-fx'> <img decoding=\"async\" width=\"260\" height=\"185\" src=\"https:\/\/hikitec.de\/wp-content\/uploads\/20162-00-00000_01-15-260x185.jpg\" class=\"wp-image-718651 avia-img-lazy-loading-not-718651 attachment-portfolio_small size-portfolio_small wp-post-image\" alt=\"\" \/><\/a><div class='grid-content'><div class='avia-arrow'><\/div><header class=\"entry-content-header\"><h3 class='grid-entry-title entry-title '  itemprop=\"headline\" ><a href='https:\/\/hikitec.de\/fr\/portefeuille\/20162\/' title='ST32R USB-Sticks'>ST32R USB-Sticks<\/a><\/h3><\/header><\/div><footer class=\"entry-footer\"><\/footer><\/article><\/div><div data-ajax-id='515974' class=' grid-entry flex_column isotope-item all_sort no_margin post-entry post-entry-515974 grid-entry-overview grid-loop-6 grid-parity-even  cles-usb_sort serie-rec-fr_sort serie-st-fr_sort  av_one_fourth  default_av_fullwidth '><article class='main_color inner-entry'  itemscope=\"itemscope\" itemtype=\"https:\/\/schema.org\/CreativeWork\" ><a href=\"https:\/\/hikitec.de\/fr\/portefeuille\/20149\/\" title='ST03R USB-Sticks'  data-rel='grid-1' class='grid-image avia-hover-fx'> <img decoding=\"async\" width=\"260\" height=\"185\" src=\"https:\/\/hikitec.de\/wp-content\/uploads\/20149-00-00000_01-33-260x185.jpg\" class=\"wp-image-718469 avia-img-lazy-loading-not-718469 attachment-portfolio_small size-portfolio_small wp-post-image\" alt=\"\" \/><\/a><div class='grid-content'><div class='avia-arrow'><\/div><header class=\"entry-content-header\"><h3 class='grid-entry-title entry-title '  itemprop=\"headline\" ><a href='https:\/\/hikitec.de\/fr\/portefeuille\/20149\/' title='ST03R USB-Sticks'>ST03R USB-Sticks<\/a><\/h3><\/header><\/div><footer class=\"entry-footer\"><\/footer><\/article><\/div><div data-ajax-id='515953' class=' grid-entry flex_column isotope-item all_sort no_margin post-entry post-entry-515953 grid-entry-overview grid-loop-7 grid-parity-odd  post-entry-last  cles-usb_sort serie-rec-fr_sort serie-st-fr_sort  av_one_fourth  default_av_fullwidth '><article class='main_color inner-entry'  itemscope=\"itemscope\" itemtype=\"https:\/\/schema.org\/CreativeWork\" ><a href=\"https:\/\/hikitec.de\/fr\/portefeuille\/20147\/\" title='ST01R USB-Sticks'  data-rel='grid-1' class='grid-image avia-hover-fx'> <img decoding=\"async\" width=\"260\" height=\"185\" src=\"https:\/\/hikitec.de\/wp-content\/uploads\/20147-00-00000_01-260x185.jpg\" class=\"wp-image-718438 avia-img-lazy-loading-not-718438 attachment-portfolio_small size-portfolio_small wp-post-image\" alt=\"\" \/><\/a><div class='grid-content'><div class='avia-arrow'><\/div><header class=\"entry-content-header\"><h3 class='grid-entry-title entry-title '  itemprop=\"headline\" ><a href='https:\/\/hikitec.de\/fr\/portefeuille\/20147\/' title='ST01R USB-Sticks'>ST01R USB-Sticks<\/a><\/h3><\/header><\/div><footer class=\"entry-footer\"><\/footer><\/article><\/div><\/div><\/div>   <!--   class=\"av-portfolio-grid-sorting-container\"  --><\/div><\/p>\n\n<style type=\"text\/css\" id=\"style-css-av-vemk8f-cc19c22eab13737441e41dc5a720b16d\">\n#top .flex_column.av-vemk8f-cc19c22eab13737441e41dc5a720b16d{\nborder-radius:0px;\n-webkit-border-radius:0px;\n-moz-border-radius:0px;\npadding:0px;\n}\n<\/style>\n<div class='flex_column av-vemk8f-cc19c22eab13737441e41dc5a720b16d av_one_full  avia-builder-el-5  el_after_av_one_full  el_before_av_one_full  first flex_column_div av-zero-column-padding column-top-margin'   ><section class=\"av_textblock_section \"  itemscope=\"itemscope\" itemtype=\"https:\/\/schema.org\/CreativeWork\" ><div class='avia_textblock  '   itemprop=\"text\" ><input type=\"button\" value=\"Dos\" class=\"alg_back_button_input \" style=\"\" onclick=\"window.history.back()\" \/>\n<\/div><\/section><\/div>\n\n<style type=\"text\/css\" id=\"style-css-av-av_one_full-1df1b63c6c045939f2dc1aefbdd8e7ad\">\n#top .flex_column.av-av_one_full-1df1b63c6c045939f2dc1aefbdd8e7ad{\nborder-radius:0px;\n-webkit-border-radius:0px;\n-moz-border-radius:0px;\npadding:0px;\n}\n<\/style>\n<div class='flex_column av-av_one_full-1df1b63c6c045939f2dc1aefbdd8e7ad av_one_full  avia-builder-el-7  el_after_av_one_full  avia-builder-el-last  first flex_column_div av-zero-column-padding column-top-margin'   ><\/div>\n","protected":false},"excerpt":{"rendered":"","protected":false},"author":2,"featured_media":0,"parent":0,"menu_order":0,"comment_status":"closed","ping_status":"closed","template":"","meta":{"footnotes":""},"class_list":["post-159661","page","type-page","status-publish","hentry"],"_links":{"self":[{"href":"https:\/\/hikitec.de\/fr\/wp-json\/wp\/v2\/pages\/159661","targetHints":{"allow":["GET"]}}],"collection":[{"href":"https:\/\/hikitec.de\/fr\/wp-json\/wp\/v2\/pages"}],"about":[{"href":"https:\/\/hikitec.de\/fr\/wp-json\/wp\/v2\/types\/page"}],"author":[{"embeddable":true,"href":"https:\/\/hikitec.de\/fr\/wp-json\/wp\/v2\/users\/2"}],"replies":[{"embeddable":true,"href":"https:\/\/hikitec.de\/fr\/wp-json\/wp\/v2\/comments?post=159661"}],"version-history":[{"count":5,"href":"https:\/\/hikitec.de\/fr\/wp-json\/wp\/v2\/pages\/159661\/revisions"}],"predecessor-version":[{"id":159672,"href":"https:\/\/hikitec.de\/fr\/wp-json\/wp\/v2\/pages\/159661\/revisions\/159672"}],"wp:attachment":[{"href":"https:\/\/hikitec.de\/fr\/wp-json\/wp\/v2\/media?parent=159661"}],"curies":[{"name":"wp","href":"https:\/\/api.w.org\/{rel}","templated":true}]}}