{"id":159838,"date":"2021-05-07T12:07:21","date_gmt":"2021-05-07T10:07:21","guid":{"rendered":"https:\/\/hikitec.de\/qualite-de-la-cle-usb\/"},"modified":"2021-05-07T12:07:21","modified_gmt":"2021-05-07T10:07:21","slug":"qualite-de-la-cle-usb","status":"publish","type":"page","link":"https:\/\/hikitec.de\/fr\/qualite-de-la-cle-usb\/","title":{"rendered":"Qualit\u00e9 de la cl\u00e9 USB"},"content":{"rendered":"\n<style type=\"text\/css\" id=\"style-css-av-3p2w78-24049acaa6a2e0701469b1ca0f45ebc2\">\n#top .flex_column.av-3p2w78-24049acaa6a2e0701469b1ca0f45ebc2{\nborder-radius:0px;\n-webkit-border-radius:0px;\n-moz-border-radius:0px;\npadding:0px;\n}\n<\/style>\n<div class='flex_column av-3p2w78-24049acaa6a2e0701469b1ca0f45ebc2 av_one_full  avia-builder-el-0  el_before_av_one_full  avia-builder-el-first  first flex_column_div av-zero-column-padding '   ><section class=\"av_textblock_section \"  itemscope=\"itemscope\" itemtype=\"https:\/\/schema.org\/CreativeWork\" ><div class='avia_textblock  '   itemprop=\"text\" ><p>HIKITEC GmbH n&rsquo;utilise que la qualit\u00e9 des marques. Les m\u00e9moires flash NAND de Micron, Hynix, Samsung, <em><span style=\"font-family: 'Calibri',sans-serif; font-style: normal;\">Toshiba<\/span><\/em>, Sandisk ou Intel, par exemple, sont utilis\u00e9es. \u00c9tant donn\u00e9 que les cl\u00e9s USB ne sont pas uniquement constitu\u00e9es d&rsquo;un dispositif de m\u00e9moire flash NAND, mais que le contr\u00f4leur USB est un autre composant cl\u00e9 pour garantir le d\u00e9ploiement r\u00e9ussi d&rsquo;une solution flash NAND bas\u00e9e sur USB, nous utilisons naturellement aussi des marques de qualit\u00e9 pour le contr\u00f4leur, telles que SMI, Chipsbank ou Alcor. Lorsque nous ex\u00e9cutons votre commande, nous s\u00e9lectionnons pour vous les composants de marque appropri\u00e9s, qui repr\u00e9sentent la meilleure combinaison pour votre <span class=\"hgkelc\"><b>rapport<\/b> <b>qualit\u00e9-prix\u00e0<\/b><\/span> ce moment-l\u00e0.<br \/>\nSi vous avez besoin de cl\u00e9s USB pour des besoins particuliers, il est imp\u00e9ratif que vous nous en informiez \u00e0 l&rsquo;avance avec votre demande. Dans le cas de d\u00e9fis particuliers, il peut \u00eatre judicieux de commander un \u00e9chantillon pr\u00e9liminaire pour le tester.<\/p>\n<\/div><\/section><\/div>\n<style type=\"text\/css\" id=\"style-css-av-o7ejhg-a231903f4c15badd27b1592e27b23bc3\">\n#top .flex_column.av-o7ejhg-a231903f4c15badd27b1592e27b23bc3{\nborder-radius:0px;\n-webkit-border-radius:0px;\n-moz-border-radius:0px;\npadding:0px;\n}\n<\/style>\n<div class='flex_column av-o7ejhg-a231903f4c15badd27b1592e27b23bc3 av_one_full  avia-builder-el-2  el_after_av_one_full  avia-builder-el-last  first flex_column_div av-zero-column-padding column-top-margin'   ><section class=\"av_textblock_section \"  itemscope=\"itemscope\" itemtype=\"https:\/\/schema.org\/CreativeWork\" ><div class='avia_textblock  '   itemprop=\"text\" ><input type=\"button\" value=\"Dos\" class=\"alg_back_button_input \" style=\"\" onclick=\"window.history.back()\" \/>\n<\/div><\/section><\/div><\/p>\n","protected":false},"excerpt":{"rendered":"","protected":false},"author":2,"featured_media":0,"parent":0,"menu_order":0,"comment_status":"closed","ping_status":"closed","template":"","meta":{"footnotes":""},"class_list":["post-159838","page","type-page","status-publish","hentry"],"_links":{"self":[{"href":"https:\/\/hikitec.de\/fr\/wp-json\/wp\/v2\/pages\/159838","targetHints":{"allow":["GET"]}}],"collection":[{"href":"https:\/\/hikitec.de\/fr\/wp-json\/wp\/v2\/pages"}],"about":[{"href":"https:\/\/hikitec.de\/fr\/wp-json\/wp\/v2\/types\/page"}],"author":[{"embeddable":true,"href":"https:\/\/hikitec.de\/fr\/wp-json\/wp\/v2\/users\/2"}],"replies":[{"embeddable":true,"href":"https:\/\/hikitec.de\/fr\/wp-json\/wp\/v2\/comments?post=159838"}],"version-history":[{"count":2,"href":"https:\/\/hikitec.de\/fr\/wp-json\/wp\/v2\/pages\/159838\/revisions"}],"predecessor-version":[{"id":159840,"href":"https:\/\/hikitec.de\/fr\/wp-json\/wp\/v2\/pages\/159838\/revisions\/159840"}],"wp:attachment":[{"href":"https:\/\/hikitec.de\/fr\/wp-json\/wp\/v2\/media?parent=159838"}],"curies":[{"name":"wp","href":"https:\/\/api.w.org\/{rel}","templated":true}]}}