{"id":159884,"date":"2021-05-07T12:27:47","date_gmt":"2021-05-07T10:27:47","guid":{"rendered":"https:\/\/hikitec.de\/donnees-vectorielles-et-donnees-pixel\/"},"modified":"2021-05-07T12:28:36","modified_gmt":"2021-05-07T10:28:36","slug":"donnees-vectorielles-et-donnees-pixel","status":"publish","type":"page","link":"https:\/\/hikitec.de\/fr\/donnees-vectorielles-et-donnees-pixel\/","title":{"rendered":"Donn\u00e9es vectorielles et donn\u00e9es pixel"},"content":{"rendered":"<section class=\"av_textblock_section \"  itemscope=\"itemscope\" itemtype=\"https:\/\/schema.org\/CreativeWork\" ><div class='avia_textblock  '   itemprop=\"text\" ><p><strong>Donn\u00e9es vectorielles et donn\u00e9es pixel<\/strong><\/p>\n<\/div><\/section>\n\n<style type=\"text\/css\" id=\"style-css-av-1qf0c52-c396f8c79b6094e9a3845ad77b1ad49d\">\n#top .flex_column.av-1qf0c52-c396f8c79b6094e9a3845ad77b1ad49d{\nborder-radius:0px;\n-webkit-border-radius:0px;\n-moz-border-radius:0px;\npadding:0px;\n}\n<\/style>\n<div class='flex_column av-1qf0c52-c396f8c79b6094e9a3845ad77b1ad49d av_one_full  avia-builder-el-1  el_after_av_textblock  el_before_av_one_full  first flex_column_div av-zero-column-padding column-top-margin'   ><section class=\"av_textblock_section \"  itemscope=\"itemscope\" itemtype=\"https:\/\/schema.org\/CreativeWork\" ><div class='avia_textblock  '   itemprop=\"text\" ><div><strong>Donn\u00e9es vectorielles :<\/strong><\/div>\n<div><\/div>\n<div><img loading=\"lazy\" decoding=\"async\" class=\"aligncenter size-large wp-image-12893\" src=\"https:\/\/hikitec.de\/wp-content\/uploads\/2020\/07\/Vektor-1030x314.jpg\" alt=\"\" width=\"1030\" height=\"314\" srcset=\"https:\/\/hikitec.de\/wp-content\/uploads\/2020\/07\/Vektor-1030x314.jpg 1030w, https:\/\/hikitec.de\/wp-content\/uploads\/2020\/07\/Vektor-300x91.jpg 300w, https:\/\/hikitec.de\/wp-content\/uploads\/2020\/07\/Vektor-768x234.jpg 768w, https:\/\/hikitec.de\/wp-content\/uploads\/2020\/07\/Vektor-705x215.jpg 705w, https:\/\/hikitec.de\/wp-content\/uploads\/2020\/07\/Vektor-450x137.jpg 450w, https:\/\/hikitec.de\/wp-content\/uploads\/2020\/07\/Vektor.jpg 1038w\" sizes=\"auto, (max-width: 1030px) 100vw, 1030px\" \/><\/div>\n<div>Les graphiques vectoriels sont bas\u00e9s sur une description de l&rsquo;image qui d\u00e9finit pr\u00e9cis\u00e9ment votre logo. Les vecteurs sont des graphiques compos\u00e9s de courbes et de points d\u00e9crits. Pour que vous puissiez faire \u00e9voluer ces donn\u00e9es sans pertes. Les graphiques vectoriels offrent une meilleure nettet\u00e9 d&rsquo;image et des tailles de donn\u00e9es plus petites.<\/div>\n<div>Les extensions de fichier courantes pour les donn\u00e9es vectorielles sont : eps, pdf, ai, cdr.<\/div>\n<\/div><\/section><\/div>\n\n<style type=\"text\/css\" id=\"style-css-av-17u5z5i-09acd9422d4e3f7c40f001041b9e443f\">\n#top .flex_column.av-17u5z5i-09acd9422d4e3f7c40f001041b9e443f{\nborder-radius:0px;\n-webkit-border-radius:0px;\n-moz-border-radius:0px;\npadding:0px;\n}\n<\/style>\n<div class='flex_column av-17u5z5i-09acd9422d4e3f7c40f001041b9e443f av_one_full  avia-builder-el-3  el_after_av_one_full  el_before_av_one_full  first flex_column_div av-zero-column-padding column-top-margin'   ><section class=\"av_textblock_section \"  itemscope=\"itemscope\" itemtype=\"https:\/\/schema.org\/CreativeWork\" ><div class='avia_textblock  '   itemprop=\"text\" ><div>\n<div>\n<div><strong>Donn\u00e9es sur les pixels :<\/strong><\/div>\n<\/div>\n<\/div>\n<div><img loading=\"lazy\" decoding=\"async\" class=\"aligncenter size-full wp-image-12894\" src=\"https:\/\/hikitec.de\/wp-content\/uploads\/2020\/07\/Pixel.jpg\" alt=\"\" width=\"1018\" height=\"330\" srcset=\"https:\/\/hikitec.de\/wp-content\/uploads\/2020\/07\/Pixel.jpg 1018w, https:\/\/hikitec.de\/wp-content\/uploads\/2020\/07\/Pixel-300x97.jpg 300w, https:\/\/hikitec.de\/wp-content\/uploads\/2020\/07\/Pixel-768x249.jpg 768w, https:\/\/hikitec.de\/wp-content\/uploads\/2020\/07\/Pixel-705x229.jpg 705w, https:\/\/hikitec.de\/wp-content\/uploads\/2020\/07\/Pixel-450x146.jpg 450w\" sizes=\"auto, (max-width: 1018px) 100vw, 1018px\" \/><\/div>\n<div>\n<div><\/div>\n<div>Les graphiques en pixels, \u00e9galement appel\u00e9s graphiques bitmap ou matriciels, sont des donn\u00e9es constitu\u00e9es de pixels individuels dispos\u00e9s selon une grille. Ce fichier est d\u00e9fini par sa hauteur et sa largeur en pixels. Un graphique en pixels est adapt\u00e9 \u00e0 l&rsquo;affichage de photos \u00e0 la taille que vous avez ajust\u00e9e. Si vous changez la taille, elle peut devenir floue. Les extensions de fichier communes pour les donn\u00e9es en pixels sont : jpg, bmp, gif, png.<\/div>\n<\/div>\n<\/div><\/section><\/div>\n\n<style type=\"text\/css\" id=\"style-css-av-shjfg6-191e0b031d3397dd7c9ede05423c60ae\">\n#top .flex_column.av-shjfg6-191e0b031d3397dd7c9ede05423c60ae{\nborder-radius:0px;\n-webkit-border-radius:0px;\n-moz-border-radius:0px;\npadding:0px;\n}\n<\/style>\n<div class='flex_column av-shjfg6-191e0b031d3397dd7c9ede05423c60ae av_one_full  avia-builder-el-5  el_after_av_one_full  avia-builder-el-last  first flex_column_div av-zero-column-padding column-top-margin'   ><section class=\"av_textblock_section \"  itemscope=\"itemscope\" itemtype=\"https:\/\/schema.org\/CreativeWork\" ><div class='avia_textblock  '   itemprop=\"text\" ><input type=\"button\" value=\"Dos\" class=\"alg_back_button_input \" style=\"\" onclick=\"window.history.back()\" \/>\n<\/div><\/section><\/div>\n","protected":false},"excerpt":{"rendered":"","protected":false},"author":2,"featured_media":0,"parent":0,"menu_order":0,"comment_status":"closed","ping_status":"closed","template":"","meta":{"footnotes":""},"class_list":["post-159884","page","type-page","status-publish","hentry"],"_links":{"self":[{"href":"https:\/\/hikitec.de\/fr\/wp-json\/wp\/v2\/pages\/159884","targetHints":{"allow":["GET"]}}],"collection":[{"href":"https:\/\/hikitec.de\/fr\/wp-json\/wp\/v2\/pages"}],"about":[{"href":"https:\/\/hikitec.de\/fr\/wp-json\/wp\/v2\/types\/page"}],"author":[{"embeddable":true,"href":"https:\/\/hikitec.de\/fr\/wp-json\/wp\/v2\/users\/2"}],"replies":[{"embeddable":true,"href":"https:\/\/hikitec.de\/fr\/wp-json\/wp\/v2\/comments?post=159884"}],"version-history":[{"count":5,"href":"https:\/\/hikitec.de\/fr\/wp-json\/wp\/v2\/pages\/159884\/revisions"}],"predecessor-version":[{"id":159891,"href":"https:\/\/hikitec.de\/fr\/wp-json\/wp\/v2\/pages\/159884\/revisions\/159891"}],"wp:attachment":[{"href":"https:\/\/hikitec.de\/fr\/wp-json\/wp\/v2\/media?parent=159884"}],"curies":[{"name":"wp","href":"https:\/\/api.w.org\/{rel}","templated":true}]}}