{"id":159940,"date":"2021-05-07T13:57:09","date_gmt":"2021-05-07T11:57:09","guid":{"rendered":"https:\/\/hikitec.de\/service-daffinage\/"},"modified":"2021-05-07T13:57:15","modified_gmt":"2021-05-07T11:57:15","slug":"service-daffinage","status":"publish","type":"page","link":"https:\/\/hikitec.de\/fr\/service-daffinage\/","title":{"rendered":"Service d&rsquo;affinage"},"content":{"rendered":"<section class=\"av_textblock_section \"  itemscope=\"itemscope\" itemtype=\"https:\/\/schema.org\/CreativeWork\" ><div class='avia_textblock  '   itemprop=\"text\" ><p><strong>Quels types de finitions existe-t-il ?<\/strong><\/p>\n<\/div><\/section>\n<section class=\"av_textblock_section \"  itemscope=\"itemscope\" itemtype=\"https:\/\/schema.org\/CreativeWork\" ><div class='avia_textblock  '   itemprop=\"text\" ><p><strong>Le raffinement, ce sont diff\u00e9rentes variantes pour personnaliser individuellement nos produits. Selon la nature de la surface, diff\u00e9rents types sont possibles :<\/strong><\/p>\n<p><strong>S\u00e9rigraphie<\/strong><\/p>\n<p>Cette impression est un proc\u00e9d\u00e9 d&rsquo;impression directe dans lequel l&rsquo;encre est press\u00e9e \u00e0 travers un tissu directement sur le produit \u00e0 imprimer. Les ouvertures du tissu sont rendues imperm\u00e9ables \u00e0 la peinture aux endroits o\u00f9 la peinture ne doit pas passer. La forme d&rsquo;impression est fix\u00e9e dans une machine et l&rsquo;encre d&rsquo;impression est appliqu\u00e9e&#8230;..<\/p>\n<p><strong>Tampographie<\/strong><\/p>\n<p>La tampographie est un proc\u00e9d\u00e9 d&rsquo;impression indirect dans lequel une forme d&rsquo;impression est d&rsquo;abord cr\u00e9\u00e9e et le motif d&rsquo;impression est ensuite transf\u00e9r\u00e9 sur le produit au moyen d&rsquo;un tampon en caoutchouc de silicone. Gr\u00e2ce \u00e0 l&rsquo;\u00e9lasticit\u00e9 du tampon, m\u00eame les surfaces l\u00e9g\u00e8rement courb\u00e9es peuvent \u00eatre bien imprim\u00e9es avec cette m\u00e9thode.<\/p>\n<p><strong>Gravure<\/strong><\/p>\n<p>La gravure ou le marquage laser sont des finitions qui utilisent un faisceau laser intense pour appliquer votre logo sur des surfaces m\u00e9talliques. Gr\u00e2ce \u00e0 l&rsquo;\u00e9limination de la mati\u00e8re, les marquages laser sont imperm\u00e9ables, r\u00e9sistants aux taches et tr\u00e8s durables.<\/p>\n<p><strong>Doming<\/strong><\/p>\n<p>Le doming est le nom d&rsquo;une technologie permettant de produire un autocollant 3D avec un rev\u00eatement de surface qui a g\u00e9n\u00e9ralement un aspect vitreux et tr\u00e8s transparent. Ce rev\u00eatement peut \u00eatre utilis\u00e9 pour am\u00e9liorer efficacement l&rsquo;effet esth\u00e9tique sur de nombreuses surfaces.<\/p>\n<p><strong>Impression num\u00e9rique ( C M Y K )<\/strong><\/p>\n<p>Dans ce proc\u00e9d\u00e9 d&rsquo;impression, l&rsquo;image imprim\u00e9e est transf\u00e9r\u00e9e directement d&rsquo;un ordinateur \u00e0 une presse d&rsquo;imprimerie sans utiliser de forme d&rsquo;impression statique. Le syst\u00e8me d&rsquo;impression est g\u00e9n\u00e9ralement un syst\u00e8me d&rsquo;impression \u00e9lectrographique tel qu&rsquo;une imprimante laser con\u00e7ue pour l&rsquo;impression de gros volumes.<\/p>\n<p><strong>Impression num\u00e9rique UV ( W + C M Y K )<\/strong><\/p>\n<p>La principale diff\u00e9rence avec l&rsquo;impression num\u00e9rique classique est que l&rsquo;encre ne p\u00e9n\u00e8tre pas compl\u00e8tement dans le mat\u00e9riau, mais se trouve au-dessus du mat\u00e9riau d&rsquo;impression. Cela permet d&rsquo;imprimer sur presque tous les mat\u00e9riaux. La couleur est durcie par la lumi\u00e8re ultraviolette, de sorte que le blanc est \u00e9galement possible ici comme cinqui\u00e8me couleur m\u00e9lang\u00e9e.<\/p>\n<p><a href=\"https:\/\/hikitec.de\/processus-dimpression-cmyk-taille-des-donnees-et-fonds-perdus-corrects\/?lang=fr\">Vous trouverez plus d&rsquo;informations sur \u00ab\u00a0La taille des donn\u00e9es et le rognage correct\u00a0\u00bb ici.<\/a><\/p>\n<p><strong>Gaufrage en aveugle<\/strong><\/p>\n<p>Il s&rsquo;agit d&rsquo;une impression en relief sans encre. Le gaufrage \u00e0 l&rsquo;aveugle convient aux mat\u00e9riaux de base souples tels que le cuir ou le similicuir et donne \u00e0 un motif imprim\u00e9 un aspect noble et discret.<\/p>\n<p><strong>Estampage \u00e0 chaud<\/strong><\/p>\n<p>Le marquage \u00e0 chaud est un \u00ab\u00a0marquage \u00e0 chaud\u00a0\u00bb sans encre. La diff\u00e9rence avec le marquage \u00e0 l&rsquo;aveugle classique est que la matrice de marquage est press\u00e9e \u00e0 chaud dans le mat\u00e9riau.<\/p>\n<p><a href=\"https:\/\/hikitec.de\/donnees-vectorielles-et-donnees-pixel\/?lang=fr\">Informations sur les fichiers vectoriels et pixels<\/a><\/p>\n<\/div><\/section>\n<section class=\"av_textblock_section \"  itemscope=\"itemscope\" itemtype=\"https:\/\/schema.org\/CreativeWork\" ><div class='avia_textblock  '   itemprop=\"text\" ><input type=\"button\" value=\"Dos\" class=\"alg_back_button_input \" style=\"\" onclick=\"window.history.back()\" \/>\n<\/div><\/section>\n","protected":false},"excerpt":{"rendered":"","protected":false},"author":2,"featured_media":0,"parent":0,"menu_order":0,"comment_status":"closed","ping_status":"closed","template":"","meta":{"footnotes":""},"class_list":["post-159940","page","type-page","status-publish","hentry"],"_links":{"self":[{"href":"https:\/\/hikitec.de\/fr\/wp-json\/wp\/v2\/pages\/159940","targetHints":{"allow":["GET"]}}],"collection":[{"href":"https:\/\/hikitec.de\/fr\/wp-json\/wp\/v2\/pages"}],"about":[{"href":"https:\/\/hikitec.de\/fr\/wp-json\/wp\/v2\/types\/page"}],"author":[{"embeddable":true,"href":"https:\/\/hikitec.de\/fr\/wp-json\/wp\/v2\/users\/2"}],"replies":[{"embeddable":true,"href":"https:\/\/hikitec.de\/fr\/wp-json\/wp\/v2\/comments?post=159940"}],"version-history":[{"count":8,"href":"https:\/\/hikitec.de\/fr\/wp-json\/wp\/v2\/pages\/159940\/revisions"}],"predecessor-version":[{"id":159948,"href":"https:\/\/hikitec.de\/fr\/wp-json\/wp\/v2\/pages\/159940\/revisions\/159948"}],"wp:attachment":[{"href":"https:\/\/hikitec.de\/fr\/wp-json\/wp\/v2\/media?parent=159940"}],"curies":[{"name":"wp","href":"https:\/\/api.w.org\/{rel}","templated":true}]}}