{"id":178375,"date":"2021-05-12T16:29:19","date_gmt":"2021-05-12T14:29:19","guid":{"rendered":"https:\/\/hikitec.de\/formater-la-cle-usb\/"},"modified":"2021-05-12T16:29:30","modified_gmt":"2021-05-12T14:29:30","slug":"formater-la-cle-usb","status":"publish","type":"page","link":"https:\/\/hikitec.de\/fr\/formater-la-cle-usb\/","title":{"rendered":"Formater la cl\u00e9 USB"},"content":{"rendered":"\n<style type=\"text\/css\" id=\"style-css-av-1ktlnfq-04948dae7bde043c5b8726394724d6ab\">\n#top .flex_column.av-1ktlnfq-04948dae7bde043c5b8726394724d6ab{\nborder-radius:0px;\n-webkit-border-radius:0px;\n-moz-border-radius:0px;\npadding:0px;\n}\n<\/style>\n<div class='flex_column av-1ktlnfq-04948dae7bde043c5b8726394724d6ab av_one_full  avia-builder-el-0  el_before_av_one_full  avia-builder-el-first  first flex_column_div av-zero-column-padding '   ><section class=\"av_textblock_section \"  itemscope=\"itemscope\" itemtype=\"https:\/\/schema.org\/CreativeWork\" ><div class='avia_textblock  '   itemprop=\"text\" ><\/div><\/section><\/div>\n\n<style type=\"text\/css\" id=\"style-css-av-1ktlnfq-04948dae7bde043c5b8726394724d6ab\">\n#top .flex_column.av-1ktlnfq-04948dae7bde043c5b8726394724d6ab{\nborder-radius:0px;\n-webkit-border-radius:0px;\n-moz-border-radius:0px;\npadding:0px;\n}\n<\/style>\n<div class='flex_column av-1ktlnfq-04948dae7bde043c5b8726394724d6ab av_one_full  avia-builder-el-2  el_after_av_one_full  el_before_av_one_full  first flex_column_div av-zero-column-padding column-top-margin'   ><section class=\"av_textblock_section \"  itemscope=\"itemscope\" itemtype=\"https:\/\/schema.org\/CreativeWork\" ><div class='avia_textblock  '   itemprop=\"text\" ><p><strong>Qu&rsquo;est-ce que exFat ?<\/strong><\/p>\n<p>exFAT a \u00e9t\u00e9 principalement d\u00e9velopp\u00e9 pour remplacer FAT32 sur les lecteurs flash afin de surmonter les limitations de FAT \/ FAT32 en termes de taille de fichier unique (max. approx. 4GB par fichier) et de taille de partition maximale tout en maintenant la compatibilit\u00e9 avec de nombreux dispositifs h\u00f4tes diff\u00e9rents.<\/p>\n<p>Les avantages d&rsquo;exFat :<img loading=\"lazy\" decoding=\"async\" class=\"size-medium wp-image-24892 alignright\" src=\"https:\/\/hikitec.de\/wp-content\/uploads\/2021\/03\/exfat-226x300.jpg\" alt=\"\" width=\"226\" height=\"300\" srcset=\"https:\/\/hikitec.de\/wp-content\/uploads\/2021\/03\/exfat-226x300.jpg 226w, https:\/\/hikitec.de\/wp-content\/uploads\/2021\/03\/exfat.jpg 363w\" sizes=\"auto, (max-width: 226px) 100vw, 226px\" \/><\/p>\n<p><img loading=\"lazy\" decoding=\"async\" class=\"transparent\" src=\"https:\/\/hikitec.de\/wp-content\/uploads\/2016\/12\/zzz_HIKITEC_Favicon_32.png\" alt=\"https:\/\/hikitec.de\/wp-content\/uploads\/2016\/12\/zzz_HIKITEC_Favicon_32.png\" width=\"11\" height=\"12\"> Presque tous les syst\u00e8mes d&rsquo;exploitation peuvent y acc\u00e9der<br \/>\n<img loading=\"lazy\" decoding=\"async\" class=\"transparent\" src=\"https:\/\/hikitec.de\/wp-content\/uploads\/2016\/12\/zzz_HIKITEC_Favicon_32.png\" alt=\"https:\/\/hikitec.de\/wp-content\/uploads\/2016\/12\/zzz_HIKITEC_Favicon_32.png\" width=\"11\" height=\"12\"> aucune limitation de la taille des fichiers<\/p>\n<p>Inconv\u00e9nients de exFat :<\/p>\n<p><img loading=\"lazy\" decoding=\"async\" class=\"transparent\" src=\"https:\/\/hikitec.de\/wp-content\/uploads\/2016\/12\/zzz_HIKITEC_Favicon_32.png\" alt=\"https:\/\/hikitec.de\/wp-content\/uploads\/2016\/12\/zzz_HIKITEC_Favicon_32.png\" width=\"11\" height=\"12\"> l\u00e9g\u00e8rement plus lent que NTFS<\/p>\n<div><\/div>\n<\/div><\/section><\/div>\n\n<style type=\"text\/css\" id=\"style-css-av-1ktlnfq-04948dae7bde043c5b8726394724d6ab\">\n#top .flex_column.av-1ktlnfq-04948dae7bde043c5b8726394724d6ab{\nborder-radius:0px;\n-webkit-border-radius:0px;\n-moz-border-radius:0px;\npadding:0px;\n}\n<\/style>\n<div class='flex_column av-1ktlnfq-04948dae7bde043c5b8726394724d6ab av_one_full  avia-builder-el-4  el_after_av_one_full  el_before_av_one_full  first flex_column_div av-zero-column-padding column-top-margin'   ><section class=\"av_textblock_section \"  itemscope=\"itemscope\" itemtype=\"https:\/\/schema.org\/CreativeWork\" ><div class='avia_textblock  '   itemprop=\"text\" ><p><strong>Qu&rsquo;est-ce que NTFS ?<\/strong><\/p>\n<p>Par rapport au syst\u00e8me de fichiers FAT, NTFS offre, entre autres, une protection cibl\u00e9e des acc\u00e8s au niveau des fichiers et une plus grande s\u00e9curit\u00e9 des donn\u00e9es gr\u00e2ce \u00e0 la journalisation. Cependant, la compatibilit\u00e9 n&rsquo;est pas aussi large qu&rsquo;avec la FAT. Un autre avantage de NTFS est que la taille des fichiers n&rsquo;est pas limit\u00e9e \u00e0 environ 4 Go comme avec FAT16\/32.<\/p>\n<p>Avantages de NTFS :<strong><img loading=\"lazy\" decoding=\"async\" class=\"size-medium wp-image-24881 alignright\" src=\"https:\/\/hikitec.de\/wp-content\/uploads\/2021\/03\/NTFS-222x300.jpg\" alt=\"\" width=\"222\" height=\"300\" srcset=\"https:\/\/hikitec.de\/wp-content\/uploads\/2021\/03\/NTFS-222x300.jpg 222w, https:\/\/hikitec.de\/wp-content\/uploads\/2021\/03\/NTFS.jpg 365w\" sizes=\"auto, (max-width: 222px) 100vw, 222px\" \/><\/strong><\/p>\n<p><img loading=\"lazy\" decoding=\"async\" class=\"transparent\" src=\"https:\/\/hikitec.de\/wp-content\/uploads\/2016\/12\/zzz_HIKITEC_Favicon_32.png\" alt=\"https:\/\/hikitec.de\/wp-content\/uploads\/2016\/12\/zzz_HIKITEC_Favicon_32.png\" width=\"11\" height=\"12\"> de nouveaux syst\u00e8mes d&rsquo;exploitation peuvent y \u00eatre install\u00e9s<br \/>\n<img loading=\"lazy\" decoding=\"async\" class=\"transparent\" src=\"https:\/\/hikitec.de\/wp-content\/uploads\/2016\/12\/zzz_HIKITEC_Favicon_32.png\" alt=\"https:\/\/hikitec.de\/wp-content\/uploads\/2016\/12\/zzz_HIKITEC_Favicon_32.png\" width=\"11\" height=\"12\"> des d\u00e9bits de donn\u00e9es plus \u00e9lev\u00e9s<br \/>\n<img loading=\"lazy\" decoding=\"async\" class=\"transparent\" src=\"https:\/\/hikitec.de\/wp-content\/uploads\/2016\/12\/zzz_HIKITEC_Favicon_32.png\" alt=\"https:\/\/hikitec.de\/wp-content\/uploads\/2016\/12\/zzz_HIKITEC_Favicon_32.png\" width=\"11\" height=\"12\"> Taille des fichiers jusqu&rsquo;\u00e0 16 To possible<br \/>\n<img loading=\"lazy\" decoding=\"async\" class=\"transparent\" src=\"https:\/\/hikitec.de\/wp-content\/uploads\/2016\/12\/zzz_HIKITEC_Favicon_32.png\" alt=\"https:\/\/hikitec.de\/wp-content\/uploads\/2016\/12\/zzz_HIKITEC_Favicon_32.png\" width=\"11\" height=\"12\"> Taille des partitions jusqu&rsquo;\u00e0 256 To<br \/>\n<img loading=\"lazy\" decoding=\"async\" class=\"transparent\" src=\"https:\/\/hikitec.de\/wp-content\/uploads\/2016\/12\/zzz_HIKITEC_Favicon_32.png\" alt=\"https:\/\/hikitec.de\/wp-content\/uploads\/2016\/12\/zzz_HIKITEC_Favicon_32.png\" width=\"11\" height=\"12\"> \u00e9crit les fichiers \u00ab\u00a0intelligemment\u00a0\u00bb pour \u00e9viter la fragmentation<br \/>\n<img loading=\"lazy\" decoding=\"async\" class=\"transparent\" src=\"https:\/\/hikitec.de\/wp-content\/uploads\/2016\/12\/zzz_HIKITEC_Favicon_32.png\" alt=\"https:\/\/hikitec.de\/wp-content\/uploads\/2016\/12\/zzz_HIKITEC_Favicon_32.png\" width=\"11\" height=\"12\"> enregistre les modifications de fichiers en cas de crash pour \u00e9viter toute perte de donn\u00e9es<br \/>\n<img loading=\"lazy\" decoding=\"async\" class=\"transparent\" src=\"https:\/\/hikitec.de\/wp-content\/uploads\/2016\/12\/zzz_HIKITEC_Favicon_32.png\" alt=\"https:\/\/hikitec.de\/wp-content\/uploads\/2016\/12\/zzz_HIKITEC_Favicon_32.png\" width=\"11\" height=\"12\"> Les fichiers peuvent \u00eatre chiffr\u00e9s<br \/>\n<img loading=\"lazy\" decoding=\"async\" class=\"transparent\" src=\"https:\/\/hikitec.de\/wp-content\/uploads\/2016\/12\/zzz_HIKITEC_Favicon_32.png\" alt=\"https:\/\/hikitec.de\/wp-content\/uploads\/2016\/12\/zzz_HIKITEC_Favicon_32.png\" width=\"11\" height=\"12\"> Compression des fichiers et des disques possible<br \/>\n<img loading=\"lazy\" decoding=\"async\" class=\"transparent\" src=\"https:\/\/hikitec.de\/wp-content\/uploads\/2016\/12\/zzz_HIKITEC_Favicon_32.png\" alt=\"https:\/\/hikitec.de\/wp-content\/uploads\/2016\/12\/zzz_HIKITEC_Favicon_32.png\" width=\"11\" height=\"12\"> d\u00e9fragmentation plus rapide<br \/>\n<img loading=\"lazy\" decoding=\"async\" class=\"transparent\" src=\"https:\/\/hikitec.de\/wp-content\/uploads\/2016\/12\/zzz_HIKITEC_Favicon_32.png\" alt=\"https:\/\/hikitec.de\/wp-content\/uploads\/2016\/12\/zzz_HIKITEC_Favicon_32.png\" width=\"11\" height=\"12\"> Les acc\u00e8s aux fichiers peuvent \u00eatre surveill\u00e9s<br \/>\n<img loading=\"lazy\" decoding=\"async\" class=\"transparent\" src=\"https:\/\/hikitec.de\/wp-content\/uploads\/2016\/12\/zzz_HIKITEC_Favicon_32.png\" alt=\"https:\/\/hikitec.de\/wp-content\/uploads\/2016\/12\/zzz_HIKITEC_Favicon_32.png\" width=\"11\" height=\"12\"> Les utilisateurs peuvent se voir attribuer des quotas de m\u00e9moire<\/p>\n<p>Inconv\u00e9nients de NTFS :<\/p>\n<p><img loading=\"lazy\" decoding=\"async\" class=\"transparent\" src=\"https:\/\/hikitec.de\/wp-content\/uploads\/2016\/12\/zzz_HIKITEC_Favicon_32.png\" alt=\"https:\/\/hikitec.de\/wp-content\/uploads\/2016\/12\/zzz_HIKITEC_Favicon_32.png\" width=\"11\" height=\"12\"> support complet uniquement sous les syst\u00e8mes d&rsquo;exploitation Windows<br \/>\n<img loading=\"lazy\" decoding=\"async\" class=\"transparent\" src=\"https:\/\/hikitec.de\/wp-content\/uploads\/2016\/12\/zzz_HIKITEC_Favicon_32.png\" alt=\"https:\/\/hikitec.de\/wp-content\/uploads\/2016\/12\/zzz_HIKITEC_Favicon_32.png\" width=\"11\" height=\"12\"> non lisible par de nombreux appareils<\/p>\n<\/div><\/section><\/div>\n\n<style type=\"text\/css\" id=\"style-css-av-ediejra-939f81adbc998a6793d30a432c5f62c2\">\n#top .flex_column.av-ediejra-939f81adbc998a6793d30a432c5f62c2{\nborder-radius:0px;\n-webkit-border-radius:0px;\n-moz-border-radius:0px;\npadding:0px;\n}\n<\/style>\n<div class='flex_column av-ediejra-939f81adbc998a6793d30a432c5f62c2 av_one_full  avia-builder-el-6  el_after_av_one_full  el_before_av_one_full  first flex_column_div av-zero-column-padding column-top-margin'   ><p><section class=\"av_textblock_section \"  itemscope=\"itemscope\" itemtype=\"https:\/\/schema.org\/CreativeWork\" ><div class='avia_textblock  '   itemprop=\"text\" ><p><strong>Quels sont les syst\u00e8mes de fichiers les plus importants dans Windows ?<\/strong><\/p>\n<\/div><\/section><br \/>\n<div  class='avia-table av-1eju2ue-2b5fe5b31460b7aa97f1cf1e99b10fdc main_color avia-pricing-table-container avia_pricing_default  avia-builder-el-8  el_after_av_textblock  avia-builder-el-last  avia-table-1 '  itemscope=\"itemscope\" itemtype=\"https:\/\/schema.org\/Table\" ><div class=\"pricing-table-wrap\"><ul class='pricing-table '><li class=''><div class='first-table-item'>Syst\u00e8me de fichiers<\/div><span class='pricing-extra'><\/span><\/li><li class=''>FAT32<\/li><li class=''>exFAT<\/li><li class=''>NTFS 1.0, 1.1, 2<\/li><li class=''>NTFS 3.0, 3.1, TxF<\/li><\/ul><\/div><div class=\"pricing-table-wrap\"><ul class='pricing-table '><li class=''><div class='first-table-item'>max. Partition<\/div><span class='pricing-extra'><\/span><\/li><li class=''>8 TB<\/li><li class=''>&gt;8 TB<\/li><li class=''>&gt;8 TB<\/li><li class=''>&gt;8 TB<\/li><\/ul><\/div><div class=\"pricing-table-wrap\"><ul class='pricing-table '><li class=''><div class='first-table-item'>Utilisez<\/div><span class='pricing-extra'><\/span><\/li><li class=''>Windows 95b, Windows 98, Windows ME<\/li><li class=''>Windows CE, Flash-Speichermedien<\/li><li class=''>Windows NT 3.1 bis Windows NT 4.0<\/li><li class=''>Windows 2000, Windowx XP, Windows Vista, Windows 7<\/li><\/ul><\/div><\/div><\/p><\/div>\n\n<style type=\"text\/css\" id=\"style-css-av-jjkgqu-9ad277fd797eabb3d092612aad3559f3\">\n#top .flex_column.av-jjkgqu-9ad277fd797eabb3d092612aad3559f3{\nborder-radius:0px;\n-webkit-border-radius:0px;\n-moz-border-radius:0px;\npadding:0px;\n}\n<\/style>\n<div class='flex_column av-jjkgqu-9ad277fd797eabb3d092612aad3559f3 av_one_full  avia-builder-el-9  el_after_av_one_full  el_before_av_one_full  first flex_column_div av-zero-column-padding column-top-margin'   ><section class=\"av_textblock_section \"  itemscope=\"itemscope\" itemtype=\"https:\/\/schema.org\/CreativeWork\" ><div class='avia_textblock  '   itemprop=\"text\" ><p><strong>Comment formater une cl\u00e9 USB sous Windows :<\/strong><\/p>\n<p><img loading=\"lazy\" decoding=\"async\" class=\"transparent\" src=\"https:\/\/hikitec.de\/wp-content\/uploads\/2016\/12\/zzz_HIKITEC_Favicon_32.png\" alt=\"https:\/\/hikitec.de\/wp-content\/uploads\/2016\/12\/zzz_HIKITEC_Favicon_32.png\" width=\"11\" height=\"12\"> Connectez la cl\u00e9 USB \u00e0 votre PC\/ordinateur portable en la branchant sur un port USB libre.<strong><img loading=\"lazy\" decoding=\"async\" class=\"size-medium wp-image-24884 alignright\" src=\"https:\/\/hikitec.de\/wp-content\/uploads\/2021\/03\/Wie-formatieren-ueber-explorer-167x300.jpg\" alt=\"\" width=\"167\" height=\"300\" srcset=\"https:\/\/hikitec.de\/wp-content\/uploads\/2021\/03\/Wie-formatieren-ueber-explorer-167x300.jpg 167w, https:\/\/hikitec.de\/wp-content\/uploads\/2021\/03\/Wie-formatieren-ueber-explorer.jpg 254w\" sizes=\"auto, (max-width: 167px) 100vw, 167px\" \/><\/strong><br \/>\n<img loading=\"lazy\" decoding=\"async\" class=\"transparent\" src=\"https:\/\/hikitec.de\/wp-content\/uploads\/2016\/12\/zzz_HIKITEC_Favicon_32.png\" alt=\"https:\/\/hikitec.de\/wp-content\/uploads\/2016\/12\/zzz_HIKITEC_Favicon_32.png\" width=\"11\" height=\"12\"> Cliquez sur l&rsquo;ic\u00f4ne D\u00e9marrer de Windows en bas \u00e0 gauche, puis sur Ordinateur. Ici, vous pouvez voir le disque amovible connect\u00e9.<br \/>\n<img loading=\"lazy\" decoding=\"async\" class=\"transparent\" src=\"https:\/\/hikitec.de\/wp-content\/uploads\/2016\/12\/zzz_HIKITEC_Favicon_32.png\" alt=\"https:\/\/hikitec.de\/wp-content\/uploads\/2016\/12\/zzz_HIKITEC_Favicon_32.png\" width=\"11\" height=\"12\"> Cliquez avec le bouton droit de la souris sur la cl\u00e9 USB et s\u00e9lectionnez \u00ab\u00a0Format &#8230;\u00a0\u00bb avec un clic gauche de la souris. Une nouvelle fen\u00eatre s&rsquo;ouvre.<br \/>\n<img loading=\"lazy\" decoding=\"async\" class=\"transparent\" src=\"https:\/\/hikitec.de\/wp-content\/uploads\/2016\/12\/zzz_HIKITEC_Favicon_32.png\" alt=\"https:\/\/hikitec.de\/wp-content\/uploads\/2016\/12\/zzz_HIKITEC_Favicon_32.png\" width=\"11\" height=\"12\"> Ici, vous pouvez s\u00e9lectionner le syst\u00e8me de fichiers souhait\u00e9. Si vous souhaitez utiliser votre cl\u00e9 USB avec d&rsquo;autres syst\u00e8mes d&rsquo;exploitation, nous vous recommandons le param\u00e8tre par d\u00e9faut \u00ab\u00a0NTFS\u00a0\u00bb.<br \/>\n<img loading=\"lazy\" decoding=\"async\" class=\"transparent\" src=\"https:\/\/hikitec.de\/wp-content\/uploads\/2016\/12\/zzz_HIKITEC_Favicon_32.png\" alt=\"https:\/\/hikitec.de\/wp-content\/uploads\/2016\/12\/zzz_HIKITEC_Favicon_32.png\" width=\"11\" height=\"12\"> Si vous souhaitez de toute fa\u00e7on jumeler votre cl\u00e9 avec des syst\u00e8mes Windows uniquement, vous pouvez s\u00e9lectionner le param\u00e8tre \u00ab\u00a0FAT32\u00a0\u00bb. Toutefois, ce syst\u00e8me de fichiers ne peut \u00eatre utilis\u00e9 que sur des cl\u00e9s USB d&rsquo;une capacit\u00e9 maximale de 32 Go.<br \/>\n<img loading=\"lazy\" decoding=\"async\" class=\"transparent\" src=\"https:\/\/hikitec.de\/wp-content\/uploads\/2016\/12\/zzz_HIKITEC_Favicon_32.png\" alt=\"https:\/\/hikitec.de\/wp-content\/uploads\/2016\/12\/zzz_HIKITEC_Favicon_32.png\" width=\"11\" height=\"12\"> Pour formater un disque de plus de 32 GByte avec FAT32, vous avez besoin d&rsquo;un programme suppl\u00e9mentaire, tel que FAT32Formatter.<br \/>\n<img loading=\"lazy\" decoding=\"async\" class=\"transparent\" src=\"https:\/\/hikitec.de\/wp-content\/uploads\/2016\/12\/zzz_HIKITEC_Favicon_32.png\" alt=\"https:\/\/hikitec.de\/wp-content\/uploads\/2016\/12\/zzz_HIKITEC_Favicon_32.png\" width=\"11\" height=\"12\"> Vous pouvez laisser les param\u00e8tres \u00ab\u00a0Capacit\u00e9 de stockage\u00a0\u00bb et \u00ab\u00a0Taille des unit\u00e9s d&rsquo;allocation\u00a0\u00bb inchang\u00e9s.<br \/>\n<img loading=\"lazy\" decoding=\"async\" class=\"transparent\" src=\"https:\/\/hikitec.de\/wp-content\/uploads\/2016\/12\/zzz_HIKITEC_Favicon_32.png\" alt=\"https:\/\/hikitec.de\/wp-content\/uploads\/2016\/12\/zzz_HIKITEC_Favicon_32.png\" width=\"11\" height=\"12\"> Derri\u00e8re \u00ab\u00a0Volume label\u00a0\u00bb, vous pouvez d\u00e9finir un nom pour la cl\u00e9 USB. Vous pouvez encore le modifier \u00e0 tout moment apr\u00e8s le formatage.<br \/>\n<img loading=\"lazy\" decoding=\"async\" class=\"transparent\" src=\"https:\/\/hikitec.de\/wp-content\/uploads\/2016\/12\/zzz_HIKITEC_Favicon_32.png\" alt=\"https:\/\/hikitec.de\/wp-content\/uploads\/2016\/12\/zzz_HIKITEC_Favicon_32.png\" width=\"11\" height=\"12\"> En r\u00e8gle g\u00e9n\u00e9rale, vous pouvez laisser ou cocher la case \u00ab\u00a0Formatage rapide\u00a0\u00bb, car ce type de formatage est tout \u00e0 fait suffisant dans la plupart des cas. Toutefois, si vous voulez \u00eatre en s\u00e9curit\u00e9 lorsque vous supprimez des donn\u00e9es, vous pouvez supprimer la coche.<br \/>\n<img loading=\"lazy\" decoding=\"async\" class=\"transparent\" src=\"https:\/\/hikitec.de\/wp-content\/uploads\/2016\/12\/zzz_HIKITEC_Favicon_32.png\" alt=\"https:\/\/hikitec.de\/wp-content\/uploads\/2016\/12\/zzz_HIKITEC_Favicon_32.png\" width=\"11\" height=\"12\"> Cliquez sur \u00ab\u00a0D\u00e9marrer\u00a0\u00bb et confirmez l&rsquo;invite de s\u00e9curit\u00e9. Votre cl\u00e9 USB sera alors format\u00e9e.<\/p>\n<\/div><\/section><\/div>\n\n<style type=\"text\/css\" id=\"style-css-av-jjkgqu-9ad277fd797eabb3d092612aad3559f3\">\n#top .flex_column.av-jjkgqu-9ad277fd797eabb3d092612aad3559f3{\nborder-radius:0px;\n-webkit-border-radius:0px;\n-moz-border-radius:0px;\npadding:0px;\n}\n<\/style>\n<div class='flex_column av-jjkgqu-9ad277fd797eabb3d092612aad3559f3 av_one_full  avia-builder-el-11  el_after_av_one_full  el_before_av_one_full  first flex_column_div av-zero-column-padding column-top-margin'   ><section class=\"av_textblock_section \"  itemscope=\"itemscope\" itemtype=\"https:\/\/schema.org\/CreativeWork\" ><div class='avia_textblock  '   itemprop=\"text\" ><p><strong>Comment formater une cl\u00e9 USB sous CDM* :<\/strong><\/p>\n<p><img loading=\"lazy\" decoding=\"async\" class=\"transparent\" src=\"https:\/\/hikitec.de\/wp-content\/uploads\/2016\/12\/zzz_HIKITEC_Favicon_32.png\" alt=\"https:\/\/hikitec.de\/wp-content\/uploads\/2016\/12\/zzz_HIKITEC_Favicon_32.png\" width=\"11\" height=\"12\"> Connectez la cl\u00e9 USB \u00e0 votre PC en la branchant sur un port USB libre.<img loading=\"lazy\" decoding=\"async\" class=\"size-medium wp-image-24888 alignright\" src=\"https:\/\/hikitec.de\/wp-content\/uploads\/2021\/03\/Formatierung-unter-CDM-300x156.jpg\" alt=\"\" width=\"300\" height=\"156\" srcset=\"https:\/\/hikitec.de\/wp-content\/uploads\/2021\/03\/Formatierung-unter-CDM-300x156.jpg 300w, https:\/\/hikitec.de\/wp-content\/uploads\/2021\/03\/Formatierung-unter-CDM-768x400.jpg 768w, https:\/\/hikitec.de\/wp-content\/uploads\/2021\/03\/Formatierung-unter-CDM-705x368.jpg 705w, https:\/\/hikitec.de\/wp-content\/uploads\/2021\/03\/Formatierung-unter-CDM-450x235.jpg 450w, https:\/\/hikitec.de\/wp-content\/uploads\/2021\/03\/Formatierung-unter-CDM.jpg 980w\" sizes=\"auto, (max-width: 300px) 100vw, 300px\" \/><br \/>\n<img loading=\"lazy\" decoding=\"async\" class=\"transparent\" src=\"https:\/\/hikitec.de\/wp-content\/uploads\/2016\/12\/zzz_HIKITEC_Favicon_32.png\" alt=\"https:\/\/hikitec.de\/wp-content\/uploads\/2016\/12\/zzz_HIKITEC_Favicon_32.png\" width=\"11\" height=\"12\"> Appuyez sur la touche WINDOWS + R<br \/>\n<img loading=\"lazy\" decoding=\"async\" class=\"transparent\" src=\"https:\/\/hikitec.de\/wp-content\/uploads\/2016\/12\/zzz_HIKITEC_Favicon_32.png\" alt=\"https:\/\/hikitec.de\/wp-content\/uploads\/2016\/12\/zzz_HIKITEC_Favicon_32.png\" width=\"11\" height=\"12\"> Tapez \u00ab\u00a0CMD\u00a0\u00bb et appuyez sur Entr\u00e9e. Une nouvelle fen\u00eatre noire (console) s&rsquo;ouvre.<br \/>\n<img loading=\"lazy\" decoding=\"async\" class=\"transparent\" src=\"https:\/\/hikitec.de\/wp-content\/uploads\/2016\/12\/zzz_HIKITEC_Favicon_32.png\" alt=\"https:\/\/hikitec.de\/wp-content\/uploads\/2016\/12\/zzz_HIKITEC_Favicon_32.png\" width=\"11\" height=\"12\"> Ici vous devez entrer \u00ab\u00a0format\u00a0\u00bb, puis la lettre du lecteur ici dans l&rsquo;exemple \u00ab\u00a0E :\u00a0\u00bb puis \u00ab\u00a0\/FS\u00a0\u00bb pour le formatage et ensuite le format ici dans l&rsquo;exemple \u00ab\u00a0FAT32\u00a0\u00bb. Confirmez votre saisie en appuyant sur la touche Enter. \u00ab\u00a0format E : \/FS:FAT32\u00a0\u00bb ) Obtenez plus d&rsquo;informations ici : https:\/\/ss64.com\/nt\/format.html<br \/>\n<img loading=\"lazy\" decoding=\"async\" class=\"transparent\" src=\"https:\/\/hikitec.de\/wp-content\/uploads\/2016\/12\/zzz_HIKITEC_Favicon_32.png\" alt=\"https:\/\/hikitec.de\/wp-content\/uploads\/2016\/12\/zzz_HIKITEC_Favicon_32.png\" width=\"11\" height=\"12\"> Vous obtenez maintenant un aper\u00e7u de la cl\u00e9 USB, ici encore dans l&rsquo;exemple \u00a0\u00bb Le TYPE du syst\u00e8me de fichiers \u00ab\u00a0, la taille de la m\u00e9moire et le formatage choisi. Si tout est correct, confirmez en appuyant sur J + Enter.<br \/>\n<img loading=\"lazy\" decoding=\"async\" class=\"transparent\" src=\"https:\/\/hikitec.de\/wp-content\/uploads\/2016\/12\/zzz_HIKITEC_Favicon_32.png\" alt=\"https:\/\/hikitec.de\/wp-content\/uploads\/2016\/12\/zzz_HIKITEC_Favicon_32.png\" width=\"11\" height=\"12\"> Ensuite, vous pouvez donner \u00e0 la cl\u00e9 USB une d\u00e9signation de lecteur (11 caract\u00e8res) et confirmer avec Enter.<br \/>\n<img loading=\"lazy\" decoding=\"async\" class=\"transparent\" src=\"https:\/\/hikitec.de\/wp-content\/uploads\/2016\/12\/zzz_HIKITEC_Favicon_32.png\" alt=\"https:\/\/hikitec.de\/wp-content\/uploads\/2016\/12\/zzz_HIKITEC_Favicon_32.png\" width=\"11\" height=\"12\"> Votre cl\u00e9 USB sera alors format\u00e9e.<\/p>\n<p><strong>*Utilisation \u00e0 vos risques et p\u00e9rils ! Si vous ne l&rsquo;utilisez pas correctement, vous risquez de supprimer involontairement des donn\u00e9es importantes.<\/strong><\/p>\n<\/div><\/section><\/div>\n<style type=\"text\/css\" id=\"style-css-av-quhhhi-f9b08ee2d3bece9668d7bba6309792b5\">\n#top .flex_column.av-quhhhi-f9b08ee2d3bece9668d7bba6309792b5{\nborder-radius:0px;\n-webkit-border-radius:0px;\n-moz-border-radius:0px;\npadding:0px;\n}\n<\/style>\n<div class='flex_column av-quhhhi-f9b08ee2d3bece9668d7bba6309792b5 av_one_full  avia-builder-el-13  el_after_av_one_full  avia-builder-el-last  first flex_column_div av-zero-column-padding column-top-margin'   ><section class=\"av_textblock_section \"  itemscope=\"itemscope\" itemtype=\"https:\/\/schema.org\/CreativeWork\" ><div class='avia_textblock  '   itemprop=\"text\" ><input type=\"button\" value=\"Dos\" class=\"alg_back_button_input \" style=\"\" onclick=\"window.history.back()\" \/>\n<\/div><\/section><\/div><\/p>\n","protected":false},"excerpt":{"rendered":"","protected":false},"author":2,"featured_media":0,"parent":0,"menu_order":0,"comment_status":"closed","ping_status":"closed","template":"","meta":{"footnotes":""},"class_list":["post-178375","page","type-page","status-publish","hentry"],"_links":{"self":[{"href":"https:\/\/hikitec.de\/fr\/wp-json\/wp\/v2\/pages\/178375","targetHints":{"allow":["GET"]}}],"collection":[{"href":"https:\/\/hikitec.de\/fr\/wp-json\/wp\/v2\/pages"}],"about":[{"href":"https:\/\/hikitec.de\/fr\/wp-json\/wp\/v2\/types\/page"}],"author":[{"embeddable":true,"href":"https:\/\/hikitec.de\/fr\/wp-json\/wp\/v2\/users\/2"}],"replies":[{"embeddable":true,"href":"https:\/\/hikitec.de\/fr\/wp-json\/wp\/v2\/comments?post=178375"}],"version-history":[{"count":8,"href":"https:\/\/hikitec.de\/fr\/wp-json\/wp\/v2\/pages\/178375\/revisions"}],"predecessor-version":[{"id":178388,"href":"https:\/\/hikitec.de\/fr\/wp-json\/wp\/v2\/pages\/178375\/revisions\/178388"}],"wp:attachment":[{"href":"https:\/\/hikitec.de\/fr\/wp-json\/wp\/v2\/media?parent=178375"}],"curies":[{"name":"wp","href":"https:\/\/api.w.org\/{rel}","templated":true}]}}