{"id":27559,"date":"2021-03-23T14:36:30","date_gmt":"2021-03-23T13:36:30","guid":{"rendered":"https:\/\/hikitec.de\/commandez\/"},"modified":"2021-03-23T15:36:55","modified_gmt":"2021-03-23T14:36:55","slug":"commandez","status":"publish","type":"page","link":"https:\/\/hikitec.de\/fr\/commandez\/","title":{"rendered":"Commandez"},"content":{"rendered":"<section class=\"av_textblock_section \"  itemscope=\"itemscope\" itemtype=\"https:\/\/schema.org\/CreativeWork\" ><div class='avia_textblock  '   itemprop=\"text\" ><p><strong>Comment puis-je passer une commande aupr\u00e8s de HIKITEC ?<\/strong><\/p>\n<\/div><\/section>\n<section class=\"av_textblock_section \"  itemscope=\"itemscope\" itemtype=\"https:\/\/schema.org\/CreativeWork\" ><div class='avia_textblock  '   itemprop=\"text\" ><p>Comme vous voulez !<\/p>\n<p>Le moyen le plus simple est le courrier \u00e9lectronique : Il vous suffit de s\u00e9lectionner vos articles, de pr\u00e9ciser la quantit\u00e9 et les options d&rsquo;impression souhait\u00e9es et de commander.<\/p>\n<p>Veuillez pr\u00eater attention aux quantit\u00e9s minimales de commande indiqu\u00e9es (sauf pour les commandes d&rsquo;\u00e9chantillons).<\/p>\n<p>Bien entendu, vous pouvez \u00e9galement commander par e-mail, par fax ou par courrier.<\/p>\n<\/div><\/section>\n<section class=\"av_textblock_section \"  itemscope=\"itemscope\" itemtype=\"https:\/\/schema.org\/CreativeWork\" ><div class='avia_textblock  '   itemprop=\"text\" ><input type=\"button\" value=\"Dos\" class=\"alg_back_button_input \" style=\"\" onclick=\"window.history.back()\" \/>\n<\/div><\/section>\n","protected":false},"excerpt":{"rendered":"","protected":false},"author":2,"featured_media":0,"parent":0,"menu_order":0,"comment_status":"closed","ping_status":"closed","template":"","meta":{"footnotes":""},"class_list":["post-27559","page","type-page","status-publish","hentry"],"_links":{"self":[{"href":"https:\/\/hikitec.de\/fr\/wp-json\/wp\/v2\/pages\/27559","targetHints":{"allow":["GET"]}}],"collection":[{"href":"https:\/\/hikitec.de\/fr\/wp-json\/wp\/v2\/pages"}],"about":[{"href":"https:\/\/hikitec.de\/fr\/wp-json\/wp\/v2\/types\/page"}],"author":[{"embeddable":true,"href":"https:\/\/hikitec.de\/fr\/wp-json\/wp\/v2\/users\/2"}],"replies":[{"embeddable":true,"href":"https:\/\/hikitec.de\/fr\/wp-json\/wp\/v2\/comments?post=27559"}],"version-history":[{"count":6,"href":"https:\/\/hikitec.de\/fr\/wp-json\/wp\/v2\/pages\/27559\/revisions"}],"predecessor-version":[{"id":27700,"href":"https:\/\/hikitec.de\/fr\/wp-json\/wp\/v2\/pages\/27559\/revisions\/27700"}],"wp:attachment":[{"href":"https:\/\/hikitec.de\/fr\/wp-json\/wp\/v2\/media?parent=27559"}],"curies":[{"name":"wp","href":"https:\/\/api.w.org\/{rel}","templated":true}]}}