{"id":27564,"date":"2021-03-23T14:39:12","date_gmt":"2021-03-23T13:39:12","guid":{"rendered":"https:\/\/hikitec.de\/loi-sur-les-piles\/"},"modified":"2021-03-23T14:39:13","modified_gmt":"2021-03-23T13:39:13","slug":"loi-sur-les-piles","status":"publish","type":"page","link":"https:\/\/hikitec.de\/fr\/loi-sur-les-piles\/","title":{"rendered":"Loi sur les piles"},"content":{"rendered":"<section class=\"av_textblock_section \"  itemscope=\"itemscope\" itemtype=\"https:\/\/schema.org\/CreativeWork\" ><div class='avia_textblock  '   itemprop=\"text\" ><p>Informations obligatoires et techniques pour les piles ou les accumulateurs<\/p>\n<p>L&rsquo;obligation de reprise en tant que distributeur :<\/p>\n<p>Nous sommes l\u00e9galement tenus, dans le BattG, de reprendre les piles ou accumulateurs qui ont \u00e9t\u00e9 acquis chez nous gratuitement. Veuillez accepter cette offre et contribuer \u00e0 leur \u00e9limination dans le respect de l&rsquo;environnement.<\/p>\n<p>Le devoir de retour en tant que consommateur :<\/p>\n<p><img loading=\"lazy\" decoding=\"async\" class=\"shrinkToFit alignleft\" src=\"http:\/\/hikitec.de\/wp-content\/uploads\/2017\/01\/muelltonne.jpg\" width=\"60\" height=\"60\"><\/p>\n<p>Les piles ou accumulateurs marqu\u00e9s du symbole d&rsquo;une poubelle barr\u00e9e ne doivent pas \u00eatre jet\u00e9s avec les ordures m\u00e9nag\u00e8res. L&rsquo;ordonnance sur les piles oblige tous les utilisateurs finaux \u00e0 \u00e9liminer les piles ou les accumulateurs exclusivement par le biais du commerce ou des points de collecte sp\u00e9cialement am\u00e9nag\u00e9s \u00e0 cet effet. Si vous souhaitez nous retourner vos piles ou accumulateurs achet\u00e9s chez nous, renvoyez-les gratuitement avec la mention \u00a0\u00bb Entsorgung BattG \u00a0\u00bb ainsi qu&rsquo;avec la copie de la facture.<\/p>\n<\/div><\/section>\n<section class=\"av_textblock_section \"  itemscope=\"itemscope\" itemtype=\"https:\/\/schema.org\/CreativeWork\" ><div class='avia_textblock  '   itemprop=\"text\" ><input type=\"button\" value=\"Dos\" class=\"alg_back_button_input \" style=\"\" onclick=\"window.history.back()\" \/>\n<\/div><\/section>\n","protected":false},"excerpt":{"rendered":"","protected":false},"author":2,"featured_media":0,"parent":0,"menu_order":0,"comment_status":"closed","ping_status":"closed","template":"","meta":{"footnotes":""},"class_list":["post-27564","page","type-page","status-publish","hentry"],"_links":{"self":[{"href":"https:\/\/hikitec.de\/fr\/wp-json\/wp\/v2\/pages\/27564","targetHints":{"allow":["GET"]}}],"collection":[{"href":"https:\/\/hikitec.de\/fr\/wp-json\/wp\/v2\/pages"}],"about":[{"href":"https:\/\/hikitec.de\/fr\/wp-json\/wp\/v2\/types\/page"}],"author":[{"embeddable":true,"href":"https:\/\/hikitec.de\/fr\/wp-json\/wp\/v2\/users\/2"}],"replies":[{"embeddable":true,"href":"https:\/\/hikitec.de\/fr\/wp-json\/wp\/v2\/comments?post=27564"}],"version-history":[{"count":8,"href":"https:\/\/hikitec.de\/fr\/wp-json\/wp\/v2\/pages\/27564\/revisions"}],"predecessor-version":[{"id":27579,"href":"https:\/\/hikitec.de\/fr\/wp-json\/wp\/v2\/pages\/27564\/revisions\/27579"}],"wp:attachment":[{"href":"https:\/\/hikitec.de\/fr\/wp-json\/wp\/v2\/media?parent=27564"}],"curies":[{"name":"wp","href":"https:\/\/api.w.org\/{rel}","templated":true}]}}