{"id":27755,"date":"2021-03-23T15:57:58","date_gmt":"2021-03-23T14:57:58","guid":{"rendered":"https:\/\/hikitec.de\/processus-dimpression-cmyk-taille-des-donnees-et-fonds-perdus-corrects\/"},"modified":"2021-03-23T15:57:58","modified_gmt":"2021-03-23T14:57:58","slug":"processus-dimpression-cmyk-taille-des-donnees-et-fonds-perdus-corrects","status":"publish","type":"page","link":"https:\/\/hikitec.de\/fr\/processus-dimpression-cmyk-taille-des-donnees-et-fonds-perdus-corrects\/","title":{"rendered":"Processus d&rsquo;impression CMYK &#8211; taille des donn\u00e9es et fonds perdus corrects"},"content":{"rendered":"<section class=\"av_textblock_section \"  itemscope=\"itemscope\" itemtype=\"https:\/\/schema.org\/CreativeWork\" ><div class='avia_textblock  '   itemprop=\"text\" ><p><strong>Veuillez noter pour le processus d&rsquo;impression CMYK les formats, les couleurs, la taille des donn\u00e9es, la r\u00e9solution et les fonds perdus :<\/strong><\/p>\n<p><strong>Taille des donn\u00e9es \/ r\u00e9solution<\/strong><br \/>\nNous avons besoin des donn\u00e9es d&rsquo;impression dans une r\u00e9solution d&rsquo;au moins 300 dpi pour les donn\u00e9es en pixels telles que JPG, bitmap, tiff, y compris un fond perdu de <strong>3<\/strong> mm par c\u00f4t\u00e9 sans marque de fond perdu.<br \/>\nVous pouvez \u00e9galement fournir des donn\u00e9es vectorielles \u00e0 l&rsquo;\u00e9chelle sous forme de fichiers EPS, PDF, CDR &#8230;.. Si ces fichiers contiennent des polices, elles doivent \u00eatre incorpor\u00e9es. Si ce fichier contient des donn\u00e9es pixel int\u00e9gr\u00e9es, celles-ci n\u00e9cessitent \u00e9galement une r\u00e9solution minimale de 300dpi.<\/p>\n<p><strong>Impression num\u00e9rique (C M Y K) :<\/strong><br \/>\nLes donn\u00e9es d&rsquo;impression en CMYK n\u00e9cessitent 300 dpi et la taille originale de la zone \u00e0 imprimer. Nous pouvons mettre \u00e0 l&rsquo;\u00e9chelle le fichier d&rsquo;impression pour vous, mais il peut y avoir une certaine perte de qualit\u00e9. Veuillez noter que la couleur blanche ne peut pas \u00eatre imprim\u00e9e avec l&rsquo;impression num\u00e9rique standard. Les zones blanches ne sont pas imprim\u00e9es dans le r\u00e9sultat de l&rsquo;impression (transparent). Ainsi, le mat\u00e9riau du substrat est visible \u00e0 cet endroit. Pour imprimer le blanc comme cinqui\u00e8me couleur m\u00e9lang\u00e9e, veuillez utiliser l&rsquo;impression num\u00e9rique UV.<\/p>\n<p><strong>Impression num\u00e9rique HD (C M Y K) :<br \/>\n<\/strong> Pour des donn\u00e9es d&rsquo;impression tr\u00e8s d\u00e9taill\u00e9es, nous recommandons de choisir l&rsquo;impression num\u00e9rique HD. Dans ce cas, davantage de points sont imprim\u00e9s sur la m\u00eame zone d&rsquo;impression.<\/p>\n<p><strong>Impression num\u00e9rique UV ( W + C M Y K )<\/strong><br \/>\nLa principale diff\u00e9rence avec l&rsquo;impression num\u00e9rique classique est que l&rsquo;encre ne p\u00e9n\u00e8tre pas compl\u00e8tement dans le mat\u00e9riau, mais se trouve au-dessus du mat\u00e9riau d&rsquo;impression. Cela permet d&rsquo;imprimer sur presque tous les mat\u00e9riaux. La peinture est durcie \u00e0 la lumi\u00e8re ultraviolette. La couleur blanche est \u00e9galement possible comme cinqui\u00e8me couleur m\u00e9lang\u00e9e dans ce proc\u00e9d\u00e9 d&rsquo;impression.<\/p>\n<p><strong>Nous avons besoin de vos donn\u00e9es d&rsquo;impression au format PDF, Tiff ou JPG.<\/strong><br \/>\nLe mode de couleur CMYK doit \u00eatre d\u00e9fini &#8211; ce mode de couleur est une exigence de base pour l&rsquo;impression moderne en quadrichromie. CMYK signifie que les couleurs de base sont le cyan, le magenta, le jaune et le noir. Une image couleur est divis\u00e9e en quatre couleurs d&rsquo;impression \u00e0 l&rsquo;aide de points de demi-teinte. La valeur tonale est influenc\u00e9e par la taille des points de trame &#8211; les petits points produisent un ton clair &#8211; les grands un ton fonc\u00e9. Conseil : pour un noir uni, nous recommandons 100% de noir et 45% de cyan.<\/p>\n<p><strong>PDF<\/strong><br \/>\nCe syst\u00e8me est devenu la norme mondiale pour l&rsquo;\u00e9change de donn\u00e9es et est ind\u00e9pendant de la plate-forme. Pour garantir un flux de travail fluide, utilisez la norme PDF\/X 1a 2001.<\/p>\n<p><strong>Tiff<\/strong><br \/>\nPour les tiffs, choisissez la compression LZW pour obtenir la meilleure qualit\u00e9 de sortie.<\/p>\n<p><strong>JPG<\/strong><br \/>\nEnregistrez les fichiers JPG avec le plus haut niveau de qualit\u00e9.<\/p>\n<p><strong>Cr\u00e9ation d&rsquo;un fond perdu correct pour une impression pleine surface :<\/strong><br \/>\nVeuillez utiliser un fond perdu de 3 mm pour tous les imprim\u00e9s. Nous avons besoin du fond perdu pour compenser les tol\u00e9rances d&rsquo;impression lors de la production.<\/p>\n<p><strong>La distance correcte de tous les objets importants par rapport au bord<\/strong><br \/>\nNous recommandons une distance moyenne de 3 \u00e0 5 mm du bord pour tous les objets et polices importants.<\/p>\n<p><strong>REMARQUE :<br \/>\n<\/strong> Veuillez noter que des donn\u00e9es d&rsquo;impression incorrectement cr\u00e9\u00e9es peuvent entra\u00eener des pertes de qualit\u00e9.<\/p>\n<\/div><\/section>\n<section class=\"av_textblock_section \"  itemscope=\"itemscope\" itemtype=\"https:\/\/schema.org\/CreativeWork\" ><div class='avia_textblock  '   itemprop=\"text\" ><input type=\"button\" value=\"Dos\" class=\"alg_back_button_input \" style=\"\" onclick=\"window.history.back()\" \/>\n<\/div><\/section>\n","protected":false},"excerpt":{"rendered":"","protected":false},"author":2,"featured_media":0,"parent":0,"menu_order":0,"comment_status":"closed","ping_status":"closed","template":"","meta":{"footnotes":""},"class_list":["post-27755","page","type-page","status-publish","hentry"],"_links":{"self":[{"href":"https:\/\/hikitec.de\/fr\/wp-json\/wp\/v2\/pages\/27755","targetHints":{"allow":["GET"]}}],"collection":[{"href":"https:\/\/hikitec.de\/fr\/wp-json\/wp\/v2\/pages"}],"about":[{"href":"https:\/\/hikitec.de\/fr\/wp-json\/wp\/v2\/types\/page"}],"author":[{"embeddable":true,"href":"https:\/\/hikitec.de\/fr\/wp-json\/wp\/v2\/users\/2"}],"replies":[{"embeddable":true,"href":"https:\/\/hikitec.de\/fr\/wp-json\/wp\/v2\/comments?post=27755"}],"version-history":[{"count":2,"href":"https:\/\/hikitec.de\/fr\/wp-json\/wp\/v2\/pages\/27755\/revisions"}],"predecessor-version":[{"id":27757,"href":"https:\/\/hikitec.de\/fr\/wp-json\/wp\/v2\/pages\/27755\/revisions\/27757"}],"wp:attachment":[{"href":"https:\/\/hikitec.de\/fr\/wp-json\/wp\/v2\/media?parent=27755"}],"curies":[{"name":"wp","href":"https:\/\/api.w.org\/{rel}","templated":true}]}}