{"id":286839,"date":"2021-06-10T16:05:52","date_gmt":"2021-06-10T14:05:52","guid":{"rendered":"https:\/\/hikitec.de\/declaration-weee-elektrog\/"},"modified":"2021-06-11T13:37:15","modified_gmt":"2021-06-11T11:37:15","slug":"declaration-weee-elektrog","status":"publish","type":"page","link":"https:\/\/hikitec.de\/fr\/declaration-weee-elektrog\/","title":{"rendered":"D\u00e9claration WEEE ElektroG"},"content":{"rendered":"<section class=\"av_textblock_section \"  itemscope=\"itemscope\" itemtype=\"https:\/\/schema.org\/CreativeWork\" ><div class='avia_textblock  '   itemprop=\"text\" ><p>Vous avez certainement suivi avec beaucoup d&rsquo;attention la loi sur la restitution et l&rsquo;\u00e9limination \u00e9cologiquement rationnelle des \u00e9quipements \u00e9lectriques et \u00e9lectroniques, conform\u00e9ment aux directives europ\u00e9ennes \u00ab\u00a0RoHS\u00a0\u00bb et \u00ab\u00a0WEEE\u00a0\u00bb. Les produits fabriqu\u00e9s et\/ou distribu\u00e9s par HIKITEC GmbH sont soumis aux directives DEEE et sont marqu\u00e9s au sens de la r\u00e9glementation. Nous avons d\u00e9pos\u00e9 une garantie \u00e0 l&rsquo;\u00e9preuve de l&rsquo;insolvabilit\u00e9 pour le financement de notre obligation de rachat. HIKITEC GmbH est enregistr\u00e9e aupr\u00e8s de la fondation EAR, qui a \u00e9t\u00e9 d\u00e9sign\u00e9e comme organisme commun, sous le num\u00e9ro d&rsquo;enregistrement DE 88269453.<\/p>\n<\/div><\/section>\n<section class=\"av_textblock_section \"  itemscope=\"itemscope\" itemtype=\"https:\/\/schema.org\/CreativeWork\" ><div class='avia_textblock  '   itemprop=\"text\" ><input type=\"button\" value=\"Dos\" class=\"alg_back_button_input \" style=\"\" onclick=\"window.history.back()\" \/>\n<\/div><\/section>\n","protected":false},"excerpt":{"rendered":"","protected":false},"author":2,"featured_media":0,"parent":0,"menu_order":0,"comment_status":"closed","ping_status":"closed","template":"","meta":{"footnotes":""},"class_list":["post-286839","page","type-page","status-publish","hentry"],"_links":{"self":[{"href":"https:\/\/hikitec.de\/fr\/wp-json\/wp\/v2\/pages\/286839","targetHints":{"allow":["GET"]}}],"collection":[{"href":"https:\/\/hikitec.de\/fr\/wp-json\/wp\/v2\/pages"}],"about":[{"href":"https:\/\/hikitec.de\/fr\/wp-json\/wp\/v2\/types\/page"}],"author":[{"embeddable":true,"href":"https:\/\/hikitec.de\/fr\/wp-json\/wp\/v2\/users\/2"}],"replies":[{"embeddable":true,"href":"https:\/\/hikitec.de\/fr\/wp-json\/wp\/v2\/comments?post=286839"}],"version-history":[{"count":8,"href":"https:\/\/hikitec.de\/fr\/wp-json\/wp\/v2\/pages\/286839\/revisions"}],"predecessor-version":[{"id":286903,"href":"https:\/\/hikitec.de\/fr\/wp-json\/wp\/v2\/pages\/286839\/revisions\/286903"}],"wp:attachment":[{"href":"https:\/\/hikitec.de\/fr\/wp-json\/wp\/v2\/media?parent=286839"}],"curies":[{"name":"wp","href":"https:\/\/api.w.org\/{rel}","templated":true}]}}