{"id":286871,"date":"2021-06-10T16:27:23","date_gmt":"2021-06-10T14:27:23","guid":{"rendered":"https:\/\/hikitec.de\/conditions-de-paiement\/"},"modified":"2021-06-10T16:27:25","modified_gmt":"2021-06-10T14:27:25","slug":"conditions-de-paiement","status":"publish","type":"page","link":"https:\/\/hikitec.de\/fr\/conditions-de-paiement\/","title":{"rendered":"Conditions de paiement"},"content":{"rendered":"<section class=\"av_textblock_section \"  itemscope=\"itemscope\" itemtype=\"https:\/\/schema.org\/CreativeWork\" ><div class='avia_textblock  '   itemprop=\"text\" ><p><strong>Quelles sont les m\u00e9thodes de paiement disponibles ?<\/strong><\/p>\n<\/div><\/section>\n<section class=\"av_textblock_section \"  itemscope=\"itemscope\" itemtype=\"https:\/\/schema.org\/CreativeWork\" ><div class='avia_textblock  '   itemprop=\"text\" ><p><strong>argent en avance<\/strong><\/p>\n<p>Vous choisissez le mode de paiement \u00ab\u00a0Pr\u00e9paiement\u00a0\u00bb au cours du processus de commande. Veuillez vous r\u00e9f\u00e9rer \u00e0 la facture de pr\u00e9paiement qui vous a \u00e9t\u00e9 envoy\u00e9e par e-mail pour conna\u00eetre le montant de la facture de pr\u00e9paiement \u00e0 payer. Dans la facture de pr\u00e9paiement, vous trouverez une date limite de paiement. Il est tr\u00e8s important pour nous que vous les respectiez afin que nous puissions produire vos marchandises \u00e0 temps et que la date de livraison ne soit pas retard\u00e9e. Tant que le montant n&rsquo;est pas re\u00e7u sur l&rsquo;un de nos comptes ci-dessous, la production de vos marchandises ne commencera pas.<\/p>\n<p>Veuillez transf\u00e9rer le montant figurant sur la facture de pr\u00e9paiement, en indiquant le num\u00e9ro de facture, \u00e0 l&rsquo;adresse suivante :<\/p>\n<p>B\u00e9n\u00e9ficiaire : HIKITEC GmbH<br \/>\nBank: Stadtsparkasse D\u00fcsseldorf<br \/>\nIBAN: DE96 3005 0110 1007 6369 11<br \/>\nBIC: DUSSDEDDXXX<\/p>\n<p><strong>Paiement sur le compte* apr\u00e8s v\u00e9rification du cr\u00e9dit<br \/>\n<\/strong><\/p>\n<p>Commandez commod\u00e9ment sur facture et payez le montant de la facture apr\u00e8s r\u00e9ception des marchandises. Veuillez vous r\u00e9f\u00e9rer \u00e0 la facture qui vous est envoy\u00e9e apr\u00e8s la livraison pour conna\u00eetre le montant de la facture \u00e0 payer. Nous vous enverrons la facture par e-mail.<\/p>\n<p>Veuillez transf\u00e9rer le montant avec le num\u00e9ro de facture \u00e0 :<\/p>\n<p>B\u00e9n\u00e9ficiaire : HIKITEC GmbH<br \/>\nBank: Stadtsparkasse D\u00fcsseldorf<br \/>\nIBAN: DE96 3005 0110 1007 6369 11<br \/>\nBIC: DUSSDEDDXXX<\/p>\n<p>*Toutes les marchandises livr\u00e9es restent la propri\u00e9t\u00e9 de la soci\u00e9t\u00e9 HIKITEC GmbH jusqu&rsquo;\u00e0 ce que toutes nos cr\u00e9ances aient \u00e9t\u00e9 satisfaites.<\/p>\n<p>Si vous \u00eates en d\u00e9faut de paiement, nous vous facturerons des frais de rappel et des int\u00e9r\u00eats.<\/p>\n<\/div><\/section>\n<section class=\"av_textblock_section \"  itemscope=\"itemscope\" itemtype=\"https:\/\/schema.org\/CreativeWork\" ><div class='avia_textblock  '   itemprop=\"text\" ><input type=\"button\" value=\"Dos\" class=\"alg_back_button_input \" style=\"\" onclick=\"window.history.back()\" \/>\n<\/div><\/section>\n","protected":false},"excerpt":{"rendered":"","protected":false},"author":2,"featured_media":0,"parent":0,"menu_order":0,"comment_status":"closed","ping_status":"closed","template":"","meta":{"footnotes":""},"class_list":["post-286871","page","type-page","status-publish","hentry"],"_links":{"self":[{"href":"https:\/\/hikitec.de\/fr\/wp-json\/wp\/v2\/pages\/286871","targetHints":{"allow":["GET"]}}],"collection":[{"href":"https:\/\/hikitec.de\/fr\/wp-json\/wp\/v2\/pages"}],"about":[{"href":"https:\/\/hikitec.de\/fr\/wp-json\/wp\/v2\/types\/page"}],"author":[{"embeddable":true,"href":"https:\/\/hikitec.de\/fr\/wp-json\/wp\/v2\/users\/2"}],"replies":[{"embeddable":true,"href":"https:\/\/hikitec.de\/fr\/wp-json\/wp\/v2\/comments?post=286871"}],"version-history":[{"count":5,"href":"https:\/\/hikitec.de\/fr\/wp-json\/wp\/v2\/pages\/286871\/revisions"}],"predecessor-version":[{"id":286876,"href":"https:\/\/hikitec.de\/fr\/wp-json\/wp\/v2\/pages\/286871\/revisions\/286876"}],"wp:attachment":[{"href":"https:\/\/hikitec.de\/fr\/wp-json\/wp\/v2\/media?parent=286871"}],"curies":[{"name":"wp","href":"https:\/\/api.w.org\/{rel}","templated":true}]}}