{"id":33726,"date":"2021-03-29T13:12:25","date_gmt":"2021-03-29T11:12:25","guid":{"rendered":"https:\/\/hikitec.de\/garantie\/"},"modified":"2021-03-29T13:12:25","modified_gmt":"2021-03-29T11:12:25","slug":"garantie","status":"publish","type":"page","link":"https:\/\/hikitec.de\/fr\/garantie\/","title":{"rendered":"Garantie"},"content":{"rendered":"<section class=\"av_textblock_section \"  itemscope=\"itemscope\" itemtype=\"https:\/\/schema.org\/CreativeWork\" ><div class='avia_textblock  '   itemprop=\"text\" ><p><strong>Quelle est la garantie ?<\/strong><\/p>\n<\/div><\/section>\n<section class=\"av_textblock_section \"  itemscope=\"itemscope\" itemtype=\"https:\/\/schema.org\/CreativeWork\" ><div class='avia_textblock  '   itemprop=\"text\" ><p><strong>Quelle est la dur\u00e9e de validit\u00e9 de la garantie ?<\/strong><\/p>\n<p>La garantie est de 10 ans pour les cl\u00e9s USB et de 2 ans pour tous les autres produits et est valable \u00e0 partir de la date d&rsquo;\u00e9mission de la facture.<\/p>\n<p><strong>Qu&rsquo;est-ce qui est couvert par la garantie ?<\/strong><\/p>\n<p>La garantie ne couvre pas les dommages caus\u00e9s par la r\u00e9paration ou le remplacement de composants, une utilisation inappropri\u00e9e, des accidents, des modifications du produit, un environnement de fonctionnement inadapt\u00e9 ou un entretien incorrect. Les d\u00e9faillances ou le mauvais fonctionnement sont exclus de la garantie lorsque les produits sont utilis\u00e9s en conjonction avec du mat\u00e9riel professionnel ou personnalis\u00e9 ou utilis\u00e9s dans toute application autre que le stockage g\u00e9n\u00e9ral de donn\u00e9es non critiques.<\/p>\n<p><strong>Y a-t-il une garantie sur tous les produits propos\u00e9s ?<\/strong><\/p>\n<p>Tous les produits propos\u00e9s sont garantis exempts de dommages et de d\u00e9fauts fonctionnels.<\/p>\n<p><strong>Dans quelles circonstances la garantie expire-t-elle ?<\/strong><\/p>\n<p>La preuve d&rsquo;achat ou la date d&rsquo;exp\u00e9dition est requise pour v\u00e9rifier la p\u00e9riode de garantie. La garantie est annul\u00e9e si le produit est modifi\u00e9, utilis\u00e9 de mani\u00e8re incorrecte, rendu inutilisable par un reformatage incorrect, endommag\u00e9 par accident ou par n\u00e9gligence, ou si des pi\u00e8ces sont install\u00e9es ou remplac\u00e9es de mani\u00e8re incorrecte par l&rsquo;utilisateur.<\/p>\n<\/div><\/section>\n<section class=\"av_textblock_section \"  itemscope=\"itemscope\" itemtype=\"https:\/\/schema.org\/CreativeWork\" ><div class='avia_textblock  '   itemprop=\"text\" ><input type=\"button\" value=\"Dos\" class=\"alg_back_button_input \" style=\"\" onclick=\"window.history.back()\" \/>\n<\/div><\/section>\n","protected":false},"excerpt":{"rendered":"","protected":false},"author":2,"featured_media":0,"parent":0,"menu_order":0,"comment_status":"closed","ping_status":"closed","template":"","meta":{"footnotes":""},"class_list":["post-33726","page","type-page","status-publish","hentry"],"_links":{"self":[{"href":"https:\/\/hikitec.de\/fr\/wp-json\/wp\/v2\/pages\/33726","targetHints":{"allow":["GET"]}}],"collection":[{"href":"https:\/\/hikitec.de\/fr\/wp-json\/wp\/v2\/pages"}],"about":[{"href":"https:\/\/hikitec.de\/fr\/wp-json\/wp\/v2\/types\/page"}],"author":[{"embeddable":true,"href":"https:\/\/hikitec.de\/fr\/wp-json\/wp\/v2\/users\/2"}],"replies":[{"embeddable":true,"href":"https:\/\/hikitec.de\/fr\/wp-json\/wp\/v2\/comments?post=33726"}],"version-history":[{"count":2,"href":"https:\/\/hikitec.de\/fr\/wp-json\/wp\/v2\/pages\/33726\/revisions"}],"predecessor-version":[{"id":33728,"href":"https:\/\/hikitec.de\/fr\/wp-json\/wp\/v2\/pages\/33726\/revisions\/33728"}],"wp:attachment":[{"href":"https:\/\/hikitec.de\/fr\/wp-json\/wp\/v2\/media?parent=33726"}],"curies":[{"name":"wp","href":"https:\/\/api.w.org\/{rel}","templated":true}]}}