{"id":33749,"date":"2021-03-29T13:58:47","date_gmt":"2021-03-29T11:58:47","guid":{"rendered":"https:\/\/hikitec.de\/impressum\/"},"modified":"2023-03-01T16:10:11","modified_gmt":"2023-03-01T15:10:11","slug":"mentions-legales","status":"publish","type":"page","link":"https:\/\/hikitec.de\/fr\/mentions-legales\/","title":{"rendered":"Mentions l\u00e9gales"},"content":{"rendered":"<section class=\"av_textblock_section \"  itemscope=\"itemscope\" itemtype=\"https:\/\/schema.org\/CreativeWork\" ><div class='avia_textblock  '   itemprop=\"text\" ><p>HIKITEC GmbH<br \/>\nQuettinger Stra\u00dfe 171<br \/>\n51381 Leverkusen<br \/>\nGermany<\/p>\n<p>T\u00e9l\u00e9phone : +49 (0) 2103 71 54 266<br \/>\nFax: +49 (0) 2103 71 54 259<\/p>\n<p>E-Mail: anfrage@hikitec.de<\/p>\n<p>Director general: Daniel Pitschke<\/p>\n<p>Tribunalul local D\u00fcsseldorf HRB 79996<br \/>\nUst.-ID: DE310612604<\/p>\n<p>Aceast\u0103 amprent\u0103 este valabil\u0103 \u0219i pentru pagina \u00ab\u00a0Google+\u00a0\u00bb https:\/\/www&#8230;&#8230;..<\/p>\n<\/div><\/section>\n<section class=\"av_textblock_section \"  itemscope=\"itemscope\" itemtype=\"https:\/\/schema.org\/CreativeWork\" ><div class='avia_textblock  '   itemprop=\"text\" ><input type=\"button\" value=\"Dos\" class=\"alg_back_button_input \" style=\"\" onclick=\"window.history.back()\" \/>\n<\/div><\/section>\n","protected":false},"excerpt":{"rendered":"","protected":false},"author":2,"featured_media":0,"parent":0,"menu_order":0,"comment_status":"closed","ping_status":"closed","template":"","meta":{"footnotes":""},"class_list":["post-33749","page","type-page","status-publish","hentry"],"_links":{"self":[{"href":"https:\/\/hikitec.de\/fr\/wp-json\/wp\/v2\/pages\/33749","targetHints":{"allow":["GET"]}}],"collection":[{"href":"https:\/\/hikitec.de\/fr\/wp-json\/wp\/v2\/pages"}],"about":[{"href":"https:\/\/hikitec.de\/fr\/wp-json\/wp\/v2\/types\/page"}],"author":[{"embeddable":true,"href":"https:\/\/hikitec.de\/fr\/wp-json\/wp\/v2\/users\/2"}],"replies":[{"embeddable":true,"href":"https:\/\/hikitec.de\/fr\/wp-json\/wp\/v2\/comments?post=33749"}],"version-history":[{"count":5,"href":"https:\/\/hikitec.de\/fr\/wp-json\/wp\/v2\/pages\/33749\/revisions"}],"predecessor-version":[{"id":717694,"href":"https:\/\/hikitec.de\/fr\/wp-json\/wp\/v2\/pages\/33749\/revisions\/717694"}],"wp:attachment":[{"href":"https:\/\/hikitec.de\/fr\/wp-json\/wp\/v2\/media?parent=33749"}],"curies":[{"name":"wp","href":"https:\/\/api.w.org\/{rel}","templated":true}]}}