{"id":347019,"date":"2021-06-17T15:09:22","date_gmt":"2021-06-17T13:09:22","guid":{"rendered":"https:\/\/hikitec.de\/telecharger-les-croquis-des-stands\/"},"modified":"2021-06-25T11:23:44","modified_gmt":"2021-06-25T09:23:44","slug":"telecharger-les-croquis-des-stands","status":"publish","type":"page","link":"https:\/\/hikitec.de\/fr\/telecharger-les-croquis-des-stands\/","title":{"rendered":"T\u00e9l\u00e9charger les croquis des stands"},"content":{"rendered":"\n<style type=\"text\/css\" id=\"style-css-av-kjqnul7-57555e281ae0dd8c76737de86dd0fa25\">\n#top .flex_column.av-kjqnul7-57555e281ae0dd8c76737de86dd0fa25{\nborder-radius:0px;\n-webkit-border-radius:0px;\n-moz-border-radius:0px;\npadding:0px;\n}\n<\/style>\n<div class='flex_column av-kjqnul7-57555e281ae0dd8c76737de86dd0fa25 av_one_half  avia-builder-el-0  el_before_av_one_half  avia-builder-el-first  first flex_column_div av-zero-column-padding '   ><section class=\"av_textblock_section \"  itemscope=\"itemscope\" itemtype=\"https:\/\/schema.org\/CreativeWork\" ><div class='avia_textblock  '   itemprop=\"text\" ><p><img loading=\"lazy\" decoding=\"async\" class=\"aligncenter size-large wp-image-346941\" src=\"https:\/\/hikitec.de\/wp-content\/uploads\/2021\/06\/PDF-1030x304.jpg\" alt=\"\" width=\"1030\" height=\"304\" srcset=\"https:\/\/hikitec.de\/wp-content\/uploads\/2021\/06\/PDF-1030x304.jpg 1030w, https:\/\/hikitec.de\/wp-content\/uploads\/2021\/06\/PDF-300x88.jpg 300w, https:\/\/hikitec.de\/wp-content\/uploads\/2021\/06\/PDF-768x226.jpg 768w, https:\/\/hikitec.de\/wp-content\/uploads\/2021\/06\/PDF-1536x453.jpg 1536w, https:\/\/hikitec.de\/wp-content\/uploads\/2021\/06\/PDF-1500x442.jpg 1500w, https:\/\/hikitec.de\/wp-content\/uploads\/2021\/06\/PDF-705x208.jpg 705w, https:\/\/hikitec.de\/wp-content\/uploads\/2021\/06\/PDF.jpg 1926w\" sizes=\"auto, (max-width: 1030px) 100vw, 1030px\" \/><\/p>\n<\/div><\/section><\/div>\n\n<style type=\"text\/css\" id=\"style-css-av-es060yj-dc5cdaf1c17206afa88efb790440b46c\">\n#top .flex_column.av-es060yj-dc5cdaf1c17206afa88efb790440b46c{\nborder-radius:0px;\n-webkit-border-radius:0px;\n-moz-border-radius:0px;\npadding:0px;\n}\n<\/style>\n<div class='flex_column av-es060yj-dc5cdaf1c17206afa88efb790440b46c av_one_half  avia-builder-el-2  el_after_av_one_half  el_before_av_one_half  flex_column_div av-zero-column-padding '   ><form action=\"https:\/\/hikitec.de\/fr\/telecharger-les-croquis-des-stands\/\" method=\"post\"  class=\"avia_ajax_form av-form-labels-visible   avia-builder-el-3  avia-builder-el-no-sibling   \" data-avia-form-id=\"1\" data-avia-redirect='' ><h3 class=''>T\u00e9l\u00e9charger le lien croquis de stand PDF<\/h3><fieldset><p class='  first_form  form_element form_fullwidth' id='element_avia_1_1'><label for=\"avia_1_1\">Entreprise <abbr class=\"required\" title=\"requis(e)\">*<\/abbr><\/label> <input name=\"avia_1_1\" class=\"text_input is_empty\" type=\"text\" id=\"avia_1_1\" value=\"\" \/><\/p><p class='  first_form  form_element form_element_third' id='element_avia_2_1'><label for=\"avia_2_1\">Salutation <abbr class=\"required\" title=\"requis(e)\">*<\/abbr><\/label> <input name=\"avia_2_1\" class=\"text_input is_empty\" type=\"text\" id=\"avia_2_1\" value=\"\" \/><\/p><p class='  form_element form_element_third' id='element_avia_3_1'><label for=\"avia_3_1\">Pr\u00e9nom <abbr class=\"required\" title=\"requis(e)\">*<\/abbr><\/label> <input name=\"avia_3_1\" class=\"text_input is_empty\" type=\"text\" id=\"avia_3_1\" value=\"\" \/><\/p><p class='  form_element form_element_third' id='element_avia_4_1'><label for=\"avia_4_1\">Nom de famille<\/label> <input name=\"avia_4_1\" class=\"text_input \" type=\"text\" id=\"avia_4_1\" value=\"\" \/><\/p><p class='  first_form  form_element form_fullwidth' id='element_avia_5_1'><label for=\"avia_5_1\">Courriel : <abbr class=\"required\" title=\"requis(e)\">*<\/abbr><\/label> <input name=\"avia_5_1\" class=\"text_input is_email\" type=\"text\" id=\"avia_5_1\" value=\"\" \/><\/p><p class=' first_form  form_element form_fullwidth' id='element_avia_6_1'>    <input  name=\"avia_6_1\" class=\"input_checkbox is_empty\" type=\"checkbox\" id=\"avia_6_1\" value=\"true\"\/><label class=\"input_checkbox_label\" for=\"avia_6_1\">J\u2019ai lu et pris note des termes et conditions. <abbr class=\"required\" title=\"requis(e)\">*<\/abbr><\/label><\/p><p class=' first_form  form_element form_fullwidth' id='element_avia_7_1'>    <input  name=\"avia_7_1\" class=\"input_checkbox is_empty\" type=\"checkbox\" id=\"avia_7_1\" value=\"true\"\/><label class=\"input_checkbox_label\" for=\"avia_7_1\">J\u2019ai lu et pris note de l\u2019avis sur la protection des donn\u00e9es. <abbr class=\"required\" title=\"requis(e)\">*<\/abbr><\/label><\/p><div id='avia_8_1' class='av-form-text'><p>\n<a href=\"http:\/\/hikitec.de\/datenschutz\/\"><strong>* L&rsquo;avis de confidentialit\u00e9,<\/strong><\/a> <a href=\"https:\/\/hikitec.de\/agb\/?lang=fr\"><strong>J&rsquo;ai pris connaissance et j&rsquo;accepte les conditions g\u00e9n\u00e9rales de HIKITEC GmbH ainsi que les informations sur la r\u00e9vocation.<\/strong><\/a><\/p>\n<p>Compact : Informations sur la protection des donn\u00e9es Votre adresse e-mail ne sera utilis\u00e9e que dans le but de r\u00e9pondre \u00e0 votre demande de HIKITEC. Il s&rsquo;agit d&rsquo;informations sur les produits, les promotions saisonni\u00e8res ou les nouvelles versions. Votre adresse \u00e9lectronique ne sera jamais transmise \u00e0 des tiers \u00e0 des fins publicitaires et ne sera utilis\u00e9e que dans le cadre de l&rsquo;envoi de la newsletter.<\/p>\n<\/div><p class=\"hidden\"><input type=\"text\" name=\"avia_9_1\" class=\"hidden \" id=\"avia_9_1\" value=\"\" \/><\/p><p class='   form_element form_fullwidth' id='element_avia_10_1'><span class='value_verifier_label'>6 + 1 = ?<\/span><input name=\"avia_10_1_verifier\" type=\"hidden\" id=\"avia_10_1_verifier\" value=\"671518751\"\/><label for=\"avia_10_1\">Merci de prouver que vous \u00eates un humain en donnant le r\u00e9sultat de cette op\u00e9ration <abbr class=\"required\" title=\"requis(e)\">*<\/abbr><\/label><input name=\"avia_10_1\" class=\"text_input captcha\" type=\"text\" id=\"avia_10_1\" value=\"\"\/><\/p><p class=\"form_element \"><input type=\"hidden\" value=\"1\" name=\"avia_generated_form1\" \/><input type=\"submit\" value=\"T\u00e9l\u00e9charger anfordern\" class=\"button\"  data-sending-label=\"Envoi\"\/><\/p><\/fieldset><\/form><div id=\"ajaxresponse_1\" class=\"ajaxresponse ajaxresponse_1 hidden\"><\/div><\/div>\n<style type=\"text\/css\" id=\"style-css-av-cfyh4nv-b791dbf948e6eb6b5376bec13aab959d\">\n#top .flex_column.av-cfyh4nv-b791dbf948e6eb6b5376bec13aab959d{\nborder-radius:0px;\n-webkit-border-radius:0px;\n-moz-border-radius:0px;\npadding:0px;\n}\n<\/style>\n<div class='flex_column av-cfyh4nv-b791dbf948e6eb6b5376bec13aab959d av_one_half  avia-builder-el-4  el_after_av_one_half  el_before_av_one_half  first flex_column_div av-zero-column-padding column-top-margin'   ><\/div><\/p>\n\n<style type=\"text\/css\" id=\"style-css-av-7i2mpy3-da665a18f044c3f4146358c6ce5bb78b\">\n#top .flex_column.av-7i2mpy3-da665a18f044c3f4146358c6ce5bb78b{\nborder-radius:0px;\n-webkit-border-radius:0px;\n-moz-border-radius:0px;\npadding:0px;\n}\n<\/style>\n<div class='flex_column av-7i2mpy3-da665a18f044c3f4146358c6ce5bb78b av_one_half  avia-builder-el-5  el_after_av_one_half  el_before_av_one_full  flex_column_div av-zero-column-padding column-top-margin'   ><\/div>\n\n<style type=\"text\/css\" id=\"style-css-av-5dcoumz-7eaa25af527310aa359909c4f8ef2111\">\n#top .flex_column.av-5dcoumz-7eaa25af527310aa359909c4f8ef2111{\nborder-radius:0px;\n-webkit-border-radius:0px;\n-moz-border-radius:0px;\npadding:0px;\n}\n<\/style>\n<div class='flex_column av-5dcoumz-7eaa25af527310aa359909c4f8ef2111 av_one_full  avia-builder-el-6  el_after_av_one_half  avia-builder-el-last  first flex_column_div av-zero-column-padding column-top-margin'   ><section class=\"av_textblock_section \"  itemscope=\"itemscope\" itemtype=\"https:\/\/schema.org\/CreativeWork\" ><div class='avia_textblock  '   itemprop=\"text\" ><input type=\"button\" value=\"Dos\" class=\"alg_back_button_input \" style=\"\" onclick=\"window.history.back()\" \/>\n<\/div><\/section><\/div>\n","protected":false},"excerpt":{"rendered":"","protected":false},"author":2,"featured_media":0,"parent":0,"menu_order":0,"comment_status":"closed","ping_status":"closed","template":"","meta":{"footnotes":""},"class_list":["post-347019","page","type-page","status-publish","hentry"],"_links":{"self":[{"href":"https:\/\/hikitec.de\/fr\/wp-json\/wp\/v2\/pages\/347019","targetHints":{"allow":["GET"]}}],"collection":[{"href":"https:\/\/hikitec.de\/fr\/wp-json\/wp\/v2\/pages"}],"about":[{"href":"https:\/\/hikitec.de\/fr\/wp-json\/wp\/v2\/types\/page"}],"author":[{"embeddable":true,"href":"https:\/\/hikitec.de\/fr\/wp-json\/wp\/v2\/users\/2"}],"replies":[{"embeddable":true,"href":"https:\/\/hikitec.de\/fr\/wp-json\/wp\/v2\/comments?post=347019"}],"version-history":[{"count":13,"href":"https:\/\/hikitec.de\/fr\/wp-json\/wp\/v2\/pages\/347019\/revisions"}],"predecessor-version":[{"id":383614,"href":"https:\/\/hikitec.de\/fr\/wp-json\/wp\/v2\/pages\/347019\/revisions\/383614"}],"wp:attachment":[{"href":"https:\/\/hikitec.de\/fr\/wp-json\/wp\/v2\/media?parent=347019"}],"curies":[{"name":"wp","href":"https:\/\/api.w.org\/{rel}","templated":true}]}}