{"id":42056,"date":"2021-03-29T15:09:01","date_gmt":"2021-03-29T13:09:01","guid":{"rendered":"https:\/\/hikitec.de\/donnees-imprimables\/"},"modified":"2021-03-29T15:09:04","modified_gmt":"2021-03-29T13:09:04","slug":"donnees-imprimables","status":"publish","type":"page","link":"https:\/\/hikitec.de\/fr\/donnees-imprimables\/","title":{"rendered":"donn\u00e9es imprimables"},"content":{"rendered":"<section class=\"av_textblock_section \"  itemscope=\"itemscope\" itemtype=\"https:\/\/schema.org\/CreativeWork\" ><div class='avia_textblock  '   itemprop=\"text\" ><p><strong>Pouvons-nous vous aider si vous n&rsquo;avez pas de donn\u00e9es imprimables ?<\/strong><\/p>\n<\/div><\/section>\n<section class=\"av_textblock_section \"  itemscope=\"itemscope\" itemtype=\"https:\/\/schema.org\/CreativeWork\" ><div class='avia_textblock  '   itemprop=\"text\" ><p>Oui. Nous sommes heureux d&rsquo;offrir ce service. Envoyez-nous votre logo et nous le vectoriserons pour vous moyennant des frais.<\/p>\n<p>Vectorisation \u00e0 l&rsquo;aide d&rsquo;un outil en ligne &#8211; C&rsquo;est l&rsquo;option la plus simple.<\/p>\n<p><strong>Attention :<\/strong> les outils de vectorisation en ligne ne peuvent \u00eatre utilis\u00e9s que pour les gravures au laser et les s\u00e9rigraphies et tampons monochromes.<\/p>\n<p>N&rsquo;oubliez pas de sp\u00e9cifier les num\u00e9ros de couleur dans le programme de mise en page. Dans nos tests, le service gratuit \u00ab\u00a0<a href=\"https:\/\/www.vectorization.org\/\">Vectorization.org<\/a>\u00a0\u00bb a obtenu des r\u00e9sultats relativement bons<\/p>\n<p>Tra\u00e7age manuel avec des programmes hors ligne. Si vous n&rsquo;\u00eates pas satisfait du r\u00e9sultat de l&rsquo;outil de vectorisation en ligne, vous pouvez \u00e9galement tracer des graphiques en pixels avec des programmes vectoriels tels qu&rsquo;Adobe Illustrator ou Inkscape.<\/p>\n<p>Mise en service d&rsquo;une agence sp\u00e9ciale pour les vecteurs. Sinon, il peut \u00eatre judicieux de faire appel \u00e0 une agence professionnelle pour effectuer la vectorisation. Sinon, il peut \u00eatre judicieux de faire appel \u00e0 une agence professionnelle pour effectuer la vectorisation.<\/p>\n<\/div><\/section>\n<section class=\"av_textblock_section \"  itemscope=\"itemscope\" itemtype=\"https:\/\/schema.org\/CreativeWork\" ><div class='avia_textblock  '   itemprop=\"text\" ><input type=\"button\" value=\"Dos\" class=\"alg_back_button_input \" style=\"\" onclick=\"window.history.back()\" \/>\n<\/div><\/section>\n","protected":false},"excerpt":{"rendered":"","protected":false},"author":2,"featured_media":0,"parent":0,"menu_order":0,"comment_status":"closed","ping_status":"closed","template":"","meta":{"footnotes":""},"class_list":["post-42056","page","type-page","status-publish","hentry"],"_links":{"self":[{"href":"https:\/\/hikitec.de\/fr\/wp-json\/wp\/v2\/pages\/42056","targetHints":{"allow":["GET"]}}],"collection":[{"href":"https:\/\/hikitec.de\/fr\/wp-json\/wp\/v2\/pages"}],"about":[{"href":"https:\/\/hikitec.de\/fr\/wp-json\/wp\/v2\/types\/page"}],"author":[{"embeddable":true,"href":"https:\/\/hikitec.de\/fr\/wp-json\/wp\/v2\/users\/2"}],"replies":[{"embeddable":true,"href":"https:\/\/hikitec.de\/fr\/wp-json\/wp\/v2\/comments?post=42056"}],"version-history":[{"count":5,"href":"https:\/\/hikitec.de\/fr\/wp-json\/wp\/v2\/pages\/42056\/revisions"}],"predecessor-version":[{"id":42070,"href":"https:\/\/hikitec.de\/fr\/wp-json\/wp\/v2\/pages\/42056\/revisions\/42070"}],"wp:attachment":[{"href":"https:\/\/hikitec.de\/fr\/wp-json\/wp\/v2\/media?parent=42056"}],"curies":[{"name":"wp","href":"https:\/\/api.w.org\/{rel}","templated":true}]}}