{"id":56534,"date":"2021-03-30T10:21:56","date_gmt":"2021-03-30T08:21:56","guid":{"rendered":"https:\/\/hikitec.de\/enregistrement-des-donnees\/"},"modified":"2021-03-30T10:21:58","modified_gmt":"2021-03-30T08:21:58","slug":"enregistrement-des-donnees","status":"publish","type":"page","link":"https:\/\/hikitec.de\/fr\/enregistrement-des-donnees\/","title":{"rendered":"Enregistrement des donn\u00e9es"},"content":{"rendered":"\n<style type=\"text\/css\" id=\"style-css-av-1duggy-4f1643736bc77dd1debbdad9c9106241\">\n#top .flex_column.av-1duggy-4f1643736bc77dd1debbdad9c9106241{\nborder-radius:0px;\n-webkit-border-radius:0px;\n-moz-border-radius:0px;\npadding:0px;\n}\n<\/style>\n<div class='flex_column av-1duggy-4f1643736bc77dd1debbdad9c9106241 av_one_full  avia-builder-el-0  el_before_av_one_full  avia-builder-el-first  first flex_column_div av-zero-column-padding '   ><section class=\"av_textblock_section \"  itemscope=\"itemscope\" itemtype=\"https:\/\/schema.org\/CreativeWork\" ><div class='avia_textblock  '   itemprop=\"text\" ><p><strong>Enregistrement de donn\u00e9es sur des cl\u00e9s USB<br \/>\n<\/strong><\/p>\n<p>Les cl\u00e9s USB peuvent \u00eatre enregistr\u00e9es par nous avec des donn\u00e9es individuelles (catalogue ; photos ; etc.) sans aucun probl\u00e8me. Votre b\u00e2ton avec des donn\u00e9es individuelles est une alternative rentable \u00e0 une brochure publicitaire en papier. Une cl\u00e9 USB avec enregistrement de donn\u00e9es est plus durable qu&rsquo;un message papier, car lorsque le client supprime les donn\u00e9es, il continue \u00e0 utiliser votre cl\u00e9 USB avec votre message publicitaire. Le papier, quant \u00e0 lui, finira \u00e0 la poubelle au bout de peu de temps. Nous proposons \u00e9galement \u00e0 nos clients d&rsquo;enregistrer chaque cl\u00e9 USB individuellement et de traiter vos donn\u00e9es de mani\u00e8re strictement confidentielle. N&rsquo;h\u00e9sitez pas \u00e0 contacter l&rsquo;\u00e9quipe de HIKITEC GmbH.<\/p>\n<p>Nous chargeons vos donn\u00e9es sur la cl\u00e9 USB que nous avons produite <u>ou<\/u> vous nous fournissez votre cl\u00e9 USB et nous les enregistrons ensuite. Envoyez-nous avec votre commande (ou m\u00eame quelques jours plus tard) les donn\u00e9es par e-mail\/FTP\/lien de t\u00e9l\u00e9chargement ou <a href=\"https:\/\/wetransfer.com\/\" target=\"_blank\" rel=\"noopener\"><img loading=\"lazy\" decoding=\"async\" class=\"alignnone size-full wp-image-9014\" src=\"https:\/\/hikitec.de\/wp-content\/uploads\/2020\/05\/wetransfer.gif\" alt=\"\" width=\"102\" height=\"18\"><\/a> et nous alimenterons votre cl\u00e9 USB. Simple, s\u00fbr et rapide.<\/p>\n<\/div><\/section><\/div>\n\n<style type=\"text\/css\" id=\"style-css-av-13m7iy-22fa7a734fd720b59842470314828c86\">\n#top .flex_column.av-13m7iy-22fa7a734fd720b59842470314828c86{\nborder-radius:0px;\n-webkit-border-radius:0px;\n-moz-border-radius:0px;\npadding:0px;\n}\n<\/style>\n<div class='flex_column av-13m7iy-22fa7a734fd720b59842470314828c86 av_one_full  avia-builder-el-2  el_after_av_one_full  el_before_av_one_full  first flex_column_div av-zero-column-padding column-top-margin'   ><section class=\"av_textblock_section \"  itemscope=\"itemscope\" itemtype=\"https:\/\/schema.org\/CreativeWork\" ><div class='avia_textblock  '   itemprop=\"text\" ><p><strong>Table des mati\u00e8res<\/strong><\/p>\n<ul>\n<li><a href=\"#DPC\"><strong>Enregistrer les donn\u00e9es en production<\/strong><\/a><\/li>\n<li><a href=\"#DIDBL\"><strong>Enregistrement des donn\u00e9es en Allemagne<\/strong><\/a><\/li>\n<li><a href=\"#VDD\"><strong>Donn\u00e9es confidentielles enregistr\u00e9es en Allemagne<\/strong><\/a><\/li>\n<li><a href=\"#DLA\"><strong>T\u00e9l\u00e9chargement de donn\u00e9es effa\u00e7ables<\/strong><\/a><\/li>\n<li><a href=\"#DUA\"><strong>Importation de donn\u00e9es de mani\u00e8re ind\u00e9l\u00e9bile<\/strong><\/a><\/li>\n<li><a href=\"#LWN\"><strong>\u00c9tiquetage du nom du lecteur<\/strong><\/a><\/li>\n<\/ul>\n<\/div><\/section><\/div>\n\n<style type=\"text\/css\" id=\"style-css-av-13m7iy-22fa7a734fd720b59842470314828c86\">\n#top .flex_column.av-13m7iy-22fa7a734fd720b59842470314828c86{\nborder-radius:0px;\n-webkit-border-radius:0px;\n-moz-border-radius:0px;\npadding:0px;\n}\n<\/style>\n<div class='flex_column av-13m7iy-22fa7a734fd720b59842470314828c86 av_one_full  avia-builder-el-4  el_after_av_one_full  el_before_av_one_full  first flex_column_div av-zero-column-padding column-top-margin'   ><section class=\"av_textblock_section \"  itemscope=\"itemscope\" itemtype=\"https:\/\/schema.org\/CreativeWork\" ><div class='avia_textblock  '   itemprop=\"text\" ><p id=\"DPC\" class=\"pt-20\"><strong>Enregistrement des donn\u00e9es en production<\/strong><\/p>\n<p>Envoyez-nous avec vos donn\u00e9es (ou m\u00eame quelques jours plus tard) les donn\u00e9es par e-mail\/FTP\/lien de t\u00e9l\u00e9chargement ou <a class=\"alignnone\" href=\"https:\/\/wetransfer.com\/\" target=\"_blank\" rel=\"noopener\"><img loading=\"lazy\" decoding=\"async\" class=\"alignnone size-full wp-image-9014\" src=\"https:\/\/hikitec.de\/wp-content\/uploads\/2020\/05\/wetransfer.gif\" alt=\"\" width=\"102\" height=\"18\"><\/a> et nous alimenterons votre cl\u00e9 USB. Simple, s\u00fbr et rapide.<\/p>\n<p><strong>Dur\u00e9e<\/strong><\/p>\n<p>Le chargement des donn\u00e9es <u>ne<\/u> prolonge pas le temps de production !<\/p>\n<\/div><\/section><\/div>\n\n<style type=\"text\/css\" id=\"style-css-av-13m7iy-22fa7a734fd720b59842470314828c86\">\n#top .flex_column.av-13m7iy-22fa7a734fd720b59842470314828c86{\nborder-radius:0px;\n-webkit-border-radius:0px;\n-moz-border-radius:0px;\npadding:0px;\n}\n<\/style>\n<div class='flex_column av-13m7iy-22fa7a734fd720b59842470314828c86 av_one_full  avia-builder-el-6  el_after_av_one_full  el_before_av_one_full  first flex_column_div av-zero-column-padding column-top-margin'   ><section class=\"av_textblock_section \"  itemscope=\"itemscope\" itemtype=\"https:\/\/schema.org\/CreativeWork\" ><div class='avia_textblock  '   itemprop=\"text\" ><p id=\"DIDBL\" class=\"pt-20\"><strong>Donn\u00e9es record en Allemagne<\/strong><\/p>\n<p>Vous nous envoyez vos cl\u00e9s USB, dont <u>une<\/u> doit d\u00e9j\u00e0 \u00eatre enregistr\u00e9e avec les donn\u00e9es souhait\u00e9es, la <strong>cl\u00e9 USB dite ma\u00eetre<\/strong>. Nous r\u00e9p\u00e9tons cette op\u00e9ration pour toutes les autres cl\u00e9s USB, en v\u00e9rifiant \u00e0 nouveau l&rsquo;exactitude et la lisibilit\u00e9 de la cl\u00e9 USB. Nous trions les cl\u00e9s USB d\u00e9fectueuses en cons\u00e9quence.<\/p>\n<p><strong>Dur\u00e9e<\/strong><\/p>\n<p>Le temps de jeu r\u00e9gulier est de 3 jours ouvrables par 5000 pi\u00e8ces (selon la taille des donn\u00e9es et l&#8217;emballage). Veillez \u00e0 nous informer en temps utile de toute date de jeu \u00e0 venir. Productions express (le m\u00eame jour) sur demande. Les lots d&rsquo;\u00e9chantillons r\u00e9guliers et plus petits en requi\u00e8rent g\u00e9n\u00e9ralement un, au maximum. deux jours ouvrables.<\/p>\n<p>Vous nous envoyez vos propres cl\u00e9s USB et nous transf\u00e9rons vos donn\u00e9es sur votre support de stockage.<br \/>\nLes donn\u00e9es sont ensuite compar\u00e9es (v\u00e9rifi\u00e9es) avec l&rsquo;original. Les supports d\u00e9fectueux sont d\u00e9tect\u00e9s, tri\u00e9s et emball\u00e9s s\u00e9par\u00e9ment.<\/p>\n<p>Processus de production<strong><br \/>\n<\/strong><\/p>\n<p>1. vous annoncez votre commande \u00e0 l&rsquo;avance.<br \/>\n2. vous nous envoyez vos supports de donn\u00e9es le plus t\u00f4t possible.<br \/>\n3. Nous d\u00e9ballons chaque cl\u00e9 USB.<br \/>\n4. Nous soumettons 2 \u00e0 3 cl\u00e9s USB \u00e0 un court test de fonctionnement.<br \/>\n5. vous nous envoyez vos donn\u00e9es de copie en ligne ou par courrier.<br \/>\n6. nous cr\u00e9ons une cl\u00e9 USB ma\u00eetre si n\u00e9cessaire.<br \/>\n7. vous nous donnez l&rsquo;autorisation sur la base d&rsquo;un fichier test ou d&rsquo;un \u00e9chantillon de donn\u00e9es.<br \/>\n8. Nous copions et testons les b\u00e2tons.<br \/>\n9. Nous allons assembler et emballer les b\u00e2tons.<br \/>\n10. exp\u00e9dition \u00e0 vous ou directement \u00e0 votre client.<\/p>\n<\/div><\/section><\/div>\n\n<style type=\"text\/css\" id=\"style-css-av-zdim2-2cfa4d4eb3959b3e9ca4fc8611307c8d\">\n#top .flex_column.av-zdim2-2cfa4d4eb3959b3e9ca4fc8611307c8d{\nborder-radius:0px;\n-webkit-border-radius:0px;\n-moz-border-radius:0px;\npadding:0px;\n}\n<\/style>\n<div class='flex_column av-zdim2-2cfa4d4eb3959b3e9ca4fc8611307c8d av_one_full  avia-builder-el-8  el_after_av_one_full  el_before_av_one_full  first flex_column_div av-zero-column-padding column-top-margin'   ><section class=\"av_textblock_section \"  itemscope=\"itemscope\" itemtype=\"https:\/\/schema.org\/CreativeWork\" ><div class='avia_textblock  '   itemprop=\"text\" ><p><a id=\"VDD\"><\/a><strong>Donn\u00e9es confidentielles enregistr\u00e9es en Allemagne<\/strong><\/p>\n<p>Vous avez des donn\u00e9es confidentielles et tr\u00e8s importantes qui doivent \u00eatre transf\u00e9r\u00e9es sur une cl\u00e9 USB ? Nous sommes heureux de vous offrir ce service sp\u00e9cial. Vous nous envoyez vos cl\u00e9s USB, dont <u>une<\/u> doit d\u00e9j\u00e0 \u00eatre enregistr\u00e9e avec les donn\u00e9es souhait\u00e9es, la <strong>cl\u00e9 USB dite ma\u00eetre<\/strong>. (pas via dropbox, wetransfer ou tout autre service public). Nous r\u00e9p\u00e9tons cette op\u00e9ration pour toutes les autres cl\u00e9s USB, en v\u00e9rifiant \u00e0 nouveau l&rsquo;exactitude et la lisibilit\u00e9 de la cl\u00e9 USB. Nous trions les cl\u00e9s USB d\u00e9fectueuses en cons\u00e9quence. Nous ne copions pas vos donn\u00e9es localement sur un ordinateur et nous ne cr\u00e9ons pas de cl\u00e9 USB principale. Vos donn\u00e9es n&rsquo;ont aucun contact avec notre r\u00e9seau et\/ou sont stock\u00e9es par nous localement sur des ordinateurs. Le jour de l&rsquo;enregistrement, une personne responsable est d\u00e9sign\u00e9e pour s&rsquo;occuper de l&rsquo;enregistrement et de la cl\u00e9 USB ma\u00eetre. Cette personne suit l&rsquo;enregistrement jusqu&rsquo;\u00e0 l&rsquo;exp\u00e9dition. Cela nous permet de garantir un processus sans faille de notre part. Nous sommes \u00e9galement heureux de signer un accord de non-divulgation de votre part.<\/p>\n<p><strong>Dur\u00e9e<\/strong><\/p>\n<p>Le temps de jeu r\u00e9gulier est de 3 jours ouvrables par 5000 pi\u00e8ces (selon la taille des donn\u00e9es et l&#8217;emballage). Veillez \u00e0 nous informer en temps utile de toute date de jeu \u00e0 venir. Productions express (le m\u00eame jour) sur demande. Les lots d&rsquo;\u00e9chantillons r\u00e9guliers et plus petits en requi\u00e8rent g\u00e9n\u00e9ralement un, au maximum. deux jours ouvrables.<\/p>\n<p>Vous nous envoyez vos propres cl\u00e9s USB et nous transf\u00e9rons vos donn\u00e9es sur votre support de stockage.<br \/>\nLes donn\u00e9es sont ensuite compar\u00e9es (v\u00e9rifi\u00e9es) avec l&rsquo;original. Les supports d\u00e9fectueux sont d\u00e9tect\u00e9s, tri\u00e9s et emball\u00e9s s\u00e9par\u00e9ment.<\/p>\n<p><strong>Processus de production<br \/>\n<\/strong><\/p>\n<p>1. vous annoncez votre commande \u00e0 l&rsquo;avance.<br \/>\n2. vous nous envoyez vos supports de donn\u00e9es le plus t\u00f4t possible.<br \/>\n3. Nous d\u00e9ballons chaque cl\u00e9 USB.<br \/>\n4. Nous soumettons 2 \u00e0 3 cl\u00e9s USB \u00e0 un court test de fonctionnement.<br \/>\n5. Vous nous envoyez votre cl\u00e9 USB ma\u00eetre.<br \/>\n6. Nous copions et v\u00e9rifions les b\u00e2tonnets.<br \/>\n7. Nous allons assembler et emballer les b\u00e2tons.<br \/>\n8. exp\u00e9dition \u00e0 vous ou directement \u00e0 votre client.<\/p>\n<\/div><\/section><\/div>\n\n<style type=\"text\/css\" id=\"style-css-av-qoyaq-c6ce64bab3e42d2b29105200dbaebcf9\">\n#top .flex_column.av-qoyaq-c6ce64bab3e42d2b29105200dbaebcf9{\nborder-radius:0px;\n-webkit-border-radius:0px;\n-moz-border-radius:0px;\npadding:0px;\n}\n<\/style>\n<div class='flex_column av-qoyaq-c6ce64bab3e42d2b29105200dbaebcf9 av_one_full  avia-builder-el-10  el_after_av_one_full  el_before_av_one_full  first flex_column_div av-zero-column-padding column-top-margin'   ><section class=\"av_textblock_section \"  itemscope=\"itemscope\" itemtype=\"https:\/\/schema.org\/CreativeWork\" ><div class='avia_textblock  '   itemprop=\"text\" ><p><a id=\"DLA\"><\/a><strong>Herunterladen von l\u00f6schbaren Daten<\/strong><\/p>\n<p>L&rsquo;utilisateur final re\u00e7oit un b\u00e2ton, avec vos donn\u00e9es individuelles, dont le client peut disposer\/d\u00e9cider librement.<\/p>\n<\/div><\/section><\/div>\n\n<style type=\"text\/css\" id=\"style-css-av-nh4jm-bc85565081e976db16930af39a6652e0\">\n#top .flex_column.av-nh4jm-bc85565081e976db16930af39a6652e0{\nborder-radius:0px;\n-webkit-border-radius:0px;\n-moz-border-radius:0px;\npadding:0px;\n}\n<\/style>\n<div class='flex_column av-nh4jm-bc85565081e976db16930af39a6652e0 av_one_full  avia-builder-el-12  el_after_av_one_full  el_before_av_one_full  first flex_column_div av-zero-column-padding column-top-margin'   ><section class=\"av_textblock_section \"  itemscope=\"itemscope\" itemtype=\"https:\/\/schema.org\/CreativeWork\" ><div class='avia_textblock  '   itemprop=\"text\" ><p><a id=\"DUA\"><\/a><strong>Unausl\u00f6schlicher Datenimport<\/strong><\/p>\n<p>Deux partitions sont cr\u00e9\u00e9es dans la cl\u00e9 USB. Une partition est cr\u00e9\u00e9e comme un lecteur en lecture seule. Ce lecteur a la m\u00eame fonction qu&rsquo;un CD ou un DVD, qui est \u00e9galement prot\u00e9g\u00e9 par une formation. La m\u00e9moire libre restante est format\u00e9e comme un lecteur Write &amp; Read, l&rsquo;utilisateur peut disposer librement de cette deuxi\u00e8me partition et y stocker ses donn\u00e9es personnelles, supprimer et formater cette partition si n\u00e9cessaire.<\/p>\n<p>Veuillez noter que nous enregistrons les cl\u00e9s USB avec les donn\u00e9es ex works et les partitionnons directement. Un partage ult\u00e9rieur en Allemagne n&rsquo;est <u>pas possible<\/u>.<\/p>\n<\/div><\/section><\/div>\n\n<style type=\"text\/css\" id=\"style-css-av-eb78a-94656ec42f31d4e0eb53b968cbf58313\">\n#top .flex_column.av-eb78a-94656ec42f31d4e0eb53b968cbf58313{\nborder-radius:0px;\n-webkit-border-radius:0px;\n-moz-border-radius:0px;\npadding:0px;\n}\n<\/style>\n<div class='flex_column av-eb78a-94656ec42f31d4e0eb53b968cbf58313 av_one_full  avia-builder-el-14  el_after_av_one_full  el_before_av_one_full  first flex_column_div av-zero-column-padding column-top-margin'   ><section class=\"av_textblock_section \"  itemscope=\"itemscope\" itemtype=\"https:\/\/schema.org\/CreativeWork\" ><div class='avia_textblock  '   itemprop=\"text\" ><p><a id=\"LWN\"><\/a><strong>\u00c9tiquette du lecteur<\/strong><\/p>\n<p>Avec l&rsquo;\u00e9tiquetage des lecteurs, vous pouvez d\u00e9finir \u00e0 l&rsquo;avance comment les cl\u00e9s USB doivent \u00eatre affich\u00e9es sur le PC sous forme de nom. Ainsi, le client sait exactement lequel est le sien, m\u00eame s&rsquo;il utilise plusieurs b\u00e2tons. Veuillez noter que seuls <strong>11 caract\u00e8res<\/strong> sont disponibles. La longueur r\u00e9sulte des anciennes conventions de nommage \u00e0 l&rsquo;\u00e9poque du DOS : 8+3=11 caract\u00e8res. Le seul caract\u00e8re sp\u00e9cial autoris\u00e9 est le trait de soulignement \u00ab\u00a0_\u00a0\u00bb.<\/p>\n<\/div><\/section><\/div>\n\n<style type=\"text\/css\" id=\"style-css-av-7me8y-939388d2d40753a90d0a46e0acca8803\">\n#top .flex_column.av-7me8y-939388d2d40753a90d0a46e0acca8803{\nborder-radius:0px;\n-webkit-border-radius:0px;\n-moz-border-radius:0px;\npadding:0px;\n}\n<\/style>\n<div class='flex_column av-7me8y-939388d2d40753a90d0a46e0acca8803 av_one_full  avia-builder-el-16  el_after_av_one_full  el_before_av_textblock  first flex_column_div av-zero-column-padding column-top-margin'   ><section class=\"av_textblock_section \"  itemscope=\"itemscope\" itemtype=\"https:\/\/schema.org\/CreativeWork\" ><div class='avia_textblock  '   itemprop=\"text\" ><p><strong>Recommandation<\/strong><\/p>\n<p>Les noms de fichiers \/ nommage ne peuvent pas contenir de caract\u00e8res sp\u00e9ciaux, car les caract\u00e8res sp\u00e9ciaux sont toutes les lettres et tous les caract\u00e8res au-del\u00e0 des 26 lettres de base de l&rsquo;alphabet latin. Il s&rsquo;agit de symboles (\u00a7 \/ # $ % [ } + @ \u20ac &#8230;) ainsi que de lettres suppl\u00e9mentaires (\u00f0 ? ? ? ? \u00fe &#8230;), de ligatures de deux lettres (&amp; \u00df \u00e6 \u0153 &#8230;) et surtout de lettres comportant des signes diacritiques (\u00fc \u00e1 \u00f4 \u00e8 \u00f1 \u00e5 \u00e7 \u00f8 \u0161 ? ? ? ? &#8230;). Veuillez noter que les donn\u00e9es doivent \u00eatre multilingues !<\/p>\n<\/div><\/section><\/div>\n<section class=\"av_textblock_section \"  itemscope=\"itemscope\" itemtype=\"https:\/\/schema.org\/CreativeWork\" ><div class='avia_textblock  '   itemprop=\"text\" ><input type=\"button\" value=\"Dos\" class=\"alg_back_button_input \" style=\"\" onclick=\"window.history.back()\" \/>\n<\/div><\/section>\n","protected":false},"excerpt":{"rendered":"","protected":false},"author":2,"featured_media":0,"parent":0,"menu_order":0,"comment_status":"closed","ping_status":"closed","template":"","meta":{"footnotes":""},"class_list":["post-56534","page","type-page","status-publish","hentry"],"_links":{"self":[{"href":"https:\/\/hikitec.de\/fr\/wp-json\/wp\/v2\/pages\/56534","targetHints":{"allow":["GET"]}}],"collection":[{"href":"https:\/\/hikitec.de\/fr\/wp-json\/wp\/v2\/pages"}],"about":[{"href":"https:\/\/hikitec.de\/fr\/wp-json\/wp\/v2\/types\/page"}],"author":[{"embeddable":true,"href":"https:\/\/hikitec.de\/fr\/wp-json\/wp\/v2\/users\/2"}],"replies":[{"embeddable":true,"href":"https:\/\/hikitec.de\/fr\/wp-json\/wp\/v2\/comments?post=56534"}],"version-history":[{"count":5,"href":"https:\/\/hikitec.de\/fr\/wp-json\/wp\/v2\/pages\/56534\/revisions"}],"predecessor-version":[{"id":56540,"href":"https:\/\/hikitec.de\/fr\/wp-json\/wp\/v2\/pages\/56534\/revisions\/56540"}],"wp:attachment":[{"href":"https:\/\/hikitec.de\/fr\/wp-json\/wp\/v2\/media?parent=56534"}],"curies":[{"name":"wp","href":"https:\/\/api.w.org\/{rel}","templated":true}]}}