{"id":56645,"date":"2021-03-31T16:37:35","date_gmt":"2021-03-31T14:37:35","guid":{"rendered":"https:\/\/hikitec.de\/faq\/"},"modified":"2023-03-01T15:53:39","modified_gmt":"2023-03-01T14:53:39","slug":"faq","status":"publish","type":"page","link":"https:\/\/hikitec.de\/fr\/faq\/","title":{"rendered":"FAQ"},"content":{"rendered":"<div id='av_section_1'  class='avia-section av-fvjo6-0d5254b2c881c5829c60a1dddcb5aa7b main_color avia-section-default avia-no-border-styling  avia-builder-el-0  el_before_av_toggle_container  avia-builder-el-first  avia-bg-style-scroll  container_wrap fullsize'  ><div class='container av-section-cont-open' ><main  role=\"main\" itemprop=\"mainContentOfPage\"  class='template-page content  av-content-full alpha units'><div class='post-entry post-entry-type-page post-entry-56645'><div class='entry-content-wrapper clearfix'>\n\n<style type=\"text\/css\" id=\"style-css-av-35a28m-8bccc125ce8bb830b69f56c4ed5589a3\">\n#top .flex_column.av-35a28m-8bccc125ce8bb830b69f56c4ed5589a3{\nborder-radius:0px;\n-webkit-border-radius:0px;\n-moz-border-radius:0px;\npadding:0px;\n}\n<\/style>\n<div class='flex_column av-35a28m-8bccc125ce8bb830b69f56c4ed5589a3 av_one_full  avia-builder-el-1  avia-builder-el-no-sibling  first flex_column_div av-zero-column-padding '   ><section class=\"av_textblock_section \"  itemscope=\"itemscope\" itemtype=\"https:\/\/schema.org\/CreativeWork\" ><div class='avia_textblock  '   itemprop=\"text\" ><div>\n<h3><strong>F<\/strong><strong>AQ<\/strong><strong><img loading=\"lazy\" decoding=\"async\" class=\"size-thumbnail wp-image-9115 alignright\" src=\"https:\/\/hikitec.de\/wp-content\/uploads\/2020\/05\/Erklaerung-80x80.png\" alt=\"\" width=\"80\" height=\"80\" srcset=\"https:\/\/hikitec.de\/wp-content\/uploads\/2020\/05\/Erklaerung-80x80.png 80w, https:\/\/hikitec.de\/wp-content\/uploads\/2020\/05\/Erklaerung-36x36.png 36w, https:\/\/hikitec.de\/wp-content\/uploads\/2020\/05\/Erklaerung-180x180.png 180w, https:\/\/hikitec.de\/wp-content\/uploads\/2020\/05\/Erklaerung-120x120.png 120w, https:\/\/hikitec.de\/wp-content\/uploads\/2020\/05\/Erklaerung-450x450.png 450w\" sizes=\"auto, (max-width: 80px) 100vw, 80px\" \/><\/strong><\/h3>\n<\/div>\n<div class=\"after\">Trouvez des r\u00e9ponses \u00e0 vos questions sur des sujets importants<\/div>\n<\/div><\/section><\/div>\n<\/div><\/div><\/main><!-- close content main element --><\/div><\/div><div id='after_section_1'  class='main_color av_default_container_wrap container_wrap fullsize'  ><div class='container av-section-cont-open' ><div class='template-page content  av-content-full alpha units'><div class='post-entry post-entry-type-page post-entry-56645'><div class='entry-content-wrapper clearfix'>\n<\/div><\/div><\/div><!-- close content main div --><\/div><\/div><div id='av_section_2'  class='avia-section av-1rf0bq-183fae09a56627684d823c740cce80bd main_color avia-section-default avia-no-border-styling avia-bg-style-scroll  container_wrap fullsize'  ><div class='container av-section-cont-open' ><div class='template-page content  av-content-full alpha units'><div class='post-entry post-entry-type-page post-entry-56645'><div class='entry-content-wrapper clearfix'>\n\n<style type=\"text\/css\" id=\"style-css-av-gfn7nq-e7061757412d00677e9bddd5246a8030\">\n.togglecontainer.av-gfn7nq-e7061757412d00677e9bddd5246a8030 p.toggler{\ncolor:#000000;\nbackground-color:#ffffff;\nborder-color:#745f7e;\n}\n.togglecontainer.av-gfn7nq-e7061757412d00677e9bddd5246a8030 p.toggler .toggle_icon{\nborder-color:#000000;\n}\n.togglecontainer.av-gfn7nq-e7061757412d00677e9bddd5246a8030 .toggle_wrap .toggle_content{\ncolor:#000000;\nbackground-color:#ffffff;\nborder-color:#745f7e;\n}\n<\/style>\n<div  class='togglecontainer av-gfn7nq-e7061757412d00677e9bddd5246a8030 av-minimal-toggle  avia-builder-el-3  el_after_av_section  el_before_av_textblock  avia-builder-el-first  toggle_close_all ' >\n<section class='av_toggle_section av-elggc6-77fe7225becddb7a0d3350cd80617c73'  itemscope=\"itemscope\" itemtype=\"https:\/\/schema.org\/CreativeWork\" ><div role=\"tablist\" class=\"single_toggle\" data-tags=\"{Tout} \"  ><p data-fake-id='#toggle-id-1' class='toggler hasCustomColor  av-inherit-font-color av-inherit-border-color'  itemprop=\"headline\"  role='tab' tabindex='0' aria-controls='toggle-id-1'>ORDRE ET ORDRE<span class=\"toggle_icon\"><span class=\"vert_icon\"><\/span><span class=\"hor_icon\"><\/span><\/span><\/p><div id='toggle-id-1' class='toggle_wrap  '  ><div class='toggle_content invers-color av-inherit-font-color av-inherit-border-color'  itemprop=\"text\" ><p><a href=\"https:\/\/hikitec.de\/de\/auftrag\/\">Comment puis-je passer une commande aupr\u00e8s de HIKITEC ?<\/a><br \/>\n<a href=\"https:\/\/hikitec.de\/de\/standskizze\/\">Qu&rsquo;est-ce qu&rsquo;un croquis de stand &#8211; aper\u00e7u avant impression virtuel ?<\/a><br \/>\n<a href=\"https:\/\/hikitec.de\/de\/produktionszeit\/\">Wie sind die Lieferzeiten?<\/a><br \/>\n<a href=\"https:\/\/hikitec.de\/de\/preisentwicklung\/\">Pourquoi les prix des cl\u00e9s USB pourraient-ils fluctuer ?<\/a><br \/>\n<a href=\"https:\/\/hikitec.de\/de\/nachbestellungen\/\">A quoi faut-il faire attention en cas de commandes suppl\u00e9mentaires 1 \u00e0 1 ?<\/a><br \/>\n<a href=\"https:\/\/hikitec.de\/fr\/service-de-copie\/lieferung-2\/\">O\u00f9 HIKITEC peut-il livrer ?<\/a><br \/>\n<a href=\"https:\/\/hikitec.de\/de\/zahlungsbedingungen\/\">Quelles sont les m\u00e9thodes de paiement disponibles ?<\/a><br \/>\n<a href=\"https:\/\/hikitec.de\/de\/umtausch\/\">Puis-je \u00e9changer des marchandises ?<\/a><br \/>\n<a href=\"https:\/\/hikitec.de\/de\/garantie\/\">Quelle est la garantie ?<\/a><br \/>\n<a href=\"https:\/\/hikitec.de\/de\/prodsg\/\">Qu&rsquo;est-ce que la loi sur la s\u00e9curit\u00e9 des produits ?<\/a><br \/>\n<a href=\"https:\/\/hikitec.de\/de\/batteriegesetz\/\">Qu&rsquo;est-ce que la loi sur les piles ?<\/a><br \/>\n<a href=\"https:\/\/hikitec.de\/de\/agb\/\">O\u00f9 puis-je trouver les conditions g\u00e9n\u00e9rales ?<\/a><br \/>\n<a href=\"https:\/\/hikitec.de\/de\/weee-elektrog-erklaerung\/\">O\u00f9 puis-je trouver le num\u00e9ro DEEE ?<\/a><br \/>\n<a href=\"https:\/\/hikitec.de\/de\/lucid\/\">O\u00f9 puis-je trouver le num\u00e9ro LUCID ?<\/a><br \/>\n<a href=\"https:\/\/hikitec.de\/de\/ce\/\">Les produits doivent-ils avoir un marquage CE ?<\/a><br \/>\n<a href=\"https:\/\/hikitec.de\/de\/bsci\/\">Vos produits font-ils l&rsquo;objet d&rsquo;un audit BSCI ?<\/a><\/p>\n<\/div><\/div><\/div><\/section>\n<section class='av_toggle_section av-cmfvau-b0b94999f0cd1ff2a41e1064cee45fad'  itemscope=\"itemscope\" itemtype=\"https:\/\/schema.org\/CreativeWork\" ><div role=\"tablist\" class=\"single_toggle\" data-tags=\"{Tout} \"  ><p data-fake-id='#toggle-id-2' class='toggler hasCustomColor  av-inherit-font-color av-inherit-border-color'  itemprop=\"headline\"  role='tab' tabindex='0' aria-controls='toggle-id-2'>DONN\u00c9ES SUR LA PUBLICIT\u00c9 ET LES IMPRIM\u00c9S<span class=\"toggle_icon\"><span class=\"vert_icon\"><\/span><span class=\"hor_icon\"><\/span><\/span><\/p><div id='toggle-id-2' class='toggle_wrap  '  ><div class='toggle_content invers-color av-inherit-font-color av-inherit-border-color'  itemprop=\"text\" ><p><a href=\"https:\/\/hikitec.de\/de\/veredelungsservice\/\">Quels types de finitions existe-t-il ?<\/a><br \/>\n<a href=\"https:\/\/hikitec.de\/de\/vektordaten\/\">Quelles sont les donn\u00e9es que je dois fournir ?<br \/>\n<a href=\"https:\/\/hikitec.de\/de\/\/vektor-vs-pixel-daten\/\">Donn\u00e9es vectorielles et donn\u00e9es pixel<\/a><br \/>\n<a href=\"https:\/\/hikitec.de\/de\/pantone\/\">Pourquoi les d\u00e9finitions des couleurs dans PANTONE ?<\/a><br \/>\n<a href=\"https:\/\/hikitec.de\/de\/vorabansicht\/\">\u00c0 quoi ressemblera mon logo sur le produit promotionnel ? Y a-t-il un aper\u00e7u ?<\/a><br \/>\n<a href=\"https:\/\/hikitec.de\/de\/druckdaten\/\">Quel format doivent avoir mes donn\u00e9es d&rsquo;impression ?<\/a><br \/>\n<a href=\"https:\/\/hikitec.de\/de\/cmyk-druckverfahren-datengroesse-und-richtiger-beschnitt\/\">Que dois-je prendre en compte dans le processus d&rsquo;impression CMYK en ce qui concerne la taille des donn\u00e9es et les fonds perdus ?<\/a><br \/>\n<a href=\"https:\/\/hikitec.de\/de\/druckfaehigen_daten\/\">Pouvez-vous m&rsquo;aider si je n&rsquo;ai pas de donn\u00e9es imprimables ?<\/a><br \/>\n<a href=\"https:\/\/hikitec.de\/de\/differenzen\/\"> Y a-t-il des diff\u00e9rences dans une production ?<\/a><\/p>\n<\/div><\/div><\/div><\/section>\n<section class='av_toggle_section av-ab496u-d6a8dd1736a255f94f7ff991e810dc85'  itemscope=\"itemscope\" itemtype=\"https:\/\/schema.org\/CreativeWork\" ><div role=\"tablist\" class=\"single_toggle\" data-tags=\"{Tout} \"  ><p data-fake-id='#toggle-id-3' class='toggler hasCustomColor  av-inherit-font-color av-inherit-border-color'  itemprop=\"headline\"  role='tab' tabindex='0' aria-controls='toggle-id-3'>PAIEMENT ET FACTURE<span class=\"toggle_icon\"><span class=\"vert_icon\"><\/span><span class=\"hor_icon\"><\/span><\/span><\/p><div id='toggle-id-3' class='toggle_wrap  '  ><div class='toggle_content invers-color av-inherit-font-color av-inherit-border-color'  itemprop=\"text\" ><p><strong><img loading=\"lazy\" decoding=\"async\" class=\"transparent lazy loaded\" src=\"https:\/\/hikitec.de\/wp-content\/uploads\/2021\/04\/zzz_HIKITEC_Favicon_weiss_32.png\" alt=\"https:\/\/hikitec.de\/wp-content\/uploads\/2021\/04\/zzz_HIKITEC_Favicon_weiss_32.png\" width=\"11\" height=\"12\" data-src=\"https:\/\/hikitec.de\/wp-content\/uploads\/2021\/04\/zzz_HIKITEC_Favicon_weiss_32.png\" data-was-processed=\"true\"> <\/strong><a href=\"https:\/\/hikitec.de\/fr\/conditions-de-paiement\/\">Quelles sont les m\u00e9thodes de paiement disponibles ?<\/a><br \/>\n<strong><img loading=\"lazy\" decoding=\"async\" class=\"transparent lazy loaded\" src=\"https:\/\/hikitec.de\/wp-content\/uploads\/2021\/04\/zzz_HIKITEC_Favicon_weiss_32.png\" alt=\"https:\/\/hikitec.de\/wp-content\/uploads\/2021\/04\/zzz_HIKITEC_Favicon_weiss_32.png\" width=\"11\" height=\"12\" data-src=\"https:\/\/hikitec.de\/wp-content\/uploads\/2021\/04\/zzz_HIKITEC_Favicon_weiss_32.png\" data-was-processed=\"true\"> <\/strong><a href=\"https:\/\/hikitec.de\/fr\/envoi-de-factures\/\">Comment puis-je recevoir mes factures ?<\/a><\/p>\n<\/div><\/div><\/div><\/section>\n<section class='av_toggle_section av-8shb06-7767be0f1747bcb901114ef9fb6d59e7'  itemscope=\"itemscope\" itemtype=\"https:\/\/schema.org\/CreativeWork\" ><div role=\"tablist\" class=\"single_toggle\" data-tags=\"{Tout} \"  ><p data-fake-id='#toggle-id-4' class='toggler hasCustomColor  av-inherit-font-color av-inherit-border-color'  itemprop=\"headline\"  role='tab' tabindex='0' aria-controls='toggle-id-4'>EXP\u00c9DITION ET LIVRAISON<span class=\"toggle_icon\"><span class=\"vert_icon\"><\/span><span class=\"hor_icon\"><\/span><\/span><\/p><div id='toggle-id-4' class='toggle_wrap  '  ><div class='toggle_content invers-color av-inherit-font-color av-inherit-border-color'  itemprop=\"text\" ><p><strong><img loading=\"lazy\" decoding=\"async\" class=\"transparent lazy loaded\" src=\"..\/wp-content\/uploads\/2021\/04\/zzz_HIKITEC_Favicon_weiss_32.png\" alt=\"https:\/\/hikitec.de\/wp-content\/uploads\/2021\/04\/zzz_HIKITEC_Favicon_weiss_32.png\" width=\"11\" height=\"12\" data-src=\"https:\/\/hikitec.de\/wp-content\/uploads\/2021\/04\/zzz_HIKITEC_Favicon_weiss_32.png\" data-was-processed=\"true\"> <\/strong><a href=\"..\/produktionszeit\/\">Wie sind die Lieferzeiten?<\/a><br \/>\n<strong><img loading=\"lazy\" decoding=\"async\" class=\"transparent lazy loaded\" src=\"..\/wp-content\/uploads\/2021\/04\/zzz_HIKITEC_Favicon_weiss_32.png\" alt=\"https:\/\/hikitec.de\/wp-content\/uploads\/2021\/04\/zzz_HIKITEC_Favicon_weiss_32.png\" width=\"11\" height=\"12\" data-src=\"https:\/\/hikitec.de\/wp-content\/uploads\/2021\/04\/zzz_HIKITEC_Favicon_weiss_32.png\" data-was-processed=\"true\"> <\/strong><a href=\"..\/lieferung\/\">O\u00f9 HIKITEC peut-il livrer ?<\/a><br \/>\n<strong><img loading=\"lazy\" decoding=\"async\" class=\"transparent lazy loaded\" src=\"..\/wp-content\/uploads\/2021\/04\/zzz_HIKITEC_Favicon_weiss_32.png\" alt=\"https:\/\/hikitec.de\/wp-content\/uploads\/2021\/04\/zzz_HIKITEC_Favicon_weiss_32.png\" width=\"11\" height=\"12\" data-src=\"https:\/\/hikitec.de\/wp-content\/uploads\/2021\/04\/zzz_HIKITEC_Favicon_weiss_32.png\" data-was-processed=\"true\"> <\/strong><a href=\"..\/versandkosten-und-lieferzeit\/\">Quels sont les frais d&rsquo;exp\u00e9dition ?<\/a><br \/>\n<span id=\"Informationen_zur_Ausfuhrbegleitdokument_Erstellung\"><strong><img loading=\"lazy\" decoding=\"async\" class=\"transparent lazy loaded\" src=\"..\/wp-content\/uploads\/2021\/04\/zzz_HIKITEC_Favicon_weiss_32.png\" alt=\"https:\/\/hikitec.de\/wp-content\/uploads\/2021\/04\/zzz_HIKITEC_Favicon_weiss_32.png\" width=\"11\" height=\"12\" data-src=\"https:\/\/hikitec.de\/wp-content\/uploads\/2021\/04\/zzz_HIKITEC_Favicon_weiss_32.png\" data-was-processed=\"true\"> <\/strong><a href=\"..\/ausfuhrbegleitdokument\/\">Quand un document d&rsquo;accompagnement d&rsquo;exportation (DAE) doit-il \u00eatre d\u00e9livr\u00e9 ?<\/a><br \/>\n<\/span><\/p>\n<\/div><\/div><\/div><\/section>\n<section class='av_toggle_section av-7vv6hi-cdd9241dfbb5f4dcae48237fefcfe536'  itemscope=\"itemscope\" itemtype=\"https:\/\/schema.org\/CreativeWork\" ><div role=\"tablist\" class=\"single_toggle\" data-tags=\"{Tout} \"  ><p data-fake-id='#toggle-id-5' class='toggler hasCustomColor  av-inherit-font-color av-inherit-border-color'  itemprop=\"headline\"  role='tab' tabindex='0' aria-controls='toggle-id-5'>GAMME DE PRODUITS<span class=\"toggle_icon\"><span class=\"vert_icon\"><\/span><span class=\"hor_icon\"><\/span><\/span><\/p><div id='toggle-id-5' class='toggle_wrap  '  ><div class='toggle_content invers-color av-inherit-font-color av-inherit-border-color'  itemprop=\"text\" ><p><strong><img loading=\"lazy\" decoding=\"async\" class=\"transparent lazy loaded\" src=\"https:\/\/hikitec.de\/wp-content\/uploads\/2021\/04\/zzz_HIKITEC_Favicon_weiss_32.png\" alt=\"https:\/\/hikitec.de\/wp-content\/uploads\/2021\/04\/zzz_HIKITEC_Favicon_weiss_32.png\" width=\"11\" height=\"12\" data-src=\"https:\/\/hikitec.de\/wp-content\/uploads\/2021\/04\/zzz_HIKITEC_Favicon_weiss_32.png\" data-was-processed=\"true\"> <\/strong><a href=\"https:\/\/hikitec.de\/fr\/article-special\/\">HIKITEC propose-t-il \u00e9galement des articles qui ne sont pas disponibles dans le magasin ?<\/a><br \/>\n<strong><img loading=\"lazy\" decoding=\"async\" class=\"transparent lazy loaded\" src=\"https:\/\/hikitec.de\/wp-content\/uploads\/2021\/04\/zzz_HIKITEC_Favicon_weiss_32.png\" alt=\"https:\/\/hikitec.de\/wp-content\/uploads\/2021\/04\/zzz_HIKITEC_Favicon_weiss_32.png\" width=\"11\" height=\"12\" data-src=\"https:\/\/hikitec.de\/wp-content\/uploads\/2021\/04\/zzz_HIKITEC_Favicon_weiss_32.png\" data-was-processed=\"true\"> <\/strong><a href=\"https:\/\/hikitec.de\/fr\/connexion-au-magasin\/\">Comment puis-je int\u00e9grer les articles HIKITEC dans mon SHOP ?<\/a><br \/>\n<strong><img loading=\"lazy\" decoding=\"async\" class=\"transparent lazy loaded\" src=\"https:\/\/hikitec.de\/wp-content\/uploads\/2021\/04\/zzz_HIKITEC_Favicon_weiss_32.png\" alt=\"https:\/\/hikitec.de\/wp-content\/uploads\/2021\/04\/zzz_HIKITEC_Favicon_weiss_32.png\" width=\"11\" height=\"12\" data-src=\"https:\/\/hikitec.de\/wp-content\/uploads\/2021\/04\/zzz_HIKITEC_Favicon_weiss_32.png\" data-was-processed=\"true\"> <\/strong><a href=\"https:\/\/hikitec.de\/fr\/forme-speciale\/\">HIKITEC fabrique-t-il des produits individuels sur mesure ?<\/a><br \/>\n<strong><img loading=\"lazy\" decoding=\"async\" class=\"transparent lazy loaded\" src=\"https:\/\/hikitec.de\/wp-content\/uploads\/2021\/04\/zzz_HIKITEC_Favicon_weiss_32.png\" alt=\"https:\/\/hikitec.de\/wp-content\/uploads\/2021\/04\/zzz_HIKITEC_Favicon_weiss_32.png\" width=\"11\" height=\"12\" data-src=\"https:\/\/hikitec.de\/wp-content\/uploads\/2021\/04\/zzz_HIKITEC_Favicon_weiss_32.png\" data-was-processed=\"true\"> <\/strong><a href=\"https:\/\/hikitec.de\/fr\/qualite-de-la-cle-usb\/\">Quelle est la qualit\u00e9 des cl\u00e9s USB ?<\/a><br \/>\n<strong><img loading=\"lazy\" decoding=\"async\" class=\"transparent lazy loaded\" src=\"https:\/\/hikitec.de\/wp-content\/uploads\/2021\/04\/zzz_HIKITEC_Favicon_weiss_32.png\" alt=\"https:\/\/hikitec.de\/wp-content\/uploads\/2021\/04\/zzz_HIKITEC_Favicon_weiss_32.png\" width=\"11\" height=\"12\" data-src=\"https:\/\/hikitec.de\/wp-content\/uploads\/2021\/04\/zzz_HIKITEC_Favicon_weiss_32.png\" data-was-processed=\"true\"> <\/strong><a href=\"https:\/\/hikitec.de\/fr\/usb-2-0-vs-3-0\/\">Quelle est la diff\u00e9rence entre l&rsquo;USB 2.0 et l&rsquo;USB 3.0 ?<\/a><br \/>\n<strong><img loading=\"lazy\" decoding=\"async\" class=\"transparent lazy loaded\" src=\"https:\/\/hikitec.de\/wp-content\/uploads\/2021\/04\/zzz_HIKITEC_Favicon_weiss_32.png\" alt=\"https:\/\/hikitec.de\/wp-content\/uploads\/2021\/04\/zzz_HIKITEC_Favicon_weiss_32.png\" width=\"11\" height=\"12\" data-src=\"https:\/\/hikitec.de\/wp-content\/uploads\/2021\/04\/zzz_HIKITEC_Favicon_weiss_32.png\" data-was-processed=\"true\"> <\/strong><a href=\"https:\/\/hikitec.de\/fr\/formater-la-cle-usb\/\">Comment les cl\u00e9s USB sont-elles format\u00e9es ?<\/a><br \/>\n<strong><img loading=\"lazy\" decoding=\"async\" class=\"transparent lazy loaded\" src=\"https:\/\/hikitec.de\/wp-content\/uploads\/2021\/04\/zzz_HIKITEC_Favicon_weiss_32.png\" alt=\"https:\/\/hikitec.de\/wp-content\/uploads\/2021\/04\/zzz_HIKITEC_Favicon_weiss_32.png\" width=\"11\" height=\"12\" data-src=\"https:\/\/hikitec.de\/wp-content\/uploads\/2021\/04\/zzz_HIKITEC_Favicon_weiss_32.png\" data-was-processed=\"true\"> <\/strong><a href=\"https:\/\/hikitec.de\/fr\/cles-usb-en-pla\/\">Existe-t-il des cl\u00e9s USB \u00e9cologiques en plastique PLA ?<\/a><\/p>\n<\/div><\/div><\/div><\/section>\n<section class='av_toggle_section av-646nme-1b81bf85994b51b41b8c12fb5dc2e32c'  itemscope=\"itemscope\" itemtype=\"https:\/\/schema.org\/CreativeWork\" ><div role=\"tablist\" class=\"single_toggle\" data-tags=\"{Tout} \"  ><p data-fake-id='#toggle-id-6' class='toggler hasCustomColor  av-inherit-font-color av-inherit-border-color'  itemprop=\"headline\"  role='tab' tabindex='0' aria-controls='toggle-id-6'>EXEMPLES D\u2019ARTICLES<span class=\"toggle_icon\"><span class=\"vert_icon\"><\/span><span class=\"hor_icon\"><\/span><\/span><\/p><div id='toggle-id-6' class='toggle_wrap  '  ><div class='toggle_content invers-color av-inherit-font-color av-inherit-border-color'  itemprop=\"text\" ><p><strong><img loading=\"lazy\" decoding=\"async\" class=\"transparent lazy loaded\" src=\"https:\/\/hikitec.de\/wp-content\/uploads\/2021\/04\/zzz_HIKITEC_Favicon_weiss_32.png\" alt=\"https:\/\/hikitec.de\/wp-content\/uploads\/2021\/04\/zzz_HIKITEC_Favicon_weiss_32.png\" width=\"11\" height=\"12\" data-src=\"https:\/\/hikitec.de\/wp-content\/uploads\/2021\/04\/zzz_HIKITEC_Favicon_weiss_32.png\" data-was-processed=\"true\"> <\/strong>Puis-je commander des \u00e9chantillons d&rsquo;articles promotionnels ?<br \/>\n<strong><img loading=\"lazy\" decoding=\"async\" class=\"transparent lazy loaded\" src=\"https:\/\/hikitec.de\/wp-content\/uploads\/2021\/04\/zzz_HIKITEC_Favicon_weiss_32.png\" alt=\"https:\/\/hikitec.de\/wp-content\/uploads\/2021\/04\/zzz_HIKITEC_Favicon_weiss_32.png\" width=\"11\" height=\"12\" data-src=\"https:\/\/hikitec.de\/wp-content\/uploads\/2021\/04\/zzz_HIKITEC_Favicon_weiss_32.png\" data-was-processed=\"true\"> <\/strong>Puis-je faire imprimer des \u00e9chantillons ?<br \/>\n<strong><img loading=\"lazy\" decoding=\"async\" class=\"transparent lazy loaded\" src=\"https:\/\/hikitec.de\/wp-content\/uploads\/2021\/04\/zzz_HIKITEC_Favicon_weiss_32.png\" alt=\"https:\/\/hikitec.de\/wp-content\/uploads\/2021\/04\/zzz_HIKITEC_Favicon_weiss_32.png\" width=\"11\" height=\"12\" data-src=\"https:\/\/hikitec.de\/wp-content\/uploads\/2021\/04\/zzz_HIKITEC_Favicon_weiss_32.png\" data-was-processed=\"true\"> <\/strong>Comment les mod\u00e8les sont-ils calcul\u00e9s ?<\/p>\n<\/div><\/div><\/div><\/section>\n<section class='av_toggle_section av-4m07km-edcd6a7aaa460c0d40151f1b51fcdbe1'  itemscope=\"itemscope\" itemtype=\"https:\/\/schema.org\/CreativeWork\" ><div role=\"tablist\" class=\"single_toggle\" data-tags=\"{Tout} \"  ><p data-fake-id='#toggle-id-7' class='toggler hasCustomColor  av-inherit-font-color av-inherit-border-color'  itemprop=\"headline\"  role='tab' tabindex='0' aria-controls='toggle-id-7'>RECLAMATION<span class=\"toggle_icon\"><span class=\"vert_icon\"><\/span><span class=\"hor_icon\"><\/span><\/span><\/p><div id='toggle-id-7' class='toggle_wrap  '  ><div class='toggle_content invers-color av-inherit-font-color av-inherit-border-color'  itemprop=\"text\" ><p><strong><img loading=\"lazy\" decoding=\"async\" class=\"transparent lazy loaded\" src=\"https:\/\/hikitec.de\/wp-content\/uploads\/2021\/04\/zzz_HIKITEC_Favicon_weiss_32.png\" alt=\"https:\/\/hikitec.de\/wp-content\/uploads\/2021\/04\/zzz_HIKITEC_Favicon_weiss_32.png\" width=\"11\" height=\"12\" data-src=\"https:\/\/hikitec.de\/wp-content\/uploads\/2021\/04\/zzz_HIKITEC_Favicon_weiss_32.png\" data-was-processed=\"true\"> <\/strong><a href=\"https:\/\/hikitec.de\/fr\/plainte\/\">Wie gehe ich mit Beschwerden um?<\/a><\/p>\n<\/div><\/div><\/div><\/section>\n<section class='av_toggle_section av-32t42u-702ba7566272531c146b793142e066e6'  itemscope=\"itemscope\" itemtype=\"https:\/\/schema.org\/CreativeWork\" ><div role=\"tablist\" class=\"single_toggle\" data-tags=\"{Tout} \"  ><p data-fake-id='#toggle-id-8' class='toggler hasCustomColor  av-inherit-font-color av-inherit-border-color'  itemprop=\"headline\"  role='tab' tabindex='0' aria-controls='toggle-id-8'>DIENSTLEISTUNGEN<span class=\"toggle_icon\"><span class=\"vert_icon\"><\/span><span class=\"hor_icon\"><\/span><\/span><\/p><div id='toggle-id-8' class='toggle_wrap  '  ><div class='toggle_content invers-color av-inherit-font-color av-inherit-border-color'  itemprop=\"text\" ><p><strong><img loading=\"lazy\" decoding=\"async\" class=\"transparent lazy loaded\" src=\"https:\/\/hikitec.de\/wp-content\/uploads\/2021\/04\/zzz_HIKITEC_Favicon_weiss_32.png\" alt=\"https:\/\/hikitec.de\/wp-content\/uploads\/2021\/04\/zzz_HIKITEC_Favicon_weiss_32.png\" width=\"11\" height=\"12\" data-src=\"https:\/\/hikitec.de\/wp-content\/uploads\/2021\/04\/zzz_HIKITEC_Favicon_weiss_32.png\" data-was-processed=\"true\"> <\/strong><a href=\"https:\/\/hikitec.de\/fr\/service-daffinage\/\">Service d&rsquo;affinage<\/a><br \/>\n<strong><img loading=\"lazy\" decoding=\"async\" class=\"transparent lazy loaded\" src=\"https:\/\/hikitec.de\/wp-content\/uploads\/2021\/04\/zzz_HIKITEC_Favicon_weiss_32.png\" alt=\"https:\/\/hikitec.de\/wp-content\/uploads\/2021\/04\/zzz_HIKITEC_Favicon_weiss_32.png\" width=\"11\" height=\"12\" data-src=\"https:\/\/hikitec.de\/wp-content\/uploads\/2021\/04\/zzz_HIKITEC_Favicon_weiss_32.png\" data-was-processed=\"true\"> <\/strong><a href=\"https:\/\/hikitec.de\/fr\/enregistrement-des-donnees\/\">Service d&rsquo;enregistrement des donn\u00e9es<\/a><\/p>\n<\/div><\/div><\/div><\/section>\n<\/div>\n<section class=\"av_textblock_section \"  itemscope=\"itemscope\" itemtype=\"https:\/\/schema.org\/CreativeWork\" ><div class='avia_textblock  '   itemprop=\"text\" ><p>Vous n&rsquo;avez pas trouv\u00e9 la bonne r\u00e9ponse ? <a href=\"https:\/\/hikitec.de\/fr\/contact\/\">\u00c9crivez-nous un message.<\/a> Nous serons heureux d&rsquo;inclure votre question dans notre FAQ.<\/p>\n<\/div><\/section><\/p>\n<section class=\"av_textblock_section \"  itemscope=\"itemscope\" itemtype=\"https:\/\/schema.org\/CreativeWork\" ><div class='avia_textblock  '   itemprop=\"text\" ><input type=\"button\" value=\"Dos\" class=\"alg_back_button_input \" style=\"\" onclick=\"window.history.back()\" \/>\n<\/div><\/section>\n","protected":false},"excerpt":{"rendered":"","protected":false},"author":2,"featured_media":0,"parent":0,"menu_order":0,"comment_status":"closed","ping_status":"closed","template":"","meta":{"footnotes":""},"class_list":["post-56645","page","type-page","status-publish","hentry"],"_links":{"self":[{"href":"https:\/\/hikitec.de\/fr\/wp-json\/wp\/v2\/pages\/56645","targetHints":{"allow":["GET"]}}],"collection":[{"href":"https:\/\/hikitec.de\/fr\/wp-json\/wp\/v2\/pages"}],"about":[{"href":"https:\/\/hikitec.de\/fr\/wp-json\/wp\/v2\/types\/page"}],"author":[{"embeddable":true,"href":"https:\/\/hikitec.de\/fr\/wp-json\/wp\/v2\/users\/2"}],"replies":[{"embeddable":true,"href":"https:\/\/hikitec.de\/fr\/wp-json\/wp\/v2\/comments?post=56645"}],"version-history":[{"count":40,"href":"https:\/\/hikitec.de\/fr\/wp-json\/wp\/v2\/pages\/56645\/revisions"}],"predecessor-version":[{"id":717662,"href":"https:\/\/hikitec.de\/fr\/wp-json\/wp\/v2\/pages\/56645\/revisions\/717662"}],"wp:attachment":[{"href":"https:\/\/hikitec.de\/fr\/wp-json\/wp\/v2\/media?parent=56645"}],"curies":[{"name":"wp","href":"https:\/\/api.w.org\/{rel}","templated":true}]}}