{"id":56793,"date":"2021-04-01T11:27:36","date_gmt":"2021-04-01T09:27:36","guid":{"rendered":"https:\/\/hikitec.de\/contact\/"},"modified":"2023-03-02T08:37:13","modified_gmt":"2023-03-02T07:37:13","slug":"contactez-nous","status":"publish","type":"page","link":"https:\/\/hikitec.de\/fr\/contactez-nous\/","title":{"rendered":"Contactez-nous"},"content":{"rendered":"\n<style type=\"text\/css\" id=\"style-css-av-7vl9z-e9e216925efd30faa2360b6ff4d2e051\">\n#top .flex_column.av-7vl9z-e9e216925efd30faa2360b6ff4d2e051{\nborder-radius:0px;\n-webkit-border-radius:0px;\n-moz-border-radius:0px;\npadding:0px;\n}\n<\/style>\n<div class='flex_column av-7vl9z-e9e216925efd30faa2360b6ff4d2e051 av_one_half  avia-builder-el-0  el_before_av_one_half  avia-builder-el-first  first flex_column_div av-zero-column-padding '   ><section class=\"av_textblock_section \"  itemscope=\"itemscope\" itemtype=\"https:\/\/schema.org\/CreativeWork\" ><div class='avia_textblock  '   itemprop=\"text\" ><p>HIKITEC GmbH<br \/>\nQuettinger Stra\u00dfe 171<br \/>\n51381 Leverkusen<br \/>\nGermany<\/p>\n<p>T\u00e9l\u00e9phone : +49 (0) 2103 71 54 266<br \/>\nFax: +49 (0) 2103 71 54 259<\/p>\n<p>E-Mail: anfrage@hikitec.de<\/p>\n<\/div><\/section><\/div>\n<style type=\"text\/css\" id=\"style-css-av-6owjr-0e1ca956bd6a51e230d5ef25d166d96c\">\n#top .flex_column.av-6owjr-0e1ca956bd6a51e230d5ef25d166d96c{\nborder-radius:0px;\n-webkit-border-radius:0px;\n-moz-border-radius:0px;\npadding:0px;\n}\n<\/style>\n<div class='flex_column av-6owjr-0e1ca956bd6a51e230d5ef25d166d96c av_one_half  avia-builder-el-2  el_after_av_one_half  el_before_av_textblock  flex_column_div av-zero-column-padding '   ><form action=\"https:\/\/hikitec.de\/fr\/contactez-nous\/\" method=\"post\"  class=\"avia_ajax_form av-form-labels-visible   avia-builder-el-3  avia-builder-el-no-sibling   \" data-avia-form-id=\"1\" data-avia-redirect='' ><h3 class=''>Envoyez-nous un e-mail<\/h3><fieldset><p class='  first_form  form_element form_fullwidth' id='element_avia_1_1'><label for=\"avia_1_1\">Entreprise<\/label> <input name=\"avia_1_1\" class=\"text_input \" type=\"text\" id=\"avia_1_1\" value=\"\" \/><\/p><p class='  first_form  form_element form_element_third' id='element_avia_2_1'><label for=\"avia_2_1\">Salutation<\/label> <input name=\"avia_2_1\" class=\"text_input \" type=\"text\" id=\"avia_2_1\" value=\"\" \/><\/p><p class='  form_element form_element_third' id='element_avia_3_1'><label for=\"avia_3_1\">Pr\u00e9nom<\/label> <input name=\"avia_3_1\" class=\"text_input \" type=\"text\" id=\"avia_3_1\" value=\"\" \/><\/p><p class='  form_element form_element_third' id='element_avia_4_1'><label for=\"avia_4_1\">Nom de famille<\/label> <input name=\"avia_4_1\" class=\"text_input \" type=\"text\" id=\"avia_4_1\" value=\"\" \/><\/p><p class='  first_form  form_element form_fullwidth' id='element_avia_5_1'><label for=\"avia_5_1\">Courriel : <abbr class=\"required\" title=\"requis(e)\">*<\/abbr><\/label> <input name=\"avia_5_1\" class=\"text_input is_email\" type=\"text\" id=\"avia_5_1\" value=\"\" \/><\/p><p class='  first_form  form_element form_fullwidth' id='element_avia_6_1'><label for=\"avia_6_1\">Sujet<\/label> <input name=\"avia_6_1\" class=\"text_input \" type=\"text\" id=\"avia_6_1\" value=\"\" \/><\/p><p class='  first_form  form_element form_fullwidth' id='element_avia_7_1'><label for=\"avia_7_1\" class=\"textare_label hidden textare_label_avia_7_1\">Message<\/label><textarea  name=\"avia_7_1\" class=\"text_area \" cols=\"40\" rows=\"7\" id=\"avia_7_1\" ><\/textarea><\/p><p class=' first_form  form_element form_fullwidth' id='element_avia_8_1'>    <input  name=\"avia_8_1\" class=\"input_checkbox is_empty\" type=\"checkbox\" id=\"avia_8_1\" value=\"true\"\/><label class=\"input_checkbox_label\" for=\"avia_8_1\">J\u2019ai lu et pris note de l\u2019avis sur la protection des donn\u00e9es. <abbr class=\"required\" title=\"requis(e)\">*<\/abbr><\/label><\/p><div id='avia_9_1' class='av-form-text'><\/p>\n<div id=\"avia_14_1\" class=\"av-form-text\">\n<p>* J&rsquo;ai pris connaissance des <a href=\"http:\/\/hikitec.de\/datenschutz\/\" target=\"_blank\" rel=\"noopener\">informations<\/a> sur la protection des donn\u00e9es ainsi que des informations sur la r\u00e9vocation et je les accepte.compact : Informations sur la protection des donn\u00e9es Votre adresse e-mail ne sera utilis\u00e9e que dans le but de r\u00e9pondre \u00e0 votre demande de la soci\u00e9t\u00e9 HIKITEC. Il s&rsquo;agit d&rsquo;informations sur les produits, les promotions saisonni\u00e8res ou les nouvelles versions. Votre adresse \u00e9lectronique ne sera jamais transmise \u00e0 des tiers \u00e0 des fins publicitaires et ne sera utilis\u00e9e que dans le cadre de l&rsquo;envoi de la newsletter.<\/p>\n<p>Avis de r\u00e9vocabilit\u00e9 Vous pouvez r\u00e9voquer ce consentement \u00e0 tout moment en vous d\u00e9sinscrivant de la liste. Des instructions de d\u00e9sabonnement sont incluses dans chaque bulletin d&rsquo;information.<\/p>\n<\/div>\n<p>\n<\/div><p class=\"hidden\"><input type=\"text\" name=\"avia_10_1\" class=\"hidden \" id=\"avia_10_1\" value=\"\" \/><\/p><p class=\"form_element \"><input type=\"hidden\" value=\"1\" name=\"avia_generated_form1\" \/><input type=\"submit\" value=\"Senden\" class=\"button\"  data-sending-label=\"Envoi\"\/><\/p><\/fieldset><\/form><div id=\"ajaxresponse_1\" class=\"ajaxresponse ajaxresponse_1 hidden\"><\/div><\/div><\/p>\n<section class=\"av_textblock_section \"  itemscope=\"itemscope\" itemtype=\"https:\/\/schema.org\/CreativeWork\" ><div class='avia_textblock  '   itemprop=\"text\" ><input type=\"button\" value=\"Dos\" class=\"alg_back_button_input \" style=\"\" onclick=\"window.history.back()\" \/>\n<\/div><\/section>\n","protected":false},"excerpt":{"rendered":"","protected":false},"author":2,"featured_media":0,"parent":0,"menu_order":0,"comment_status":"closed","ping_status":"closed","template":"","meta":{"footnotes":""},"class_list":["post-56793","page","type-page","status-publish","hentry"],"_links":{"self":[{"href":"https:\/\/hikitec.de\/fr\/wp-json\/wp\/v2\/pages\/56793","targetHints":{"allow":["GET"]}}],"collection":[{"href":"https:\/\/hikitec.de\/fr\/wp-json\/wp\/v2\/pages"}],"about":[{"href":"https:\/\/hikitec.de\/fr\/wp-json\/wp\/v2\/types\/page"}],"author":[{"embeddable":true,"href":"https:\/\/hikitec.de\/fr\/wp-json\/wp\/v2\/users\/2"}],"replies":[{"embeddable":true,"href":"https:\/\/hikitec.de\/fr\/wp-json\/wp\/v2\/comments?post=56793"}],"version-history":[{"count":10,"href":"https:\/\/hikitec.de\/fr\/wp-json\/wp\/v2\/pages\/56793\/revisions"}],"predecessor-version":[{"id":717727,"href":"https:\/\/hikitec.de\/fr\/wp-json\/wp\/v2\/pages\/56793\/revisions\/717727"}],"wp:attachment":[{"href":"https:\/\/hikitec.de\/fr\/wp-json\/wp\/v2\/media?parent=56793"}],"curies":[{"name":"wp","href":"https:\/\/api.w.org\/{rel}","templated":true}]}}