{"id":56847,"date":"2021-04-01T12:33:24","date_gmt":"2021-04-01T10:33:24","guid":{"rendered":"https:\/\/hikitec.de\/service-de-copie\/"},"modified":"2021-04-26T10:01:54","modified_gmt":"2021-04-26T08:01:54","slug":"service-de-copie","status":"publish","type":"page","link":"https:\/\/hikitec.de\/fr\/service-de-copie\/","title":{"rendered":"Service de copie"},"content":{"rendered":"\n<style type=\"text\/css\" id=\"style-css-av-28be1fj-d1796febf94d07585edf9cb482946c7f\">\n#top .flex_column.av-28be1fj-d1796febf94d07585edf9cb482946c7f{\nborder-radius:0px;\n-webkit-border-radius:0px;\n-moz-border-radius:0px;\npadding:0px;\n}\n<\/style>\n<div class='flex_column av-28be1fj-d1796febf94d07585edf9cb482946c7f av_one_full  avia-builder-el-0  el_before_av_one_half  avia-builder-el-first  first flex_column_div av-zero-column-padding '   ><section class=\"av_textblock_section \"  itemscope=\"itemscope\" itemtype=\"https:\/\/schema.org\/CreativeWork\" ><div class='avia_textblock  '   itemprop=\"text\" ><p><strong>SERVICE DE COPIE USB &#8211; Clonage 1:1 &#8211; Duplication &#8211; Enregistrement de donn\u00e9es<\/strong><\/p>\n<p><span style=\"font-size: 10.0pt;font-family: inherit;color: #666666\">Vous voulez faire copier des donn\u00e9es sur vos cl\u00e9s USB ? Vous ne voulez pas d\u00e9baller chaque cl\u00e9 individuellement et investir du temps pour enregistrer toutes les cl\u00e9s USB ? La soci\u00e9t\u00e9 HIKITEC GmbH copie vos donn\u00e9es sur des cl\u00e9s USB jusqu&rsquo;\u00e0 plusieurs milliers de pi\u00e8ces. Gr\u00e2ce \u00e0 notre \u00e9quipement professionnel, une duplication exacte selon votre master stick (100% v\u00e9rifi\u00e9) a lieu. Qu&rsquo;il s&rsquo;agisse de PDF, d&rsquo;images ou de logiciels, les copies correspondent \u00e0 100% \u00e0 l&rsquo;original gr\u00e2ce au processus de v\u00e9rification par bit de chaque copie USB. Les op\u00e9rations de v\u00e9rification par bit qui suivent assurent la comparaison du contenu de la cl\u00e9 ma\u00eetre et de la cl\u00e9 cible. De cette fa\u00e7on, les b\u00e2tons d\u00e9fectueux et les transferts de donn\u00e9es d\u00e9fectueux sont d\u00e9tect\u00e9s et tri\u00e9s et contr\u00f4l\u00e9s par notre personnel. Si des cl\u00e9s USB d\u00e9fectueuses sont d\u00e9tect\u00e9es, elles sont tri\u00e9es et emball\u00e9es s\u00e9par\u00e9ment.<\/span><\/p>\n<\/div><\/section><\/div>\n\n<style type=\"text\/css\" id=\"style-css-av-566s2n-0c19b9fdbae566645db54869c3378ecd\">\n#top .flex_column.av-566s2n-0c19b9fdbae566645db54869c3378ecd{\nborder-radius:0px;\n-webkit-border-radius:0px;\n-moz-border-radius:0px;\npadding:0px;\n}\n<\/style>\n<div class='flex_column av-566s2n-0c19b9fdbae566645db54869c3378ecd av_one_half  avia-builder-el-2  el_after_av_one_full  el_before_av_one_half  first flex_column_div av-zero-column-padding column-top-margin'   ><p><section class=\"av_textblock_section \"  itemscope=\"itemscope\" itemtype=\"https:\/\/schema.org\/CreativeWork\" ><div class='avia_textblock  '   itemprop=\"text\" ><p><strong>CURRENT<\/strong><\/p>\n<p style=\"line-height: 19.8pt;background: white;vertical-align: baseline;margin: 10.2pt 0cm 10.2pt 0cm\"><span style=\"font-size: 10.0pt;font-family: inherit;color: #666666\">Vous nous envoyez vos propres cl\u00e9s USB et nous transf\u00e9rons vos donn\u00e9es sur votre support de stockage. Les donn\u00e9es sont ensuite compar\u00e9es (v\u00e9rifi\u00e9es) avec l&rsquo;original. Les supports d\u00e9fectueux sont d\u00e9tect\u00e9s, tri\u00e9s et emball\u00e9s s\u00e9par\u00e9ment.<\/span><\/p>\n<\/div><\/section><br \/>\n\n<style type=\"text\/css\" id=\"style-css-av-km39vrcy-91cc20ad1a452a079bd1fa37e0e64620\">\n.togglecontainer.av-km39vrcy-91cc20ad1a452a079bd1fa37e0e64620 p.toggler{\ncolor:#ffffff;\nbackground-color:#0039a6;\nborder-color:#745f7e;\n}\n.togglecontainer.av-km39vrcy-91cc20ad1a452a079bd1fa37e0e64620 p.toggler .toggle_icon{\nborder-color:#ffffff;\n}\n.togglecontainer.av-km39vrcy-91cc20ad1a452a079bd1fa37e0e64620 .toggle_wrap .toggle_content{\ncolor:#ffffff;\nbackground-color:#0039a6;\nborder-color:#745f7e;\n}\n<\/style>\n<div  class='togglecontainer av-km39vrcy-91cc20ad1a452a079bd1fa37e0e64620  avia-builder-el-4  el_after_av_textblock  avia-builder-el-last  toggle_close_all ' >\n<section class='av_toggle_section av-14omvcv-886cced0e78882296611e09a2d32608a'  itemscope=\"itemscope\" itemtype=\"https:\/\/schema.org\/CreativeWork\" ><div role=\"tablist\" class=\"single_toggle\" data-tags=\"{Tout} \"  ><p data-fake-id='#toggle-id-1' class='toggler hasCustomColor  av-inherit-font-color av-inherit-border-color'  itemprop=\"headline\"  role='tab' tabindex='0' aria-controls='toggle-id-1'>Processus de production<span class=\"toggle_icon\"><span class=\"vert_icon\"><\/span><span class=\"hor_icon\"><\/span><\/span><\/p><div id='toggle-id-1' class='toggle_wrap  '  ><div class='toggle_content invers-color av-inherit-font-color av-inherit-border-color'  itemprop=\"text\" ><p><img loading=\"lazy\" decoding=\"async\" class=\"transparent\" src=\"https:\/\/hikitec.de\/wp-content\/uploads\/2021\/04\/zzz_HIKITEC_Favicon_weiss_32.png\" alt=\"https:\/\/hikitec.de\/wp-content\/uploads\/2021\/04\/zzz_HIKITEC_Favicon_weiss_32.png\" width=\"11\" height=\"12\"> Vous annoncez votre commande \u00e0 l&rsquo;avance.<br \/>\n<img loading=\"lazy\" decoding=\"async\" class=\"transparent\" src=\"https:\/\/hikitec.de\/wp-content\/uploads\/2021\/04\/zzz_HIKITEC_Favicon_weiss_32.png\" alt=\"https:\/\/hikitec.de\/wp-content\/uploads\/2021\/04\/zzz_HIKITEC_Favicon_weiss_32.png\" width=\"11\" height=\"12\"> Vous nous envoyez vos supports de donn\u00e9es le plus t\u00f4t possible.<br \/>\n<img loading=\"lazy\" decoding=\"async\" class=\"transparent\" src=\"https:\/\/hikitec.de\/wp-content\/uploads\/2021\/04\/zzz_HIKITEC_Favicon_weiss_32.png\" alt=\"https:\/\/hikitec.de\/wp-content\/uploads\/2021\/04\/zzz_HIKITEC_Favicon_weiss_32.png\" width=\"11\" height=\"12\"> Nous d\u00e9ballons chaque cl\u00e9 USB.<br \/>\n<img loading=\"lazy\" decoding=\"async\" class=\"transparent\" src=\"https:\/\/hikitec.de\/wp-content\/uploads\/2021\/04\/zzz_HIKITEC_Favicon_weiss_32.png\" alt=\"https:\/\/hikitec.de\/wp-content\/uploads\/2021\/04\/zzz_HIKITEC_Favicon_weiss_32.png\" width=\"11\" height=\"12\"> Nous soumettons 2 \u00e0 3 cl\u00e9s USB \u00e0 un court test de fonctionnement.<br \/>\n<img loading=\"lazy\" decoding=\"async\" class=\"transparent\" src=\"https:\/\/hikitec.de\/wp-content\/uploads\/2021\/04\/zzz_HIKITEC_Favicon_weiss_32.png\" alt=\"https:\/\/hikitec.de\/wp-content\/uploads\/2021\/04\/zzz_HIKITEC_Favicon_weiss_32.png\" width=\"11\" height=\"12\"> Vous nous envoyez vos donn\u00e9es de copie en ligne ou par courrier.<br \/>\n<img loading=\"lazy\" decoding=\"async\" class=\"transparent\" src=\"https:\/\/hikitec.de\/wp-content\/uploads\/2021\/04\/zzz_HIKITEC_Favicon_weiss_32.png\" alt=\"https:\/\/hikitec.de\/wp-content\/uploads\/2021\/04\/zzz_HIKITEC_Favicon_weiss_32.png\" width=\"11\" height=\"12\"> Nous cr\u00e9ons une cl\u00e9 USB ma\u00eetre.<br \/>\n<img loading=\"lazy\" decoding=\"async\" class=\"transparent\" src=\"https:\/\/hikitec.de\/wp-content\/uploads\/2021\/04\/zzz_HIKITEC_Favicon_weiss_32.png\" alt=\"https:\/\/hikitec.de\/wp-content\/uploads\/2021\/04\/zzz_HIKITEC_Favicon_weiss_32.png\" width=\"11\" height=\"12\"> Vous nous donnez votre accord sur la base d&rsquo;un fichier test ou d&rsquo;un \u00e9chantillon de donn\u00e9es.<br \/>\n<img loading=\"lazy\" decoding=\"async\" class=\"transparent\" src=\"https:\/\/hikitec.de\/wp-content\/uploads\/2021\/04\/zzz_HIKITEC_Favicon_weiss_32.png\" alt=\"https:\/\/hikitec.de\/wp-content\/uploads\/2021\/04\/zzz_HIKITEC_Favicon_weiss_32.png\" width=\"11\" height=\"12\"> Nous copions et testons les b\u00e2tons.<br \/>\n<img loading=\"lazy\" decoding=\"async\" class=\"transparent\" src=\"https:\/\/hikitec.de\/wp-content\/uploads\/2021\/04\/zzz_HIKITEC_Favicon_weiss_32.png\" alt=\"https:\/\/hikitec.de\/wp-content\/uploads\/2021\/04\/zzz_HIKITEC_Favicon_weiss_32.png\" width=\"11\" height=\"12\"> Nous assemblons et emballons les b\u00e2tons.<br \/>\n<img loading=\"lazy\" decoding=\"async\" class=\"transparent\" src=\"https:\/\/hikitec.de\/wp-content\/uploads\/2021\/04\/zzz_HIKITEC_Favicon_weiss_32.png\" alt=\"https:\/\/hikitec.de\/wp-content\/uploads\/2021\/04\/zzz_HIKITEC_Favicon_weiss_32.png\" width=\"11\" height=\"12\"> L&rsquo;exp\u00e9dition est faite \u00e0 vous ou directement neutre \u00e0 votre client.<\/p>\n<\/div><\/div><\/div><\/section>\n<\/div><\/p><\/div>\n<style type=\"text\/css\" id=\"style-css-av-566s2n-7c088c33459d6a730e0cf8c21a795181\">\n#top .flex_column.av-566s2n-7c088c33459d6a730e0cf8c21a795181{\nborder-radius:0px;\n-webkit-border-radius:0px;\n-moz-border-radius:0px;\npadding:0px;\n}\n<\/style>\n<div class='flex_column av-566s2n-7c088c33459d6a730e0cf8c21a795181 av_one_half  avia-builder-el-5  el_after_av_one_half  el_before_av_one_half  flex_column_div av-zero-column-padding column-top-margin'   ><section class=\"av_textblock_section \"  itemscope=\"itemscope\" itemtype=\"https:\/\/schema.org\/CreativeWork\" ><div class='avia_textblock  '   itemprop=\"text\" ><p><img loading=\"lazy\" decoding=\"async\" class=\"aligncenter wp-image-24930 size-medium\" src=\"https:\/\/hikitec.de\/wp-content\/uploads\/2021\/03\/Datenservice-e1615380861293-300x300.jpg\" alt=\"\" width=\"300\" height=\"300\" srcset=\"https:\/\/hikitec.de\/wp-content\/uploads\/2021\/03\/Datenservice-e1615380861293.jpg 300w, https:\/\/hikitec.de\/wp-content\/uploads\/2021\/03\/Datenservice-e1615380861293-80x80.jpg 80w, https:\/\/hikitec.de\/wp-content\/uploads\/2021\/03\/Datenservice-e1615380861293-36x36.jpg 36w, https:\/\/hikitec.de\/wp-content\/uploads\/2021\/03\/Datenservice-e1615380861293-180x180.jpg 180w, https:\/\/hikitec.de\/wp-content\/uploads\/2021\/03\/Datenservice-e1615380861293-120x120.jpg 120w\" sizes=\"auto, (max-width: 300px) 100vw, 300px\" \/><\/p>\n<\/div><\/section><\/div><\/p>\n\n<style type=\"text\/css\" id=\"style-css-av-l7zynz-5fe7c979f90293e46f176a744e701721\">\n#top .flex_column.av-l7zynz-5fe7c979f90293e46f176a744e701721{\nborder-radius:0px;\n-webkit-border-radius:0px;\n-moz-border-radius:0px;\npadding:0px;\n}\n<\/style>\n<div class='flex_column av-l7zynz-5fe7c979f90293e46f176a744e701721 av_one_half  avia-builder-el-7  el_after_av_one_half  el_before_av_one_half  first flex_column_div av-zero-column-padding column-top-margin'   ><\/div>\n\n<style type=\"text\/css\" id=\"style-css-av-l7zynz-974dfb4ffbd9dc8b6b43182f36e79b47\">\n#top .flex_column.av-l7zynz-974dfb4ffbd9dc8b6b43182f36e79b47{\nborder-radius:0px;\n-webkit-border-radius:0px;\n-moz-border-radius:0px;\npadding:0px;\n}\n<\/style>\n<div class='flex_column av-l7zynz-974dfb4ffbd9dc8b6b43182f36e79b47 av_one_half  avia-builder-el-8  el_after_av_one_half  el_before_av_one_half  flex_column_div av-zero-column-padding column-top-margin'   ><section class=\"av_textblock_section \"  itemscope=\"itemscope\" itemtype=\"https:\/\/schema.org\/CreativeWork\" ><div class='avia_textblock  '   itemprop=\"text\" ><p><strong>Vos avantages :<\/strong><\/p>\n<p><img loading=\"lazy\" decoding=\"async\" class=\"transparent\" src=\"https:\/\/hikitec.de\/wp-content\/uploads\/2016\/12\/zzz_HIKITEC_Favicon_32.png\" alt=\"https:\/\/hikitec.de\/wp-content\/uploads\/2016\/12\/zzz_HIKITEC_Favicon_32.png\" width=\"11\" height=\"12\"> Service Made in Germany<br \/>\n<img loading=\"lazy\" decoding=\"async\" class=\"transparent\" src=\"https:\/\/hikitec.de\/wp-content\/uploads\/2016\/12\/zzz_HIKITEC_Favicon_32.png\" alt=\"https:\/\/hikitec.de\/wp-content\/uploads\/2016\/12\/zzz_HIKITEC_Favicon_32.png\" width=\"11\" height=\"12\"> Contr\u00f4le \u00e0 100%.<br \/>\n<img loading=\"lazy\" decoding=\"async\" class=\"transparent\" src=\"https:\/\/hikitec.de\/wp-content\/uploads\/2016\/12\/zzz_HIKITEC_Favicon_32.png\" alt=\"https:\/\/hikitec.de\/wp-content\/uploads\/2016\/12\/zzz_HIKITEC_Favicon_32.png\" width=\"11\" height=\"12\"> Temps de production rapide<br \/>\n<img loading=\"lazy\" decoding=\"async\" class=\"transparent\" src=\"https:\/\/hikitec.de\/wp-content\/uploads\/2016\/12\/zzz_HIKITEC_Favicon_32.png\" alt=\"https:\/\/hikitec.de\/wp-content\/uploads\/2016\/12\/zzz_HIKITEC_Favicon_32.png\" width=\"11\" height=\"12\"> Montage individuel<br \/>\n<img loading=\"lazy\" decoding=\"async\" class=\"transparent\" src=\"https:\/\/hikitec.de\/wp-content\/uploads\/2016\/12\/zzz_HIKITEC_Favicon_32.png\" alt=\"https:\/\/hikitec.de\/wp-content\/uploads\/2016\/12\/zzz_HIKITEC_Favicon_32.png\" width=\"11\" height=\"12\"> Envoi neutre \u00e0 votre client<\/p>\n<\/div><\/section><\/div>\n\n<style type=\"text\/css\" id=\"style-css-av-l7zynz-5fe7c979f90293e46f176a744e701721\">\n#top .flex_column.av-l7zynz-5fe7c979f90293e46f176a744e701721{\nborder-radius:0px;\n-webkit-border-radius:0px;\n-moz-border-radius:0px;\npadding:0px;\n}\n<\/style>\n<div class='flex_column av-l7zynz-5fe7c979f90293e46f176a744e701721 av_one_half  avia-builder-el-10  el_after_av_one_half  el_before_av_one_half  first flex_column_div av-zero-column-padding column-top-margin'   ><section class=\"av_textblock_section \"  itemscope=\"itemscope\" itemtype=\"https:\/\/schema.org\/CreativeWork\" ><div class='avia_textblock  '   itemprop=\"text\" ><p><strong>DURATION<\/strong><\/p>\n<p style=\"background: white;vertical-align: baseline;margin: 10.2pt 0cm 10.2pt 0cm\"><span style=\"font-size: 10.0pt;font-family: inherit;color: #666666\">Le temps de jeu r\u00e9gulier est de 3 jours ouvrables par 5000 pi\u00e8ces (selon la taille des donn\u00e9es et l&#8217;emballage). Veillez \u00e0 nous informer en temps utile des travaux de reproduction \u00e0 venir. Les productions express (le jour m\u00eame) sont possibles sur demande. Les lots d&rsquo;\u00e9chantillons r\u00e9guliers et plus petits en requi\u00e8rent g\u00e9n\u00e9ralement un, au maximum. deux jours ouvrables.<\/span><\/p>\n<p style=\"background: white;vertical-align: baseline;line-height: inherit;text-align: start;margin: 10.2pt 0cm 10.2pt 0cm\"><span style=\"font-size: 10.0pt;font-family: inherit;color: #666666\">Vous nous envoyez vos propres cl\u00e9s USB et nous transf\u00e9rons vos donn\u00e9es sur votre support de stockage.<br \/>\nLes donn\u00e9es sont ensuite compar\u00e9es (v\u00e9rifi\u00e9es) avec l&rsquo;original. Les supports d\u00e9fectueux sont d\u00e9tect\u00e9s, tri\u00e9s et emball\u00e9s s\u00e9par\u00e9ment.<\/span><\/p>\n<\/div><\/section><\/div>\n\n<style type=\"text\/css\" id=\"style-css-av-l7zynz-974dfb4ffbd9dc8b6b43182f36e79b47\">\n#top .flex_column.av-l7zynz-974dfb4ffbd9dc8b6b43182f36e79b47{\nborder-radius:0px;\n-webkit-border-radius:0px;\n-moz-border-radius:0px;\npadding:0px;\n}\n<\/style>\n<div class='flex_column av-l7zynz-974dfb4ffbd9dc8b6b43182f36e79b47 av_one_half  avia-builder-el-12  el_after_av_one_half  el_before_av_one_full  flex_column_div av-zero-column-padding column-top-margin'   ><section class=\"av_textblock_section \"  itemscope=\"itemscope\" itemtype=\"https:\/\/schema.org\/CreativeWork\" ><div class='avia_textblock  '   itemprop=\"text\" ><p><img loading=\"lazy\" decoding=\"async\" class=\"aligncenter wp-image-24934 size-medium\" src=\"https:\/\/hikitec.de\/wp-content\/uploads\/2021\/03\/Lieferung-e1615381415663-300x232.jpg\" alt=\"\" width=\"300\" height=\"232\" srcset=\"https:\/\/hikitec.de\/wp-content\/uploads\/2021\/03\/Lieferung-e1615381415663-300x232.jpg 300w, https:\/\/hikitec.de\/wp-content\/uploads\/2021\/03\/Lieferung-e1615381415663-768x594.jpg 768w, https:\/\/hikitec.de\/wp-content\/uploads\/2021\/03\/Lieferung-e1615381415663-705x546.jpg 705w, https:\/\/hikitec.de\/wp-content\/uploads\/2021\/03\/Lieferung-e1615381415663-450x348.jpg 450w, https:\/\/hikitec.de\/wp-content\/uploads\/2021\/03\/Lieferung-e1615381415663.jpg 801w\" sizes=\"auto, (max-width: 300px) 100vw, 300px\" \/><\/p>\n<\/div><\/section><\/div>\n\n<style type=\"text\/css\" id=\"style-css-av-nnktr3-f748d71a900ddc94a69bce23d709dd46\">\n#top .flex_column.av-nnktr3-f748d71a900ddc94a69bce23d709dd46{\nborder-radius:0px;\n-webkit-border-radius:0px;\n-moz-border-radius:0px;\npadding:0px;\n}\n<\/style>\n<div class='flex_column av-nnktr3-f748d71a900ddc94a69bce23d709dd46 av_one_full  avia-builder-el-14  el_after_av_one_half  el_before_av_one_half  first flex_column_div av-zero-column-padding column-top-margin'   ><form action=\"https:\/\/hikitec.de\/fr\/service-de-copie\/\" method=\"post\"  class=\"avia_ajax_form av-form-labels-visible   avia-builder-el-15  avia-builder-el-no-sibling   \" data-avia-form-id=\"1\" data-avia-redirect='' ><h3 class=''>Service de copie d\u2019enqu\u00eate<\/h3><fieldset><p class='  first_form  form_element form_fullwidth' id='element_avia_1_1'><label for=\"avia_1_1\">Entreprise<\/label> <input name=\"avia_1_1\" class=\"text_input \" type=\"text\" id=\"avia_1_1\" value=\"\" \/><\/p><p class='  first_form  form_element form_element_third' id='element_avia_2_1'><label for=\"avia_2_1\">Salutation<\/label> <input name=\"avia_2_1\" class=\"text_input \" type=\"text\" id=\"avia_2_1\" value=\"\" \/><\/p><p class='  form_element form_element_third' id='element_avia_3_1'><label for=\"avia_3_1\">Pr\u00e9nom<\/label> <input name=\"avia_3_1\" class=\"text_input \" type=\"text\" id=\"avia_3_1\" value=\"\" \/><\/p><p class='  form_element form_element_third' id='element_avia_4_1'><label for=\"avia_4_1\">Nachmane<\/label> <input name=\"avia_4_1\" class=\"text_input \" type=\"text\" id=\"avia_4_1\" value=\"\" \/><\/p><p class='  first_form  form_element form_fullwidth' id='element_avia_5_1'><label for=\"avia_5_1\">Courriel : <abbr class=\"required\" title=\"requis(e)\">*<\/abbr><\/label> <input name=\"avia_5_1\" class=\"text_input is_email\" type=\"text\" id=\"avia_5_1\" value=\"\" \/><\/p><p class='  first_form  form_element form_fullwidth' id='element_avia_6_1'><label for=\"avia_6_1\" class=\"textare_label hidden textare_label_avia_6_1\">Message<\/label><textarea  name=\"avia_6_1\" class=\"text_area \" cols=\"40\" rows=\"7\" id=\"avia_6_1\" ><\/textarea><\/p><p class=' first_form  form_element form_fullwidth' id='element_avia_7_1'>    <input  name=\"avia_7_1\" class=\"input_checkbox is_empty\" type=\"checkbox\" id=\"avia_7_1\" value=\"true\"\/><label class=\"input_checkbox_label\" for=\"avia_7_1\">J\u2019ai lu et pris note de l\u2019avis sur la protection des donn\u00e9es. <abbr class=\"required\" title=\"requis(e)\">*<\/abbr><\/label><\/p><div id='avia_8_1' class='av-form-text'><p>\n* J&rsquo;ai pris connaissance des <a href=\"http:\/\/hikitec.de\/datenschutz\/\" target=\"_blank\" rel=\"noopener\">informations<\/a> sur la protection des donn\u00e9es ainsi que des informations sur la r\u00e9vocation et je les accepte.compact : Informations sur la protection des donn\u00e9es Votre adresse e-mail ne sera utilis\u00e9e que dans le but de r\u00e9pondre \u00e0 votre demande de la soci\u00e9t\u00e9 HIKITEC. Il s&rsquo;agit d&rsquo;informations sur les produits, les promotions saisonni\u00e8res ou les nouvelles versions. Votre adresse \u00e9lectronique ne sera jamais transmise \u00e0 des tiers \u00e0 des fins publicitaires et ne sera utilis\u00e9e que dans le cadre de l&rsquo;envoi de la newsletter.<\/p>\n<p>Avis de r\u00e9vocabilit\u00e9 Vous pouvez r\u00e9voquer ce consentement \u00e0 tout moment en vous d\u00e9sinscrivant de la liste. Des instructions de d\u00e9sabonnement sont incluses dans chaque bulletin d&rsquo;information.<\/p>\n<\/div><p class=\"hidden\"><input type=\"text\" name=\"avia_9_1\" class=\"hidden \" id=\"avia_9_1\" value=\"\" \/><\/p><p class='   form_element form_fullwidth' id='element_avia_10_1'><span class='value_verifier_label'>1 + 5 = ?<\/span><input name=\"avia_10_1_verifier\" type=\"hidden\" id=\"avia_10_1_verifier\" value=\"238576667\"\/><label for=\"avia_10_1\">Merci de prouver que vous \u00eates un humain en donnant le r\u00e9sultat de cette op\u00e9ration <abbr class=\"required\" title=\"requis(e)\">*<\/abbr><\/label><input name=\"avia_10_1\" class=\"text_input captcha\" type=\"text\" id=\"avia_10_1\" value=\"\"\/><\/p><p class=\"form_element \"><input type=\"hidden\" value=\"1\" name=\"avia_generated_form1\" \/><input type=\"submit\" value=\"Demandes de renseignements\" class=\"button\"  data-sending-label=\"Envoi\"\/><\/p><\/fieldset><\/form><div id=\"ajaxresponse_1\" class=\"ajaxresponse ajaxresponse_1 hidden\"><\/div><\/div>\n\n<style type=\"text\/css\" id=\"style-css-av-l7zynz-5fe7c979f90293e46f176a744e701721\">\n#top .flex_column.av-l7zynz-5fe7c979f90293e46f176a744e701721{\nborder-radius:0px;\n-webkit-border-radius:0px;\n-moz-border-radius:0px;\npadding:0px;\n}\n<\/style>\n<div class='flex_column av-l7zynz-5fe7c979f90293e46f176a744e701721 av_one_half  avia-builder-el-16  el_after_av_one_full  el_before_av_one_half  first flex_column_div av-zero-column-padding column-top-margin'   ><section class=\"av_textblock_section \"  itemscope=\"itemscope\" itemtype=\"https:\/\/schema.org\/CreativeWork\" ><div class='avia_textblock  '   itemprop=\"text\" ><p><strong>S\u00c9CURIT\u00c9<\/strong><\/p>\n<p>Toutes les donn\u00e9es qui nous sont fournies (via des services en ligne, des CD, des DVD, des cartes SD, des disques durs, des cl\u00e9s USB, etc.) sont toujours contr\u00f4l\u00e9es par diff\u00e9rents programmes antivirus (dans leur derni\u00e8re version) imm\u00e9diatement apr\u00e8s leur r\u00e9ception. Ce n&rsquo;est qu&rsquo;ensuite que nous cr\u00e9ons ou utilisons un support de donn\u00e9es sans erreur dans le cadre du \u00ab\u00a0mastering\u00a0\u00bb.<\/p>\n<\/div><\/section><\/div>\n\n<style type=\"text\/css\" id=\"style-css-av-l7zynz-974dfb4ffbd9dc8b6b43182f36e79b47\">\n#top .flex_column.av-l7zynz-974dfb4ffbd9dc8b6b43182f36e79b47{\nborder-radius:0px;\n-webkit-border-radius:0px;\n-moz-border-radius:0px;\npadding:0px;\n}\n<\/style>\n<div class='flex_column av-l7zynz-974dfb4ffbd9dc8b6b43182f36e79b47 av_one_half  avia-builder-el-18  el_after_av_one_half  el_before_av_one_full  flex_column_div av-zero-column-padding column-top-margin'   ><section class=\"av_textblock_section \"  itemscope=\"itemscope\" itemtype=\"https:\/\/schema.org\/CreativeWork\" ><div class='avia_textblock  '   itemprop=\"text\" ><p><img loading=\"lazy\" decoding=\"async\" class=\"aligncenter size-medium wp-image-24946\" src=\"https:\/\/hikitec.de\/wp-content\/uploads\/2021\/03\/Kopieren-1-300x300.jpeg\" alt=\"\" width=\"300\" height=\"300\" srcset=\"https:\/\/hikitec.de\/wp-content\/uploads\/2021\/03\/Kopieren-1-300x300.jpeg 300w, https:\/\/hikitec.de\/wp-content\/uploads\/2021\/03\/Kopieren-1-1030x1030.jpeg 1030w, https:\/\/hikitec.de\/wp-content\/uploads\/2021\/03\/Kopieren-1-80x80.jpeg 80w, https:\/\/hikitec.de\/wp-content\/uploads\/2021\/03\/Kopieren-1-768x768.jpeg 768w, https:\/\/hikitec.de\/wp-content\/uploads\/2021\/03\/Kopieren-1-36x36.jpeg 36w, https:\/\/hikitec.de\/wp-content\/uploads\/2021\/03\/Kopieren-1-180x180.jpeg 180w, https:\/\/hikitec.de\/wp-content\/uploads\/2021\/03\/Kopieren-1-1500x1500.jpeg 1500w, https:\/\/hikitec.de\/wp-content\/uploads\/2021\/03\/Kopieren-1-705x705.jpeg 705w, https:\/\/hikitec.de\/wp-content\/uploads\/2021\/03\/Kopieren-1-120x120.jpeg 120w, https:\/\/hikitec.de\/wp-content\/uploads\/2021\/03\/Kopieren-1-450x450.jpeg 450w, https:\/\/hikitec.de\/wp-content\/uploads\/2021\/03\/Kopieren-1.jpeg 1512w\" sizes=\"auto, (max-width: 300px) 100vw, 300px\" \/><\/p>\n<\/div><\/section><\/div>\n\n<style type=\"text\/css\" id=\"style-css-av-lpqohr-c2ca4ad580623b4af8e91243df6e01c7\">\n#top .flex_column.av-lpqohr-c2ca4ad580623b4af8e91243df6e01c7{\nborder-radius:0px;\n-webkit-border-radius:0px;\n-moz-border-radius:0px;\npadding:0px;\n}\n<\/style>\n<div class='flex_column av-lpqohr-c2ca4ad580623b4af8e91243df6e01c7 av_one_full  avia-builder-el-20  el_after_av_one_half  avia-builder-el-last  first flex_column_div av-zero-column-padding column-top-margin'   ><section class=\"av_textblock_section \"  itemscope=\"itemscope\" itemtype=\"https:\/\/schema.org\/CreativeWork\" ><div class='avia_textblock  '   itemprop=\"text\" ><input type=\"button\" value=\"Dos\" class=\"alg_back_button_input \" style=\"\" onclick=\"window.history.back()\" \/>\n<\/div><\/section><\/div>\n","protected":false},"excerpt":{"rendered":"","protected":false},"author":2,"featured_media":0,"parent":0,"menu_order":0,"comment_status":"closed","ping_status":"closed","template":"","meta":{"footnotes":""},"class_list":["post-56847","page","type-page","status-publish","hentry"],"_links":{"self":[{"href":"https:\/\/hikitec.de\/fr\/wp-json\/wp\/v2\/pages\/56847","targetHints":{"allow":["GET"]}}],"collection":[{"href":"https:\/\/hikitec.de\/fr\/wp-json\/wp\/v2\/pages"}],"about":[{"href":"https:\/\/hikitec.de\/fr\/wp-json\/wp\/v2\/types\/page"}],"author":[{"embeddable":true,"href":"https:\/\/hikitec.de\/fr\/wp-json\/wp\/v2\/users\/2"}],"replies":[{"embeddable":true,"href":"https:\/\/hikitec.de\/fr\/wp-json\/wp\/v2\/comments?post=56847"}],"version-history":[{"count":9,"href":"https:\/\/hikitec.de\/fr\/wp-json\/wp\/v2\/pages\/56847\/revisions"}],"predecessor-version":[{"id":127982,"href":"https:\/\/hikitec.de\/fr\/wp-json\/wp\/v2\/pages\/56847\/revisions\/127982"}],"wp:attachment":[{"href":"https:\/\/hikitec.de\/fr\/wp-json\/wp\/v2\/media?parent=56847"}],"curies":[{"name":"wp","href":"https:\/\/api.w.org\/{rel}","templated":true}]}}