{"id":56883,"date":"2021-04-01T16:07:41","date_gmt":"2021-04-01T14:07:41","guid":{"rendered":"https:\/\/hikitec.de\/plate-forme-os\/"},"modified":"2021-04-01T16:07:41","modified_gmt":"2021-04-01T14:07:41","slug":"plate-forme-os","status":"publish","type":"page","link":"https:\/\/hikitec.de\/fr\/plate-forme-os\/","title":{"rendered":"Plate-forme OS"},"content":{"rendered":"<p>Conform\u00e9ment au r\u00e8glement de l&rsquo;UE n\u00b0 524\/2013, la Commission de l&rsquo;UE met \u00e0 disposition un site web (plateforme ODR) pour le r\u00e8glement extrajudiciaire des litiges r\u00e9sultant de transactions juridiques en ligne. La plateforme ODR de la Commission europ\u00e9enne peut \u00eatre consult\u00e9e sur ce lien : <a title=\"Plate-forme OS\" href=\"http:\/\/ec.europa.eu\/consumers\/odr\/\" target=\"_blank\" rel=\"noopener\">http:\/\/ec.europa.eu\/consumers\/odr\/<\/a><\/p>\n<p>Notre adresse \u00e9lectronique est info@hikitec.de<\/p>\n","protected":false},"excerpt":{"rendered":"<p>Conform\u00e9ment au r\u00e8glement de l&rsquo;UE n\u00b0 524\/2013, la Commission de l&rsquo;UE met \u00e0 disposition un site web (plateforme ODR) pour le r\u00e8glement extrajudiciaire des litiges r\u00e9sultant de transactions juridiques en ligne. La plateforme ODR de la Commission europ\u00e9enne peut \u00eatre consult\u00e9e sur ce lien : http:\/\/ec.europa.eu\/consumers\/odr\/ Notre adresse \u00e9lectronique est info@hikitec.de<\/p>\n","protected":false},"author":2,"featured_media":0,"parent":0,"menu_order":0,"comment_status":"closed","ping_status":"closed","template":"","meta":{"footnotes":""},"class_list":["post-56883","page","type-page","status-publish","hentry"],"_links":{"self":[{"href":"https:\/\/hikitec.de\/fr\/wp-json\/wp\/v2\/pages\/56883","targetHints":{"allow":["GET"]}}],"collection":[{"href":"https:\/\/hikitec.de\/fr\/wp-json\/wp\/v2\/pages"}],"about":[{"href":"https:\/\/hikitec.de\/fr\/wp-json\/wp\/v2\/types\/page"}],"author":[{"embeddable":true,"href":"https:\/\/hikitec.de\/fr\/wp-json\/wp\/v2\/users\/2"}],"replies":[{"embeddable":true,"href":"https:\/\/hikitec.de\/fr\/wp-json\/wp\/v2\/comments?post=56883"}],"version-history":[{"count":0,"href":"https:\/\/hikitec.de\/fr\/wp-json\/wp\/v2\/pages\/56883\/revisions"}],"wp:attachment":[{"href":"https:\/\/hikitec.de\/fr\/wp-json\/wp\/v2\/media?parent=56883"}],"curies":[{"name":"wp","href":"https:\/\/api.w.org\/{rel}","templated":true}]}}