{"id":56903,"date":"2021-04-01T16:21:02","date_gmt":"2021-04-01T14:21:02","guid":{"rendered":"https:\/\/hikitec.de\/envoi-de-factures\/"},"modified":"2021-04-01T16:21:03","modified_gmt":"2021-04-01T14:21:03","slug":"envoi-de-factures","status":"publish","type":"page","link":"https:\/\/hikitec.de\/fr\/envoi-de-factures\/","title":{"rendered":"Envoi de factures"},"content":{"rendered":"<section class=\"av_textblock_section \"  itemscope=\"itemscope\" itemtype=\"https:\/\/schema.org\/CreativeWork\" ><div class='avia_textblock  '   itemprop=\"text\" ><p><strong>Comment puis-je recevoir mes factures ?<\/strong><\/p>\n<\/div><\/section>\n<section class=\"av_textblock_section \"  itemscope=\"itemscope\" itemtype=\"https:\/\/schema.org\/CreativeWork\" ><div class='avia_textblock  '   itemprop=\"text\" ><p>En tant qu&rsquo;entreprise durable, nous vous envoyons vos factures par courrier \u00e9lectronique. Cela permet de r\u00e9duire les piles de papier et d&rsquo;\u00e9conomiser des co\u00fbts et du temps en m\u00eame temps.<\/p>\n<p>Vos avantages en un coup d&rsquo;\u0153il :<\/p>\n<ul>\n<li>respect de l&rsquo;environnement : fichier PDF au lieu de la facture papier<\/li>\n<li>confortable : pas de saisie des comptes, des num\u00e9ros de r\u00e9f\u00e9rence et des montants<\/li>\n<\/ul>\n<p>Ce service est bien entendu gratuit pour vous.<\/p>\n<\/div><\/section>\n<section class=\"av_textblock_section \"  itemscope=\"itemscope\" itemtype=\"https:\/\/schema.org\/CreativeWork\" ><div class='avia_textblock  '   itemprop=\"text\" ><input type=\"button\" value=\"Dos\" class=\"alg_back_button_input \" style=\"\" onclick=\"window.history.back()\" \/>\n<\/div><\/section>\n","protected":false},"excerpt":{"rendered":"","protected":false},"author":2,"featured_media":0,"parent":0,"menu_order":0,"comment_status":"closed","ping_status":"closed","template":"","meta":{"footnotes":""},"class_list":["post-56903","page","type-page","status-publish","hentry"],"_links":{"self":[{"href":"https:\/\/hikitec.de\/fr\/wp-json\/wp\/v2\/pages\/56903","targetHints":{"allow":["GET"]}}],"collection":[{"href":"https:\/\/hikitec.de\/fr\/wp-json\/wp\/v2\/pages"}],"about":[{"href":"https:\/\/hikitec.de\/fr\/wp-json\/wp\/v2\/types\/page"}],"author":[{"embeddable":true,"href":"https:\/\/hikitec.de\/fr\/wp-json\/wp\/v2\/users\/2"}],"replies":[{"embeddable":true,"href":"https:\/\/hikitec.de\/fr\/wp-json\/wp\/v2\/comments?post=56903"}],"version-history":[{"count":2,"href":"https:\/\/hikitec.de\/fr\/wp-json\/wp\/v2\/pages\/56903\/revisions"}],"predecessor-version":[{"id":56905,"href":"https:\/\/hikitec.de\/fr\/wp-json\/wp\/v2\/pages\/56903\/revisions\/56905"}],"wp:attachment":[{"href":"https:\/\/hikitec.de\/fr\/wp-json\/wp\/v2\/media?parent=56903"}],"curies":[{"name":"wp","href":"https:\/\/api.w.org\/{rel}","templated":true}]}}