{"id":717674,"date":"2023-03-01T16:00:12","date_gmt":"2023-03-01T15:00:12","guid":{"rendered":"https:\/\/hikitec.de\/differences\/"},"modified":"2023-03-01T16:00:12","modified_gmt":"2023-03-01T15:00:12","slug":"differences","status":"publish","type":"page","link":"https:\/\/hikitec.de\/fr\/differences\/","title":{"rendered":"Diff\u00e9rences"},"content":{"rendered":"<p>Comme il est impossible d&rsquo;\u00e9viter des diff\u00e9rences dans une production, des \u00e9carts maximaux sont fix\u00e9s dans des valeurs de tol\u00e9rance pour la qualit\u00e9 attendue.<\/p>\n<p>Par tol\u00e9rance de \u00b10,1 mm, on entend une marge de variation de 0,2 mm. En r\u00e8gle g\u00e9n\u00e9rale, les mat\u00e9riaux sont transform\u00e9s en produits finis qui pr\u00e9sentent d\u00e9j\u00e0 des diff\u00e9rences en eux-m\u00eames et par l&rsquo;impression avant le traitement ult\u00e9rieur de l&rsquo;impression. Une distinction est donc faite entre<\/p>\n<p>&#8211; Diff\u00e9rences import\u00e9es<br \/>\n&#8211; Tol\u00e9rances dans le traitement ult\u00e9rieur de l&rsquo;impression<\/p>\n","protected":false},"excerpt":{"rendered":"<p>Comme il est impossible d&rsquo;\u00e9viter des diff\u00e9rences dans une production, des \u00e9carts maximaux sont fix\u00e9s dans des valeurs de tol\u00e9rance pour la qualit\u00e9 attendue. Par tol\u00e9rance de \u00b10,1 mm, on entend une marge de variation de 0,2 mm. En r\u00e8gle g\u00e9n\u00e9rale, les mat\u00e9riaux sont transform\u00e9s en produits finis qui pr\u00e9sentent d\u00e9j\u00e0 des diff\u00e9rences en eux-m\u00eames [&hellip;]<\/p>\n","protected":false},"author":5,"featured_media":0,"parent":0,"menu_order":0,"comment_status":"closed","ping_status":"closed","template":"","meta":{"footnotes":""},"class_list":["post-717674","page","type-page","status-publish","hentry"],"_links":{"self":[{"href":"https:\/\/hikitec.de\/fr\/wp-json\/wp\/v2\/pages\/717674","targetHints":{"allow":["GET"]}}],"collection":[{"href":"https:\/\/hikitec.de\/fr\/wp-json\/wp\/v2\/pages"}],"about":[{"href":"https:\/\/hikitec.de\/fr\/wp-json\/wp\/v2\/types\/page"}],"author":[{"embeddable":true,"href":"https:\/\/hikitec.de\/fr\/wp-json\/wp\/v2\/users\/5"}],"replies":[{"embeddable":true,"href":"https:\/\/hikitec.de\/fr\/wp-json\/wp\/v2\/comments?post=717674"}],"version-history":[{"count":0,"href":"https:\/\/hikitec.de\/fr\/wp-json\/wp\/v2\/pages\/717674\/revisions"}],"wp:attachment":[{"href":"https:\/\/hikitec.de\/fr\/wp-json\/wp\/v2\/media?parent=717674"}],"curies":[{"name":"wp","href":"https:\/\/api.w.org\/{rel}","templated":true}]}}