{"id":717780,"date":"2023-03-02T09:48:26","date_gmt":"2023-03-02T08:48:26","guid":{"rendered":"https:\/\/hikitec.de\/liste-de-prix-nouveau-lien\/"},"modified":"2023-03-02T09:48:27","modified_gmt":"2023-03-02T08:48:27","slug":"liste-de-prix-nouveau-lien","status":"publish","type":"page","link":"https:\/\/hikitec.de\/fr\/liste-de-prix-nouveau-lien\/","title":{"rendered":"Liste de prix nouveau lien"},"content":{"rendered":"<section class=\"av_textblock_section \"  itemscope=\"itemscope\" itemtype=\"https:\/\/schema.org\/CreativeWork\" ><div class='avia_textblock  '   itemprop=\"text\" ><p>Cher partenaire commercial,<\/p>\n<p>Vous avez essay\u00e9 de t\u00e9l\u00e9charger une liste de prix HIKITEC avec un lien qui n&rsquo;est plus \u00e0 jour.<\/p>\n<p>Pour prot\u00e9ger les listes de prix d&rsquo;un acc\u00e8s non autoris\u00e9, nous actualisons une fois par semaine le lien de t\u00e9l\u00e9chargement.<br \/>\nD\u00e8s que nous modifierons la structure des liens, vous recevrez de notre part, en tant que commer\u00e7ant enregistr\u00e9, une newsletter contenant les nouveaux liens de t\u00e9l\u00e9chargement.<\/p>\n<\/div><\/section>\n\n<style type=\"text\/css\" id=\"style-css-av-1an71grs-00719d2f76f77e7536ddae2e31f537cb\">\n#top .flex_column.av-1an71grs-00719d2f76f77e7536ddae2e31f537cb{\nborder-radius:0px;\n-webkit-border-radius:0px;\n-moz-border-radius:0px;\npadding:0px;\n}\n<\/style>\n<div class='flex_column av-1an71grs-00719d2f76f77e7536ddae2e31f537cb av_one_half  avia-builder-el-1  el_after_av_textblock  el_before_av_one_half  first flex_column_div av-zero-column-padding column-top-margin'   ><p><section class=\"av_textblock_section \"  itemscope=\"itemscope\" itemtype=\"https:\/\/schema.org\/CreativeWork\" ><div class='avia_textblock  '   itemprop=\"text\" ><p>Si vous \u00eates int\u00e9ress\u00e9(e) par notre newsletter, vous pouvez vous inscrire gratuitement ici :<\/p>\n<p><a href=\"https:\/\/hikitec.de\/fr\/nouveaux-clients-04-de\/\" target=\"_blank\" rel=\"noopener\">https:\/\/hikitec.de\/newsletter\/<\/a><\/p>\n<p>Nous comprenons bien s\u00fbr que cela puisse para\u00eetre un peu compliqu\u00e9 au premier abord, mais la protection de vos prix de vente et de vente au d\u00e9tail en vaut vraiment la peine.<br \/>\nCette approche a \u00e9galement un grand avantage dans l&rsquo;utilisation quotidienne. Vous n&rsquo;avez pas besoin de mot de passe pour y acc\u00e9der et vous \u00eates toujours inform\u00e9(e) des nouveaux prix gr\u00e2ce \u00e0 notre newsletter.<\/p>\n<\/div><\/section><br \/>\n<section class=\"av_textblock_section \"  itemscope=\"itemscope\" itemtype=\"https:\/\/schema.org\/CreativeWork\" ><div class='avia_textblock  '   itemprop=\"text\" ><p>Salutations<\/p>\n<p>Votre \u00e9quipe de la soci\u00e9t\u00e9 HIKITEC GmbH<\/p>\n<\/div><\/section><\/p><\/div>\n\n<style type=\"text\/css\" id=\"style-css-av-17em8xk8-5cc8712c3bbbf86ed3654d2915d3d929\">\n#top .flex_column.av-17em8xk8-5cc8712c3bbbf86ed3654d2915d3d929{\nborder-radius:0px;\n-webkit-border-radius:0px;\n-moz-border-radius:0px;\npadding:0px;\n}\n<\/style>\n<div class='flex_column av-17em8xk8-5cc8712c3bbbf86ed3654d2915d3d929 av_one_half  avia-builder-el-4  el_after_av_one_half  avia-builder-el-last  flex_column_div av-zero-column-padding column-top-margin'   ><form action=\"https:\/\/hikitec.de\/fr\/liste-de-prix-nouveau-lien\/\" method=\"post\"  class=\"avia_ajax_form av-form-labels-visible   avia-builder-el-5  avia-builder-el-no-sibling   \" data-avia-form-id=\"1\" data-avia-redirect='' ><h3 class=''>Demander le lien de la newsletter<\/h3><fieldset><p class='  first_form  form_element form_fullwidth' id='element_avia_1_1'><label for=\"avia_1_1\">Entreprise<\/label> <input name=\"avia_1_1\" class=\"text_input \" type=\"text\" id=\"avia_1_1\" value=\"\" \/><\/p><p class=' first_form  form_element form_element_third' id='element_avia_2_1'><label for=\"avia_2_1\">Salutation<\/label> <select  name=\"avia_2_1\" class=\"select \" id=\"avia_2_1\"><option  value ='Monsieur'>Monsieur<\/option><option  value ='Madame'>Madame<\/option><\/select><\/p><p class='  form_element form_element_third' id='element_avia_3_1'><label for=\"avia_3_1\">Pr\u00e9nom<\/label> <input name=\"avia_3_1\" class=\"text_input \" type=\"text\" id=\"avia_3_1\" value=\"\" \/><\/p><p class='  form_element form_element_third' id='element_avia_4_1'><label for=\"avia_4_1\">Nom de famille<\/label> <input name=\"avia_4_1\" class=\"text_input \" type=\"text\" id=\"avia_4_1\" value=\"\" \/><\/p><p class='  first_form  form_element form_fullwidth' id='element_avia_5_1'><label for=\"avia_5_1\">Courriel : <abbr class=\"required\" title=\"requis(e)\">*<\/abbr><\/label> <input name=\"avia_5_1\" class=\"text_input is_email\" type=\"text\" id=\"avia_5_1\" value=\"\" \/><\/p><p class=' first_form  form_element form_fullwidth' id='element_avia_6_1'>    <input checked=\"checked\" name=\"avia_6_1\" class=\"input_checkbox \" type=\"checkbox\" id=\"avia_6_1\" value=\"true\"\/><label class=\"input_checkbox_label\" for=\"avia_6_1\">J\u2019ai lu et pris connaissance de la d\u00e9claration de protection des donn\u00e9es. *<\/label><\/p><div id='avia_7_1' class='av-form-text'><\/p>\n<div id=\"avia_9_1\" class=\"av-form-text\">\n<div id=\"avia_14_1\" class=\"av-form-text\">\n<p>* J&rsquo;ai pris connaissance des <a href=\"https:\/\/hikitec.de\/fr\/protection-des-donnees\/\" target=\"_blank\" rel=\"noopener\">informations<\/a> sur la protection des donn\u00e9es ainsi que des informations sur la r\u00e9vocation et je les accepte.compact : Informations sur la protection des donn\u00e9es Votre adresse e-mail ne sera utilis\u00e9e que dans le but de r\u00e9pondre \u00e0 votre demande de la soci\u00e9t\u00e9 HIKITEC. Il s&rsquo;agit d&rsquo;informations sur les produits, les promotions saisonni\u00e8res ou les nouvelles versions. Votre adresse \u00e9lectronique ne sera jamais transmise \u00e0 des tiers \u00e0 des fins publicitaires et ne sera utilis\u00e9e que dans le cadre de l&rsquo;envoi de la newsletter.<\/p>\n<p>Avis de r\u00e9vocabilit\u00e9 Vous pouvez r\u00e9voquer ce consentement \u00e0 tout moment en vous d\u00e9sinscrivant de la liste. Des instructions de d\u00e9sabonnement sont incluses dans chaque bulletin d&rsquo;information.<\/p>\n<\/div>\n<\/div>\n<p>\n<\/div><p class=\"hidden\"><input type=\"text\" name=\"avia_8_1\" class=\"hidden \" id=\"avia_8_1\" value=\"\" \/><\/p><p class=\"form_element \"><input type=\"hidden\" value=\"1\" name=\"avia_generated_form1\" \/><input type=\"submit\" value=\"Demander\" class=\"button\"  data-sending-label=\"Envoi\"\/><\/p><\/fieldset><\/form><div id=\"ajaxresponse_1\" class=\"ajaxresponse ajaxresponse_1 hidden\"><\/div><\/div>\n","protected":false},"excerpt":{"rendered":"","protected":false},"author":2,"featured_media":0,"parent":0,"menu_order":0,"comment_status":"closed","ping_status":"closed","template":"","meta":{"footnotes":""},"class_list":["post-717780","page","type-page","status-publish","hentry"],"_links":{"self":[{"href":"https:\/\/hikitec.de\/fr\/wp-json\/wp\/v2\/pages\/717780","targetHints":{"allow":["GET"]}}],"collection":[{"href":"https:\/\/hikitec.de\/fr\/wp-json\/wp\/v2\/pages"}],"about":[{"href":"https:\/\/hikitec.de\/fr\/wp-json\/wp\/v2\/types\/page"}],"author":[{"embeddable":true,"href":"https:\/\/hikitec.de\/fr\/wp-json\/wp\/v2\/users\/2"}],"replies":[{"embeddable":true,"href":"https:\/\/hikitec.de\/fr\/wp-json\/wp\/v2\/comments?post=717780"}],"version-history":[{"count":2,"href":"https:\/\/hikitec.de\/fr\/wp-json\/wp\/v2\/pages\/717780\/revisions"}],"predecessor-version":[{"id":717786,"href":"https:\/\/hikitec.de\/fr\/wp-json\/wp\/v2\/pages\/717780\/revisions\/717786"}],"wp:attachment":[{"href":"https:\/\/hikitec.de\/fr\/wp-json\/wp\/v2\/media?parent=717780"}],"curies":[{"name":"wp","href":"https:\/\/api.w.org\/{rel}","templated":true}]}}