{"id":128108,"date":"2021-04-26T14:29:20","date_gmt":"2021-04-26T12:29:20","guid":{"rendered":"https:\/\/hikitec.de\/ordini-ripetuti\/"},"modified":"2021-04-26T14:29:24","modified_gmt":"2021-04-26T12:29:24","slug":"ordini-ripetuti","status":"publish","type":"page","link":"https:\/\/hikitec.de\/it\/ordini-ripetuti\/","title":{"rendered":"Ordini ripetuti"},"content":{"rendered":"<p><strong>C&#8217;\u00e8 la fedelt\u00e0 dei colori? <\/strong><strong>Stampa &#8211; ai miei dati forniti<\/strong><\/p>\n<p>Quando fate stampare i vostri prodotti da noi, vi aspettate naturalmente che i colori siano esattamente gli stessi quando vengono stampati, cos\u00ec come lo sono nei vostri dati.<br \/>\nMa il 100% di fedelt\u00e0 dei colori non \u00e8 affatto possibile, come vi mostreremo di seguito.<\/p>\n<p class=\"h3\"><strong>Perch\u00e9 la fedelt\u00e0 del colore al 100% \u00e8 impossibile?<\/strong><\/p>\n<p>Non \u00e8 possibile raggiungere il 100% di fedelt\u00e0 dei colori perch\u00e9 la stampa \u00e8 un processo meccanico soggetto a molte influenze esterne &#8211; come le condizioni climatiche. Anche il substrato di stampa (materiale) e gli inchiostri utilizzati sono prodotti con certe tolleranze e quindi influenzano il risultato finale. Inoltre, nel processo di stampa sono coinvolti molti dispositivi e sistemi software diversi, che di solito sono impostati in modo diverso e quindi usano diversi modelli di colore e spazi di colore. Questo inizia con la vostra fonte di luce sul posto, continua con CMYK e RGB, il monitor usato e il software utilizzato per creare i dati, e finisce con i nostri sistemi interni di colore e stampa.<\/p>\n<p><strong>Ci sono differenze di colore nei riordini?<\/strong><\/p>\n<p>Nel caso di ordini ripetuti identici, le deviazioni di colore dalla serie precedente sono possibili per ragioni di stampa e di materiale e non sono motivo di reclamo. Lievi deviazioni di colore sono possibili anche all&#8217;interno di una serie e devono essere tollerate.<\/p>\n","protected":false},"excerpt":{"rendered":"<p>C&#8217;\u00e8 la fedelt\u00e0 dei colori? Stampa &#8211; ai miei dati forniti Quando fate stampare i vostri prodotti da noi, vi aspettate naturalmente che i colori siano esattamente gli stessi quando vengono stampati, cos\u00ec come lo sono nei vostri dati. Ma il 100% di fedelt\u00e0 dei colori non \u00e8 affatto possibile, come vi mostreremo di seguito. [&hellip;]<\/p>\n","protected":false},"author":2,"featured_media":0,"parent":0,"menu_order":0,"comment_status":"closed","ping_status":"closed","template":"","meta":{"footnotes":""},"class_list":["post-128108","page","type-page","status-publish","hentry"],"_links":{"self":[{"href":"https:\/\/hikitec.de\/it\/wp-json\/wp\/v2\/pages\/128108","targetHints":{"allow":["GET"]}}],"collection":[{"href":"https:\/\/hikitec.de\/it\/wp-json\/wp\/v2\/pages"}],"about":[{"href":"https:\/\/hikitec.de\/it\/wp-json\/wp\/v2\/types\/page"}],"author":[{"embeddable":true,"href":"https:\/\/hikitec.de\/it\/wp-json\/wp\/v2\/users\/2"}],"replies":[{"embeddable":true,"href":"https:\/\/hikitec.de\/it\/wp-json\/wp\/v2\/comments?post=128108"}],"version-history":[{"count":1,"href":"https:\/\/hikitec.de\/it\/wp-json\/wp\/v2\/pages\/128108\/revisions"}],"predecessor-version":[{"id":128109,"href":"https:\/\/hikitec.de\/it\/wp-json\/wp\/v2\/pages\/128108\/revisions\/128109"}],"wp:attachment":[{"href":"https:\/\/hikitec.de\/it\/wp-json\/wp\/v2\/media?parent=128108"}],"curies":[{"name":"wp","href":"https:\/\/api.w.org\/{rel}","templated":true}]}}