{"id":128870,"date":"2021-04-29T08:46:36","date_gmt":"2021-04-29T06:46:36","guid":{"rendered":"https:\/\/hikitec.de\/chi-siamo\/"},"modified":"2021-04-29T08:46:42","modified_gmt":"2021-04-29T06:46:42","slug":"chi-siamo","status":"publish","type":"page","link":"https:\/\/hikitec.de\/it\/chi-siamo\/","title":{"rendered":"Chi siamo"},"content":{"rendered":"<section class=\"av_textblock_section \"  itemscope=\"itemscope\" itemtype=\"https:\/\/schema.org\/CreativeWork\" ><div class='avia_textblock  '   itemprop=\"text\" ><p><strong>HIKITEC GmbH<\/strong> \u00e8 una societ\u00e0 all&#8217;ingrosso specializzata in chiavi USB, powerbank e altri prodotti USB. HIKITEC si concentra sulla fornitura di prodotti per il commercio pubblicitario.<\/p>\n<p>La qualit\u00e0 di tutti i nostri prodotti \u00e8 soggetta a standard molto elevati! La qualit\u00e0 e la sicurezza del prodotto soddisfano i requisiti del mercato europeo. La nostra produzione \u00e8 sempre sottoposta a controlli di qualit\u00e0 e controlla tutti i prodotti nei vari processi di fabbricazione dalla materia prima al prodotto consegnato.<\/p>\n<p>I nostri prodotti sono sottoposti a severi controlli di qualit\u00e0 e verifiche nei processi di fabbricazione dalla materia prima alla consegna del prodotto.<\/p>\n<p>Un controllo ripetuto degli articoli \u00e8 garantito dal nostro personale specializzato.<\/p>\n<p>Attraverso le nostre certificazioni e la completa conformit\u00e0 con tutte le linee guida e gli standard, possiamo garantire il successo dei vostri articoli promozionali con la migliore coscienza.<\/p>\n<\/div><\/section>\n<section class=\"av_textblock_section \"  itemscope=\"itemscope\" itemtype=\"https:\/\/schema.org\/CreativeWork\" ><div class='avia_textblock  '   itemprop=\"text\" ><input type=\"button\" value=\"Indietro\" class=\"alg_back_button_input \" style=\"\" onclick=\"window.history.back()\" \/>\n<\/div><\/section>\n","protected":false},"excerpt":{"rendered":"","protected":false},"author":2,"featured_media":0,"parent":0,"menu_order":0,"comment_status":"closed","ping_status":"closed","template":"","meta":{"footnotes":""},"class_list":["post-128870","page","type-page","status-publish","hentry"],"_links":{"self":[{"href":"https:\/\/hikitec.de\/it\/wp-json\/wp\/v2\/pages\/128870","targetHints":{"allow":["GET"]}}],"collection":[{"href":"https:\/\/hikitec.de\/it\/wp-json\/wp\/v2\/pages"}],"about":[{"href":"https:\/\/hikitec.de\/it\/wp-json\/wp\/v2\/types\/page"}],"author":[{"embeddable":true,"href":"https:\/\/hikitec.de\/it\/wp-json\/wp\/v2\/users\/2"}],"replies":[{"embeddable":true,"href":"https:\/\/hikitec.de\/it\/wp-json\/wp\/v2\/comments?post=128870"}],"version-history":[{"count":5,"href":"https:\/\/hikitec.de\/it\/wp-json\/wp\/v2\/pages\/128870\/revisions"}],"predecessor-version":[{"id":128875,"href":"https:\/\/hikitec.de\/it\/wp-json\/wp\/v2\/pages\/128870\/revisions\/128875"}],"wp:attachment":[{"href":"https:\/\/hikitec.de\/it\/wp-json\/wp\/v2\/media?parent=128870"}],"curies":[{"name":"wp","href":"https:\/\/api.w.org\/{rel}","templated":true}]}}