{"id":159620,"date":"2021-05-07T10:10:31","date_gmt":"2021-05-07T08:10:31","guid":{"rendered":"https:\/\/hikitec.de\/usb-2-0-vs-3-0\/"},"modified":"2021-05-07T10:10:31","modified_gmt":"2021-05-07T08:10:31","slug":"usb-2-0-vs-3-0","status":"publish","type":"page","link":"https:\/\/hikitec.de\/it\/usb-2-0-vs-3-0\/","title":{"rendered":"USB 2.0 vs 3.0"},"content":{"rendered":"<section class=\"av_textblock_section \"  itemscope=\"itemscope\" itemtype=\"https:\/\/schema.org\/CreativeWork\" ><div class='avia_textblock  '   itemprop=\"text\" ><p><strong>USB 2.0 vs. 3.0 &#8211; qual \u00e8 la differenza?<\/strong><\/p>\n<p>Una differenza tra USB 2.0 e 3.x0 \u00e8 che il primo usa il metodo half-duplex. Ci\u00f2 significa che i dati possono essere trasmessi solo in una direzione alla volta.<br \/>\nTuttavia, lo standard USB 3.x conosce il trasferimento di dati in entrambe le direzioni. 3.x offre anche un vantaggio significativo in termini di velocit\u00e0. Se si d\u00e0 un&#8217;occhiata pi\u00f9 da vicino a USB 2.0 vs. 3.x,<br \/>\nnoter\u00e0 che la velocit\u00e0 di trasferimento del tecnicamente pi\u00f9 moderno USB 3.x \u00e8 dieci volte superiore a quella dell&#8217;USB 2.0.<\/p>\n<p><strong>USB 2.0:<\/strong><\/p>\n<p>I dispositivi con 2.0 possono essere collegati a una porta USB 3.x e aumentare almeno leggermente la velocit\u00e0 di trasferimento.<\/p>\n<p>La specifica USB 2.0 \u00e8 stata introdotta nel 2000 e ora \u00e8 la pi\u00f9 utilizzata nei sistemi informatici moderni.<br \/>\nLa velocit\u00e0 di trasferimento \u00e8 nell&#8217;intervallo di 3~10 MB\/s per la velocit\u00e0 di scrittura e 10~25 MB\/s per la velocit\u00e0 di lettura.<\/p>\n<p><strong>USB 3.x:<\/strong><\/p>\n<p>I dispositivi con USB 3.x funzionano anche su una porta USB 2.0, ma i vantaggi dell&#8217;USB 3.x non possono essere utilizzati qui.<\/p>\n<p>Se la porta USB all&#8217;interno \u00e8 blu, \u00e8 una porta USB 3.x. ci sono due fili per il segnale e la linea di alimentazione, oltre a due ulteriori coppie di fili di segnale e un<br \/>\nCollegamento a terra aggiuntivo. Lunghezza del cavo max. Tre metri.<br \/>\nSpesso c&#8217;\u00e8 un piccolo segno accanto alle connessioni. La designazione &#8220;SS&#8221; (Superspeed) o &#8220;3.x&#8221; indica una porta USB 3.x.<br \/>\nAprite la Gestione periferiche, troverete tutte le porte USB sotto la categoria &#8220;Controller USB&#8221;. Se vedete il termine &#8220;USB 3.x&#8221; qui, tale porta \u00e8 sicuramente presente.<\/p>\n<p>La velocit\u00e0 di trasferimento \u00e8 nell&#8217;intervallo di 10~45 MB\/s per la velocit\u00e0 di scrittura e 60~150 MB\/s per la velocit\u00e0 di lettura.<\/p>\n<p><strong>USB 2.0:<\/strong><br \/>\nVelocit\u00e0 di scrittura sequenziale nel range di 3~10 MB\/s<br \/>\nVelocit\u00e0 di lettura sequenziale nel range di 10~25 MB\/s<\/p>\n<p><strong>USB 3.x:<\/strong><br \/>\nVelocit\u00e0 di scrittura sequenziale nell&#8217;intervallo di 10~45 MB\/s<br \/>\nVelocit\u00e0 di lettura sequenziale nel range di 60~150 MB\/s<\/p>\n<p>Queste velocit\u00e0 di lettura e scrittura sono una linea guida.<\/p>\n<\/div><\/section>\n<section class=\"av_textblock_section \"  itemscope=\"itemscope\" itemtype=\"https:\/\/schema.org\/CreativeWork\" ><div class='avia_textblock  '   itemprop=\"text\" ><input type=\"button\" value=\"Indietro\" class=\"alg_back_button_input \" style=\"\" onclick=\"window.history.back()\" \/>\n<\/div><\/section>\n","protected":false},"excerpt":{"rendered":"","protected":false},"author":2,"featured_media":0,"parent":0,"menu_order":0,"comment_status":"closed","ping_status":"closed","template":"","meta":{"footnotes":""},"class_list":["post-159620","page","type-page","status-publish","hentry"],"_links":{"self":[{"href":"https:\/\/hikitec.de\/it\/wp-json\/wp\/v2\/pages\/159620","targetHints":{"allow":["GET"]}}],"collection":[{"href":"https:\/\/hikitec.de\/it\/wp-json\/wp\/v2\/pages"}],"about":[{"href":"https:\/\/hikitec.de\/it\/wp-json\/wp\/v2\/types\/page"}],"author":[{"embeddable":true,"href":"https:\/\/hikitec.de\/it\/wp-json\/wp\/v2\/users\/2"}],"replies":[{"embeddable":true,"href":"https:\/\/hikitec.de\/it\/wp-json\/wp\/v2\/comments?post=159620"}],"version-history":[{"count":5,"href":"https:\/\/hikitec.de\/it\/wp-json\/wp\/v2\/pages\/159620\/revisions"}],"predecessor-version":[{"id":159625,"href":"https:\/\/hikitec.de\/it\/wp-json\/wp\/v2\/pages\/159620\/revisions\/159625"}],"wp:attachment":[{"href":"https:\/\/hikitec.de\/it\/wp-json\/wp\/v2\/media?parent=159620"}],"curies":[{"name":"wp","href":"https:\/\/api.w.org\/{rel}","templated":true}]}}