{"id":159841,"date":"2021-05-07T12:11:38","date_gmt":"2021-05-07T10:11:38","guid":{"rendered":"https:\/\/hikitec.de\/qualita-della-chiavetta-usb\/"},"modified":"2021-05-07T12:11:40","modified_gmt":"2021-05-07T10:11:40","slug":"qualita-della-chiavetta-usb","status":"publish","type":"page","link":"https:\/\/hikitec.de\/it\/qualita-della-chiavetta-usb\/","title":{"rendered":"Qualit\u00e0 della chiavetta USB"},"content":{"rendered":"\n<style type=\"text\/css\" id=\"style-css-av-3p2w78-24049acaa6a2e0701469b1ca0f45ebc2\">\n#top .flex_column.av-3p2w78-24049acaa6a2e0701469b1ca0f45ebc2{\nborder-radius:0px;\n-webkit-border-radius:0px;\n-moz-border-radius:0px;\npadding:0px;\n}\n<\/style>\n<div class='flex_column av-3p2w78-24049acaa6a2e0701469b1ca0f45ebc2 av_one_full  avia-builder-el-0  el_before_av_one_full  avia-builder-el-first  first flex_column_div av-zero-column-padding '   ><section class=\"av_textblock_section \"  itemscope=\"itemscope\" itemtype=\"https:\/\/schema.org\/CreativeWork\" ><div class='avia_textblock  '   itemprop=\"text\" ><p>HIKITEC GmbH utilizza solo qualit\u00e0 di marca. Le cosiddette memorie NAND Flash di Micron, Hynix, Samsung, <em><span style=\"font-family: 'Calibri',sans-serif; font-style: normal;\">Toshiba<\/span><\/em>, Sandisk o Intel, per esempio, sono utilizzate. Poich\u00e9 le unit\u00e0 flash USB non consistono solo nel dispositivo di memoria NAND flash, ma il controller USB \u00e8 un altro componente chiave per garantire che una soluzione NAND flash basata su USB possa essere implementata con successo, naturalmente usiamo anche la qualit\u00e0 del marchio per il controller, come SMI, Chipsbank o Alcor. Quando eseguiamo il vostro ordine, vengono selezionati per voi i componenti di marca appropriati, che rappresentano la migliore combinazione per il vostro <span class=\"hgkelc\"><b>rapporto<\/b> <b>prezzo-prestazioni<\/b><\/span> in quel momento.<br \/>\nSe hai bisogno di chiavette USB per esigenze speciali, \u00e8 imperativo che ci informi in anticipo con la tua richiesta. Nel caso di sfide speciali, pu\u00f2 avere senso ordinare un campione preliminare da testare.<\/p>\n<\/div><\/section><\/div>\n<style type=\"text\/css\" id=\"style-css-av-o7ejhg-a231903f4c15badd27b1592e27b23bc3\">\n#top .flex_column.av-o7ejhg-a231903f4c15badd27b1592e27b23bc3{\nborder-radius:0px;\n-webkit-border-radius:0px;\n-moz-border-radius:0px;\npadding:0px;\n}\n<\/style>\n<div class='flex_column av-o7ejhg-a231903f4c15badd27b1592e27b23bc3 av_one_full  avia-builder-el-2  el_after_av_one_full  avia-builder-el-last  first flex_column_div av-zero-column-padding column-top-margin'   ><section class=\"av_textblock_section \"  itemscope=\"itemscope\" itemtype=\"https:\/\/schema.org\/CreativeWork\" ><div class='avia_textblock  '   itemprop=\"text\" ><input type=\"button\" value=\"Indietro\" class=\"alg_back_button_input \" style=\"\" onclick=\"window.history.back()\" \/>\n<\/div><\/section><\/div><\/p>\n","protected":false},"excerpt":{"rendered":"","protected":false},"author":2,"featured_media":0,"parent":0,"menu_order":0,"comment_status":"closed","ping_status":"closed","template":"","meta":{"footnotes":""},"class_list":["post-159841","page","type-page","status-publish","hentry"],"_links":{"self":[{"href":"https:\/\/hikitec.de\/it\/wp-json\/wp\/v2\/pages\/159841","targetHints":{"allow":["GET"]}}],"collection":[{"href":"https:\/\/hikitec.de\/it\/wp-json\/wp\/v2\/pages"}],"about":[{"href":"https:\/\/hikitec.de\/it\/wp-json\/wp\/v2\/types\/page"}],"author":[{"embeddable":true,"href":"https:\/\/hikitec.de\/it\/wp-json\/wp\/v2\/users\/2"}],"replies":[{"embeddable":true,"href":"https:\/\/hikitec.de\/it\/wp-json\/wp\/v2\/comments?post=159841"}],"version-history":[{"count":5,"href":"https:\/\/hikitec.de\/it\/wp-json\/wp\/v2\/pages\/159841\/revisions"}],"predecessor-version":[{"id":159846,"href":"https:\/\/hikitec.de\/it\/wp-json\/wp\/v2\/pages\/159841\/revisions\/159846"}],"wp:attachment":[{"href":"https:\/\/hikitec.de\/it\/wp-json\/wp\/v2\/media?parent=159841"}],"curies":[{"name":"wp","href":"https:\/\/api.w.org\/{rel}","templated":true}]}}