{"id":27586,"date":"2021-03-23T14:41:20","date_gmt":"2021-03-23T13:41:20","guid":{"rendered":"https:\/\/hikitec.de\/ordina\/"},"modified":"2021-03-23T15:37:16","modified_gmt":"2021-03-23T14:37:16","slug":"ordina","status":"publish","type":"page","link":"https:\/\/hikitec.de\/it\/ordina\/","title":{"rendered":"Ordina"},"content":{"rendered":"<section class=\"av_textblock_section \"  itemscope=\"itemscope\" itemtype=\"https:\/\/schema.org\/CreativeWork\" ><div class='avia_textblock  '   itemprop=\"text\" ><p><strong>Come posso fare un ordine con HIKITEC?<\/strong><\/p>\n<\/div><\/section>\n<section class=\"av_textblock_section \"  itemscope=\"itemscope\" itemtype=\"https:\/\/schema.org\/CreativeWork\" ><div class='avia_textblock  '   itemprop=\"text\" ><p>Come vuoi tu!<\/p>\n<p>Il modo pi\u00f9 semplice \u00e8 via e-mail: Dovete semplicemente selezionare i vostri articoli, specificare la quantit\u00e0 e le opzioni di stampa desiderate e ordinare.<\/p>\n<p>Si prega di prestare attenzione alle quantit\u00e0 minime d&#8217;ordine indicate (ad eccezione degli ordini di campioni).<\/p>\n<p>Naturalmente potete anche ordinare per e-mail, fax o per posta.<\/p>\n<\/div><\/section>\n<section class=\"av_textblock_section \"  itemscope=\"itemscope\" itemtype=\"https:\/\/schema.org\/CreativeWork\" ><div class='avia_textblock  '   itemprop=\"text\" ><input type=\"button\" value=\"Indietro\" class=\"alg_back_button_input \" style=\"\" onclick=\"window.history.back()\" \/>\n<\/div><\/section>\n","protected":false},"excerpt":{"rendered":"","protected":false},"author":2,"featured_media":0,"parent":0,"menu_order":0,"comment_status":"closed","ping_status":"closed","template":"","meta":{"footnotes":""},"class_list":["post-27586","page","type-page","status-publish","hentry"],"_links":{"self":[{"href":"https:\/\/hikitec.de\/it\/wp-json\/wp\/v2\/pages\/27586","targetHints":{"allow":["GET"]}}],"collection":[{"href":"https:\/\/hikitec.de\/it\/wp-json\/wp\/v2\/pages"}],"about":[{"href":"https:\/\/hikitec.de\/it\/wp-json\/wp\/v2\/types\/page"}],"author":[{"embeddable":true,"href":"https:\/\/hikitec.de\/it\/wp-json\/wp\/v2\/users\/2"}],"replies":[{"embeddable":true,"href":"https:\/\/hikitec.de\/it\/wp-json\/wp\/v2\/comments?post=27586"}],"version-history":[{"count":7,"href":"https:\/\/hikitec.de\/it\/wp-json\/wp\/v2\/pages\/27586\/revisions"}],"predecessor-version":[{"id":27703,"href":"https:\/\/hikitec.de\/it\/wp-json\/wp\/v2\/pages\/27586\/revisions\/27703"}],"wp:attachment":[{"href":"https:\/\/hikitec.de\/it\/wp-json\/wp\/v2\/media?parent=27586"}],"curies":[{"name":"wp","href":"https:\/\/api.w.org\/{rel}","templated":true}]}}