{"id":27768,"date":"2021-03-24T15:15:20","date_gmt":"2021-03-24T14:15:20","guid":{"rendered":"https:\/\/hikitec.de\/processo-di-stampa-cmyk-dimensione-dei-dati-e-bleed-corretto\/"},"modified":"2021-03-24T15:15:22","modified_gmt":"2021-03-24T14:15:22","slug":"processo-di-stampa-cmyk-dimensione-dei-dati-e-bleed-corretto","status":"publish","type":"page","link":"https:\/\/hikitec.de\/it\/processo-di-stampa-cmyk-dimensione-dei-dati-e-bleed-corretto\/","title":{"rendered":"Processo di stampa CMYK &#8211; dimensione dei dati e bleed corretto"},"content":{"rendered":"<section class=\"av_textblock_section \"  itemscope=\"itemscope\" itemtype=\"https:\/\/schema.org\/CreativeWork\" ><div class='avia_textblock  '   itemprop=\"text\" ><p><strong>Si prega di notare per il processo di stampa CMYK per quanto riguarda i formati, i colori, la dimensione dei dati, la risoluzione e il bleed:<\/strong><\/p>\n<p><strong>Dimensione dei dati \/ risoluzione<\/strong><br \/>\nRichiediamo i dati di stampa in una risoluzione di almeno 300 dpi per i dati in pixel come JPG, bitmap, tiff, incluso un margine di <strong>3<\/strong> mm per lato senza segni di sbavatura.<br \/>\nIn alternativa, potete anche fornire dati vettoriali scalabili come EPS, PDF, CDR&#8230; Se questi file contengono font, devono essere incorporati. Se questo file contiene dati pixel incorporati, questi richiedono di nuovo una risoluzione minima di 300dpi.<\/p>\n<p><strong>Stampa digitale (C M Y K):<\/strong><br \/>\nI dati di stampa in CMYK richiedono 300 dpi e la dimensione originale dell&#8217;area da stampare. Possiamo scalare il file di stampa per te, ma potrebbe esserci una certa perdita di qualit\u00e0. Si prega di notare che il colore bianco non pu\u00f2 essere stampato con la stampa digitale standard. Le aree bianche non vengono stampate nel risultato di stampa (trasparente). Cos\u00ec, il materiale del substrato \u00e8 visibile l\u00ec. Per stampare il bianco come quinto colore misto, si prega di utilizzare la stampa digitale UV.<\/p>\n<p><strong>Stampa digitale HD (C M Y K):<br \/>\n<\/strong>Per dati di stampa molto dettagliati si consiglia di scegliere la stampa digitale HD. Qui vengono stampati pi\u00f9 punti sulla stessa area di stampa.<\/p>\n<p><strong>Stampa digitale UV ( W + C M Y K )<\/strong><br \/>\nLa differenza principale rispetto alla stampa digitale convenzionale \u00e8 che l&#8217;inchiostro non penetra completamente nel materiale, ma si trova sopra il materiale di stampa. Questo rende possibile la stampa su quasi tutti i materiali. La vernice viene polimerizzata con luce ultravioletta. Il colore bianco \u00e8 anche possibile come quinto colore misto in questo processo di stampa.<\/p>\n<p><strong>Abbiamo bisogno dei tuoi dati di stampa in formato PDF, Tiff o JPG.<\/strong><br \/>\nLa modalit\u00e0 colore CMYK deve essere impostata &#8211; questa modalit\u00e0 colore \u00e8 un requisito di base per la moderna stampa in quadricromia. CMYK sta per i colori di base ciano, magenta, giallo e nero. Un&#8217;immagine a colori \u00e8 divisa nei quattro colori di stampa con l&#8217;aiuto di punti di mezzatinta. Il valore tonale \u00e8 influenzato dalla dimensione dei punti di mezzatinta &#8211; i punti piccoli producono un tono chiaro &#8211; quelli grandi un tono scuro. Suggerimento: per il nero solido, raccomandiamo il 100% di nero e il 45% di ciano.<\/p>\n<p><strong>PDF<\/strong><br \/>\nQuesto \u00e8 diventato lo standard mondiale per lo scambio di dati ed \u00e8 indipendente dalla piattaforma. Per assicurare un flusso di lavoro regolare, usate lo standard PDF\/X 1a 2001.<\/p>\n<p><strong>Tiff<\/strong><br \/>\nPer i tiff, scegliete la compressione LZW per la massima qualit\u00e0 di uscita.<\/p>\n<p><strong>JPG<\/strong><br \/>\nSalva i file JPG con il massimo livello di qualit\u00e0.<\/p>\n<p><strong>Creare la corretta alesatura per la stampa a tutta area :<\/strong><br \/>\nSi prega di utilizzare un&#8217;abbondanza di 3 mm per tutte le stampe. Abbiamo bisogno del bleed per compensare le tolleranze di stampa nella produzione di stampa.<\/p>\n<p><strong>La corretta distanza di tutti gli oggetti importanti dal bordo<\/strong><br \/>\nRaccomandiamo una distanza media di 3-5 mm dal bordo per tutti gli oggetti e i caratteri importanti.<\/p>\n<p><strong>NOTA:<br \/>\n<\/strong> Si prega di notare che i dati di stampa creati in modo errato possono causare perdite di qualit\u00e0.<\/p>\n<\/div><\/section>\n<section class=\"av_textblock_section \"  itemscope=\"itemscope\" itemtype=\"https:\/\/schema.org\/CreativeWork\" ><div class='avia_textblock  '   itemprop=\"text\" ><input type=\"button\" value=\"Indietro\" class=\"alg_back_button_input \" style=\"\" onclick=\"window.history.back()\" \/>\n<\/div><\/section>\n","protected":false},"excerpt":{"rendered":"","protected":false},"author":2,"featured_media":0,"parent":0,"menu_order":0,"comment_status":"closed","ping_status":"closed","template":"","meta":{"footnotes":""},"class_list":["post-27768","page","type-page","status-publish","hentry"],"_links":{"self":[{"href":"https:\/\/hikitec.de\/it\/wp-json\/wp\/v2\/pages\/27768","targetHints":{"allow":["GET"]}}],"collection":[{"href":"https:\/\/hikitec.de\/it\/wp-json\/wp\/v2\/pages"}],"about":[{"href":"https:\/\/hikitec.de\/it\/wp-json\/wp\/v2\/types\/page"}],"author":[{"embeddable":true,"href":"https:\/\/hikitec.de\/it\/wp-json\/wp\/v2\/users\/2"}],"replies":[{"embeddable":true,"href":"https:\/\/hikitec.de\/it\/wp-json\/wp\/v2\/comments?post=27768"}],"version-history":[{"count":5,"href":"https:\/\/hikitec.de\/it\/wp-json\/wp\/v2\/pages\/27768\/revisions"}],"predecessor-version":[{"id":27773,"href":"https:\/\/hikitec.de\/it\/wp-json\/wp\/v2\/pages\/27768\/revisions\/27773"}],"wp:attachment":[{"href":"https:\/\/hikitec.de\/it\/wp-json\/wp\/v2\/media?parent=27768"}],"curies":[{"name":"wp","href":"https:\/\/api.w.org\/{rel}","templated":true}]}}