{"id":286877,"date":"2021-06-10T16:30:37","date_gmt":"2021-06-10T14:30:37","guid":{"rendered":"https:\/\/hikitec.de\/condizioni-di-pagamento\/"},"modified":"2021-06-10T16:30:41","modified_gmt":"2021-06-10T14:30:41","slug":"condizioni-di-pagamento","status":"publish","type":"page","link":"https:\/\/hikitec.de\/it\/condizioni-di-pagamento\/","title":{"rendered":"Condizioni di pagamento"},"content":{"rendered":"<section class=\"av_textblock_section \"  itemscope=\"itemscope\" itemtype=\"https:\/\/schema.org\/CreativeWork\" ><div class='avia_textblock  '   itemprop=\"text\" ><p><strong>Quali metodi di pagamento sono disponibili?<\/strong><\/p>\n<\/div><\/section>\n<section class=\"av_textblock_section \"  itemscope=\"itemscope\" itemtype=\"https:\/\/schema.org\/CreativeWork\" ><div class='avia_textblock  '   itemprop=\"text\" ><p><strong>contanti in anticipo<\/strong><\/p>\n<p>Scegliete il metodo di pagamento &#8220;Pagamento anticipato&#8221; nel processo dell&#8217;ordine. Si prega di fare riferimento alla fattura di pagamento anticipato inviata via e-mail per l&#8217;importo della fattura di pagamento anticipato da pagare. Nella fattura di pagamento anticipato troverete un termine di pagamento. \u00c8 molto importante per noi che lei si attenga a questi, in modo che possiamo produrre la sua merce in tempo e la data di consegna non sia ritardata. Finch\u00e9 l&#8217;importo non sar\u00e0 ricevuto su uno dei nostri conti qui sotto, la produzione della vostra merce non inizier\u00e0.<\/p>\n<p>Si prega di trasferire l&#8217;importo della fattura di pagamento anticipato, indicando il numero della fattura, a:<\/p>\n<p>Destinatario: HIKITEC GmbH<br \/>\nBank: Stadtsparkasse D\u00fcsseldorf<br \/>\nIBAN: DE96 3005 0110 1007 6369 11<br \/>\nBIC: DUSSDEDDXXX<\/p>\n<p><strong>Pagamento in acconto* dopo il controllo del credito<br \/>\n<\/strong><\/p>\n<p>Ordina convenientemente in conto e paga l&#8217;importo della fattura dopo aver ricevuto la merce. Si prega di fare riferimento alla fattura inviata dopo la consegna per l&#8217;importo della fattura da pagare. Vi invieremo la fattura via e-mail.<\/p>\n<p>Si prega di trasferire l&#8217;importo con il numero di fattura a:<\/p>\n<p>Destinatario: HIKITEC GmbH<br \/>\nBank: Stadtsparkasse D\u00fcsseldorf<br \/>\nIBAN: DE96 3005 0110 1007 6369 11<br \/>\nBIC: DUSSDEDDXXX<\/p>\n<p>*Tutte le merci consegnate rimangono di propriet\u00e0 della societ\u00e0 HIKITEC GmbH fino a quando tutti i nostri crediti sono stati soddisfatti.<\/p>\n<p>Se lei \u00e8 in ritardo nel pagamento, le addebiteremo le spese di sollecito e gli interessi.<\/p>\n<\/div><\/section>\n<section class=\"av_textblock_section \"  itemscope=\"itemscope\" itemtype=\"https:\/\/schema.org\/CreativeWork\" ><div class='avia_textblock  '   itemprop=\"text\" ><input type=\"button\" value=\"Indietro\" class=\"alg_back_button_input \" style=\"\" onclick=\"window.history.back()\" \/>\n<\/div><\/section>\n","protected":false},"excerpt":{"rendered":"","protected":false},"author":2,"featured_media":0,"parent":0,"menu_order":0,"comment_status":"closed","ping_status":"closed","template":"","meta":{"footnotes":""},"class_list":["post-286877","page","type-page","status-publish","hentry"],"_links":{"self":[{"href":"https:\/\/hikitec.de\/it\/wp-json\/wp\/v2\/pages\/286877","targetHints":{"allow":["GET"]}}],"collection":[{"href":"https:\/\/hikitec.de\/it\/wp-json\/wp\/v2\/pages"}],"about":[{"href":"https:\/\/hikitec.de\/it\/wp-json\/wp\/v2\/types\/page"}],"author":[{"embeddable":true,"href":"https:\/\/hikitec.de\/it\/wp-json\/wp\/v2\/users\/2"}],"replies":[{"embeddable":true,"href":"https:\/\/hikitec.de\/it\/wp-json\/wp\/v2\/comments?post=286877"}],"version-history":[{"count":5,"href":"https:\/\/hikitec.de\/it\/wp-json\/wp\/v2\/pages\/286877\/revisions"}],"predecessor-version":[{"id":286882,"href":"https:\/\/hikitec.de\/it\/wp-json\/wp\/v2\/pages\/286877\/revisions\/286882"}],"wp:attachment":[{"href":"https:\/\/hikitec.de\/it\/wp-json\/wp\/v2\/media?parent=286877"}],"curies":[{"name":"wp","href":"https:\/\/api.w.org\/{rel}","templated":true}]}}