{"id":383642,"date":"2021-06-25T11:50:01","date_gmt":"2021-06-25T09:50:01","guid":{"rendered":"https:\/\/hikitec.de\/costi-di-spedizione-e-tempi-di-consegna\/"},"modified":"2021-06-25T11:50:03","modified_gmt":"2021-06-25T09:50:03","slug":"costi-di-spedizione-e-tempi-di-consegna","status":"publish","type":"page","link":"https:\/\/hikitec.de\/it\/costi-di-spedizione-e-tempi-di-consegna\/","title":{"rendered":"Costi di spedizione e tempi di consegna"},"content":{"rendered":"<p><strong>Spedizione in Germania<\/strong><\/p>\n<p>La spedizione in Germania avviene tramite il servizio pacchi da noi incaricato.<\/p>\n<p>Addebitiamo le spese di trasporto in base alla spesa \/ numero di pezzi pi\u00f9 l&#8217;assicurazione di trasporto.<\/p>\n<p>Consegniamo direttamente all&#8217;indirizzo della vostra azienda o neutralmente a un indirizzo di consegna di vostra scelta con una bolla di consegna fornita da voi.<\/p>\n<p>Per la consegna della merce abbiamo bisogno di un indirizzo postale al quale voi o il vostro cliente potete effettivamente trovarvi e dove potete ricevere personalmente la merce. Questo \u00e8 l&#8217;unico modo per garantire la consegna. Sfortunatamente, la consegna alle stazioni di imballaggio non \u00e8 possibile. La consegna diretta alla fiera deve essere concordata in anticipo ed \u00e8 possibile solo in misura limitata; possono essere sostenuti costi aggiuntivi.<\/p>\n<p>Poich\u00e9 le consegne multiple da parte del fornitore di servizi di spedizione possono comportare costi aggiuntivi, invitiamo caldamente i nostri clienti ad assicurarsi di essere pronti a ricevere la consegna. Per vostra informazione, riceverete un numero di tracking da noi nello stesso momento in cui la merce viene spedita, dal quale potrete seguire il rispettivo stato di consegna e la data di consegna prevista.<\/p>\n<p>&nbsp;<\/p>\n<p><strong>Caratteristiche speciali per la spedizione all&#8217;interno dell&#8217;UE<\/strong><\/p>\n<p>All&#8217;interno dell&#8217;UE, la nostra merce viene anche spedita dal servizio di consegna UPS. I costi di trasporto dipendono dalla zona tariffaria UPS del rispettivo paese di consegna e di solito sono pi\u00f9 alti che per la spedizione all&#8217;interno della Germania. Qui calcoliamo i costi in base alla spesa \/ numero di pezzi pi\u00f9 un&#8217;assicurazione di trasporto.<\/p>\n<p>Altrimenti, per la consegna della merce valgono le stesse condizioni della spedizione in Germania.<\/p>\n<p><strong> <\/strong><\/p>\n<p><strong>Consegna in Svizzera e in altri paesi al di fuori dell&#8217;UE<\/strong><\/p>\n<p>Consegniamo anche in Svizzera e, se necessario, in altri paesi al di fuori dell&#8217;UE. Ci sono alcune caratteristiche speciali da considerare qui. Le spese di spedizione sono di solito pi\u00f9 alte, a causa di tasse separate e uno sforzo maggiore per la gestione della spedizione. Per la spedizione di merci in questi paesi abbiamo bisogno di una fattura proforma dai nostri clienti. Si applica che l&#8217;esportatore deve sempre preparare una dichiarazione di esportazione per merci con un valore di 1.000 euro o un peso di 1.000 chilogrammi o pi\u00f9.<\/p>\n<p>&nbsp;<\/p>\n<p><strong>Consegna come spedizione neutrale direttamente ai vostri clienti<\/strong><\/p>\n<p>Ci occupiamo volentieri della spedizione della merce direttamente e neutralmente al vostro cliente con la vostra bolla di consegna e a vostro nome. Tutto ci\u00f2 di cui abbiamo bisogno da voi \u00e8 l&#8217;indirizzo di spedizione e la vostra bolla di consegna sotto forma di un file pdf. La spedizione diretta fa risparmiare tempo e costi, poich\u00e9 non sono necessari percorsi di trasporto aggiuntivi e la merce raggiunge il cliente pi\u00f9 rapidamente. Un altro effetto collaterale positivo \u00e8 che questo riduce le emissioni di CO<sub>2<\/sub> e quindi diamo un contributo al nostro ambiente. Un&#8217;altra nota: nessun opuscolo promozionale \u00e8 incluso nella merce quando viene spedita.<\/p>\n<p>&nbsp;<\/p>\n<p><strong>Spedizione espressa<\/strong><\/p>\n<p>Se avete bisogno della merce con un tempo di spedizione accelerato, possiamo anche offrirvi la spedizione espressa su richiesta. I prezzi per questo dipendono dal peso del pacco, dal tempo di consegna desiderato e dal luogo di consegna. Per favore, contattateci direttamente per questo scopo.<\/p>\n<p>&nbsp;<\/p>\n<p><strong>Tempi di consegna<\/strong><\/p>\n<p>Il nostro tempo di consegna standard per i prodotti standard \u00e8 di circa 10 giorni lavorativi dopo la chiarezza dell&#8217;ordine franco magazzino Germania, cio\u00e8 dopo aver chiarito tutti i prerequisiti necessari per la produzione, come l&#8217;approvazione della stampa. Il tempo di consegna dipende dal prodotto, per alcuni prodotti come le chiavette USB concrete o i powerbank ci possono essere tempi di consegna pi\u00f9 lunghi. Perci\u00f2 vi chiediamo di informarvi per tempo sui tempi di consegna del prodotto che desiderate.<\/p>\n<p>A causa della pandemia di Corona in corso, ci possono essere attualmente ritardi di consegna fino a circa 10 giorni lavorativi.<\/p>\n<p>Si prega di notare per la spedizione che i processi doganali eventualmente connessi, cos\u00ec come le festivit\u00e0, devono essere considerati temporalmente in aggiunta. Questo vale in particolare per le consegne all&#8217;estero.<\/p>\n<p>Sfortunatamente, non possiamo accettare alcuna responsabilit\u00e0 per ritardi nel tempo di transito dovuti alla colpa del fornitore del servizio di spedizione o a cause di forza maggiore.<\/p>\n<p>Facciamo del nostro meglio per spedire sempre la merce in tempo e quindi rendere il tempo di consegna il pi\u00f9 breve possibile.<\/p>\n","protected":false},"excerpt":{"rendered":"<p>Spedizione in Germania La spedizione in Germania avviene tramite il servizio pacchi da noi incaricato. Addebitiamo le spese di trasporto in base alla spesa \/ numero di pezzi pi\u00f9 l&#8217;assicurazione di trasporto. Consegniamo direttamente all&#8217;indirizzo della vostra azienda o neutralmente a un indirizzo di consegna di vostra scelta con una bolla di consegna fornita da [&hellip;]<\/p>\n","protected":false},"author":2,"featured_media":0,"parent":0,"menu_order":0,"comment_status":"closed","ping_status":"closed","template":"","meta":{"footnotes":""},"class_list":["post-383642","page","type-page","status-publish","hentry"],"_links":{"self":[{"href":"https:\/\/hikitec.de\/it\/wp-json\/wp\/v2\/pages\/383642","targetHints":{"allow":["GET"]}}],"collection":[{"href":"https:\/\/hikitec.de\/it\/wp-json\/wp\/v2\/pages"}],"about":[{"href":"https:\/\/hikitec.de\/it\/wp-json\/wp\/v2\/types\/page"}],"author":[{"embeddable":true,"href":"https:\/\/hikitec.de\/it\/wp-json\/wp\/v2\/users\/2"}],"replies":[{"embeddable":true,"href":"https:\/\/hikitec.de\/it\/wp-json\/wp\/v2\/comments?post=383642"}],"version-history":[{"count":1,"href":"https:\/\/hikitec.de\/it\/wp-json\/wp\/v2\/pages\/383642\/revisions"}],"predecessor-version":[{"id":383643,"href":"https:\/\/hikitec.de\/it\/wp-json\/wp\/v2\/pages\/383642\/revisions\/383643"}],"wp:attachment":[{"href":"https:\/\/hikitec.de\/it\/wp-json\/wp\/v2\/media?parent=383642"}],"curies":[{"name":"wp","href":"https:\/\/api.w.org\/{rel}","templated":true}]}}