{"id":42955,"date":"2021-03-29T15:13:30","date_gmt":"2021-03-29T13:13:30","guid":{"rendered":"https:\/\/hikitec.de\/dati-stampabili\/"},"modified":"2021-03-29T15:13:33","modified_gmt":"2021-03-29T13:13:33","slug":"dati-stampabili","status":"publish","type":"page","link":"https:\/\/hikitec.de\/it\/dati-stampabili\/","title":{"rendered":"dati stampabili"},"content":{"rendered":"<section class=\"av_textblock_section \"  itemscope=\"itemscope\" itemtype=\"https:\/\/schema.org\/CreativeWork\" ><div class='avia_textblock  '   itemprop=\"text\" ><p><strong>Possiamo aiutarti se non hai dati stampabili?<\/strong><\/p>\n<\/div><\/section>\n<section class=\"av_textblock_section \"  itemscope=\"itemscope\" itemtype=\"https:\/\/schema.org\/CreativeWork\" ><div class='avia_textblock  '   itemprop=\"text\" ><p>S\u00ec. Siamo felici di offrire questo servizio. Inviateci il vostro logo e noi lo vettorializzeremo per voi a pagamento.<\/p>\n<p>Vettorializzazione con l&#8217;aiuto di uno strumento online &#8211; Questa \u00e8 l&#8217;opzione pi\u00f9 semplice.<\/p>\n<p><strong>Attenzione:<\/strong> gli strumenti di vettorizzazione online possono essere utilizzati solo per le incisioni laser e le stampe serigrafiche e tampografiche monocolore.<\/p>\n<p>Ricordatevi di specificare i numeri di colore nel programma di layout. Nei nostri test, il servizio gratuito &#8220;<a href=\"https:\/\/www.vectorization.org\/\">Vectorization.org<\/a>&#8221; ha ottenuto risultati relativamente buoni<\/p>\n<p>Tracciamento manuale con programmi offline. Se non sei soddisfatto del risultato dello strumento di vettorizzazione online, puoi anche tracciare la grafica in pixel con programmi vettoriali come Adobe Illustrator o Inkscape.<\/p>\n<p>Messa in funzione di un&#8217;agenzia vettoriale speciale. In alternativa, pu\u00f2 avere senso assumere un&#8217;agenzia professionale per fare la vettorizzazione. Questo \u00e8 particolarmente vero per i grafici a due o pi\u00f9 colori o per i grafici che sono usati frequentemente, come i loghi.<\/p>\n<\/div><\/section>\n<section class=\"av_textblock_section \"  itemscope=\"itemscope\" itemtype=\"https:\/\/schema.org\/CreativeWork\" ><div class='avia_textblock  '   itemprop=\"text\" ><input type=\"button\" value=\"Indietro\" class=\"alg_back_button_input \" style=\"\" onclick=\"window.history.back()\" \/>\n<\/div><\/section>\n","protected":false},"excerpt":{"rendered":"","protected":false},"author":2,"featured_media":0,"parent":0,"menu_order":0,"comment_status":"closed","ping_status":"closed","template":"","meta":{"footnotes":""},"class_list":["post-42955","page","type-page","status-publish","hentry"],"_links":{"self":[{"href":"https:\/\/hikitec.de\/it\/wp-json\/wp\/v2\/pages\/42955","targetHints":{"allow":["GET"]}}],"collection":[{"href":"https:\/\/hikitec.de\/it\/wp-json\/wp\/v2\/pages"}],"about":[{"href":"https:\/\/hikitec.de\/it\/wp-json\/wp\/v2\/types\/page"}],"author":[{"embeddable":true,"href":"https:\/\/hikitec.de\/it\/wp-json\/wp\/v2\/users\/2"}],"replies":[{"embeddable":true,"href":"https:\/\/hikitec.de\/it\/wp-json\/wp\/v2\/comments?post=42955"}],"version-history":[{"count":5,"href":"https:\/\/hikitec.de\/it\/wp-json\/wp\/v2\/pages\/42955\/revisions"}],"predecessor-version":[{"id":42977,"href":"https:\/\/hikitec.de\/it\/wp-json\/wp\/v2\/pages\/42955\/revisions\/42977"}],"wp:attachment":[{"href":"https:\/\/hikitec.de\/it\/wp-json\/wp\/v2\/media?parent=42955"}],"curies":[{"name":"wp","href":"https:\/\/api.w.org\/{rel}","templated":true}]}}