{"id":56543,"date":"2021-03-30T11:18:05","date_gmt":"2021-03-30T09:18:05","guid":{"rendered":"https:\/\/hikitec.de\/registrazione-dei-dati\/"},"modified":"2021-03-30T11:18:06","modified_gmt":"2021-03-30T09:18:06","slug":"registrazione-dei-dati","status":"publish","type":"page","link":"https:\/\/hikitec.de\/it\/registrazione-dei-dati\/","title":{"rendered":"Registrazione dei dati"},"content":{"rendered":"\n<style type=\"text\/css\" id=\"style-css-av-1duggy-4f1643736bc77dd1debbdad9c9106241\">\n#top .flex_column.av-1duggy-4f1643736bc77dd1debbdad9c9106241{\nborder-radius:0px;\n-webkit-border-radius:0px;\n-moz-border-radius:0px;\npadding:0px;\n}\n<\/style>\n<div class='flex_column av-1duggy-4f1643736bc77dd1debbdad9c9106241 av_one_full  avia-builder-el-0  el_before_av_one_full  avia-builder-el-first  first flex_column_div av-zero-column-padding '   ><section class=\"av_textblock_section \"  itemscope=\"itemscope\" itemtype=\"https:\/\/schema.org\/CreativeWork\" ><div class='avia_textblock  '   itemprop=\"text\" ><p><strong>Registrazione di dati su chiavette USB<br \/>\n<\/strong><\/p>\n<p>Le chiavette USB possono essere registrate da noi con dati individuali (catalogo; foto; ecc.) senza problemi. Il tuo bastone con dati individuali \u00e8 un&#8217;alternativa economica a un opuscolo pubblicitario di carta. Una chiavetta USB con registrazione dei dati \u00e8 pi\u00f9 sostenibile di un messaggio cartaceo, perch\u00e9 quando il cliente rimuove i dati, continua a usare la tua chiavetta USB con il tuo messaggio pubblicitario. La carta, invece, finir\u00e0 nella spazzatura dopo poco tempo. Offriamo anche ai nostri clienti di registrare ogni chiavetta USB individualmente e di trattare i vostri dati in modo strettamente confidenziale. Non esitate a contattare il team di HIKITEC GmbH.<\/p>\n<p>Noi carichiamo i vostri dati sulla chiavetta USB prodotta da noi <u>o<\/u> voi ci fornite la vostra chiavetta USB e noi la registriamo in seguito. Inviateci con il vostro ordine (o anche qualche giorno dopo) i dati via e-mail\/FTP\/ link di download o <a href=\"https:\/\/wetransfer.com\/\" target=\"_blank\" rel=\"noopener\"><img loading=\"lazy\" decoding=\"async\" class=\"alignnone size-full wp-image-9014\" src=\"https:\/\/hikitec.de\/wp-content\/uploads\/2020\/05\/wetransfer.gif\" alt=\"\" width=\"102\" height=\"18\"><\/a> e noi alimenteremo la tua chiavetta USB. Semplice, sicuro e veloce.<\/p>\n<\/div><\/section><\/div>\n\n<style type=\"text\/css\" id=\"style-css-av-13m7iy-22fa7a734fd720b59842470314828c86\">\n#top .flex_column.av-13m7iy-22fa7a734fd720b59842470314828c86{\nborder-radius:0px;\n-webkit-border-radius:0px;\n-moz-border-radius:0px;\npadding:0px;\n}\n<\/style>\n<div class='flex_column av-13m7iy-22fa7a734fd720b59842470314828c86 av_one_full  avia-builder-el-2  el_after_av_one_full  el_before_av_one_full  first flex_column_div av-zero-column-padding column-top-margin'   ><section class=\"av_textblock_section \"  itemscope=\"itemscope\" itemtype=\"https:\/\/schema.org\/CreativeWork\" ><div class='avia_textblock  '   itemprop=\"text\" ><p><strong>Tabella dei contenuti<\/strong><\/p>\n<ul>\n<li><a href=\"#DPC\"><strong>Registrare i dati in produzione<\/strong><\/a><\/li>\n<li><a href=\"#DIDBL\"><strong>Registrazione dei dati in Germania<\/strong><\/a><\/li>\n<li><a href=\"#VDD\"><strong>Dati confidenziali registrati in Germania<\/strong><\/a><\/li>\n<li><a href=\"#DLA\"><strong>Caricamento dati cancellabile<\/strong><\/a><\/li>\n<li><a href=\"#DUA\"><strong>Importazione di dati in modo non cancellabile<\/strong><\/a><\/li>\n<li><a href=\"#LWN\"><strong>Etichettatura del nome dell&#8217;unit\u00e0<\/strong><\/a><\/li>\n<\/ul>\n<\/div><\/section><\/div>\n\n<style type=\"text\/css\" id=\"style-css-av-13m7iy-22fa7a734fd720b59842470314828c86\">\n#top .flex_column.av-13m7iy-22fa7a734fd720b59842470314828c86{\nborder-radius:0px;\n-webkit-border-radius:0px;\n-moz-border-radius:0px;\npadding:0px;\n}\n<\/style>\n<div class='flex_column av-13m7iy-22fa7a734fd720b59842470314828c86 av_one_full  avia-builder-el-4  el_after_av_one_full  el_before_av_one_full  first flex_column_div av-zero-column-padding column-top-margin'   ><section class=\"av_textblock_section \"  itemscope=\"itemscope\" itemtype=\"https:\/\/schema.org\/CreativeWork\" ><div class='avia_textblock  '   itemprop=\"text\" ><p id=\"DPC\" class=\"pt-20\"><strong>Registrazione dei dati nella produzione<\/strong><\/p>\n<p>Inviateci con i vostri dati (o anche qualche giorno dopo) i dati via email\/FTP\/ link di download o <a class=\"alignnone\" href=\"https:\/\/wetransfer.com\/\" target=\"_blank\" rel=\"noopener\"><img loading=\"lazy\" decoding=\"async\" class=\"alignnone size-full wp-image-9014\" src=\"https:\/\/hikitec.de\/wp-content\/uploads\/2020\/05\/wetransfer.gif\" alt=\"\" width=\"102\" height=\"18\"><\/a> e noi alimenteremo la tua chiavetta USB. Semplice, sicuro e veloce.<\/p>\n<p><strong>Durata<\/strong><\/p>\n<p>Il caricamento dei dati <u>non<\/u> prolunga il tempo di produzione!<\/p>\n<\/div><\/section><\/div>\n\n<style type=\"text\/css\" id=\"style-css-av-13m7iy-22fa7a734fd720b59842470314828c86\">\n#top .flex_column.av-13m7iy-22fa7a734fd720b59842470314828c86{\nborder-radius:0px;\n-webkit-border-radius:0px;\n-moz-border-radius:0px;\npadding:0px;\n}\n<\/style>\n<div class='flex_column av-13m7iy-22fa7a734fd720b59842470314828c86 av_one_full  avia-builder-el-6  el_after_av_one_full  el_before_av_one_full  first flex_column_div av-zero-column-padding column-top-margin'   ><section class=\"av_textblock_section \"  itemscope=\"itemscope\" itemtype=\"https:\/\/schema.org\/CreativeWork\" ><div class='avia_textblock  '   itemprop=\"text\" ><p id=\"DIDBL\" class=\"pt-20\"><strong>Record di dati in Germania<\/strong><\/p>\n<p>Ci mandate le vostre chiavette USB, <u>1<\/u> delle quali deve essere gi\u00e0 registrata con i dati desiderati, la cosiddetta chiavetta <strong>USB master<\/strong>. Duplichiamo questo a tutte le altre chiavette USB, controllando di nuovo la chiavetta USB per verificarne la correttezza e la leggibilit\u00e0. Noi smistiamo le chiavette USB difettose di conseguenza.<\/p>\n<p><strong>Durata<\/strong><\/p>\n<p>Il tempo di gioco regolare \u00e8 di 3 giorni lavorativi per 5000 pezzi (a seconda della dimensione dei dati e dell&#8217;imballaggio). Per favore, si assicuri di informarci tempestivamente di tutte le prossime date di gioco. Produzioni espresse (stesso giorno) su accordo. I lotti di campioni regolari e pi\u00f9 piccoli di solito ne richiedono uno, al massimo. due giorni lavorativi.<\/p>\n<p>Voi ci inviate le vostre chiavette USB e noi trasferiamo i vostri dati sui vostri supporti di memorizzazione.<br \/>\nI dati vengono poi confrontati (verificati) con l&#8217;originale. I supporti difettosi vengono individuati, selezionati e imballati separatamente.<\/p>\n<p>Processo di produzione<strong><br \/>\n<\/strong><\/p>\n<p>1. annunciate il vostro ordine in anticipo.<br \/>\n2. ci inviate i vostri portatori di dati il pi\u00f9 presto possibile.<br \/>\n3. spacchettiamo ogni singola chiavetta USB.<br \/>\n4. sottoponiamo 2 o 3 chiavette USB a un breve test di funzionamento.<br \/>\n5. ci inviate i vostri dati di copia online o per posta.<br \/>\n6. se necessario, creiamo una chiavetta USB principale.<br \/>\n7. ci date la liberatoria sulla base di un file di prova o di un campione di dati.<br \/>\n8. copiamo e testiamo i bastoncini.<br \/>\n9. assembliamo e impacchettiamo i bastoni.<br \/>\n10. spedizione a voi o direttamente al vostro cliente.<\/p>\n<\/div><\/section><\/div>\n\n<style type=\"text\/css\" id=\"style-css-av-zdim2-2cfa4d4eb3959b3e9ca4fc8611307c8d\">\n#top .flex_column.av-zdim2-2cfa4d4eb3959b3e9ca4fc8611307c8d{\nborder-radius:0px;\n-webkit-border-radius:0px;\n-moz-border-radius:0px;\npadding:0px;\n}\n<\/style>\n<div class='flex_column av-zdim2-2cfa4d4eb3959b3e9ca4fc8611307c8d av_one_full  avia-builder-el-8  el_after_av_one_full  el_before_av_one_full  first flex_column_div av-zero-column-padding column-top-margin'   ><section class=\"av_textblock_section \"  itemscope=\"itemscope\" itemtype=\"https:\/\/schema.org\/CreativeWork\" ><div class='avia_textblock  '   itemprop=\"text\" ><p><a id=\"VDD\"><\/a><strong>Dati confidenziali registrati in Germania<\/strong><\/p>\n<p>Avete dati riservati e molto importanti che devono essere trasferiti su una chiavetta USB? Siamo felici di offrirvi questo servizio speciale. Ci mandate le vostre chiavette USB, <u>1<\/u> delle quali deve essere gi\u00e0 registrata con i dati desiderati, la cosiddetta chiavetta <strong>USB master<\/strong>. (non tramite dropbox, wetransfer o qualsiasi altro servizio pubblico). Duplichiamo questo a tutte le altre chiavette USB, controllando di nuovo la chiavetta USB per verificarne la correttezza e la leggibilit\u00e0. Noi smistiamo le chiavette USB difettose di conseguenza. Non copiamo i vostri dati localmente su un computer e non creiamo una chiavetta USB principale. I suoi dati non hanno alcun contatto con la nostra rete e\/o sono immagazzinati da noi localmente sui computer. Il giorno della registrazione, viene nominata una persona responsabile della registrazione e della chiavetta USB master. Questa persona segue la registrazione fino alla spedizione. Questo ci permette di garantire un processo senza soluzione di continuit\u00e0 da parte nostra. Siamo anche felici di firmare un accordo di non divulgazione da parte vostra.<\/p>\n<p><strong>Durata<\/strong><\/p>\n<p>Il tempo di gioco regolare \u00e8 di 3 giorni lavorativi per 5000 pezzi (a seconda della dimensione dei dati e dell&#8217;imballaggio). Per favore, si assicuri di informarci tempestivamente di tutte le prossime date di gioco. Produzioni espresse (stesso giorno) su accordo. I lotti di campioni regolari e pi\u00f9 piccoli di solito ne richiedono uno, al massimo. due giorni lavorativi.<\/p>\n<p>Voi ci inviate le vostre chiavette USB e noi trasferiamo i vostri dati sui vostri supporti di memorizzazione.<br \/>\nI dati vengono poi confrontati (verificati) con l&#8217;originale. I supporti difettosi vengono individuati, selezionati e imballati separatamente.<\/p>\n<p><strong>Processo di produzione<br \/>\n<\/strong><\/p>\n<p>1. annunciate il vostro ordine in anticipo.<br \/>\n2. ci inviate i vostri portatori di dati il pi\u00f9 presto possibile.<br \/>\n3. spacchettiamo ogni singola chiavetta USB.<br \/>\n4. sottoponiamo 2 o 3 chiavette USB a un breve test di funzionamento.<br \/>\n5. ci invii la tua chiavetta USB master.<br \/>\n6. copiamo e controlliamo i bastoncini.<br \/>\n7. assembliamo e impacchettiamo i bastoni.<br \/>\n8. spedizione a voi o direttamente al vostro cliente.<\/p>\n<\/div><\/section><\/div>\n\n<style type=\"text\/css\" id=\"style-css-av-qoyaq-c6ce64bab3e42d2b29105200dbaebcf9\">\n#top .flex_column.av-qoyaq-c6ce64bab3e42d2b29105200dbaebcf9{\nborder-radius:0px;\n-webkit-border-radius:0px;\n-moz-border-radius:0px;\npadding:0px;\n}\n<\/style>\n<div class='flex_column av-qoyaq-c6ce64bab3e42d2b29105200dbaebcf9 av_one_full  avia-builder-el-10  el_after_av_one_full  el_before_av_one_full  first flex_column_div av-zero-column-padding column-top-margin'   ><section class=\"av_textblock_section \"  itemscope=\"itemscope\" itemtype=\"https:\/\/schema.org\/CreativeWork\" ><div class='avia_textblock  '   itemprop=\"text\" ><p><a id=\"DLA\"><\/a><strong>Caricamento dati cancellabile<\/strong><\/p>\n<p>L&#8217;utente finale riceve una chiavetta, con i vostri dati individuali, sulla quale il cliente pu\u00f2 disporre\/decidere liberamente.<\/p>\n<\/div><\/section><\/div>\n\n<style type=\"text\/css\" id=\"style-css-av-nh4jm-bc85565081e976db16930af39a6652e0\">\n#top .flex_column.av-nh4jm-bc85565081e976db16930af39a6652e0{\nborder-radius:0px;\n-webkit-border-radius:0px;\n-moz-border-radius:0px;\npadding:0px;\n}\n<\/style>\n<div class='flex_column av-nh4jm-bc85565081e976db16930af39a6652e0 av_one_full  avia-builder-el-12  el_after_av_one_full  el_before_av_one_full  first flex_column_div av-zero-column-padding column-top-margin'   ><section class=\"av_textblock_section \"  itemscope=\"itemscope\" itemtype=\"https:\/\/schema.org\/CreativeWork\" ><div class='avia_textblock  '   itemprop=\"text\" ><p><a id=\"DUA\"><\/a><strong>Importazione di dati in modo non cancellabile<\/strong><\/p>\n<p>Vengono create due partizioni nella chiavetta USB. Una partizione viene creata come unit\u00e0 di sola lettura. Questo drive ha la stessa funzione di un CD o DVD, che \u00e8 anche protetto da una formazione. La memoria libera rimanente \u00e8 formattata come un&#8217;unit\u00e0 Write &amp; Read, l&#8217;utente pu\u00f2 disporre liberamente di questa seconda partizione e memorizzare i suoi dati personali, cancellare e formattare questa partizione se necessario.<\/p>\n<p>Si prega di notare che registriamo le chiavette USB con dati ex works e le partizioniamo direttamente. Una successiva spartizione in Germania <u>non \u00e8 possibile<\/u>.<\/p>\n<\/div><\/section><\/div>\n\n<style type=\"text\/css\" id=\"style-css-av-eb78a-94656ec42f31d4e0eb53b968cbf58313\">\n#top .flex_column.av-eb78a-94656ec42f31d4e0eb53b968cbf58313{\nborder-radius:0px;\n-webkit-border-radius:0px;\n-moz-border-radius:0px;\npadding:0px;\n}\n<\/style>\n<div class='flex_column av-eb78a-94656ec42f31d4e0eb53b968cbf58313 av_one_full  avia-builder-el-14  el_after_av_one_full  el_before_av_one_full  first flex_column_div av-zero-column-padding column-top-margin'   ><section class=\"av_textblock_section \"  itemscope=\"itemscope\" itemtype=\"https:\/\/schema.org\/CreativeWork\" ><div class='avia_textblock  '   itemprop=\"text\" ><p><a id=\"LWN\"><\/a><strong>Etichetta dell&#8217;unit\u00e0<\/strong><\/p>\n<p>Con l&#8217;etichettatura dell&#8217;unit\u00e0 puoi impostare in anticipo come le chiavette USB devono essere visualizzate sul PC come nome. In questo modo il cliente sa esattamente qual \u00e8 il suo anche quando usa diversi bastoni. Si prega di notare che sono disponibili solo <strong>11 caratteri<\/strong>. La lunghezza deriva dalle vecchie convenzioni di denominazione ai tempi del DOS: 8+3=11 caratteri. L&#8217;unico carattere speciale permesso \u00e8 un underscore &#8220;_&#8221;.<\/p>\n<\/div><\/section><\/div>\n\n<style type=\"text\/css\" id=\"style-css-av-7me8y-939388d2d40753a90d0a46e0acca8803\">\n#top .flex_column.av-7me8y-939388d2d40753a90d0a46e0acca8803{\nborder-radius:0px;\n-webkit-border-radius:0px;\n-moz-border-radius:0px;\npadding:0px;\n}\n<\/style>\n<div class='flex_column av-7me8y-939388d2d40753a90d0a46e0acca8803 av_one_full  avia-builder-el-16  el_after_av_one_full  el_before_av_textblock  first flex_column_div av-zero-column-padding column-top-margin'   ><section class=\"av_textblock_section \"  itemscope=\"itemscope\" itemtype=\"https:\/\/schema.org\/CreativeWork\" ><div class='avia_textblock  '   itemprop=\"text\" ><p><strong>Raccomandazione<\/strong><\/p>\n<p>I nomi dei file\/nome non possono contenere caratteri speciali, poich\u00e9 i caratteri speciali sono tutte le lettere e i caratteri oltre le 26 lettere di base dell&#8217;alfabeto latino. Questo si riferisce ai simboli (\u00a7 \/ # $ % [ } + @ \u20ac &#8230;) cos\u00ec come alle lettere aggiuntive (\u00f0 ? ? ? \u00fe &#8230;), alle legature di due lettere (&amp; \u00df \u00e6 \u0153 &#8230;) e soprattutto alle lettere con i cosiddetti segni diacritici (\u00fc \u00e1 \u00f4 \u00e8 \u00f1 \u00e5 \u00e7 \u00f8 \u0161 ? ? ? ? &#8230;). Si prega di notare che i dati devono essere multilingue!<\/p>\n<\/div><\/section><\/div>\n<section class=\"av_textblock_section \"  itemscope=\"itemscope\" itemtype=\"https:\/\/schema.org\/CreativeWork\" ><div class='avia_textblock  '   itemprop=\"text\" ><input type=\"button\" value=\"Indietro\" class=\"alg_back_button_input \" style=\"\" onclick=\"window.history.back()\" \/>\n<\/div><\/section>\n","protected":false},"excerpt":{"rendered":"","protected":false},"author":2,"featured_media":0,"parent":0,"menu_order":0,"comment_status":"closed","ping_status":"closed","template":"","meta":{"footnotes":""},"class_list":["post-56543","page","type-page","status-publish","hentry"],"_links":{"self":[{"href":"https:\/\/hikitec.de\/it\/wp-json\/wp\/v2\/pages\/56543","targetHints":{"allow":["GET"]}}],"collection":[{"href":"https:\/\/hikitec.de\/it\/wp-json\/wp\/v2\/pages"}],"about":[{"href":"https:\/\/hikitec.de\/it\/wp-json\/wp\/v2\/types\/page"}],"author":[{"embeddable":true,"href":"https:\/\/hikitec.de\/it\/wp-json\/wp\/v2\/users\/2"}],"replies":[{"embeddable":true,"href":"https:\/\/hikitec.de\/it\/wp-json\/wp\/v2\/comments?post=56543"}],"version-history":[{"count":5,"href":"https:\/\/hikitec.de\/it\/wp-json\/wp\/v2\/pages\/56543\/revisions"}],"predecessor-version":[{"id":56549,"href":"https:\/\/hikitec.de\/it\/wp-json\/wp\/v2\/pages\/56543\/revisions\/56549"}],"wp:attachment":[{"href":"https:\/\/hikitec.de\/it\/wp-json\/wp\/v2\/media?parent=56543"}],"curies":[{"name":"wp","href":"https:\/\/api.w.org\/{rel}","templated":true}]}}