{"id":56619,"date":"2021-03-31T14:40:49","date_gmt":"2021-03-31T12:40:49","guid":{"rendered":"https:\/\/hikitec.de\/protezione-dei-dati\/"},"modified":"2023-03-01T15:49:58","modified_gmt":"2023-03-01T14:49:58","slug":"protezione-dei-dati","status":"publish","type":"page","link":"https:\/\/hikitec.de\/it\/protezione-dei-dati\/","title":{"rendered":"Protezione dei dati"},"content":{"rendered":"<section class=\"av_textblock_section \"  itemscope=\"itemscope\" itemtype=\"https:\/\/schema.org\/CreativeWork\" ><div class='avia_textblock  '   itemprop=\"text\" ><p><strong>Politica sulla privacy<\/strong><\/p>\n<p>Noi, la HIKITEC GmbH, siamo lieti della vostra visita al nostro sito web www.hikitec.de e del vostro interesse per la nostra azienda. Per noi \u00e8 importante proteggere i suoi dati personali. I dati personali sono informazioni individuali su circostanze personali o di fatto di una persona fisica identificata o identificabile. Questo include informazioni come nome civile, indirizzo, numero di telefono e data di nascita.<\/p>\n<p>Questi dati sono sottomessi ad una protezione speciale e sono sollevati con noi solo nella misura tecnicamente necessaria. Vi spiegheremo secondo il nostro obbligo, di seguito quali informazioni sono utilizzate durante la vostra presenza sul nostro lato Internet.<\/p>\n<p>La nostra pratica di protezione dei dati \u00e8 conforme alle disposizioni della legge federale sulla protezione dei dati (BDSG) e della legge sui telemedia (TMG). Noi raccogliamo, elaboriamo e conserviamo i vostri dati personali esclusivamente per l&#8217;elaborazione delle richieste e, se necessario, per l&#8217;elaborazione di ordini\/contratti. I suoi dati vengono utilizzati solo se lei ha precedentemente dato il suo consenso separatamente e inoltre per scopi precisamente definiti, ad esempio per informazioni su offerte tramite newsletter, ecc.<\/p>\n<p><strong>Organo responsabile ai sensi del \u00a7 13 comma. 1 TMG<\/strong><\/p>\n<p>Organo responsabile nel senso della legge sulla protezione dei dati \u00e8:<\/p>\n<p>HIKITEC GmbH \u2022 Quettinger Stra\u00dfe 171 \u2022 D \u2022 51381 Leverkusen \u2022 E-Mail: anfrage@hikitec.de \u2022 Telefon:+49 (0) 2171 79 26 668<\/p>\n<p><strong>Uso pseudonimo del sito web<\/strong><\/p>\n<p>In linea di principio, \u00e8 possibile visitare il nostro sito web senza fornirci dati personali. I dati d&#8217;uso pseudonimizzati non vengono fusi con i dati del portatore dello pseudonimo. Non c&#8217;\u00e8 creazione di profili d&#8217;uso pseudonimi.<\/p>\n<p><strong>Funzioni speciali del sito web<\/strong><\/p>\n<p>Varie funzioni vi sono offerte sul nostro sito Internet. Durante l&#8217;uso, i dati personali sono raccolti, elaborati e conservati da noi. Di seguito spieghiamo cosa succede con questi dati:<\/p>\n<p><strong>Modulo di contatto<\/strong><\/p>\n<p>I dati registrati tramite il nostro modulo di contatto saranno utilizzati solo per l&#8217;elaborazione delle richieste ricevute tramite il modulo di contatto. I dati raccolti saranno cancellati su richiesta entro sei mesi dall&#8217;elaborazione della richiesta.<\/p>\n<p><strong>Newsletter<\/strong><\/p>\n<p>I dati registrati nella maschera di registrazione della nostra newsletter saranno utilizzati da noi esclusivamente per l&#8217;invio della nostra newsletter. In questo sarete informati sui nostri servizi. Per completare la registrazione, riceverai un&#8217;e-mail di conferma da parte nostra. Questo contiene un link che devi cliccare per completare l&#8217;iscrizione alla nostra newsletter (double opt-in). \u00c8 possibile annullare l&#8217;iscrizione alla newsletter in qualsiasi momento inviando un&#8217;e-mail di cancellazione. Dopo aver annullato l&#8217;iscrizione, i suoi dati saranno cancellati entro sei mesi.<\/p>\n<p>Utilizziamo i dati fornitici per scopi pubblicitari per i prodotti di HIKITEC e delle aziende affiliate se il cliente si \u00e8 iscritto alla nostra newsletter gratuita. Il cliente pu\u00f2 opporsi all&#8217;ulteriore utilizzo dei suoi dati per questo scopo in qualsiasi momento, semplicemente informandoci via e-mail (anfrage@hikitec.de).<\/p>\n<p><strong>Analisi statistica delle visite a questo sito web<\/strong><\/p>\n<p>I seguenti dati o file individuali sono raccolti, elaborati e memorizzati quando si accede al sito web: Indirizzo IP, sito web da cui il file \u00e8 stato recuperato, nome del file, data e ora del recupero, quantit\u00e0 di dati trasferiti e rapporto sul successo del recupero (cosiddetto web log). Per il costante miglioramento della nostra offerta Internet e per scopi statistici, utilizziamo questi dati di accesso esclusivamente in forma non personalizzata.<\/p>\n<p><strong>Google Analytics<\/strong><\/p>\n<p>Non utilizziamo Google Analytics su questo sito web<\/p>\n<p><strong>Contenuto esterno \/ trattamento dei dati al di fuori dell&#8217;UE<\/strong><\/p>\n<p>Sul nostro sito web utilizziamo contenuti Java-Script attivi da fornitori esterni. Quando visitate il nostro sito web, questi fornitori esterni possono ricevere informazioni personali sulla vostra visita al nostro sito web. Puoi prevenire questo installando un blocco JavaScript come il plugin del browser &#8216;NoScript&#8217; (www.noscript.net) o disattivando JavaScript nel tuo browser. Questo pu\u00f2 portare a restrizioni funzionali sulle pagine Internet che visitate.<\/p>\n<p><strong>Informativa sulla privacy per l&#8217;uso dei plugin di Facebook<\/strong><\/p>\n<p>Non usiamo plugin di Facebook su questo sito.<\/p>\n<p><strong>Informativa sulla privacy per l&#8217;uso dei plugin di Twitter<\/strong><\/p>\n<p>Non usiamo plugin di Twitter su questo sito.<\/p>\n<p><strong>Informativa sulla privacy per l&#8217;uso dei plugin di YouTube<\/strong><\/p>\n<p>Non usiamo plugin di YouTube su questo sito web.<\/p>\n<p><strong>Informazioni sull&#8217;uso dei cookie<\/strong><\/p>\n<p>Non utilizziamo cookie su questo sito (controllo <a href=\"https:\/\/www.cookiebot.com\/de\/\" target=\"_blank\" rel=\"noopener\">Cookiebot<\/a> dal 22.09.2020).<\/p>\n<p><strong>Sicurezza e protezione dei dati, comunicazione via e-mail<\/strong><\/p>\n<p>Prendendo tutte le possibilit\u00e0 tecniche e organizzative, i vostri dati personali sono conservati in modo tale che siano inaccessibili a terzi. Non possiamo garantire la completa sicurezza dei dati quando si comunica via e-mail, quindi vi consigliamo di inviarci informazioni che richiedono un alto grado di riservatezza per posta.<\/p>\n<p><strong>Persona di contatto per questioni di protezione dei dati &#8211; Responsabile della protezione dei dati<\/strong><br \/>\nIn questioni di protezione dei dati la nostra sede \u00e8 a vostra disposizione:<\/p>\n<p>Fon:+49 (0) 2103 \u2013 71 54 \u2013 260 \u2022 E-Mail: anfrage@hikitec.de<\/p>\n<p><strong>Ritiro del consenso &#8211; Informazioni sui dati e richieste di modifica<\/strong><\/p>\n<p>Secondo la legge federale sulla protezione dei dati, avete il diritto di avere informazioni gratuite sui vostri dati memorizzati e, se necessario, un diritto di correzione, blocco o cancellazione di questi dati.<\/p>\n<p>Se non ci sono disposizioni legali contrarie, i suoi dati saranno cancellati. Potete revocare il vostro permesso di utilizzare i vostri dati personali in qualsiasi momento. Potete inviare le vostre richieste di informazione, cancellazione e autorizzazione dei vostri dati e suggerimenti in qualsiasi momento al seguente indirizzo:<\/p>\n<p>HIKITEC GmbH \u2022 Quettinger Stra\u00dfe 171 \u2022 D \u2022 51381 Leverkusen<\/p>\n<p><strong>LEGALE<\/strong><\/p>\n<p><strong>Contenuto dell&#8217;offerta online<\/strong><\/p>\n<p>L&#8217;autore si riserva il diritto di non essere responsabile dell&#8217;attualit\u00e0, correttezza, completezza o qualit\u00e0 delle informazioni fornite. Richieste di responsabilit\u00e0 contro l&#8217;autore, che si riferiscono a danni di tipo materiale o ideale, che sono stati causati dall&#8217;uso o dal disuso delle informazioni presentate e\/o dall&#8217;uso di informazioni errate e incomplete, sono in linea di principio impossibili, se da parte dell&#8217;autore non \u00e8 presente alcuna colpa intenzionale o approssimativamente negligente.<\/p>\n<p>Tutte le offerte sono soggette a modifiche e non sono vincolanti. L&#8217;autore si riserva espressamente il diritto di cambiare, completare o cancellare parti delle pagine o l&#8217;intera offerta senza preavviso o di cessare la pubblicazione temporaneamente o definitivamente.<\/p>\n<p><strong>Link ad altri siti web<\/strong><\/p>\n<p>Questo sito web contiene link ad altri siti web. HIKITEC GmbH non si assume alcuna responsabilit\u00e0 per le strategie di protezione dei dati o per il contenuto di questi altri siti web.<\/p>\n<p><strong>Diritto d&#8217;autore e di marchio<\/strong><\/p>\n<p>L&#8217;autore si impegna a rispettare i diritti d&#8217;autore dei grafici, documenti sonori, sequenze video e testi utilizzati in tutte le pubblicazioni, a utilizzare grafici, documenti sonori, sequenze video e testi creati da lui stesso o a ricorrere a grafici, documenti sonori, sequenze video e testi senza licenza.<\/p>\n<p>Tutte le marche e i marchi menzionati sul sito web ed eventualmente protetti da terzi sono soggetti senza restrizioni alle disposizioni del diritto di marchio applicabile e ai diritti di propriet\u00e0 dei rispettivi proprietari registrati. La semplice menzione di un marchio non significa che non sia protetto da diritti di terzi!<\/p>\n<p>Il copyright per gli oggetti pubblicati e creati dall&#8217;autore stesso rimane esclusivamente all&#8217;autore delle pagine. Qualsiasi duplicazione o uso di oggetti come diagrammi, suoni o testi in altre pubblicazioni elettroniche o stampate non \u00e8 permesso senza l&#8217;accordo dell&#8217;autore.<\/p>\n<p><strong>Download di dati, file e programmi<\/strong><\/p>\n<p>L&#8217;uso dei dati, dei file e dei programmi forniti dall&#8217;autore \u00e8 a vostro rischio e pericolo. Questo si riferisce in particolare alla funzionalit\u00e0 e all&#8217;assenza di virus dei dati e dei programmi che possono essere caricati da questo sito web. Sfortunatamente, non si pu\u00f2 dare il 100% di riservatezza e sicurezza quando si trasmette via Internet. Non siamo responsabili per qualsiasi danno che potreste subire come risultato di interruzione, manomissione o uso improprio delle informazioni trasmesse su Internet.<\/p>\n<p>L&#8217;autore non pu\u00f2 essere ritenuto responsabile di eventuali danni al software o all&#8217;hardware. Qualsiasi responsabilit\u00e0 del software offerto su questo sito web \u00e8 dell&#8217;utente del software.<\/p>\n<p><strong>Validit\u00e0 legale di questo disclaimer<\/strong><\/p>\n<p>Se sezioni o termini individuali di questa dichiarazione non sono legali o corretti, il contenuto o la validit\u00e0 delle altre parti non sono influenzati da questo fatto.<\/p>\n<p><strong>Bambini<\/strong><\/p>\n<p>Si prega di assicurarsi che i bambini non inviino alcun dato personale a questo sito web senza il consenso dei loro genitori o tutori. Noi di HIKITEC GmbH raccomandiamo che tutti i genitori e i tutori istruiscano i loro figli sul trattamento sicuro e responsabile dei dati personali in Internet. In ogni caso, HIKITEC non memorizzer\u00e0 o utilizzer\u00e0 consapevolmente in alcun modo i dati personali dei bambini n\u00e9 li divulgher\u00e0 a terzi senza autorizzazione.<\/p>\n<\/div><\/section>\n<section class=\"av_textblock_section \"  itemscope=\"itemscope\" itemtype=\"https:\/\/schema.org\/CreativeWork\" ><div class='avia_textblock  '   itemprop=\"text\" ><input type=\"button\" value=\"Indietro\" class=\"alg_back_button_input \" style=\"\" onclick=\"window.history.back()\" \/>\n<\/div><\/section>\n","protected":false},"excerpt":{"rendered":"","protected":false},"author":2,"featured_media":0,"parent":0,"menu_order":0,"comment_status":"closed","ping_status":"closed","template":"","meta":{"footnotes":""},"class_list":["post-56619","page","type-page","status-publish","hentry"],"_links":{"self":[{"href":"https:\/\/hikitec.de\/it\/wp-json\/wp\/v2\/pages\/56619","targetHints":{"allow":["GET"]}}],"collection":[{"href":"https:\/\/hikitec.de\/it\/wp-json\/wp\/v2\/pages"}],"about":[{"href":"https:\/\/hikitec.de\/it\/wp-json\/wp\/v2\/types\/page"}],"author":[{"embeddable":true,"href":"https:\/\/hikitec.de\/it\/wp-json\/wp\/v2\/users\/2"}],"replies":[{"embeddable":true,"href":"https:\/\/hikitec.de\/it\/wp-json\/wp\/v2\/comments?post=56619"}],"version-history":[{"count":8,"href":"https:\/\/hikitec.de\/it\/wp-json\/wp\/v2\/pages\/56619\/revisions"}],"predecessor-version":[{"id":717645,"href":"https:\/\/hikitec.de\/it\/wp-json\/wp\/v2\/pages\/56619\/revisions\/717645"}],"wp:attachment":[{"href":"https:\/\/hikitec.de\/it\/wp-json\/wp\/v2\/media?parent=56619"}],"curies":[{"name":"wp","href":"https:\/\/api.w.org\/{rel}","templated":true}]}}