{"id":68028,"date":"2021-04-06T11:12:56","date_gmt":"2021-04-06T09:12:56","guid":{"rendered":"https:\/\/hikitec.de\/agb\/"},"modified":"2023-03-02T12:41:17","modified_gmt":"2023-03-02T11:41:17","slug":"agb","status":"publish","type":"page","link":"https:\/\/hikitec.de\/it\/agb\/","title":{"rendered":"AGB"},"content":{"rendered":"<section class=\"av_textblock_section \"  itemscope=\"itemscope\" itemtype=\"https:\/\/schema.org\/CreativeWork\" ><div class='avia_textblock  '   itemprop=\"text\" ><p><strong>Condizioni generali di HIKITEC GmbH (dal 10\/2021)<\/strong><\/p>\n<p><strong>1. generale<\/strong><\/p>\n<p>Le quotazioni dei prezzi fatte dalla societ\u00e0 HIKITEC GmbH e le condizioni d&#8217;ordine emesse dalla stessa si basano esclusivamente sulle seguenti condizioni. Qualsiasi modifica a queste condizioni richiede il consenso scritto di HIKITEC GmbH. Inoltre, HIKITEC GmbH si riserva il diritto di accettare o rifiutare gli ordini. Il conferimento di un ordine a seguito di un&#8217;offerta di prezzo fatta da HIKITEC GmbH non \u00e8 vincolante per HIKITEC GmbH fino alla ricezione di una conferma d&#8217;ordine scritta.<\/p>\n<p><strong> 2. prezzi<\/strong><\/p>\n<p>I prezzi indicati sono franco fabbrica, pi\u00f9 l&#8217;imposta sul valore aggiunto prevista dalla legge, il trasporto, l&#8217;assicurazione, l&#8217;imballaggio e il trasferimento dei dati. I pacchi sono inviati con un servizio di pacchi. Le consegne di grandi dimensioni sono effettuate da uno spedizioniere incaricato da noi gratuitamente sul marciapiede. In caso di un&#8217;ulteriore consegna o di una consegna a un indirizzo diverso, i costi risultanti saranno addebitati successivamente. I nostri prezzi non includono i costi di smaltimento, a meno che non siano indicati separatamente.<\/p>\n<p><strong> 3. fluttuazioni di prezzo<\/strong><\/p>\n<p>I prezzi indicati sono prezzi giornalieri per le importazioni a lunga distanza e sono soggetti a fluttuazioni di valuta e di mercato. Ci riserviamo il diritto di modificare i prezzi (anche quelli gi\u00e0 confermati) in caso di forti fluttuazioni, se necessario.<\/p>\n<p><strong> 4. richieste di risarcimento danni<\/strong><\/p>\n<p>I reclami del cliente sono esclusi in ogni caso. In caso di mancata accettazione della merce ordinata, \u00e8 previsto un risarcimento del 25%.<\/p>\n<p><strong> 5. riserva di propriet\u00e0<\/strong><\/p>\n<p>Tutta la merce consegnata rimane di nostra propriet\u00e0 (merce riservata) fino a quando tutti i nostri crediti sono stati soddisfatti, anche se i pagamenti vengono effettuati per crediti appositamente designati. L&#8217;acquirente si impegna a vendere la merce con riserva di propriet\u00e0 solo nel corso dell&#8217;attivit\u00e0 ordinaria in conformit\u00e0 con le seguenti disposizioni alle sue normali condizioni d&#8217;affari e fino a quando non \u00e8 in mora. L&#8217;acquirente cede a noi il suo credito derivante da una rivendita. Ha il diritto di riscuotere i crediti ceduti fino alla nostra revoca, che \u00e8 possibile in qualsiasi momento. Nella misura in cui i nostri crediti sono dovuti, l&#8217;acquirente \u00e8 obbligato a trasferirci immediatamente i crediti raccolti. L&#8217;acquirente non \u00e8 autorizzato a cedere il credito in nessun caso. Su nostra richiesta, l&#8217;acquirente deve informare immediatamente il suo cliente della cessione e fornirci la prova della notifica, nonch\u00e9 le informazioni e i documenti necessari per la riscossione insieme a questa notifica. L&#8217;acquirente deve informarci con lettera raccomandata di qualsiasi accesso di terzi alla merce o al reclamo. Siamo autorizzati in qualsiasi momento a vietare la rivendita di merci soggette a riserva di propriet\u00e0.<\/p>\n<p>e di revocare l&#8217;autorizzazione di addebito diretto se l&#8217;acquirente \u00e8 in mora o se si viene a conoscenza di circostanze idonee a ridurre la sua affidabilit\u00e0 creditizia. In questo caso abbiamo il diritto di esigere la restituzione della merce a spese dell&#8217;acquirente, di portarla via o, se la merce \u00e8 gi\u00e0 stata rivenduta. In questo caso abbiamo il diritto di esigere la restituzione della merce a spese dell&#8217;acquirente, di portarla via o, se la merce \u00e8 gi\u00e0 stata rivenduta.<\/p>\n<p><strong> 6. produzione<\/strong><\/p>\n<p>Lievi deviazioni nella qualit\u00e0 o nel design sono permesse. HIKITEC GmbH si riserva il diritto di apportare modifiche tecniche per migliorare il prodotto. A causa delle possibilit\u00e0 di fabbricazione nei paesi produttori, soprattutto nel caso della produzione di massa, lo standard di qualit\u00e0 \u00e8 la &#8220;classificazione&#8221; convenzionale. In generale, i piccoli difetti successivi nel prodotto finale devono essere accettati dall&#8217;acquirente e non costituiscono motivo di reclamo. Gli inchiostri di stampa sono prodotti secondo le scale Pantone o HKS. Possono essere adattati solo in misura limitata a causa del substrato e devono essere accettati.<\/p>\n<p><strong> 7. tolleranze<\/strong><\/p>\n<p>Poich\u00e9 le differenze non possono essere evitate in una produzione, le deviazioni massime sono definite in valori di tolleranza per la qualit\u00e0 da aspettarsi.<\/p>\n<p>Per tolleranza di \u00b10,1 mm si intende una variazione di 0,2 mm. Di norma, i materiali vengono trasformati in prodotti finali che presentano gi\u00e0 differenze in s\u00e9 e dovute alla stampa prima della finitura di stampa. Si distingue quindi tra:<\/p>\n<p>Differenze importate<\/p>\n<p>Tolleranze nella finitura di stampa<\/p>\n<p><strong>8 .memoria<\/strong><\/p>\n<p>Geringf\u00fcgige Abweichungen bei angegebenen Speicherkapazit\u00e4ten (z. B. USB-Sticks) sind technisch bedingt und m\u00fcssen akzeptiert werden. Non costituiscono motivo di reclamo.<\/p>\n<p><strong> 9. ambito di fornitura e servizi<\/strong><\/p>\n<p>Le consegne in eccesso o in difetto fino al 10 % (a seconda della produzione e dell&#8217;articolo) sono dovute a motivi tecnici e devono essere accettate. Le consegne in eccesso o in difetto saranno regolate con il cliente. Le consegne in eccesso o in difetto non autorizzano il cliente a rifiutare l&#8217;accettazione o a recedere dal contratto.<\/p>\n<p><strong>10. Rapporto sui difetti<\/strong><\/p>\n<p>La notifica dei difetti deve essere fatta dall&#8217;acquirente per iscritto entro 10 giorni dal ricevimento della merce da parte nostra. Le merci che sono oggetto di un reclamo devono essere inviate su richiesta a spese e a rischio dell&#8217;acquirente. La merce riconosciuta da noi come difettosa sar\u00e0, a nostra discrezione, riparata gratuitamente, sostituita o ritirata contro accredito dell&#8217;importo della fattura. Invece, possiamo anche sostituire il valore ridotto. Ulteriori rivendicazioni dell&#8217;acquirente sono escluse. I diritti di garanzia dell&#8217;acquirente decadono finch\u00e9 l&#8217;acquirente \u00e8 in mora o ha trattato la merce in modo improprio, o ha tentato o effettuato riparazioni o modifiche alla stessa senza il nostro consenso, o le ha fatte effettuare da terzi. Non si assume alcuna responsabilit\u00e0 per la violazione dei diritti di propriet\u00e0 industriale. Per la consegna di articoli sostitutivi si applicano le stesse condizioni della prestazione originale.<\/p>\n<p><strong> 11 Forza maggiore<\/strong><\/p>\n<p>HIKITEC GmbH non pu\u00f2 essere ritenuta responsabile dell&#8217;inadempimento di un obbligo contrattuale se l&#8217;inadempimento \u00e8 il risultato diretto o indiretto di un evento al di fuori del controllo del venditore. Questo include, ma non \u00e8 limitato a, qualsiasi forza maggiore; il rifiuto, la restrizione, la sospensione o il ritiro di una licenza di un permesso o altre azioni da parte delle autorit\u00e0 competenti, incendio, esplosione, inondazione, rottura di macchinari, sciopero, serrata, mancanza di materiali, guerra, insurrezione, potere o trasporto o altre controversie collettive.<\/p>\n<p><strong>12. Esportazione<\/strong><\/p>\n<p>L&#8217;Acquirente \u00e8 consapevole che ci possono essere delle restrizioni per quanto riguarda l&#8217;esportazione degli oggetti di consegna, in particolare che pu\u00f2 essere richiesto un permesso ufficiale. Se l&#8217;acquirente intende riesportare gli oggetti della fornitura dal paese in cui ha la residenza o la sede o da un altro paese in cui devono essere consegnati da HIKITEC GmbH su richiesta dell&#8217;acquirente, quest&#8217;ultimo ne informer\u00e0 HIKITEC GmbH. Dopo aver ricevuto la notifica, HIKITEC GmbH informer\u00e0 l&#8217;acquirente su eventuali restrizioni all&#8217;esportazione e sulla procedura per ottenere una licenza di esportazione. Ulteriori rivendicazioni contro HIKITEC GmbH non esistono.<\/p>\n<p><strong>13. pubblicit\u00e0<\/strong><\/p>\n<p>HIKITEC GmbH si riserva il diritto di utilizzare gli articoli prodotti per conto del cliente come campioni o per scopi pubblicitari o di riferimento. L&#8217;acquirente deve proibire espressamente l&#8217;uso prima di effettuare l&#8217;ordine, altrimenti l&#8217;uso \u00e8 considerato approvato.<\/p>\n<p><strong>14. pagamento<\/strong><\/p>\n<p>HIKITEC GmbH si riserva il diritto di fatturare il servizio concordato elettronicamente via e-mail. La consegna della merce avviene contro pagamento anticipato, a meno che un altro metodo di pagamento sia stato espressamente concordato tra le parti contraenti. Se non diversamente concordato, le nostre fatture devono essere saldate.<\/p>\n<p><strong>15. sporgenza pericolosa<\/strong><\/p>\n<p>Il rischio passa all&#8217;acquirente non appena la spedizione \u00e8 stata consegnata alla persona che effettua il trasporto. Se la spedizione viene ritardata su richiesta del cliente, il rischio passa al cliente al momento della notifica della disponibilit\u00e0 della spedizione.<\/p>\n<p><strong> 16. Garanzia<\/strong><\/p>\n<p>La societ\u00e0 HIKITEC GmbH garantisce per un periodo di 24 mesi dalla data di consegna che gli oggetti della fornitura sono privi di difetti secondo il rispettivo stato della tecnica. La garanzia \u00e8 esclusa nei seguenti casi: Normale usura, parti soggette ad usura, uso improprio, mancata osservanza delle istruzioni di applicazione, incendio, fulmini, sovratensione, umidit\u00e0 di qualsiasi tipo, funzionamento con il tipo di corrente o tensione sbagliata, manomissione o riparazioni da parte di persone non autorizzate, incompatibilit\u00e0 con sistemi operativi non supportati o altro software incompatibile.<\/p>\n<p>Se HIKITEC GmbH accetta spedizioni di riparazione dopo la scadenza del periodo di garanzia, l&#8217;acquirente non ha alcun diritto nei confronti di HIKITEC GmbH ad una riduzione del prezzo, alla cancellazione del contratto o ad una nuova consegna. In questo caso, HIKITEC GmbH si limita ad inoltrare l&#8217;oggetto da riparare al suo subfornitore per conto dell&#8217;acquirente, al fine di consentire a quest&#8217;ultimo di usufruire di un&#8217;eventuale garanzia pi\u00f9 lunga del produttore. I difetti evidenti devono essere segnalati per iscritto immediatamente, comunque 10 giorni lavorativi dopo il ricevimento della consegna. Altrimenti i reclami per difetti sono esclusi. Nelle transazioni commerciali si applicano inoltre i \u00a7\u00a7 377, 387 HGB. Le restituzioni sono possibili solo utilizzando il numero RMA rilasciato dal servizio di assistenza di HIKITEC GmbH. Una copia della fattura e una descrizione dettagliata del difetto devono essere incluse in questa restituzione, che \u00e8 sempre gratuita. Se esiste un servizio separato del produttore per un prodotto o un gruppo di prodotti, i resi devono essere inviati direttamente al produttore secondo le istruzioni del produttore. HIKITEC GmbH si riserva il diritto di restituire all&#8217;acquirente i resi non autorizzati, non liberi, cos\u00ec come i resi senza prova d&#8217;acquisto o altri documenti mancanti, a spese dell&#8217;acquirente pi\u00f9 una tassa di gestione secondo il listino prezzi del servizio. Se l&#8217;oggetto della consegna presenta un difetto di cui siamo responsabili, HIKITEC GmbH ha il diritto, a sua discrezione, di eliminare il difetto o di effettuare una nuova consegna ai sensi del \u00a7 439 BGB (codice civile tedesco). Possiamo far valere ulteriori diritti, in particolare il diritto di rescindere il contratto d&#8217;acquisto, solo dopo che \u00e8 trascorso un certo periodo di tempo per l&#8217;adempimento supplementare o la rettifica o dopo che questo \u00e8 fallito due volte. Dopo la scadenza dei 12 mesi dalla data di consegna, i diritti di garanzia sono limitati alla rettifica dei difetti o alla nota di credito per il valore corrente a discrezione di HIKITEC GmbH. L&#8217;acquirente \u00e8 obbligato a fare un backup dei dati da lui richiesti prima di restituire l&#8217;oggetto della consegna. HIKITEC GmbH non si assume alcuna responsabilit\u00e0 per eventuali dati persi sul supporto di memorizzazione al momento della restituzione. Nessun nuovo periodo di garanzia entra in vigore in seguito alla sostituzione di parti, gruppi o interi dispositivi. Le parti rimosse o sostituite diventano propriet\u00e0 di HIKITEC GmbH. Nei casi in cui &#8211; anche per il nostro acquirente &#8211; non c&#8217;\u00e8 un acquisto di beni di consumo all&#8217;interno della catena di fornitura, le disposizioni dei \u00a7\u00a7474-479 BGB non sono applicabili. Se l&#8217;acquirente rivende la merce nell&#8217;ambito di un acquisto di beni di consumo, il rimborso delle spese sostenute ai sensi del \u00a7 478 BGB pu\u00f2 essere richiesto solo se viene fornita la prova che le spese sono state sostenute. L&#8217;indennizzo di tali spese \u00e8 concesso solo fino a un massimo del 2% del valore netto della merce. Ulteriori diritti, che ricadono sul \u00a7 478 BGB, sono strappati dalla garanzia concordata di 24 mesi come compensazione equivalente nel senso del \u00a7 478 IV S. 1 BGB. A meno che non sia stato espressamente concordato altrimenti, sono escluse ulteriori rivendicazioni dell&#8217;acquirente, indipendentemente dai motivi legali. Pertanto, HIKITEC GmbH non \u00e8 responsabile per i danni che non si sono verificati direttamente nell&#8217;oggetto della consegna, in particolare non per il mancato guadagno o altre perdite finanziarie dell&#8217;acquirente. L&#8217;esonero dalla responsabilit\u00e0 di cui sopra non si applica se il danno \u00e8 dovuto a dolo, negligenza grave, assenza di una caratteristica garantita, violazione di obblighi contrattuali sostanziali, ritardo nella prestazione, impossibilit\u00e0 o rivendicazioni basate sui \u00a7\u00a7 1.4 della legge sulla responsabilit\u00e0 del prodotto. HIKITEC GmbH non \u00e8 responsabile per il recupero dei dati se ha causato la perdita intenzionalmente o per grave negligenza e l&#8217;acquirente ha assicurato che \u00e8 stato fatto un backup dei dati in modo che i dati possano essere ricostruiti con uno sforzo ragionevole. I diritti di risarcimento danni possono essere fatti valere nei confronti di HIKITEC GmbH in tutti i casi, anche in caso di mancata rettifica o consegna successiva, solo se \u00e8 possibile dimostrare che HIKITEC GmbH ha agito con dolo o grave negligenza o se mancano le caratteristiche garantite. Nella misura in cui la responsabilit\u00e0 di HIKITEC GmbH \u00e8 esclusa, ci\u00f2 vale in particolare per la responsabilit\u00e0 personale dei suoi dipendenti, collaboratori, rappresentanti e ausiliari. Oltre ai punti qui menzionati, valgono in ogni caso le attuali condizioni di restituzione e assistenza di HIKITEC GmbH allegate ad ogni consegna.<\/p>\n<p> <strong>17. violazione del contratto<\/strong> <strong>e insolvenza dell&#8217;acquirente<\/strong><\/p>\n<p>Senza pregiudizio di altri diritti o pretese, HIKITEC GmbH pu\u00f2 porre fine al rapporto contrattuale senza preavviso se l&#8217;Acquirente non adempie ai suoi obblighi di pagamento in tempo utile o viola qualsiasi altro obbligo contrattuale sostanziale, cessa la sua attivit\u00e0 o presenta una domanda di fallimento o di concordato, inoltre, se viene avviata una procedura di fallimento o di concordato sul patrimonio dell&#8217;Acquirente su richiesta di una terza parte.<\/p>\n<p><strong> 18. sicurezza dei prodotti<\/strong><\/p>\n<p>Al fine di rispettare la legge sulla sicurezza dei prodotti (ProdSG \u00a76), i prodotti sono etichettati con i dati di contatto e indirizzo di HIKITEC GmbH come standard, a meno che il cliente non fornisca altre informazioni. Una deviazione pu\u00f2 essere effettuata solo rispetto al calcolo del prezzo di costo.<\/p>\n<p><strong> 19 Ufficio centrale per i diritti di trasferimento privato (ZP\u00dc)<\/strong><\/p>\n<p>I nostri prezzi includono le tasse GEMA da pagare. L&#8217;obbligo dei distributori di prodotti soggetti a remunerazione deriva dalla sezione 54b paragrafo. 1 e 3 UrhG. Il rivenditore \u00e8 responsabile in solido con il fabbricante e l&#8217;importatore. Ai sensi dell&#8217;art. 54 par. 3 UrhG, il distributore \u00e8 esonerato dall&#8217;obbligo di pagare i diritti se notifica per iscritto allo ZP\u00dc, senza esserne richiesto, il tipo e il numero di apparecchi e supporti di memorizzazione acquistati e la loro fonte di approvvigionamento entro il 10 gennaio e il 10 luglio di ogni anno per il semestre solare precedente (art. 54b (3) n. 2 UrhG).<\/p>\n<p><strong> 20 Legge applicabile, foro competente<\/strong><\/p>\n<p>I contratti delle parti sono soggetti alla legge tedesca. Il luogo di giurisdizione \u00e8 D\u00fcsseldorf. Per le persone che non hanno un foro generale in Germania o che non ne hanno pi\u00f9 uno al momento della presentazione dell&#8217;azione, D\u00fcsseldorf \u00e8 anche il foro locale. I precedenti accordi sul foro competente si applicano a tutte le controversie derivanti da e in relazione al contratto. L&#8217;accordo di cui sopra sul foro competente si applica anche alle controversie derivanti dai diritti assegnati di uno dei nostri fornitori di servizi, case contraenti o come rappresentante legale di tali persone.<\/p>\n<p><strong>21. <a href=\"http:\/\/hikitec.de\/datenschutz\/\" target=\"_blank\" rel=\"noopener noreferrer\">protezione dei dati<\/a><\/strong><\/p>\n<p>I dati necessari per l&#8217;elaborazione dell&#8217;ordine saranno conservati e trattati in modo confidenziale in conformit\u00e0 con la legge sulla protezione dei dati. Ci riserviamo il diritto di utilizzare i dati raccolti nel contesto di un ordine per pubblicizzare i nostri prodotti simili. Potete opporvi a questo utilizzo in qualsiasi momento<\/p>\n<p><strong>22. commercio<\/strong><\/p>\n<p>HIKITEC GmbH fornisce esclusivamente commercianti, i privati non vengono forniti.<\/p>\n<p><strong>  23.  <\/strong><strong>Clausola di esclusione della responsabilit\u00e0<\/strong><\/p>\n<p>Qualora singole disposizioni di questi termini e condizioni siano o diventino legalmente inefficaci o incomplete in tutto o in parte, ci\u00f2 non pregiudica la validit\u00e0 delle restanti disposizioni. La disposizione difettosa o incompleta sar\u00e0 reinterpretata come una disposizione il cui significato economico e giuridico sia il pi\u00f9 vicino possibile a quello della disposizione difettosa, ma che sia efficace e\/o completa.<\/p>\n<\/div><\/section>\n<section class=\"av_textblock_section \"  itemscope=\"itemscope\" itemtype=\"https:\/\/schema.org\/CreativeWork\" ><div class='avia_textblock  '   itemprop=\"text\" ><input type=\"button\" value=\"Indietro\" class=\"alg_back_button_input \" style=\"\" onclick=\"window.history.back()\" \/>\n<\/div><\/section>\n","protected":false},"excerpt":{"rendered":"","protected":false},"author":2,"featured_media":0,"parent":0,"menu_order":0,"comment_status":"closed","ping_status":"closed","template":"","meta":{"footnotes":""},"class_list":["post-68028","page","type-page","status-publish","hentry"],"_links":{"self":[{"href":"https:\/\/hikitec.de\/it\/wp-json\/wp\/v2\/pages\/68028","targetHints":{"allow":["GET"]}}],"collection":[{"href":"https:\/\/hikitec.de\/it\/wp-json\/wp\/v2\/pages"}],"about":[{"href":"https:\/\/hikitec.de\/it\/wp-json\/wp\/v2\/types\/page"}],"author":[{"embeddable":true,"href":"https:\/\/hikitec.de\/it\/wp-json\/wp\/v2\/users\/2"}],"replies":[{"embeddable":true,"href":"https:\/\/hikitec.de\/it\/wp-json\/wp\/v2\/comments?post=68028"}],"version-history":[{"count":7,"href":"https:\/\/hikitec.de\/it\/wp-json\/wp\/v2\/pages\/68028\/revisions"}],"predecessor-version":[{"id":717868,"href":"https:\/\/hikitec.de\/it\/wp-json\/wp\/v2\/pages\/68028\/revisions\/717868"}],"wp:attachment":[{"href":"https:\/\/hikitec.de\/it\/wp-json\/wp\/v2\/media?parent=68028"}],"curies":[{"name":"wp","href":"https:\/\/api.w.org\/{rel}","templated":true}]}}